{"id":3141,"date":"2024-03-28T14:23:54","date_gmt":"2024-03-28T14:23:54","guid":{"rendered":"https:\/\/kiraoptical.com\/product\/hayear-4k-camera-full-hd-120fps-sony-imx377-4k-sensor-uhd-microscope-camera-for-pcb-repair-soldering\/"},"modified":"2025-09-26T00:02:05","modified_gmt":"2025-09-26T00:02:05","slug":"hayear-4k-camera-full-hd-120fps-sony-imx377-4k-sensor-uhd-microscope-camera-for-pcb-repair-soldering","status":"publish","type":"product","link":"https:\/\/kiraoptical.com\/de\/produkt\/hayear-4k-camera-full-hd-120fps-sony-imx377-4k-sensor-uhd-microscope-camera-for-pcb-repair-soldering\/","title":{"rendered":"Hayear 4K Kamera Full HD 120fps SONY IMX377 4K Sensor UHD Mikroskop Kamera f\u00fcr PCB Reparatur L\u00f6tarbeiten"},"content":{"rendered":"<div style=\"margin: 0px; padding: 0px; border: 0px; font-style: normal; font-weight: 400; font-size: 13px; line-height: inherit; font-family: Arial,Helvetica,sans-serif; vertical-align: baseline; color: #000000; background-color: #ffffff;\">\n<div style=\"margin: 0px; padding: 0px; border: 0px; vertical-align: baseline;\">\n<div style=\"margin: 0px; padding: 0px; border: 0px; vertical-align: baseline;\"><span style=\"margin: 0px; padding: 0px; border: 0px; vertical-align: baseline; color: #000000;\"><span style=\"margin: 0px; padding: 0px; border: 0px; font-style: inherit; font-weight: inherit; font-size: inherit; line-height: inherit; font-family: verdana, geneva, sans-serif; vertical-align: baseline;\"><span style=\"margin: 0px; padding: 0px; border: 0px; font-style: inherit; font-weight: inherit; font-size: 16px; line-height: inherit; vertical-align: baseline;\">Dies ist eine UltraHD 4K Industriekamera. Die Aufl\u00f6sung betr\u00e4gt 7440 x 5580 Pixel. Mit Standard-HDMI- und USB-Schnittstelle.<\/span><\/span><\/span><\/div>\n<div style=\"margin: 0px; padding: 0px; border: 0px; vertical-align: baseline;\"><span style=\"margin: 0px; padding: 0px; border: 0px; vertical-align: baseline; color: #000000;\"><span style=\"margin: 0px; padding: 0px; border: 0px; font-style: inherit; font-weight: inherit; font-size: inherit; line-height: inherit; font-family: verdana, geneva, sans-serif; vertical-align: baseline;\"><span style=\"margin: 0px; padding: 0px; border: 0px; font-style: inherit; font-weight: inherit; font-size: 16px; line-height: inherit; vertical-align: baseline;\">Es kann f\u00fcr Ausbildung, wissenschaftliche Forschung, Labor, Demonstration, Wartung und Inspektion verwendet werden.<\/span><\/span><\/span><\/div>\n<div style=\"margin: 0px; padding: 0px; border: 0px; vertical-align: baseline;\"><\/div>\n<div style=\"margin: 0px; padding: 0px; border: 0px; vertical-align: baseline;\"><span style=\"margin: 0px; padding: 0px; border: 0px; vertical-align: baseline; color: #000000;\"><span style=\"margin: 0px; padding: 0px; border: 0px; font-style: inherit; font-weight: inherit; font-size: 18px; line-height: inherit; vertical-align: baseline;\"><strong><span style=\"margin: 0px; padding: 0px; border: 0px; font-style: inherit; font-weight: inherit; font-size: inherit; line-height: inherit; font-family: verdana, geneva, sans-serif; vertical-align: baseline;\">Merkmal:<\/span><\/strong><\/span><\/span><\/div>\n<div style=\"margin: 0px; padding: 0px; border: 0px; vertical-align: baseline;\"><span style=\"margin: 0px; padding: 0px; border: 0px; vertical-align: baseline; color: #000000;\"><span style=\"margin: 0px; padding: 0px; border: 0px; font-style: inherit; font-weight: inherit; font-size: inherit; line-height: inherit; font-family: verdana, geneva, sans-serif; vertical-align: baseline;\"><span style=\"margin: 0px; padding: 0px; border: 0px; font-style: inherit; font-weight: inherit; font-size: 16px; line-height: inherit; vertical-align: baseline;\">Modell: HY-5099<\/span><\/span><\/span><\/div>\n<div style=\"margin: 0px; padding: 0px; border: 0px; vertical-align: baseline;\"><span style=\"margin: 0px; padding: 0px; border: 0px; vertical-align: baseline; color: #000000;\"><span style=\"margin: 0px; padding: 0px; border: 0px; font-style: inherit; font-weight: inherit; font-size: inherit; line-height: inherit; font-family: verdana, geneva, sans-serif; vertical-align: baseline;\"><span style=\"margin: 0px; padding: 0px; border: 0px; font-style: inherit; font-weight: inherit; font-size: 16px; line-height: inherit; vertical-align: baseline;\">Effektive Pixel: SONY IMX CMOS 1\/2.3 4K SENSOR<\/span><\/span><\/span><\/div>\n<div style=\"margin: 0px; padding: 0px; border: 0px; vertical-align: baseline;\"><span style=\"margin: 0px; padding: 0px; border: 0px; vertical-align: baseline; color: #000000;\"><span style=\"margin: 0px; padding: 0px; border: 0px; font-style: inherit; font-weight: inherit; font-size: inherit; line-height: inherit; font-family: verdana, geneva, sans-serif; vertical-align: baseline;\"><span style=\"margin: 0px; padding: 0px; border: 0px; font-style: inherit; font-weight: inherit; font-size: 16px; line-height: inherit; vertical-align: baseline;\">Aufl\u00f6sung: 4K\/2K\/1080P 1080P(USB)<\/span><\/span><\/span><\/div>\n<div style=\"margin: 0px; padding: 0px; border: 0px; vertical-align: baseline;\"><span style=\"margin: 0px; padding: 0px; border: 0px; vertical-align: baseline; color: #000000;\"><span style=\"margin: 0px; padding: 0px; border: 0px; font-style: inherit; font-weight: inherit; font-size: inherit; line-height: inherit; font-family: verdana, geneva, sans-serif; vertical-align: baseline;\"><span style=\"margin: 0px; padding: 0px; border: 0px; font-style: inherit; font-weight: inherit; font-size: 16px; line-height: inherit; vertical-align: baseline;\">Sensorgr\u00f6\u00dfe: 1\/2,3 Zoll<\/span><\/span><\/span><\/div>\n<div style=\"margin: 0px; padding: 0px; border: 0px; vertical-align: baseline;\"><span style=\"margin: 0px; padding: 0px; border: 0px; vertical-align: baseline; color: #000000;\"><span style=\"margin: 0px; padding: 0px; border: 0px; font-style: inherit; font-weight: inherit; font-size: inherit; line-height: inherit; font-family: verdana, geneva, sans-serif; vertical-align: baseline;\"><span style=\"margin: 0px; padding: 0px; border: 0px; font-style: inherit; font-weight: inherit; font-size: 16px; line-height: inherit; vertical-align: baseline;\">Pixelgr\u00f6\u00dfe: 1,55 \u00d7 1,55\u03bcm<\/span><\/span><\/span><\/div>\n<div style=\"margin: 0px; padding: 0px; border: 0px; vertical-align: baseline;\"><span style=\"margin: 0px; padding: 0px; border: 0px; vertical-align: baseline; color: #000000;\"><span style=\"margin: 0px; padding: 0px; border: 0px; font-style: inherit; font-weight: inherit; font-size: inherit; line-height: inherit; font-family: verdana, geneva, sans-serif; vertical-align: baseline;\"><span style=\"margin: 0px; padding: 0px; border: 0px; font-style: inherit; font-weight: inherit; font-size: 16px; line-height: inherit; vertical-align: baseline;\">Bildaufl\u00f6sung: 4608 X 3456 (16MP)<\/span><\/span><\/span><\/div>\n<div style=\"margin: 0px; padding: 0px; border: 0px; vertical-align: baseline;\"><span style=\"margin: 0px; padding: 0px; border: 0px; vertical-align: baseline; color: #000000;\"><span style=\"margin: 0px; padding: 0px; border: 0px; font-style: inherit; font-weight: inherit; font-size: inherit; line-height: inherit; font-family: verdana, geneva, sans-serif; vertical-align: baseline;\"><span style=\"margin: 0px; padding: 0px; border: 0px; font-style: inherit; font-weight: inherit; font-size: 16px; line-height: inherit; vertical-align: baseline;\">Bildformat: JPEG<\/span><\/span><\/span><\/div>\n<div style=\"margin: 0px; padding: 0px; border: 0px; vertical-align: baseline;\"><span style=\"margin: 0px; padding: 0px; border: 0px; vertical-align: baseline; color: #000000;\"><span style=\"margin: 0px; padding: 0px; border: 0px; font-style: inherit; font-weight: inherit; font-size: inherit; line-height: inherit; font-family: verdana, geneva, sans-serif; vertical-align: baseline;\"><span style=\"margin: 0px; padding: 0px; border: 0px; font-style: inherit; font-weight: inherit; font-size: 16px; line-height: inherit; vertical-align: baseline;\">Objektiv Typ: C \/ CS<\/span><\/span><\/span><\/div>\n<div style=\"margin: 0px; padding: 0px; border: 0px; vertical-align: baseline;\"><span style=\"margin: 0px; padding: 0px; border: 0px; vertical-align: baseline; color: #000000;\"><span style=\"margin: 0px; padding: 0px; border: 0px; font-style: inherit; font-weight: inherit; font-size: inherit; line-height: inherit; font-family: verdana, geneva, sans-serif; vertical-align: baseline;\"><span style=\"margin: 0px; padding: 0px; border: 0px; font-style: inherit; font-weight: inherit; font-size: 16px; line-height: inherit; vertical-align: baseline;\">Bildrate: 3840 x 2160@30FPS(4K); 1080P 120@FPS; 720P 240@FPS<\/span><\/span><\/span><\/div>\n<div style=\"margin: 0px; padding: 0px; border: 0px; vertical-align: baseline;\"><span style=\"margin: 0px; padding: 0px; border: 0px; vertical-align: baseline; color: #000000;\"><span style=\"margin: 0px; padding: 0px; border: 0px; font-style: inherit; font-weight: inherit; font-size: inherit; line-height: inherit; font-family: verdana, geneva, sans-serif; vertical-align: baseline;\"><span style=\"margin: 0px; padding: 0px; border: 0px; font-style: inherit; font-weight: inherit; font-size: 16px; line-height: inherit; vertical-align: baseline;\">Ausgang: HDMI\/USB<\/span><\/span><\/span><\/div>\n<div style=\"margin: 0px; padding: 0px; border: 0px; vertical-align: baseline;\"><span style=\"margin: 0px; padding: 0px; border: 0px; vertical-align: baseline; color: #000000;\"><span style=\"margin: 0px; padding: 0px; border: 0px; font-style: inherit; font-weight: inherit; font-size: inherit; line-height: inherit; font-family: verdana, geneva, sans-serif; vertical-align: baseline;\"><span style=\"margin: 0px; padding: 0px; border: 0px; font-style: inherit; font-weight: inherit; font-size: 16px; line-height: inherit; vertical-align: baseline;\">Speicher: TF-Karte, maximal 128G<\/span><\/span><\/span><\/div>\n<div style=\"margin: 0px; padding: 0px; border: 0px; vertical-align: baseline;\"><span style=\"margin: 0px; padding: 0px; border: 0px; vertical-align: baseline; color: #000000;\"><span style=\"margin: 0px; padding: 0px; border: 0px; font-style: inherit; font-weight: inherit; font-size: inherit; line-height: inherit; font-family: verdana, geneva, sans-serif; vertical-align: baseline;\"><span style=\"margin: 0px; padding: 0px; border: 0px; font-style: inherit; font-weight: inherit; font-size: 16px; line-height: inherit; vertical-align: baseline;\">PC-Unterst\u00fctzung: Windows XP\/7\/8\/10 , PC-Software mit Messfunktion<\/span><\/span><\/span><\/div>\n<div style=\"margin: 0px; padding: 0px; border: 0px; vertical-align: baseline;\"><span style=\"margin: 0px; padding: 0px; border: 0px; vertical-align: baseline; color: #000000;\"><span style=\"margin: 0px; padding: 0px; border: 0px; font-style: inherit; font-weight: inherit; font-size: inherit; line-height: inherit; font-family: verdana, geneva, sans-serif; vertical-align: baseline;\"><span style=\"margin: 0px; padding: 0px; border: 0px; font-style: inherit; font-weight: inherit; font-size: 16px; line-height: inherit; vertical-align: baseline;\">Bildskalierung: 8-facher Zoom<\/span><\/span><\/span><\/div>\n<div style=\"margin: 0px; padding: 0px; border: 0px; vertical-align: baseline;\"><span style=\"margin: 0px; padding: 0px; border: 0px; vertical-align: baseline; color: #000000;\"><span style=\"margin: 0px; padding: 0px; border: 0px; font-style: inherit; font-weight: inherit; font-size: inherit; line-height: inherit; font-family: verdana, geneva, sans-serif; vertical-align: baseline;\"><span style=\"margin: 0px; padding: 0px; border: 0px; font-style: inherit; font-weight: inherit; font-size: 16px; line-height: inherit; vertical-align: baseline;\">Bildmessung: Unterst\u00fctzung der HAYEAR-Messsoftware<\/span><\/span><\/span><\/div>\n<div style=\"margin: 0px; padding: 0px; border: 0px; vertical-align: baseline;\"><span style=\"margin: 0px; padding: 0px; border: 0px; vertical-align: baseline; color: #000000;\"><span style=\"margin: 0px; padding: 0px; border: 0px; font-style: inherit; font-weight: inherit; font-size: inherit; line-height: inherit; font-family: verdana, geneva, sans-serif; vertical-align: baseline;\"><span style=\"margin: 0px; padding: 0px; border: 0px; font-style: inherit; font-weight: inherit; font-size: 16px; line-height: inherit; vertical-align: baseline;\">Unterst\u00fctzte Sprachen: Englisch\/ Franz\u00f6sisch\/ Spanisch\/ Portugiesisch\/ Deutsch\/ Italiano\/ Chinesisch\/ Russisch\/ Japanisch\u00a0<\/span><\/span><\/span><\/div>\n<div style=\"margin: 0px; padding: 0px; border: 0px; vertical-align: baseline;\"><span style=\"margin: 0px; padding: 0px; border: 0px; vertical-align: baseline; color: #000000;\"><span style=\"margin: 0px; padding: 0px; border: 0px; font-style: inherit; font-weight: inherit; font-size: inherit; line-height: inherit; font-family: verdana, geneva, sans-serif; vertical-align: baseline;\"><span style=\"margin: 0px; padding: 0px; border: 0px; font-style: inherit; font-weight: inherit; font-size: 16px; line-height: inherit; vertical-align: baseline;\">Gr\u00f6\u00dfe der Kamera: 63\u00d762\u00d758 mm<\/span><\/span><\/span><\/div>\n<div style=\"margin: 0px; padding: 0px; border: 0px; vertical-align: baseline;\"><span style=\"margin: 0px; padding: 0px; border: 0px; vertical-align: baseline; color: #000000;\"><span style=\"margin: 0px; padding: 0px; border: 0px; font-style: inherit; font-weight: inherit; font-size: inherit; line-height: inherit; font-family: verdana, geneva, sans-serif; vertical-align: baseline;\"><span style=\"margin: 0px; padding: 0px; border: 0px; font-style: inherit; font-weight: inherit; font-size: 16px; line-height: inherit; vertical-align: baseline;\">Paketgr\u00f6\u00dfe: 16\u00d710\u00d78 cm<\/span><\/span><\/span><\/div>\n<div style=\"margin: 0px; padding: 0px; border: 0px; vertical-align: baseline;\"><span style=\"margin: 0px; padding: 0px; border: 0px; vertical-align: baseline; color: #000000;\"><span style=\"margin: 0px; padding: 0px; border: 0px; font-style: inherit; font-weight: inherit; font-size: inherit; line-height: inherit; font-family: verdana, geneva, sans-serif; vertical-align: baseline;\"><span style=\"margin: 0px; padding: 0px; border: 0px; font-style: inherit; font-weight: inherit; font-size: 16px; line-height: inherit; vertical-align: baseline;\">Gewicht der Verpackung: 0.5Kg<\/span><\/span><\/span><\/div>\n<div style=\"margin: 0px; padding: 0px; border: 0px; vertical-align: baseline;\"><\/div>\n<div style=\"margin: 0px; padding: 0px; border: 0px; vertical-align: baseline;\"><span style=\"margin: 0px; padding: 0px; border: 0px; vertical-align: baseline; color: #000000;\"><strong><span style=\"margin: 0px; padding: 0px; border: 0px; font-style: inherit; font-weight: inherit; font-size: inherit; line-height: inherit; font-family: verdana, geneva, sans-serif; vertical-align: baseline;\"><span style=\"margin: 0px; padding: 0px; border: 0px; font-style: inherit; font-weight: inherit; font-size: 16px; line-height: inherit; vertical-align: baseline;\">Paketliste:<\/span><\/span><\/strong><\/span><\/div>\n<div style=\"margin: 0px; padding: 0px; border: 0px; vertical-align: baseline;\"><span style=\"margin: 0px; padding: 0px; border: 0px; vertical-align: baseline; color: #000000;\"><span style=\"margin: 0px; padding: 0px; border: 0px; font-style: inherit; font-weight: inherit; font-size: inherit; line-height: inherit; font-family: verdana, geneva, sans-serif; vertical-align: baseline;\"><span style=\"margin: 0px; padding: 0px; border: 0px; font-style: inherit; font-weight: inherit; font-size: 16px; line-height: inherit; vertical-align: baseline;\">1 x 4K Mikroskop Kamera<\/span><\/span><\/span><\/div>\n<div style=\"margin: 0px; padding: 0px; border: 0px; vertical-align: baseline;\"><span style=\"margin: 0px; padding: 0px; border: 0px; vertical-align: baseline; color: #000000;\"><span style=\"margin: 0px; padding: 0px; border: 0px; font-style: inherit; font-weight: inherit; font-size: inherit; line-height: inherit; font-family: verdana, geneva, sans-serif; vertical-align: baseline;\"><span style=\"margin: 0px; padding: 0px; border: 0px; font-style: inherit; font-weight: inherit; font-size: 16px; line-height: inherit; vertical-align: baseline;\">1 x Netzger\u00e4t<\/span><\/span><\/span><\/div>\n<div style=\"margin: 0px; padding: 0px; border: 0px; vertical-align: baseline;\"><span style=\"margin: 0px; padding: 0px; border: 0px; vertical-align: baseline; color: #000000;\"><span style=\"margin: 0px; padding: 0px; border: 0px; font-style: inherit; font-weight: inherit; font-size: inherit; line-height: inherit; font-family: verdana, geneva, sans-serif; vertical-align: baseline;\"><span style=\"margin: 0px; padding: 0px; border: 0px; font-style: inherit; font-weight: inherit; font-size: 16px; line-height: inherit; vertical-align: baseline;\">1 x USB-Kabel<\/span><\/span><\/span><\/div>\n<div style=\"margin: 0px; padding: 0px; border: 0px; vertical-align: baseline;\"><span style=\"margin: 0px; padding: 0px; border: 0px; vertical-align: baseline; color: #000000;\"><span style=\"margin: 0px; padding: 0px; border: 0px; font-style: inherit; font-weight: inherit; font-size: inherit; line-height: inherit; font-family: verdana, geneva, sans-serif; vertical-align: baseline;\"><span style=\"margin: 0px; padding: 0px; border: 0px; font-style: inherit; font-weight: inherit; font-size: 16px; line-height: inherit; vertical-align: baseline;\">1 x Software-Diskette<\/span><\/span><\/span><\/div>\n<div style=\"margin: 0px; padding: 0px; border: 0px; vertical-align: baseline;\"><span style=\"margin: 0px; padding: 0px; border: 0px; vertical-align: baseline; color: #000000;\"><span style=\"margin: 0px; padding: 0px; border: 0px; font-style: inherit; font-weight: inherit; font-size: inherit; line-height: inherit; font-family: verdana, geneva, sans-serif; vertical-align: baseline;\"><span style=\"margin: 0px; padding: 0px; border: 0px; font-style: inherit; font-weight: inherit; font-size: 16px; line-height: inherit; vertical-align: baseline;\">1 x Fernbedienung\u00a0<\/span><\/span><\/span><\/div>\n<div style=\"margin: 0px; padding: 0px; border: 0px; vertical-align: baseline;\"><span style=\"margin: 0px; padding: 0px; border: 0px; vertical-align: baseline; color: #000000;\"><span style=\"margin: 0px; padding: 0px; border: 0px; font-style: inherit; font-weight: inherit; font-size: inherit; line-height: inherit; font-family: verdana, geneva, sans-serif; vertical-align: baseline;\"><span style=\"margin: 0px; padding: 0px; border: 0px; font-style: inherit; font-weight: inherit; font-size: 16px; line-height: inherit; vertical-align: baseline;\"><img decoding=\"async\" src=\"\/\/sc04.alicdn.com\/kf\/Hf82dcee28e814f72866106022bf52ac6w\/222316615\/Hf82dcee28e814f72866106022bf52ac6w.jpg\" alt=\"149.jpg\" \/><img decoding=\"async\" src=\"\/\/sc01.alicdn.com\/kf\/HTB1TjuCakWE3KVjSZSyq6xocXXaW\/222316615\/HTB1TjuCakWE3KVjSZSyq6xocXXaW.jpg\" alt=\"20190524_151317_003.jpg\" \/><img decoding=\"async\" src=\"\/\/sc02.alicdn.com\/kf\/HTB1qFODalWD3KVjSZFsq6AqkpXal\/222316615\/HTB1qFODalWD3KVjSZFsq6AqkpXal.jpg\" alt=\"20190524_151317_004.jpg\" \/><img decoding=\"async\" src=\"\/\/sc02.alicdn.com\/kf\/HTB1qLuAagmH3KVjSZKzq6z2OXXaq\/222316615\/HTB1qLuAagmH3KVjSZKzq6z2OXXaq.jpg\" alt=\"20190524_151317_006.jpg\" \/><img decoding=\"async\" src=\"\/\/sc04.alicdn.com\/kf\/H3bef800e07334d809a0caaf0239931a5G\/222316615\/H3bef800e07334d809a0caaf0239931a5G.jpg\" alt=\"137.jpg\" \/><img decoding=\"async\" src=\"\/\/sc01.alicdn.com\/kf\/HTB1iAWAagaH3KVjSZFpq6zhKpXao\/222316615\/HTB1iAWAagaH3KVjSZFpq6zhKpXao.jpg\" alt=\"20190524_151317_005.jpg\" \/><\/span><\/span><\/span><\/div>\n<div style=\"margin: 0px; padding: 0px; border: 0px; vertical-align: baseline;\"><\/div>\n<\/div>\n<\/div>\n<div id=\"ali-anchor-AliPostDhMb-6ot3k\" class=\"mceSectionContainer\" style=\"padding-top: 8px;\" data-section=\"AliPostDhMb-6ot3k\" data-section-title=\"Advantages\">\n<div id=\"ali-title-AliPostDhMb-6ot3k\" style=\"padding: 8px 0; border-bottom: 1px solid #ddd;\"><span style=\"background-color: #ddd; color: #333; font-weight: bold; padding: 8px 10px; line-height: 12px;\">Vorteile<\/span><\/div>\n<div style=\"padding: 10px 0;\">\n<p style=\"margin: 0px; padding: 0px; color: #000000; font-family: Arial; font-size: 12px; font-style: normal; font-weight: 400;\"><span style=\"line-height: 24px; font-size: 16px;\"><strong>Private Fabrik:<\/strong>\u00a0Dienstleistungen zur Produktanpassung, um den Wiedererkennungswert Ihrer Produkte zu erh\u00f6hen.<\/span><\/p>\n<p style=\"margin: 0px; padding: 0px; color: #000000; font-family: Arial; font-size: 12px; font-style: normal; font-weight: 400;\"><span style=\"line-height: 24px; font-size: 16px;\"><strong>Team f\u00fcr berufliche Entwicklung:<\/strong>\u00a0Machen Sie das Produkt Leistung und Funktion der ersten Stufe auf dem Markt, k\u00f6nnen Produkt-Funktionen nach Kundenwunsch anpassen.<\/span><\/p>\n<p style=\"margin: 0px; padding: 0px; color: #000000; font-family: Arial; font-size: 12px; font-style: normal; font-weight: 400;\"><span style=\"line-height: 24px; font-size: 16px;\"><strong>Unabh\u00e4ngiges Kundendienstteam:<\/strong>\u00a0Bereitstellung eines professionelleren Kundendienstes, um sicherzustellen, dass die Probleme, die jeder Gast hat, gel\u00f6st werden.<\/span><\/p>\n<p style=\"margin: 0px; padding: 0px; color: #000000; font-family: Arial; font-size: 12px; font-style: normal; font-weight: 400;\"><span style=\"line-height: 24px; font-size: 16px;\"><strong>Langfristige Garantie:\u00a0<\/strong>Die Garantiezeit ist l\u00e4nger als bei anderen Anbietern, weil wir Vertrauen in unsere Produkte haben.<\/span><\/p>\n<\/div>\n<\/div>","protected":false},"excerpt":{"rendered":"<p>This is UltraHD 4K industrial camera. Resolution is 7440 x 5580 pixels. With standard HDMI and USB interface. It can be used for education, scientific research, laboratory, demonstration, maintenance and inspection. Feature: Model: HY-5099 Effective Pixels: SONY IMX CMOS 1\/2.3\u00a0 4K SENSOR Resolution: 4K\/2K\/1080P\u00a0 1080P(USB) Sensor Size: 1\/2.3inch Pixel Size: 1.55 \u00d7 1.55\u03bcm Image Resolution: [&hellip;]<\/p>\n","protected":false},"featured_media":3133,"template":"","meta":{"site-sidebar-layout":"default","site-content-layout":"","ast-site-content-layout":"default","site-content-style":"default","site-sidebar-style":"default","ast-global-header-display":"","ast-banner-title-visibility":"","ast-main-header-display":"","ast-hfb-above-header-display":"","ast-hfb-below-header-display":"","ast-hfb-mobile-header-display":"","site-post-title":"","ast-breadcrumbs-content":"","ast-featured-img":"","footer-sml-layout":"","theme-transparent-header-meta":"default","adv-header-id-meta":"","stick-header-meta":"default","header-above-stick-meta":"","header-main-stick-meta":"","header-below-stick-meta":"","astra-migrate-meta-layouts":"set","ast-page-background-enabled":"default","ast-page-background-meta":{"desktop":{"background-color":"","background-image":"","background-repeat":"repeat","background-position":"center center","background-size":"auto","background-attachment":"scroll","background-type":"","background-media":"","overlay-type":"","overlay-color":"","overlay-opacity":"","overlay-gradient":""},"tablet":{"background-color":"","background-image":"","background-repeat":"repeat","background-position":"center center","background-size":"auto","background-attachment":"scroll","background-type":"","background-media":"","overlay-type":"","overlay-color":"","overlay-opacity":"","overlay-gradient":""},"mobile":{"background-color":"","background-image":"","background-repeat":"repeat","background-position":"center center","background-size":"auto","background-attachment":"scroll","background-type":"","background-media":"","overlay-type":"","overlay-color":"","overlay-opacity":"","overlay-gradient":""}},"ast-content-background-meta":{"desktop":{"background-color":"var(--ast-global-color-5)","background-image":"","background-repeat":"repeat","background-position":"center center","background-size":"auto","background-attachment":"scroll","background-type":"","background-media":"","overlay-type":"","overlay-color":"","overlay-opacity":"","overlay-gradient":""},"tablet":{"background-color":"var(--ast-global-color-5)","background-image":"","background-repeat":"repeat","background-position":"center center","background-size":"auto","background-attachment":"scroll","background-type":"","background-media":"","overlay-type":"","overlay-color":"","overlay-opacity":"","overlay-gradient":""},"mobile":{"background-color":"var(--ast-global-color-5)","background-image":"","background-repeat":"repeat","background-position":"center center","background-size":"auto","background-attachment":"scroll","background-type":"","background-media":"","overlay-type":"","overlay-color":"","overlay-opacity":"","overlay-gradient":""}}},"product_brand":[],"product_cat":[41],"product_tag":[],"class_list":{"0":"post-3141","1":"product","2":"type-product","3":"status-publish","4":"has-post-thumbnail","6":"product_cat-camera","7":"desktop-align-left","8":"tablet-align-left","9":"mobile-align-left","10":"ast-product-gallery-layout-horizontal-slider","11":"ast-product-single-variable","12":"ast-product-tabs-layout-horizontal","14":"first","15":"outofstock","16":"taxable","17":"shipping-taxable","18":"purchasable","19":"product-type-variable"},"_links":{"self":[{"href":"https:\/\/kiraoptical.com\/de\/wp-json\/wp\/v2\/product\/3141","targetHints":{"allow":["GET"]}}],"collection":[{"href":"https:\/\/kiraoptical.com\/de\/wp-json\/wp\/v2\/product"}],"about":[{"href":"https:\/\/kiraoptical.com\/de\/wp-json\/wp\/v2\/types\/product"}],"version-history":[{"count":0,"href":"https:\/\/kiraoptical.com\/de\/wp-json\/wp\/v2\/product\/3141\/revisions"}],"wp:featuredmedia":[{"embeddable":true,"href":"https:\/\/kiraoptical.com\/de\/wp-json\/wp\/v2\/media\/3133"}],"wp:attachment":[{"href":"https:\/\/kiraoptical.com\/de\/wp-json\/wp\/v2\/media?parent=3141"}],"wp:term":[{"taxonomy":"product_brand","embeddable":true,"href":"https:\/\/kiraoptical.com\/de\/wp-json\/wp\/v2\/product_brand?post=3141"},{"taxonomy":"product_cat","embeddable":true,"href":"https:\/\/kiraoptical.com\/de\/wp-json\/wp\/v2\/product_cat?post=3141"},{"taxonomy":"product_tag","embeddable":true,"href":"https:\/\/kiraoptical.com\/de\/wp-json\/wp\/v2\/product_tag?post=3141"}],"curies":[{"name":"wp","href":"https:\/\/api.w.org\/{rel}","templated":true}]}}