{"id":4249,"date":"2024-04-17T07:27:49","date_gmt":"2024-04-17T07:27:49","guid":{"rendered":"https:\/\/kiraoptical.com\/?post_type=product&#038;p=4249"},"modified":"2024-04-19T05:50:51","modified_gmt":"2024-04-19T05:50:51","slug":"spm-afm-scanning-probe-microscope-atomic-force-microscope","status":"publish","type":"product","link":"https:\/\/kiraoptical.com\/de\/produkt\/spm-afm-scanning-probe-microscope-atomic-force-microscope\/","title":{"rendered":"SPM | AFM | Rastersondenmikroskop | Rasterkraftmikroskop"},"content":{"rendered":"<p>SPM | AFM | Rastersondenmikroskop | Rasterkraftmikroskop<\/p>\n<p><iframe title=\"Rasterkraftmikroskop\" width=\"500\" height=\"281\" src=\"https:\/\/www.youtube.com\/embed\/A0eM9k7_5kU?feature=oembed\" frameborder=\"0\" allow=\"accelerometer; autoplay; clipboard-write; encrypted-media; gyroscope; picture-in-picture; web-share\" referrerpolicy=\"strict-origin-when-cross-origin\" allowfullscreen><\/iframe><\/p>\n<ol>\n<li>1. Integrierte Scan-Probe und Probe-B\u00fchne verbessert die Anti-Interferenz-F\u00e4higkeit der Federaufh\u00e4ngung System.<\/li>\n<li>Die Pr\u00e4zisionslaser- und Sondenpositionierungsvorrichtung macht den Sondenwechsel und die Spotjustierung einfach und bequem.<\/li>\n<li>Die automatische Ann\u00e4herung der Probe an die Sonde bietet eine effiziente M\u00f6glichkeit, einen Absturz des Auslegers zu verhindern.<\/li>\n<li>Die vertikale Ann\u00e4herung der Probensonde erm\u00f6glicht eine pr\u00e4zise Positionierung des interessierenden Bereichs.<\/li>\n<li>Der zu untersuchende Bereich der Probe kann mit einer hochpr\u00e4zisen XY-Tabelle frei gew\u00e4hlt werden.<\/li>\n<li>Das Top-View-CCD-System gew\u00e4hrleistet die Beobachtung und Positionierung der Sonde auf dem ausgew\u00e4hlten Probenbereich in Echtzeit.<\/li>\n<li>Der modulare Aufbau des elektronischen Steuersystems erleichtert die Wartung und kontinuierliche Verbesserungen.<\/li>\n<li>Das kompakte Modell 2000 l\u00e4sst sich leicht in einem Aluminiumkoffer transportieren.<\/li>\n<li>Das hermetische Geh\u00e4use des Modells 1000 bietet eine kontrollierte Umgebung\n<p><figure id=\"attachment_4250\" aria-describedby=\"caption-attachment-4250\" style=\"width: 300px\" class=\"wp-caption alignnone\"><img fetchpriority=\"high\" decoding=\"async\" class=\"size-medium wp-image-4250\" src=\"https:\/\/kiraoptical.com\/wp-content\/uploads\/2024\/04\/2000-2-300x200.jpg\" alt=\"\" width=\"300\" height=\"200\" srcset=\"https:\/\/kiraoptical.com\/wp-content\/uploads\/2024\/04\/2000-2-300x200.jpg 300w, https:\/\/kiraoptical.com\/wp-content\/uploads\/2024\/04\/2000-2-1024x683.jpg 1024w, https:\/\/kiraoptical.com\/wp-content\/uploads\/2024\/04\/2000-2-768x512.jpg 768w, https:\/\/kiraoptical.com\/wp-content\/uploads\/2024\/04\/2000-2-1536x1024.jpg 1536w, https:\/\/kiraoptical.com\/wp-content\/uploads\/2024\/04\/2000-2-2048x1365.jpg 2048w, https:\/\/kiraoptical.com\/wp-content\/uploads\/2024\/04\/2000-2-18x12.jpg 18w, https:\/\/kiraoptical.com\/wp-content\/uploads\/2024\/04\/2000-2-600x400.jpg 600w, https:\/\/kiraoptical.com\/wp-content\/uploads\/2024\/04\/2000-2-64x43.jpg 64w\" sizes=\"(max-width: 300px) 100vw, 300px\" \/><figcaption id=\"caption-attachment-4250\" class=\"wp-caption-text\">Rastersondenmikroskop, Rasterkraftmikroskop<\/figcaption><\/figure><\/li>\n<\/ol>","protected":false},"excerpt":{"rendered":"<p><strong>\u00a0<\/strong><\/p>\n<p><strong> SPM | AFM | Rastersondenmikroskop | Rasterkraftmikroskop<\/strong><\/p>\n<p><strong>Main\u00a0specifications<\/strong><\/p>\n<table width=\"661\">\n<tbody>\n<tr>\n<td width=\"187\">Working modes<\/td>\n<td width=\"474\">Contact mode and Tapping mode<\/p>\n<p>Phase, Friction (LFM), Magnetic (MFM), Electrostatic (EFM)<\/td>\n<\/tr>\n<tr>\n<td width=\"187\">Sample Size<\/td>\n<td width=\"474\">\u03a6\u226490mm, H\u226420mm<\/td>\n<\/tr>\n<tr>\n<td width=\"187\">Scanners available<\/td>\n<td width=\"474\">50&#215;50 um, 100x100um, 120\u00d7120um<\/td>\n<\/tr>\n<tr>\n<td width=\"187\">Scanning resolution<\/td>\n<td width=\"474\">0.2nm in XY direction,0.05nm in Z direction.<\/td>\n<\/tr>\n<tr>\n<td width=\"187\">Range of sample movement<\/td>\n<td width=\"474\">\u00b16.5mm.<\/td>\n<\/tr>\n<tr>\n<td width=\"187\">Step-motor\u00a0pulse width<\/td>\n<td width=\"474\">10\u00b12ms<\/td>\n<\/tr>\n<tr>\n<td width=\"187\">Image\u00a0sampling\u00a0points<\/td>\n<td width=\"474\">512\u00d7512\u00a0\u00a0 Simultaneous Scan of 6 channels @ 4096 x 4096 pixels<\/td>\n<\/tr>\n<tr>\n<td width=\"187\">Optical magnification 4X<\/td>\n<td width=\"474\">optical resolution 2.5\u00a0um<\/td>\n<\/tr>\n<tr>\n<td width=\"187\">Scan rate 0.6Hz~4.34Hz<\/td>\n<td width=\"474\">scan angle 0\u00b0~360\u00b0<\/td>\n<\/tr>\n<tr>\n<td width=\"187\">Scanning control<\/td>\n<td width=\"474\">18-bit D\/A in XY direction, 16-bit D\/A in Z direction.<\/td>\n<\/tr>\n<tr>\n<td width=\"187\">Data sampling<\/td>\n<td width=\"474\">14-bitA\/D, double16-bit A\/D multi-channel synchronous sampling.<\/td>\n<\/tr>\n<tr>\n<td width=\"187\">Approach<\/td>\n<td width=\"474\">Automatic with DC motor and optical Z-position<\/p>\n<p>encoder, &lt; 2\u03bcm resolution<\/td>\n<\/tr>\n<tr>\n<td width=\"187\">Light Source for<\/p>\n<p>Optical Microscope<\/td>\n<td width=\"474\">White LED, Adjustable from Screw on Control box<\/td>\n<\/tr>\n<tr>\n<td width=\"187\">Vibration Isolation<\/td>\n<td width=\"474\">Spring hanging<\/td>\n<\/tr>\n<tr>\n<td width=\"187\">Optical Microscope &amp; Digital Camera<\/td>\n<td width=\"474\">390\u03bcm x 230 \u03bcm FOV Full HD camera,<\/p>\n<p>1920 x 1080 pixels, 30fps<\/td>\n<\/tr>\n<tr>\n<td width=\"187\">Feedback<\/td>\n<td width=\"474\">DSP digital feedback<\/td>\n<\/tr>\n<tr>\n<td width=\"187\">Feedbacksampling rate<\/td>\n<td width=\"474\">64 kHz.<\/td>\n<\/tr>\n<tr>\n<td width=\"187\">Dimension Head<\/td>\n<td width=\"474\">31 23 47cm(L\u00d7W\u00d7H)<\/td>\n<\/tr>\n<tr>\n<td width=\"187\">Dimension Controller<\/td>\n<td width=\"474\">35 30 13cm (L\u00d7W\u00d7H)<\/td>\n<\/tr>\n<tr>\n<td width=\"187\">Power Requirements<\/td>\n<td width=\"474\">100-240 Vac, 50\/60 Hz, 50 VA<\/td>\n<\/tr>\n<tr>\n<td width=\"187\">Computer interface<\/td>\n<td width=\"474\">USB 2.0<\/td>\n<\/tr>\n<tr>\n<td width=\"187\">Operating system<\/td>\n<td width=\"474\">Windows XP\/7\/8\/10<\/td>\n<\/tr>\n<\/tbody>\n<\/table>\n<p>&nbsp;<\/p>\n<p>&nbsp;<\/p>\n<p>&nbsp;<\/p>\n<p>&nbsp;<\/p>","protected":false},"featured_media":4250,"template":"","meta":{"site-sidebar-layout":"default","site-content-layout":"","ast-site-content-layout":"default","site-content-style":"default","site-sidebar-style":"default","ast-global-header-display":"","ast-banner-title-visibility":"","ast-main-header-display":"","ast-hfb-above-header-display":"","ast-hfb-below-header-display":"","ast-hfb-mobile-header-display":"","site-post-title":"","ast-breadcrumbs-content":"","ast-featured-img":"","footer-sml-layout":"","theme-transparent-header-meta":"default","adv-header-id-meta":"","stick-header-meta":"default","header-above-stick-meta":"","header-main-stick-meta":"","header-below-stick-meta":"","astra-migrate-meta-layouts":"set","ast-page-background-enabled":"default","ast-page-background-meta":{"desktop":{"background-color":"","background-image":"","background-repeat":"repeat","background-position":"center center","background-size":"auto","background-attachment":"scroll","background-type":"","background-media":"","overlay-type":"","overlay-color":"","overlay-opacity":"","overlay-gradient":""},"tablet":{"background-color":"","background-image":"","background-repeat":"repeat","background-position":"center center","background-size":"auto","background-attachment":"scroll","background-type":"","background-media":"","overlay-type":"","overlay-color":"","overlay-opacity":"","overlay-gradient":""},"mobile":{"background-color":"","background-image":"","background-repeat":"repeat","background-position":"center center","background-size":"auto","background-attachment":"scroll","background-type":"","background-media":"","overlay-type":"","overlay-color":"","overlay-opacity":"","overlay-gradient":""}},"ast-content-background-meta":{"desktop":{"background-color":"var(--ast-global-color-5)","background-image":"","background-repeat":"repeat","background-position":"center center","background-size":"auto","background-attachment":"scroll","background-type":"","background-media":"","overlay-type":"","overlay-color":"","overlay-opacity":"","overlay-gradient":""},"tablet":{"background-color":"var(--ast-global-color-5)","background-image":"","background-repeat":"repeat","background-position":"center center","background-size":"auto","background-attachment":"scroll","background-type":"","background-media":"","overlay-type":"","overlay-color":"","overlay-opacity":"","overlay-gradient":""},"mobile":{"background-color":"var(--ast-global-color-5)","background-image":"","background-repeat":"repeat","background-position":"center center","background-size":"auto","background-attachment":"scroll","background-type":"","background-media":"","overlay-type":"","overlay-color":"","overlay-opacity":"","overlay-gradient":""}}},"product_brand":[],"product_cat":[48],"product_tag":[53,52],"class_list":{"0":"post-4249","1":"product","2":"type-product","3":"status-publish","4":"has-post-thumbnail","6":"product_cat-scanning-probe-microscopy","7":"product_tag-atomic-force","8":"product_tag-spm-afm-scanning-probe-microscope-atomic-force-microscope","9":"desktop-align-left","10":"tablet-align-left","11":"mobile-align-left","12":"ast-product-gallery-layout-horizontal-slider","13":"ast-product-gallery-with-no-image","14":"ast-product-tabs-layout-horizontal","16":"first","17":"instock","18":"sale","19":"sold-individually","20":"taxable","21":"shipping-taxable","22":"purchasable","23":"product-type-simple"},"_links":{"self":[{"href":"https:\/\/kiraoptical.com\/de\/wp-json\/wp\/v2\/product\/4249","targetHints":{"allow":["GET"]}}],"collection":[{"href":"https:\/\/kiraoptical.com\/de\/wp-json\/wp\/v2\/product"}],"about":[{"href":"https:\/\/kiraoptical.com\/de\/wp-json\/wp\/v2\/types\/product"}],"version-history":[{"count":0,"href":"https:\/\/kiraoptical.com\/de\/wp-json\/wp\/v2\/product\/4249\/revisions"}],"wp:featuredmedia":[{"embeddable":true,"href":"https:\/\/kiraoptical.com\/de\/wp-json\/wp\/v2\/media\/4250"}],"wp:attachment":[{"href":"https:\/\/kiraoptical.com\/de\/wp-json\/wp\/v2\/media?parent=4249"}],"wp:term":[{"taxonomy":"product_brand","embeddable":true,"href":"https:\/\/kiraoptical.com\/de\/wp-json\/wp\/v2\/product_brand?post=4249"},{"taxonomy":"product_cat","embeddable":true,"href":"https:\/\/kiraoptical.com\/de\/wp-json\/wp\/v2\/product_cat?post=4249"},{"taxonomy":"product_tag","embeddable":true,"href":"https:\/\/kiraoptical.com\/de\/wp-json\/wp\/v2\/product_tag?post=4249"}],"curies":[{"name":"wp","href":"https:\/\/api.w.org\/{rel}","templated":true}]}}