{"id":4642,"date":"2024-09-13T07:54:36","date_gmt":"2024-09-13T07:54:36","guid":{"rendered":"https:\/\/kiraoptical.com\/?post_type=product&#038;p=4642"},"modified":"2024-09-13T08:45:11","modified_gmt":"2024-09-13T08:45:11","slug":"1600x-student-biologische-microscoop-2mp-usb-binocular-microscoop-met-led-lamp","status":"publish","type":"product","link":"https:\/\/kiraoptical.com\/de\/produkt\/1600x-student-biologische-microscoop-2mp-usb-binocular-microscoop-met-led-lamp\/","title":{"rendered":"1600X Student Biologische Microscoop 2MP USB Binokular Microscoop met LED Lampe"},"content":{"rendered":"<table>\n<tbody>\n<tr>\n<td colspan=\"2\" rowspan=\"2\" width=\"460\">Spezifikation<\/td>\n<td colspan=\"5\" width=\"302\">Modell<\/td>\n<\/tr>\n<tr>\n<td width=\"60\">XSP-179<\/td>\n<td width=\"60\">XSP-179A<\/td>\n<td width=\"60\">XSP-179B<\/td>\n<td width=\"60\">XSP-179C<\/td>\n<td width=\"61\">XSP-179T<\/td>\n<\/tr>\n<tr>\n<td rowspan=\"3\" width=\"112\">Ansichtskopf<\/td>\n<td width=\"348\">Monokularer Kopf, geneigt um 45\u00b0, 360\u00b0 drehbar<\/td>\n<td width=\"60\">\u25cf<\/td>\n<td width=\"60\">\u25cf<\/td>\n<td width=\"60\">\u25cf<\/td>\n<td width=\"61\"><\/td>\n<td width=\"60\"><\/td>\n<\/tr>\n<tr>\n<td width=\"348\">Kompensationsfreier Binokularkopf, um 30\u00b0 geneigt (48mm- 75mm)<\/td>\n<td width=\"60\"><\/td>\n<td width=\"60\"><\/td>\n<td width=\"60\"><\/td>\n<td width=\"61\">\u25cf<\/td>\n<td width=\"60\"><\/td>\n<\/tr>\n<tr>\n<td width=\"348\">Kompensationsfreier Binokularkopf, um 30\u00b0 geneigt (48mm- 75mm)<\/td>\n<td width=\"60\"><\/td>\n<td width=\"60\"><\/td>\n<td width=\"60\"><\/td>\n<td width=\"61\"><\/td>\n<td width=\"60\">\u25cf<\/td>\n<\/tr>\n<tr>\n<td width=\"112\">Okular<\/td>\n<td width=\"348\">WF10\u00d7\/18mm<\/td>\n<td width=\"60\">\u25cf<\/td>\n<td width=\"60\">\u25cf<\/td>\n<td width=\"60\">\u25cf<\/td>\n<td width=\"61\">\u25cf<\/td>\n<td width=\"60\">\u25cf<\/td>\n<\/tr>\n<tr>\n<td rowspan=\"2\" width=\"112\">Zielsetzung<\/td>\n<td width=\"348\">Achromatisches Objektiv:4\u00d7\u300110\u00d7\u300140\u00d7(s)<\/td>\n<td width=\"60\">\u25cf<\/td>\n<td width=\"60\">\u25cf<\/td>\n<td width=\"60\"><\/td>\n<td width=\"61\"><\/td>\n<td width=\"60\"><\/td>\n<\/tr>\n<tr>\n<td width=\"348\">Achromatisches Objektiv:4\u00d7\u300110\u00d7\u300140\u00d7(s)\u3001100\u00d7(s)\u00d6l<\/td>\n<td width=\"60\"><\/td>\n<td width=\"60\"><\/td>\n<td width=\"60\">\u25cf<\/td>\n<td width=\"61\">\u25cf<\/td>\n<td width=\"60\">\u25cf<\/td>\n<\/tr>\n<tr>\n<td><\/td>\n<td><\/td>\n<td><\/td>\n<td><\/td>\n<td><\/td>\n<td><\/td>\n<td><\/td>\n<\/tr>\n<tr>\n<td rowspan=\"2\" width=\"112\">B\u00fchne<\/td>\n<td width=\"348\">Einfache B\u00fchne mit Schiebeklemmen<\/p>\n<p>B\u00fchnengr\u00f6\u00dfe\uff1a120mmX125mm<\/td>\n<td width=\"60\">\u25cf<\/td>\n<td width=\"60\">\u25cf<\/td>\n<td width=\"60\"><\/td>\n<td width=\"61\"><\/td>\n<td width=\"60\"><\/td>\n<\/tr>\n<tr>\n<td width=\"348\">Mechanische Doppelschichtb\u00fchne<\/p>\n<p>B\u00fchnengr\u00f6\u00dfe\uff1a135mmX135mm<\/p>\n<p>Bewegungsbereich\uff1a70mm\u00d750mm<\/td>\n<td width=\"60\"><\/td>\n<td width=\"60\"><\/td>\n<td width=\"60\">\u25cf<\/td>\n<td width=\"61\">\u25cf<\/td>\n<td width=\"60\">\u25cf<\/td>\n<\/tr>\n<tr>\n<td rowspan=\"3\" width=\"112\">Verfl\u00fcssiger<\/td>\n<td width=\"348\">0,65 Kondensator mit Scheibenmembran<\/td>\n<td width=\"60\">\u25cf<\/td>\n<td width=\"60\"><\/td>\n<td width=\"60\"><\/td>\n<td width=\"61\"><\/td>\n<td width=\"60\"><\/td>\n<\/tr>\n<tr>\n<td width=\"348\">0,65 Kondensor mit Irisblende<\/td>\n<td width=\"60\"><\/td>\n<td width=\"60\">\u25cf<\/td>\n<td width=\"60\"><\/td>\n<td width=\"61\"><\/td>\n<td width=\"60\"><\/td>\n<\/tr>\n<tr>\n<td width=\"348\">N.A.1.25 Abbe-Kondensor mit Irisblende und Filterhalter<\/td>\n<td width=\"60\"><\/td>\n<td width=\"60\"><\/td>\n<td width=\"60\">\u25cf<\/td>\n<td width=\"61\">\u25cf<\/td>\n<td width=\"60\">\u25cf<\/td>\n<\/tr>\n<tr>\n<td width=\"112\">Fokussierung<\/td>\n<td width=\"348\">Getrennte Grob- und Feineinstellung der Fokussierung<\/td>\n<td width=\"60\">\u25cf<\/td>\n<td width=\"60\">\u25cf<\/td>\n<td width=\"60\">\u25cf<\/td>\n<td width=\"61\">\u25cf<\/td>\n<td width=\"60\">\u25cf<\/td>\n<\/tr>\n<tr>\n<td width=\"112\">Lichtquelle<\/td>\n<td width=\"348\">LED, Helligkeit einstellbar<\/td>\n<td width=\"60\">\u25cf<\/td>\n<td width=\"60\">\u25cf<\/td>\n<td width=\"60\">\u25cf<\/td>\n<td width=\"61\">\u25cf<\/td>\n<td width=\"60\">\u25cf<\/td>\n<\/tr>\n<tr>\n<td width=\"112\">Optionales Zubeh\u00f6r<\/td>\n<td colspan=\"6\" width=\"771\">Okular\uff1aWF16\u00d7\u3001WF20\u00d7\u3001P16\u00d7<\/p>\n<p>Achromatisches Objektiv\uff1a20\u00d7\uff08s\uff09\u300160\u00d7(s)<\/p>\n<p>Reflektor\u3001Doppelblickkopf<\/td>\n<\/tr>\n<\/tbody>\n<\/table>","protected":false},"excerpt":{"rendered":"<h1 class=\"a-size-base-plus a-text-bold\">\u00dcber diesen Artikel<\/h1>\n<ul class=\"a-unordered-list a-vertical a-spacing-mini\">\n<li class=\"a-spacing-mini\"><span class=\"a-list-item\">\u3010VERGR\u00d6SSERUNGSEINSTELLUNG\u3011Verf\u00fcgbare Vergr\u00f6\u00dferungseinstellungen von 40X, 100X, 250X, 400X und 1000X durch aberrationskorrigierende 4X, 10X und 40X Glasobjektive mit Weitwinkelokularen 10X und 25X<\/span><\/li>\n<li class=\"a-spacing-mini\"><span class=\"a-list-item\">\u3010Duale Beleuchtung\u3011Das duale Beleuchtungssystem erm\u00f6glicht es Ihnen, sowohl transparente als auch feste Proben zu untersuchen; k\u00fchles LED-Licht sch\u00fctzt das Augenlicht und lebende Proben<\/span><\/li>\n<li class=\"a-spacing-mini\"><span class=\"a-list-item\">\u3010Exzellentes Material\u3011Robustes Design mit Metallarm und -fu\u00df, Tragegriff und kabellose F\u00e4higkeit machen dieses zusammengesetzte Mikroskop zu einer praktischen Wahl f\u00fcr Feldexperimente<\/span><\/li>\n<li class=\"a-spacing-mini\"><span class=\"a-list-item\">\u3010Suitable\u3011Designed forDesigned for students\/kids\/adults\/beginner\/amateur scientist\/hobbyists, perfect for science fairs, at home experiments, and school lab experiments!<\/span><\/li>\n<li class=\"a-spacing-mini\"><span class=\"a-list-item\">\u3010Features\u3011Vollst\u00e4ndig drehbarer monokularer Kopf f\u00fcr einfache gemeinsame Nutzung oder Einzelunterricht im Klassenzimmer. Unser Kundendienst ist jederzeit bereit, bitte kontaktieren Sie uns, wenn Sie irgendwelche Probleme haben.<\/span><\/li>\n<\/ul>","protected":false},"featured_media":4643,"template":"","meta":{"site-sidebar-layout":"default","site-content-layout":"","ast-site-content-layout":"default","site-content-style":"default","site-sidebar-style":"default","ast-global-header-display":"","ast-banner-title-visibility":"","ast-main-header-display":"","ast-hfb-above-header-display":"","ast-hfb-below-header-display":"","ast-hfb-mobile-header-display":"","site-post-title":"","ast-breadcrumbs-content":"","ast-featured-img":"","footer-sml-layout":"","theme-transparent-header-meta":"default","adv-header-id-meta":"","stick-header-meta":"default","header-above-stick-meta":"","header-main-stick-meta":"","header-below-stick-meta":"","astra-migrate-meta-layouts":"set","ast-page-background-enabled":"default","ast-page-background-meta":{"desktop":{"background-color":"","background-image":"","background-repeat":"repeat","background-position":"center center","background-size":"auto","background-attachment":"scroll","background-type":"","background-media":"","overlay-type":"","overlay-color":"","overlay-opacity":"","overlay-gradient":""},"tablet":{"background-color":"","background-image":"","background-repeat":"repeat","background-position":"center center","background-size":"auto","background-attachment":"scroll","background-type":"","background-media":"","overlay-type":"","overlay-color":"","overlay-opacity":"","overlay-gradient":""},"mobile":{"background-color":"","background-image":"","background-repeat":"repeat","background-position":"center center","background-size":"auto","background-attachment":"scroll","background-type":"","background-media":"","overlay-type":"","overlay-color":"","overlay-opacity":"","overlay-gradient":""}},"ast-content-background-meta":{"desktop":{"background-color":"var(--ast-global-color-5)","background-image":"","background-repeat":"repeat","background-position":"center center","background-size":"auto","background-attachment":"scroll","background-type":"","background-media":"","overlay-type":"","overlay-color":"","overlay-opacity":"","overlay-gradient":""},"tablet":{"background-color":"var(--ast-global-color-5)","background-image":"","background-repeat":"repeat","background-position":"center center","background-size":"auto","background-attachment":"scroll","background-type":"","background-media":"","overlay-type":"","overlay-color":"","overlay-opacity":"","overlay-gradient":""},"mobile":{"background-color":"var(--ast-global-color-5)","background-image":"","background-repeat":"repeat","background-position":"center center","background-size":"auto","background-attachment":"scroll","background-type":"","background-media":"","overlay-type":"","overlay-color":"","overlay-opacity":"","overlay-gradient":""}}},"product_brand":[],"product_cat":[62],"product_tag":[],"class_list":{"0":"post-4642","1":"product","2":"type-product","3":"status-publish","4":"has-post-thumbnail","6":"product_cat-biological-microscope","7":"desktop-align-left","8":"tablet-align-left","9":"mobile-align-left","10":"ast-product-gallery-layout-horizontal-slider","11":"ast-product-gallery-with-no-image","12":"ast-product-tabs-layout-horizontal","14":"first","15":"instock","16":"taxable","17":"shipping-taxable","18":"product-type-simple"},"_links":{"self":[{"href":"https:\/\/kiraoptical.com\/de\/wp-json\/wp\/v2\/product\/4642","targetHints":{"allow":["GET"]}}],"collection":[{"href":"https:\/\/kiraoptical.com\/de\/wp-json\/wp\/v2\/product"}],"about":[{"href":"https:\/\/kiraoptical.com\/de\/wp-json\/wp\/v2\/types\/product"}],"version-history":[{"count":0,"href":"https:\/\/kiraoptical.com\/de\/wp-json\/wp\/v2\/product\/4642\/revisions"}],"wp:featuredmedia":[{"embeddable":true,"href":"https:\/\/kiraoptical.com\/de\/wp-json\/wp\/v2\/media\/4643"}],"wp:attachment":[{"href":"https:\/\/kiraoptical.com\/de\/wp-json\/wp\/v2\/media?parent=4642"}],"wp:term":[{"taxonomy":"product_brand","embeddable":true,"href":"https:\/\/kiraoptical.com\/de\/wp-json\/wp\/v2\/product_brand?post=4642"},{"taxonomy":"product_cat","embeddable":true,"href":"https:\/\/kiraoptical.com\/de\/wp-json\/wp\/v2\/product_cat?post=4642"},{"taxonomy":"product_tag","embeddable":true,"href":"https:\/\/kiraoptical.com\/de\/wp-json\/wp\/v2\/product_tag?post=4642"}],"curies":[{"name":"wp","href":"https:\/\/api.w.org\/{rel}","templated":true}]}}