{"id":4651,"date":"2024-09-20T05:59:53","date_gmt":"2024-09-20T05:59:53","guid":{"rendered":"https:\/\/kiraoptical.com\/?post_type=product&#038;p=4651"},"modified":"2025-02-19T06:07:00","modified_gmt":"2025-02-19T06:07:00","slug":"portable-metallurgical-microscope","status":"publish","type":"product","link":"https:\/\/kiraoptical.com\/de\/produkt\/portable-metallurgical-microscope\/","title":{"rendered":"Tragbares metallurgisches Mikroskop mit magnetischer Basis"},"content":{"rendered":"<h4 data-start=\"550\" data-end=\"574\">Tragbares metallurgisches Mikroskop mit magnetischer Basis: Leistungsstarke Analyse f\u00fcr Industrie- und Forschungsanwendungen<\/h4>\n<h4 data-start=\"550\" data-end=\"574\"><strong data-start=\"555\" data-end=\"574\">1. Einleitung<\/strong><\/h4>\n<ul data-start=\"578\" data-end=\"982\">\n<li data-start=\"578\" data-end=\"982\"><strong data-start=\"580\" data-end=\"600\">Produkt\u00fcbersicht<\/strong>:\n<ul data-start=\"607\" data-end=\"982\">\n<li data-start=\"607\" data-end=\"728\">Kurze Einf\u00fchrung in das tragbare metallurgische Mikroskop S-606 von Steindorff, das f\u00fcr die pr\u00e4zise Materialanalyse entwickelt wurde.<\/li>\n<li data-start=\"734\" data-end=\"838\">Hervorzuheben sind die Tragbarkeit, das kompakte Design und die Zuverl\u00e4ssigkeit f\u00fcr Industrie- und Laboranwendungen.<\/li>\n<li data-start=\"844\" data-end=\"982\">Die Bedeutung hochwertiger metallurgischer Mikroskope f\u00fcr Fachleute, die in den Bereichen Materialwissenschaft, Qualit\u00e4tskontrolle und Metallurgie arbeiten.<\/li>\n<\/ul>\n<\/li>\n<\/ul>\n<h4 data-start=\"984\" data-end=\"1019\"><strong data-start=\"989\" data-end=\"1019\">2. Wesentliche Merkmale und Vorteile<\/strong><\/h4>\n<ul data-start=\"1023\" data-end=\"2172\">\n<li data-start=\"1023\" data-end=\"1280\"><strong data-start=\"1025\" data-end=\"1056\">Tragbares und kompaktes Design<\/strong>:\n<ul data-start=\"1063\" data-end=\"1280\">\n<li data-start=\"1063\" data-end=\"1180\">Leicht und einfach zu tragen, ideal f\u00fcr Inspektionen vor Ort und den mobilen Einsatz in Werkst\u00e4tten oder im Au\u00dfendienst.<\/li>\n<li data-start=\"1186\" data-end=\"1280\">Die kompakte Form erm\u00f6glicht eine einfache Aufbewahrung und Handhabung und gew\u00e4hrleistet Effizienz f\u00fcr mobile Fachleute.<\/li>\n<\/ul>\n<\/li>\n<li data-start=\"1284\" data-end=\"1496\"><strong data-start=\"1286\" data-end=\"1303\">Magnetische Basis<\/strong>:\n<ul data-start=\"1310\" data-end=\"1496\">\n<li data-start=\"1310\" data-end=\"1401\">Sorgt f\u00fcr eine sichere, stabile Befestigung an metallischen Oberfl\u00e4chen und gew\u00e4hrleistet einen freih\u00e4ndigen Betrieb.<\/li>\n<li data-start=\"1407\" data-end=\"1496\">Der Magnetfu\u00df erh\u00f6ht au\u00dferdem die Stabilit\u00e4t bei der Arbeit mit schweren Materialien oder Proben.<\/li>\n<\/ul>\n<\/li>\n<li data-start=\"1500\" data-end=\"1741\"><strong data-start=\"1502\" data-end=\"1522\">Objektivlinsen<\/strong>:\n<ul data-start=\"1529\" data-end=\"1741\">\n<li data-start=\"1529\" data-end=\"1657\">Enth\u00e4lt 10- und 40-fache Objektivlinsen, die flexible Vergr\u00f6\u00dferungsoptionen f\u00fcr unterschiedliche Anforderungen bei der Materialpr\u00fcfung bieten.<\/li>\n<li data-start=\"1663\" data-end=\"1741\">Bietet hochaufl\u00f6sende Bilder f\u00fcr die detaillierte Analyse von Materialstrukturen.<\/li>\n<\/ul>\n<\/li>\n<li data-start=\"1745\" data-end=\"1974\"><strong data-start=\"1747\" data-end=\"1770\">Beleuchtungssystem<\/strong>:\n<ul data-start=\"1777\" data-end=\"1974\">\n<li data-start=\"1777\" data-end=\"1868\">Die eingebaute LED-Beleuchtung sorgt f\u00fcr helle, klare Bilder bei unterschiedlichen Lichtverh\u00e4ltnissen.<\/li>\n<li data-start=\"1874\" data-end=\"1974\">Einstellbare Lichtintensit\u00e4t f\u00fcr erh\u00f6hten Kontrast und bessere Sichtbarkeit feiner Details in Proben.<\/li>\n<\/ul>\n<\/li>\n<li data-start=\"1978\" data-end=\"2172\"><strong data-start=\"1980\" data-end=\"1995\">Benutzerfreundlichkeit<\/strong>:\n<ul data-start=\"2002\" data-end=\"2172\">\n<li data-start=\"2002\" data-end=\"2103\">Einfache Bedienung mit intuitiven Bedienelementen, die sowohl f\u00fcr Anf\u00e4nger als auch f\u00fcr erfahrene Benutzer geeignet sind.<\/li>\n<li data-start=\"2109\" data-end=\"2172\">Das ergonomische Design sorgt f\u00fcr minimale Belastung bei l\u00e4ngerem Gebrauch.<\/li>\n<\/ul>\n<\/li>\n<\/ul>\n<h4 data-start=\"2174\" data-end=\"2210\"><strong data-start=\"2179\" data-end=\"2210\">3. Technische Daten<\/strong><\/h4>\n<ul data-start=\"2214\" data-end=\"2723\">\n<li data-start=\"2214\" data-end=\"2359\"><strong data-start=\"2216\" data-end=\"2234\">Optisches System<\/strong>:\n<ul data-start=\"2241\" data-end=\"2359\">\n<li data-start=\"2241\" data-end=\"2287\">Vergr\u00f6\u00dferung: 10x und 40x Objektivlinsen.<\/li>\n<li data-start=\"2293\" data-end=\"2359\">Fokussiersystem: Grobfokussierungsmechanismus f\u00fcr einfache Einstellungen.<\/li>\n<\/ul>\n<\/li>\n<li data-start=\"2363\" data-end=\"2493\"><strong data-start=\"2365\" data-end=\"2381\">Beleuchtung<\/strong>:\n<ul data-start=\"2388\" data-end=\"2493\">\n<li data-start=\"2388\" data-end=\"2493\">LED-Lichtquelle mit einstellbarer Intensit\u00e4t, die eine optimale Helligkeit f\u00fcr eine pr\u00e4zise Probenbeobachtung bietet.<\/li>\n<\/ul>\n<\/li>\n<li data-start=\"2497\" data-end=\"2584\"><strong data-start=\"2499\" data-end=\"2521\">Basis und Stabilit\u00e4t<\/strong>:\n<ul data-start=\"2528\" data-end=\"2584\">\n<li data-start=\"2528\" data-end=\"2584\">Magnetische Basis zur sicheren Befestigung an Metalloberfl\u00e4chen.<\/li>\n<\/ul>\n<\/li>\n<li data-start=\"2588\" data-end=\"2723\"><strong data-start=\"2590\" data-end=\"2607\">Verarbeitungsqualit\u00e4t<\/strong>:\n<ul data-start=\"2614\" data-end=\"2723\">\n<li data-start=\"2614\" data-end=\"2723\">Langlebige Konstruktion f\u00fcr den industriellen Einsatz, einschlie\u00dflich hoher Temperaturen und rauer Umgebungen.<\/li>\n<\/ul>\n<\/li>\n<\/ul>\n<h4 data-start=\"2725\" data-end=\"2749\"><strong data-start=\"2730\" data-end=\"2749\">4. Anwendungen<\/strong><\/h4>\n<ul data-start=\"2753\" data-end=\"3384\">\n<li data-start=\"2753\" data-end=\"2898\"><strong data-start=\"2755\" data-end=\"2790\">Materialwissenschaft und Metallurgie<\/strong>:\n<ul data-start=\"2797\" data-end=\"2898\">\n<li data-start=\"2797\" data-end=\"2898\">Zur Untersuchung von Metalloberfl\u00e4chen, Legierungen und Materialien zur Beurteilung von Qualit\u00e4t, Struktur und Fehlern.<\/li>\n<\/ul>\n<\/li>\n<li data-start=\"2902\" data-end=\"3033\"><strong data-start=\"2904\" data-end=\"2923\">Qualit\u00e4tskontrolle<\/strong>:\n<ul data-start=\"2930\" data-end=\"3033\">\n<li data-start=\"2930\" data-end=\"3033\">Ideal f\u00fcr den Einsatz in der industriellen Produktion zur Pr\u00fcfung von Materialien w\u00e4hrend des Fertigungsprozesses.<\/li>\n<\/ul>\n<\/li>\n<li data-start=\"3037\" data-end=\"3225\"><strong data-start=\"3039\" data-end=\"3080\">Anwendungen f\u00fcr Bildung und Forschung<\/strong>:\n<ul data-start=\"3087\" data-end=\"3225\">\n<li data-start=\"3087\" data-end=\"3225\">N\u00fctzlich in der Ausbildung f\u00fcr die Vermittlung von Kenntnissen \u00fcber Materialeigenschaften und f\u00fcr die Forschung, die eine detaillierte Materialpr\u00fcfung erfordert.<\/li>\n<\/ul>\n<\/li>\n<li data-start=\"3229\" data-end=\"3384\"><strong data-start=\"3231\" data-end=\"3252\">Feldinspektionen<\/strong>:\n<ul data-start=\"3259\" data-end=\"3384\">\n<li data-start=\"3259\" data-end=\"3384\">Das tragbare und magnetische Design macht es sehr effektiv f\u00fcr die Arbeit vor Ort im Baugewerbe, im Bergbau und in der Metallurgie.<\/li>\n<\/ul>\n<\/li>\n<\/ul>\n<h4 data-start=\"3386\" data-end=\"3426\"><strong data-start=\"3391\" data-end=\"3426\">5. Warum Steindorff S-606 w\u00e4hlen?<\/strong><\/h4>\n<ul data-start=\"3430\" data-end=\"3854\">\n<li data-start=\"3430\" data-end=\"3554\"><strong data-start=\"3432\" data-end=\"3446\">Wirkungsgrad<\/strong>:\n<ul data-start=\"3453\" data-end=\"3554\">\n<li data-start=\"3453\" data-end=\"3554\">Schnelles Aufstellen mit dem Magnetfu\u00df, der einen schnellen Einsatz in Industrie und Labor erm\u00f6glicht.<\/li>\n<\/ul>\n<\/li>\n<li data-start=\"3558\" data-end=\"3743\"><strong data-start=\"3560\" data-end=\"3578\">Kosteng\u00fcnstig<\/strong>:\n<ul data-start=\"3585\" data-end=\"3743\">\n<li data-start=\"3585\" data-end=\"3743\">Es bietet hohe Funktionalit\u00e4t und Zuverl\u00e4ssigkeit zu einem vern\u00fcnftigen Preis und ist damit eine ausgezeichnete Wahl f\u00fcr Unternehmen, die Wert auf Qualit\u00e4t legen, ohne Kompromisse einzugehen.<\/li>\n<\/ul>\n<\/li>\n<li data-start=\"3747\" data-end=\"3854\"><strong data-start=\"3749\" data-end=\"3763\">Dauerhaftigkeit<\/strong>:\n<ul data-start=\"3770\" data-end=\"3854\">\n<li data-start=\"3770\" data-end=\"3854\">Die robuste Konstruktion gew\u00e4hrleistet eine langfristige Nutzung und minimiert Ausfallzeiten und Reparaturkosten.<\/li>\n<\/ul>\n<\/li>\n<\/ul>\n<h4 data-start=\"3856\" data-end=\"3889\"><strong data-start=\"3861\" data-end=\"3889\">6. Wettbewerbsvorteil<\/strong><\/h4>\n<ul data-start=\"3893\" data-end=\"4327\">\n<li data-start=\"3893\" data-end=\"4103\"><strong data-start=\"3895\" data-end=\"3927\">Vergleich mit \u00e4hnlichen Modellen<\/strong>:\n<ul data-start=\"3934\" data-end=\"4103\">\n<li data-start=\"3934\" data-end=\"4103\">Zeigen Sie auf, wie sich das Steindorff S-606 im Vergleich zu anderen Mikroskopen seiner Preisklasse abhebt, insbesondere in Bezug auf Tragbarkeit, Benutzerfreundlichkeit und Preis-Leistungs-Verh\u00e4ltnis.<\/li>\n<\/ul>\n<\/li>\n<li data-start=\"4107\" data-end=\"4327\"><strong data-start=\"4109\" data-end=\"4146\">Erweiterte Funktionen im Vergleich zu Wettbewerbern<\/strong>:\n<ul data-start=\"4153\" data-end=\"4327\">\n<li data-start=\"4153\" data-end=\"4327\">Das LED-Beleuchtungssystem, der Magnetfu\u00df und die hochwertigen Objektive zeichnen ihn aus und machen ihn ideal f\u00fcr Profis in der Industrie.<\/li>\n<\/ul>\n<\/li>\n<\/ul>\n<h4 data-start=\"4329\" data-end=\"4365\"><strong data-start=\"4334\" data-end=\"4365\">7. Wartung und Garantie<\/strong><\/h4>\n<ul data-start=\"4369\" data-end=\"4731\">\n<li data-start=\"4369\" data-end=\"4566\"><strong data-start=\"4371\" data-end=\"4394\">Wartungsfreundlichkeit<\/strong>:\n<ul data-start=\"4401\" data-end=\"4566\">\n<li data-start=\"4401\" data-end=\"4491\">Minimaler Wartungsaufwand aufgrund der langlebigen Konstruktion und der hochwertigen Materialien.<\/li>\n<li data-start=\"4497\" data-end=\"4566\">Reinigungs- und Wartungsrichtlinien zur Aufrechterhaltung einer optimalen Leistung.<\/li>\n<\/ul>\n<\/li>\n<li data-start=\"4570\" data-end=\"4731\"><strong data-start=\"4572\" data-end=\"4596\">Garantie und Support<\/strong>:\n<ul data-start=\"4603\" data-end=\"4731\">\n<li data-start=\"4603\" data-end=\"4731\">Heben Sie die Garantiebedingungen und die angebotenen Kundendienstleistungen hervor, damit Beschaffungsmanager und Unternehmen beruhigt sein k\u00f6nnen.<\/li>\n<\/ul>\n<\/li>\n<\/ul>\n<h4 data-start=\"4733\" data-end=\"4775\"><strong data-start=\"4738\" data-end=\"4775\">8. Technische Unterst\u00fctzung und Schulung<\/strong><\/h4>\n<ul data-start=\"4779\" data-end=\"5074\">\n<li data-start=\"4779\" data-end=\"4919\"><strong data-start=\"4781\" data-end=\"4801\">Kundenbetreuung<\/strong>:\n<ul data-start=\"4808\" data-end=\"4919\">\n<li data-start=\"4808\" data-end=\"4919\">Erw\u00e4hnen Sie die Verf\u00fcgbarkeit von Online-Ressourcen, Handb\u00fcchern und Kundendienst f\u00fcr die Fehlersuche und Schulung.<\/li>\n<\/ul>\n<\/li>\n<li data-start=\"4923\" data-end=\"5074\"><strong data-start=\"4925\" data-end=\"4946\">Ausbildungsprogramme<\/strong>:\n<ul data-start=\"4953\" data-end=\"5074\">\n<li data-start=\"4953\" data-end=\"5074\">Informieren Sie \u00fcber Schulungen f\u00fcr neue Benutzer oder technisches Personal, um eine effektive Nutzung des Mikroskops zu gew\u00e4hrleisten.<\/li>\n<\/ul>\n<\/li>\n<\/ul>\n<h4 data-start=\"5076\" data-end=\"5127\"><strong data-start=\"5081\" data-end=\"5127\">9. Schlussfolgerung und \u00dcberlegungen zur Beschaffung<\/strong><\/h4>\n<ul data-start=\"5131\" data-end=\"5630\">\n<li data-start=\"5131\" data-end=\"5272\"><strong data-start=\"5133\" data-end=\"5144\">Zusammenfassung<\/strong>:\n<ul data-start=\"5151\" data-end=\"5272\">\n<li data-start=\"5151\" data-end=\"5272\">Fassen Sie die Hauptvorteile des Steindorff S-606 zusammen: Tragbarkeit, Stabilit\u00e4t, Benutzerfreundlichkeit und hochaufl\u00f6sende Optik.<\/li>\n<\/ul>\n<\/li>\n<li data-start=\"5276\" data-end=\"5452\"><strong data-start=\"5278\" data-end=\"5308\">Empfehlung f\u00fcr die Beschaffung<\/strong>:\n<ul data-start=\"5315\" data-end=\"5452\">\n<li data-start=\"5315\" data-end=\"5452\">Empfehlen Sie das Mikroskop f\u00fcr Industrien und Forschungslabors, die zuverl\u00e4ssige, tragbare und erschwingliche metallurgische Analyseger\u00e4te ben\u00f6tigen.<\/li>\n<\/ul>\n<\/li>\n<li data-start=\"5456\" data-end=\"5630\"><strong data-start=\"5458\" data-end=\"5476\">Aufruf zum Handeln<\/strong>:\n<ul data-start=\"5483\" data-end=\"5630\">\n<li data-start=\"5483\" data-end=\"5630\">Ermutigen Sie Beschaffungsbeamte oder Entscheidungstr\u00e4ger, sich nach Gro\u00dfeink\u00e4ufen, technischen Spezifikationen oder einer Produktvorf\u00fchrung zu erkundigen.<\/li>\n<\/ul>\n<\/li>\n<\/ul>\n<p>&nbsp;<\/p>\n<table width=\"609\">\n<tbody>\n<tr>\n<td colspan=\"2\" width=\"609\">Parameter<\/td>\n<\/tr>\n<tr>\n<td width=\"182\">Optisches System<\/td>\n<td width=\"427\">Endliches optisches System<\/td>\n<\/tr>\n<tr>\n<td width=\"182\">Okular<\/td>\n<td width=\"427\">Plan Okular WF10\/18mm<\/td>\n<\/tr>\n<tr>\n<td width=\"182\">Zielsetzung<\/td>\n<td width=\"427\">Endg\u00fcltiges metallurgisches Ziel planen<\/p>\n<p>10X\/0.25\uff08W.D.=7.3mm\uff09<\/p>\n<p>40X\/0.65\uff08W.D.=0.45mm\uff09<\/td>\n<\/tr>\n<tr>\n<td width=\"182\">Maganifizierung<\/td>\n<td width=\"427\">100X-400X<\/td>\n<\/tr>\n<tr>\n<td width=\"182\">Fokussierung<\/td>\n<td width=\"427\">Grob- und Feineinstellung, Fokussierbereich 25mm<\/td>\n<\/tr>\n<tr>\n<td width=\"182\">Beleuchter<\/td>\n<td width=\"427\">Vertikale LED-Beleuchtung,DC4,2V<\/td>\n<\/tr>\n<tr>\n<td width=\"182\">Mittelwertbildung<\/td>\n<td width=\"427\">750g\uff0c230mm\u00d7110mm\u00d770mm<\/td>\n<\/tr>\n<\/tbody>\n<\/table>","protected":false},"excerpt":{"rendered":"<p><strong data-start=\"4\" data-end=\"58\">Portable Metallurgical Microscope<\/strong> is a compact, high-performance tool designed for material analysis in industrial and research environments. Featuring a magnetic base for secure attachment to metal surfaces, this microscope provides stability during use, making it ideal for on-site inspections. With 10x and 40x objective lenses, it offers precise magnification for examining metal surfaces, alloys, and materials for quality control, defects, and structural analysis. The built-in LED illumination system ensures bright, clear imaging, while its portable design allows for easy transport and use in fieldwork.<\/p>","protected":false},"featured_media":4653,"template":"","meta":{"site-sidebar-layout":"default","site-content-layout":"","ast-site-content-layout":"default","site-content-style":"default","site-sidebar-style":"default","ast-global-header-display":"","ast-banner-title-visibility":"","ast-main-header-display":"","ast-hfb-above-header-display":"","ast-hfb-below-header-display":"","ast-hfb-mobile-header-display":"","site-post-title":"","ast-breadcrumbs-content":"","ast-featured-img":"","footer-sml-layout":"","theme-transparent-header-meta":"default","adv-header-id-meta":"","stick-header-meta":"default","header-above-stick-meta":"","header-main-stick-meta":"","header-below-stick-meta":"","astra-migrate-meta-layouts":"set","ast-page-background-enabled":"default","ast-page-background-meta":{"desktop":{"background-color":"","background-image":"","background-repeat":"repeat","background-position":"center center","background-size":"auto","background-attachment":"scroll","background-type":"","background-media":"","overlay-type":"","overlay-color":"","overlay-opacity":"","overlay-gradient":""},"tablet":{"background-color":"","background-image":"","background-repeat":"repeat","background-position":"center center","background-size":"auto","background-attachment":"scroll","background-type":"","background-media":"","overlay-type":"","overlay-color":"","overlay-opacity":"","overlay-gradient":""},"mobile":{"background-color":"","background-image":"","background-repeat":"repeat","background-position":"center center","background-size":"auto","background-attachment":"scroll","background-type":"","background-media":"","overlay-type":"","overlay-color":"","overlay-opacity":"","overlay-gradient":""}},"ast-content-background-meta":{"desktop":{"background-color":"var(--ast-global-color-5)","background-image":"","background-repeat":"repeat","background-position":"center center","background-size":"auto","background-attachment":"scroll","background-type":"","background-media":"","overlay-type":"","overlay-color":"","overlay-opacity":"","overlay-gradient":""},"tablet":{"background-color":"var(--ast-global-color-5)","background-image":"","background-repeat":"repeat","background-position":"center center","background-size":"auto","background-attachment":"scroll","background-type":"","background-media":"","overlay-type":"","overlay-color":"","overlay-opacity":"","overlay-gradient":""},"mobile":{"background-color":"var(--ast-global-color-5)","background-image":"","background-repeat":"repeat","background-position":"center center","background-size":"auto","background-attachment":"scroll","background-type":"","background-media":"","overlay-type":"","overlay-color":"","overlay-opacity":"","overlay-gradient":""}}},"product_brand":[],"product_cat":[39],"product_tag":[],"class_list":{"0":"post-4651","1":"product","2":"type-product","3":"status-publish","4":"has-post-thumbnail","6":"product_cat-stereo-microscope","7":"desktop-align-left","8":"tablet-align-left","9":"mobile-align-left","10":"ast-product-gallery-layout-horizontal-slider","11":"ast-product-tabs-layout-horizontal","13":"first","14":"instock","15":"taxable","16":"shipping-taxable","17":"product-type-simple"},"_links":{"self":[{"href":"https:\/\/kiraoptical.com\/de\/wp-json\/wp\/v2\/product\/4651","targetHints":{"allow":["GET"]}}],"collection":[{"href":"https:\/\/kiraoptical.com\/de\/wp-json\/wp\/v2\/product"}],"about":[{"href":"https:\/\/kiraoptical.com\/de\/wp-json\/wp\/v2\/types\/product"}],"version-history":[{"count":0,"href":"https:\/\/kiraoptical.com\/de\/wp-json\/wp\/v2\/product\/4651\/revisions"}],"wp:featuredmedia":[{"embeddable":true,"href":"https:\/\/kiraoptical.com\/de\/wp-json\/wp\/v2\/media\/4653"}],"wp:attachment":[{"href":"https:\/\/kiraoptical.com\/de\/wp-json\/wp\/v2\/media?parent=4651"}],"wp:term":[{"taxonomy":"product_brand","embeddable":true,"href":"https:\/\/kiraoptical.com\/de\/wp-json\/wp\/v2\/product_brand?post=4651"},{"taxonomy":"product_cat","embeddable":true,"href":"https:\/\/kiraoptical.com\/de\/wp-json\/wp\/v2\/product_cat?post=4651"},{"taxonomy":"product_tag","embeddable":true,"href":"https:\/\/kiraoptical.com\/de\/wp-json\/wp\/v2\/product_tag?post=4651"}],"curies":[{"name":"wp","href":"https:\/\/api.w.org\/{rel}","templated":true}]}}