{"id":4658,"date":"2024-09-20T06:18:56","date_gmt":"2024-09-20T06:18:56","guid":{"rendered":"https:\/\/kiraoptical.com\/?post_type=product&#038;p=4658"},"modified":"2025-02-19T05:59:57","modified_gmt":"2025-02-19T05:59:57","slug":"binocular-trinocular-microscope","status":"publish","type":"product","link":"https:\/\/kiraoptical.com\/de\/produkt\/binocular-trinocular-microscope\/","title":{"rendered":"CX23 Binokulares Mikroskop |Fortgeschrittenes trinokulares Mikroskop f\u00fcr Pr\u00e4zisionsforschung und -analyse"},"content":{"rendered":"<h3>CX23 Binokulares Mikroskop |Fortgeschrittenes trinokulares Mikroskop f\u00fcr Pr\u00e4zisionsforschung und -analyse<\/h3>\n<p>&nbsp;<\/p>\n<ul>\n<li><strong>Trinokularer Betrachtungskopf<\/strong>: 30\u00b0 geneigtes Design mit einem Weitwinkelokular (WF10X \/ \u03a618mm Antisepsis) f\u00fcr komfortable Beobachtung und Kameraintegration.<\/li>\n<li><strong>PL Infinity Zielsetzungen<\/strong>: Hochwertige 4X-, 10X- und 40X-Objektive f\u00fcr scharfe, detaillierte Abbildungen.<\/li>\n<li><strong>Quarter Convert Nose Piece<\/strong>: Schnelles und einfaches Umschalten zwischen Objektiven.<\/li>\n<li><strong>Zweischichtiger Schiebetisch<\/strong>: Gro\u00dfer Tisch (120\u00d7132mm) mit pr\u00e4ziser Bewegung (76mm\u00d730mm) f\u00fcr vielseitige Probenhandhabung.<\/li>\n<li><strong>Koaxiale Fokussierung<\/strong>: Grob- und Feinfokussierung mit einer Feineinstellungsskala von 2\u03bcm f\u00fcr ultrapr\u00e4zise Kontrolle.<\/li>\n<li><strong>LED-Beleuchtung<\/strong>: Helles, energieeffizientes 3V\/5W LED-Licht mit einstellbarer Intensit\u00e4t (AC85V-230V).<\/li>\n<li><strong>Fokussierbarer Abbe-Kondensor<\/strong>: N.A. 1,25 mit einer Aperturblende f\u00fcr optimalen Kontrast und Aufl\u00f6sung.<\/li>\n<\/ul>","protected":false},"excerpt":{"rendered":"<p>Die\u00a0<strong>CX23 Binokulares Mikroskop Fortschrittliches trinokulares Mikroskop f\u00fcr Pr\u00e4zisionsforschung und -analyse<\/strong>\u00a0ist eine\u00a0<strong>zuverl\u00e4ssiges, benutzerfreundliches Mikroskop<\/strong>\u00a0konzipiert f\u00fcr\u00a0<strong>Einsatz im Unterricht und im Routinelabor<\/strong>.<\/p>\n<p>&nbsp;<\/p>","protected":false},"featured_media":4659,"template":"","meta":{"site-sidebar-layout":"default","site-content-layout":"","ast-site-content-layout":"default","site-content-style":"default","site-sidebar-style":"default","ast-global-header-display":"","ast-banner-title-visibility":"","ast-main-header-display":"","ast-hfb-above-header-display":"","ast-hfb-below-header-display":"","ast-hfb-mobile-header-display":"","site-post-title":"","ast-breadcrumbs-content":"","ast-featured-img":"","footer-sml-layout":"","theme-transparent-header-meta":"default","adv-header-id-meta":"","stick-header-meta":"default","header-above-stick-meta":"","header-main-stick-meta":"","header-below-stick-meta":"","astra-migrate-meta-layouts":"set","ast-page-background-enabled":"default","ast-page-background-meta":{"desktop":{"background-color":"","background-image":"","background-repeat":"repeat","background-position":"center center","background-size":"auto","background-attachment":"scroll","background-type":"","background-media":"","overlay-type":"","overlay-color":"","overlay-opacity":"","overlay-gradient":""},"tablet":{"background-color":"","background-image":"","background-repeat":"repeat","background-position":"center center","background-size":"auto","background-attachment":"scroll","background-type":"","background-media":"","overlay-type":"","overlay-color":"","overlay-opacity":"","overlay-gradient":""},"mobile":{"background-color":"","background-image":"","background-repeat":"repeat","background-position":"center center","background-size":"auto","background-attachment":"scroll","background-type":"","background-media":"","overlay-type":"","overlay-color":"","overlay-opacity":"","overlay-gradient":""}},"ast-content-background-meta":{"desktop":{"background-color":"var(--ast-global-color-5)","background-image":"","background-repeat":"repeat","background-position":"center center","background-size":"auto","background-attachment":"scroll","background-type":"","background-media":"","overlay-type":"","overlay-color":"","overlay-opacity":"","overlay-gradient":""},"tablet":{"background-color":"var(--ast-global-color-5)","background-image":"","background-repeat":"repeat","background-position":"center center","background-size":"auto","background-attachment":"scroll","background-type":"","background-media":"","overlay-type":"","overlay-color":"","overlay-opacity":"","overlay-gradient":""},"mobile":{"background-color":"var(--ast-global-color-5)","background-image":"","background-repeat":"repeat","background-position":"center center","background-size":"auto","background-attachment":"scroll","background-type":"","background-media":"","overlay-type":"","overlay-color":"","overlay-opacity":"","overlay-gradient":""}}},"product_brand":[],"product_cat":[62],"product_tag":[],"class_list":{"0":"post-4658","1":"product","2":"type-product","3":"status-publish","4":"has-post-thumbnail","6":"product_cat-biological-microscope","7":"desktop-align-left","8":"tablet-align-left","9":"mobile-align-left","10":"ast-product-gallery-layout-horizontal-slider","11":"ast-product-gallery-with-no-image","12":"ast-product-tabs-layout-horizontal","14":"first","15":"instock","16":"taxable","17":"shipping-taxable","18":"product-type-simple"},"_links":{"self":[{"href":"https:\/\/kiraoptical.com\/de\/wp-json\/wp\/v2\/product\/4658","targetHints":{"allow":["GET"]}}],"collection":[{"href":"https:\/\/kiraoptical.com\/de\/wp-json\/wp\/v2\/product"}],"about":[{"href":"https:\/\/kiraoptical.com\/de\/wp-json\/wp\/v2\/types\/product"}],"version-history":[{"count":0,"href":"https:\/\/kiraoptical.com\/de\/wp-json\/wp\/v2\/product\/4658\/revisions"}],"wp:featuredmedia":[{"embeddable":true,"href":"https:\/\/kiraoptical.com\/de\/wp-json\/wp\/v2\/media\/4659"}],"wp:attachment":[{"href":"https:\/\/kiraoptical.com\/de\/wp-json\/wp\/v2\/media?parent=4658"}],"wp:term":[{"taxonomy":"product_brand","embeddable":true,"href":"https:\/\/kiraoptical.com\/de\/wp-json\/wp\/v2\/product_brand?post=4658"},{"taxonomy":"product_cat","embeddable":true,"href":"https:\/\/kiraoptical.com\/de\/wp-json\/wp\/v2\/product_cat?post=4658"},{"taxonomy":"product_tag","embeddable":true,"href":"https:\/\/kiraoptical.com\/de\/wp-json\/wp\/v2\/product_tag?post=4658"}],"curies":[{"name":"wp","href":"https:\/\/api.w.org\/{rel}","templated":true}]}}