{"id":5035,"date":"2025-01-08T07:44:14","date_gmt":"2025-01-08T07:44:14","guid":{"rendered":"https:\/\/kiraoptical.com\/?post_type=product&#038;p=5035"},"modified":"2025-01-08T07:44:14","modified_gmt":"2025-01-08T07:44:14","slug":"binocular-stereo-zoom-microscope-0-65x-to-5-5x-zoom-objective-magnification-f6-5x-to-55x-pillar-2-incident-led-illuminations-gooseneck-3w-led-illumination-globe","status":"publish","type":"product","link":"https:\/\/kiraoptical.com\/de\/produkt\/binocular-stereo-zoom-microscope-0-65x-to-5-5x-zoom-objective-magnification-f6-5x-to-55x-pillar-2-incident-led-illuminations-gooseneck-3w-led-illumination-globe\/","title":{"rendered":"Binokulares Stereo-Zoom-Mikroskop 0,65x bis 5,5x Zoom-Objektiv, Vergr\u00f6\u00dferung F6,5x bis 55x S\u00e4ule 2 einfallende LED-Beleuchtungen Schwanenhals 3W LED-Beleuchtung Globus"},"content":{"rendered":"<p><img fetchpriority=\"high\" decoding=\"async\" class=\"alignnone size-full wp-image-5036\" src=\"https:\/\/kiraoptical.com\/wp-content\/uploads\/2025\/01\/2018052816123158-B3LS.jpg\" alt=\"\" width=\"600\" height=\"600\" srcset=\"https:\/\/kiraoptical.com\/wp-content\/uploads\/2025\/01\/2018052816123158-B3LS.jpg 600w, https:\/\/kiraoptical.com\/wp-content\/uploads\/2025\/01\/2018052816123158-B3LS-300x300.jpg 300w, https:\/\/kiraoptical.com\/wp-content\/uploads\/2025\/01\/2018052816123158-B3LS-150x150.jpg 150w, https:\/\/kiraoptical.com\/wp-content\/uploads\/2025\/01\/2018052816123158-B3LS-12x12.jpg 12w, https:\/\/kiraoptical.com\/wp-content\/uploads\/2025\/01\/2018052816123158-B3LS-100x100.jpg 100w\" sizes=\"(max-width: 600px) 100vw, 600px\" \/><\/p>\n<p>&nbsp;<\/p>\n<table width=\"100%\">\n<tbody>\n<tr>\n<td rowspan=\"3\" width=\"105\">Okular<\/td>\n<td colspan=\"2\" width=\"112\">Standard<\/td>\n<td colspan=\"2\" width=\"109\">Hilfslinse 0,5X<\/td>\n<td colspan=\"2\" width=\"112\">Hilfsobjektiv 1,5X<\/td>\n<td colspan=\"2\" width=\"114\">Hilfsobjektiv 2X<\/td>\n<\/tr>\n<tr>\n<td colspan=\"2\" width=\"112\">B.T. 105mm<\/td>\n<td colspan=\"2\" width=\"109\">B.T. 177mm<\/td>\n<td colspan=\"2\" width=\"112\">B.T. 47mm<\/td>\n<td colspan=\"2\" width=\"114\">B.D. 26mm<\/td>\n<\/tr>\n<tr>\n<td width=\"54\">Mag.<\/td>\n<td width=\"58\">F.O.V.<\/td>\n<td width=\"51\">Mag.<\/td>\n<td width=\"58\">F.O.V.<\/td>\n<td width=\"54\">Mag.<\/td>\n<td width=\"58\">F.O.V.<\/td>\n<td width=\"54\">Mag.<\/td>\n<td width=\"60\">F.O.V.<\/td>\n<\/tr>\n<tr>\n<td rowspan=\"2\" width=\"105\">10X\/22mm<\/td>\n<td width=\"54\">6.7X<\/td>\n<td width=\"58\">32,8 mm<\/td>\n<td width=\"51\">3.4X<\/td>\n<td width=\"58\">65,7 mm<\/td>\n<td width=\"54\">10.1X<\/td>\n<td width=\"58\">21,9 mm<\/td>\n<td width=\"54\">13.4X<\/td>\n<td width=\"60\">16,4 mm<\/td>\n<\/tr>\n<tr>\n<td width=\"54\">45.0X<\/td>\n<td width=\"58\">4,9 mm<\/td>\n<td width=\"51\">22.5X<\/td>\n<td width=\"58\">9,8 mm<\/td>\n<td width=\"54\">67.5X<\/td>\n<td width=\"58\">3,3 mm<\/td>\n<td width=\"54\">90.0X<\/td>\n<td width=\"60\">2,4 mm<\/td>\n<\/tr>\n<tr>\n<td rowspan=\"2\" width=\"105\">15X\/16mm<\/td>\n<td width=\"54\">10.1X<\/td>\n<td width=\"58\">23,9 mm<\/td>\n<td width=\"51\">5.0X<\/td>\n<td width=\"58\">47,8 mm<\/td>\n<td width=\"54\">15.1X<\/td>\n<td width=\"58\">15,9 mm<\/td>\n<td width=\"54\">20.1X<\/td>\n<td width=\"60\">11,9 mm<\/td>\n<\/tr>\n<tr>\n<td width=\"54\">67.5X<\/td>\n<td width=\"58\">3,6 mm<\/td>\n<td width=\"51\">33.8X<\/td>\n<td width=\"58\">7,1 mm<\/td>\n<td width=\"54\">101.3X<\/td>\n<td width=\"58\">2,4 mm<\/td>\n<td width=\"54\">135.0X<\/td>\n<td width=\"60\">1,8 mm<\/td>\n<\/tr>\n<tr>\n<td rowspan=\"2\" width=\"105\">20X\/12mm<\/td>\n<td width=\"54\">13.4X<\/td>\n<td width=\"58\">17,9 mm<\/td>\n<td width=\"51\">6.7X<\/td>\n<td width=\"58\">38,5 mm<\/td>\n<td width=\"54\">20.1X<\/td>\n<td width=\"58\">11,9 mm<\/td>\n<td width=\"54\">26.8X<\/td>\n<td width=\"60\">9,0 mm<\/td>\n<\/tr>\n<tr>\n<td width=\"54\">90.0X<\/td>\n<td width=\"58\">2,7 mm<\/td>\n<td width=\"51\">45.0X<\/td>\n<td width=\"58\">5,3 mm<\/td>\n<td width=\"54\">135.0X<\/td>\n<td width=\"58\">1,8 mm<\/td>\n<td width=\"54\">180.0X<\/td>\n<td width=\"60\">1,3 mm<\/td>\n<\/tr>\n<tr>\n<td rowspan=\"2\" width=\"105\">25X\/9mm<\/td>\n<td width=\"54\">16.8X<\/td>\n<td width=\"58\">13,4 mm<\/td>\n<td width=\"51\">8.4X<\/td>\n<td width=\"58\">26,9 mm<\/td>\n<td width=\"54\">25.1X<\/td>\n<td width=\"58\">9,0 mm<\/td>\n<td width=\"54\">33.5X<\/td>\n<td width=\"60\">6,7 mm<\/td>\n<\/tr>\n<tr>\n<td width=\"54\">112.5X<\/td>\n<td width=\"58\">2,0 mm<\/td>\n<td width=\"51\">56.3X<\/td>\n<td width=\"58\">4,0 mm<\/td>\n<td width=\"54\">168.8X<\/td>\n<td width=\"58\">1,3 mm<\/td>\n<td width=\"54\">225.0X<\/td>\n<td width=\"60\">1,0 mm<\/td>\n<\/tr>\n<tr>\n<td rowspan=\"2\" width=\"105\">30X\/8mm<\/td>\n<td width=\"54\">20.1X<\/td>\n<td width=\"58\">11,9 mm<\/td>\n<td width=\"51\">10.1X<\/td>\n<td width=\"58\">23,8 mm<\/td>\n<td width=\"54\">30.2X<\/td>\n<td width=\"58\">7,9 mm<\/td>\n<td width=\"54\">40.2X<\/td>\n<td width=\"60\">6,0 mm<\/td>\n<\/tr>\n<tr>\n<td width=\"54\">135.0X<\/td>\n<td width=\"58\">1,8 mm<\/td>\n<td width=\"51\">67.5X<\/td>\n<td width=\"58\">3,6 mm<\/td>\n<td width=\"54\">202.5X<\/td>\n<td width=\"58\">1,2 mm<\/td>\n<td width=\"54\">270.0X<\/td>\n<td width=\"60\">0,9 mm<\/td>\n<\/tr>\n<tr>\n<td width=\"105\">Vergr\u00f6\u00dferung<\/td>\n<td colspan=\"8\" width=\"447\">\u00a0 6,7X-45X, 3,4X-270X mit optionalen Okularen und Objektiven<\/td>\n<\/tr>\n<tr>\n<td width=\"105\">Okular<\/td>\n<td colspan=\"8\" width=\"447\">\u00a0 WF10X\/22mm mit hohem Augenabstand und gro\u00dfem Sehfeld; bequem f\u00fcr Brillentr\u00e4ger<\/td>\n<\/tr>\n<tr>\n<td width=\"105\">Optionales Okular<\/td>\n<td colspan=\"8\" width=\"447\">\u00a0 WF10X\/22mm, WF15X\/16mm, WF20X\/12mm, WF25X\/9mm, WF30X\/8mm<\/td>\n<\/tr>\n<tr>\n<td rowspan=\"2\" width=\"105\">Hauptteil<\/td>\n<td colspan=\"8\" width=\"447\">\u00a0 Binokularer Kopf, 45\u00b0 geneigt, 360\u00b0 drehbar, kann in jeder gew\u00fcnschten Position arretiert werden<\/td>\n<\/tr>\n<tr>\n<td colspan=\"8\" width=\"447\">\u00a0 Einstellung des Augenabstandes:54-75mm; Dioptrieneinstellung:\u00b15 Dioptrien<\/td>\n<\/tr>\n<tr>\n<td width=\"105\">Zielsetzung<\/td>\n<td colspan=\"8\" width=\"447\">\u00a0 0,67- bis 4,5-facher Stereo-Zoom; Zoomverh\u00e4ltnis: 6,7:1<\/td>\n<\/tr>\n<tr>\n<td width=\"105\">Aux-Objektiv<\/td>\n<td colspan=\"8\" width=\"447\">\u00a0 0,3X, 0,5X, 0,7X, 0,75X, 1,5X, 2X<\/td>\n<\/tr>\n<tr>\n<td width=\"105\">Fokussiereinrichtung<\/td>\n<td colspan=\"8\" width=\"447\">\u00a0 A1 Fokussierfassung mit vertikalem Arbeitsabstand 50mm<\/td>\n<\/tr>\n<tr>\n<td width=\"105\">Beleuchtung<\/td>\n<td colspan=\"8\" width=\"447\">\u00a0 Doppelte Schwanenhals-LED-Beleuchtung mit unabh\u00e4ngigen Schaltern und einstellbarer Intensit\u00e4t<\/td>\n<\/tr>\n<\/tbody>\n<\/table>\n<p>&nbsp;<\/p>\n<p>&nbsp;<\/p>","protected":false},"excerpt":{"rendered":"<p>Stereo Zoom Microscope is fully coated optical system with super high resolution. It is characterized by brand-new optical design, the best reproduction and true color image. It is ideally suited for industrial as well as for biological research where high precision, maximum working distance and large field coverage is required.<\/p>","protected":false},"featured_media":5036,"template":"","meta":{"site-sidebar-layout":"default","site-content-layout":"","ast-site-content-layout":"default","site-content-style":"default","site-sidebar-style":"default","ast-global-header-display":"","ast-banner-title-visibility":"","ast-main-header-display":"","ast-hfb-above-header-display":"","ast-hfb-below-header-display":"","ast-hfb-mobile-header-display":"","site-post-title":"","ast-breadcrumbs-content":"","ast-featured-img":"","footer-sml-layout":"","theme-transparent-header-meta":"default","adv-header-id-meta":"","stick-header-meta":"default","header-above-stick-meta":"","header-main-stick-meta":"","header-below-stick-meta":"","astra-migrate-meta-layouts":"set","ast-page-background-enabled":"default","ast-page-background-meta":{"desktop":{"background-color":"","background-image":"","background-repeat":"repeat","background-position":"center center","background-size":"auto","background-attachment":"scroll","background-type":"","background-media":"","overlay-type":"","overlay-color":"","overlay-opacity":"","overlay-gradient":""},"tablet":{"background-color":"","background-image":"","background-repeat":"repeat","background-position":"center center","background-size":"auto","background-attachment":"scroll","background-type":"","background-media":"","overlay-type":"","overlay-color":"","overlay-opacity":"","overlay-gradient":""},"mobile":{"background-color":"","background-image":"","background-repeat":"repeat","background-position":"center center","background-size":"auto","background-attachment":"scroll","background-type":"","background-media":"","overlay-type":"","overlay-color":"","overlay-opacity":"","overlay-gradient":""}},"ast-content-background-meta":{"desktop":{"background-color":"var(--ast-global-color-5)","background-image":"","background-repeat":"repeat","background-position":"center center","background-size":"auto","background-attachment":"scroll","background-type":"","background-media":"","overlay-type":"","overlay-color":"","overlay-opacity":"","overlay-gradient":""},"tablet":{"background-color":"var(--ast-global-color-5)","background-image":"","background-repeat":"repeat","background-position":"center center","background-size":"auto","background-attachment":"scroll","background-type":"","background-media":"","overlay-type":"","overlay-color":"","overlay-opacity":"","overlay-gradient":""},"mobile":{"background-color":"var(--ast-global-color-5)","background-image":"","background-repeat":"repeat","background-position":"center center","background-size":"auto","background-attachment":"scroll","background-type":"","background-media":"","overlay-type":"","overlay-color":"","overlay-opacity":"","overlay-gradient":""}}},"product_brand":[],"product_cat":[39],"product_tag":[57,64],"class_list":{"0":"post-5035","1":"product","2":"type-product","3":"status-publish","4":"has-post-thumbnail","6":"product_cat-stereo-microscope","7":"product_tag-metallurgical-microscope","8":"product_tag-stereo-microscope","9":"desktop-align-left","10":"tablet-align-left","11":"mobile-align-left","12":"ast-product-gallery-layout-horizontal-slider","13":"ast-product-gallery-with-no-image","14":"ast-product-tabs-layout-horizontal","16":"first","17":"instock","18":"taxable","19":"shipping-taxable","20":"product-type-simple"},"_links":{"self":[{"href":"https:\/\/kiraoptical.com\/de\/wp-json\/wp\/v2\/product\/5035","targetHints":{"allow":["GET"]}}],"collection":[{"href":"https:\/\/kiraoptical.com\/de\/wp-json\/wp\/v2\/product"}],"about":[{"href":"https:\/\/kiraoptical.com\/de\/wp-json\/wp\/v2\/types\/product"}],"version-history":[{"count":0,"href":"https:\/\/kiraoptical.com\/de\/wp-json\/wp\/v2\/product\/5035\/revisions"}],"wp:featuredmedia":[{"embeddable":true,"href":"https:\/\/kiraoptical.com\/de\/wp-json\/wp\/v2\/media\/5036"}],"wp:attachment":[{"href":"https:\/\/kiraoptical.com\/de\/wp-json\/wp\/v2\/media?parent=5035"}],"wp:term":[{"taxonomy":"product_brand","embeddable":true,"href":"https:\/\/kiraoptical.com\/de\/wp-json\/wp\/v2\/product_brand?post=5035"},{"taxonomy":"product_cat","embeddable":true,"href":"https:\/\/kiraoptical.com\/de\/wp-json\/wp\/v2\/product_cat?post=5035"},{"taxonomy":"product_tag","embeddable":true,"href":"https:\/\/kiraoptical.com\/de\/wp-json\/wp\/v2\/product_tag?post=5035"}],"curies":[{"name":"wp","href":"https:\/\/api.w.org\/{rel}","templated":true}]}}