{"id":5047,"date":"2025-01-16T08:46:33","date_gmt":"2025-01-16T08:46:33","guid":{"rendered":"https:\/\/kiraoptical.com\/?post_type=product&#038;p=5047"},"modified":"2025-03-20T03:01:37","modified_gmt":"2025-03-20T03:01:37","slug":"4k-60fps-industrial-camera-high-speed-microscopy","status":"publish","type":"product","link":"https:\/\/kiraoptical.com\/de\/produkt\/4k-60fps-industrial-camera-high-speed-microscopy\/","title":{"rendered":"4K 60 Frame HD Hochgeschwindigkeits-Industriekamera f\u00fcr pr\u00e4zise Inspektion | Industriekamera f\u00fcr Mikroskopie"},"content":{"rendered":"<p>Diese <strong>4K 60 Frame HD Hochgeschwindigkeits-Industriekamera<\/strong> ist f\u00fcr hochaufl\u00f6sende, pr\u00e4zise industrielle Inspektion und Mikroskopie konzipiert. Ausgestattet mit einem <strong>Sony CMOS-Sensor<\/strong> mit 8,42 Megapixeln bietet die Kamera <strong>3840 x 2160 bei 60fps HDMI-Ausgang<\/strong> f\u00fcr kristallklare Bilder. Mit vielseitigen Funktionen wie <strong>Belichtung auf Knopfdruck<\/strong>, <strong>automatischer Wei\u00dfabgleich<\/strong>und <strong>Unterst\u00fctzung f\u00fcr USB-Speicher<\/strong>ist diese Industriekamera perfekt f\u00fcr Echtzeitanwendungen geeignet. Das fortschrittliche System der Kamera <strong>Messsystem<\/strong> umfasst verschiedene Werkzeuge wie Punktabst\u00e4nde, konzentrische Kreise und Winkelmessungen und ist damit ideal f\u00fcr pr\u00e4zise industrielle Messungen und Analysen.<\/p>\n<table>\n<thead>\n<tr>\n<th><strong>Merkmal<\/strong><\/th>\n<th><strong>Beschreibung<\/strong><\/th>\n<\/tr>\n<\/thead>\n<tbody>\n<tr>\n<td><strong>Produktname<\/strong><\/td>\n<td>4K 60 Frame HD Hochgeschwindigkeits-Industriekamera<\/td>\n<\/tr>\n<tr>\n<td><strong>Sensor<\/strong><\/td>\n<td>1 \/ 1,8 Zoll 8,42 Megapixel Sony CMOS Sensor<\/td>\n<\/tr>\n<tr>\n<td><strong>Pixel Gr\u00f6\u00dfe<\/strong><\/td>\n<td>2,0\u00b5m x 2,0\u00b5m<\/td>\n<\/tr>\n<tr>\n<td><strong>USB-Schnittstelle<\/strong><\/td>\n<td>USB 2.0 x 2 (Maus, USB-Flash-Disk)<\/td>\n<\/tr>\n<tr>\n<td><strong>HDMI-Ausgang<\/strong><\/td>\n<td>3840 x 2160 @ 60fps \/ 1920 x 1080 @ 60fps<\/td>\n<\/tr>\n<tr>\n<td><strong>Objektiv-Schnittstelle<\/strong><\/td>\n<td>C Schnittstelle<\/td>\n<\/tr>\n<tr>\n<td><strong>Exposition<\/strong><\/td>\n<td>One-Touch-Belichtung \/ Automatische Belichtung<\/td>\n<\/tr>\n<tr>\n<td><strong>Wei\u00dfabgleich<\/strong><\/td>\n<td>Wei\u00dfabgleich mit einer Taste \/ Automatischer Wei\u00dfabgleich<\/td>\n<\/tr>\n<tr>\n<td><strong>Lagerung<\/strong><\/td>\n<td>Unterst\u00fctzt USB-Flash-Disk-Speicher<\/td>\n<\/tr>\n<tr>\n<td><strong>Hilfsfunktion<\/strong><\/td>\n<td>Unterst\u00fctzt: Linienbreitenmessung, Schriftartmessung, Elementfarbe, Schriftfarbe, Kalibrierungsfarbe, etc.<\/td>\n<\/tr>\n<tr>\n<td><strong>Messsystem<\/strong><\/td>\n<td>Neues Messsystem: Punktabstand, Rechteck, konzentrischer Kreis, Polygon, Dreipunktkreis, etc.<\/td>\n<\/tr>\n<tr>\n<td><strong>Eingangsspannung<\/strong><\/td>\n<td>DC 5V-12V<\/td>\n<\/tr>\n<tr>\n<td><strong>Schreiber Funktion<\/strong><\/td>\n<td>Unterst\u00fctzt 8 gerade Linien, einstellbare Farbe und Position<\/td>\n<\/tr>\n<tr>\n<td><strong>Bildfunktionen<\/strong><\/td>\n<td>Unterst\u00fctzt Horizontal Flip \/ Vertical Flip<\/td>\n<\/tr>\n<tr>\n<td><strong>Men\u00fcsprache<\/strong><\/td>\n<td>Englisch \/ Chinesisch \/ Traditionell<\/td>\n<\/tr>\n<tr>\n<td><strong>Anmeldung<\/strong><\/td>\n<td>Ideal f\u00fcr industrielle Inspektion, Mikroskopie, Pr\u00e4zisionsmessungen und Echtzeit-Hochgeschwindigkeits-Bildgebung<\/td>\n<\/tr>\n<tr>\n<td><strong>Zentrale Schl\u00fcsselw\u00f6rter<\/strong><\/td>\n<td>Industriekamera, Hochgeschwindigkeits-Industriekamera, HDMI-Industriekamera, 4K-Industriekamera<\/td>\n<\/tr>\n<\/tbody>\n<\/table>\n<figure id=\"attachment_5049\" aria-describedby=\"caption-attachment-5049\" style=\"width: 1000px\" class=\"wp-caption aligncenter\"><img fetchpriority=\"high\" decoding=\"async\" class=\"size-full wp-image-5049\" src=\"https:\/\/kiraoptical.com\/wp-content\/uploads\/2025\/01\/H5608.jpg\" alt=\"4K 60fps Industrial Camera for Precise Inspection and Microscopy\" width=\"1000\" height=\"667\" srcset=\"https:\/\/kiraoptical.com\/wp-content\/uploads\/2025\/01\/H5608.jpg 1000w, https:\/\/kiraoptical.com\/wp-content\/uploads\/2025\/01\/H5608-300x200.jpg 300w, https:\/\/kiraoptical.com\/wp-content\/uploads\/2025\/01\/H5608-768x512.jpg 768w, https:\/\/kiraoptical.com\/wp-content\/uploads\/2025\/01\/H5608-18x12.jpg 18w, https:\/\/kiraoptical.com\/wp-content\/uploads\/2025\/01\/H5608-600x400.jpg 600w\" sizes=\"(max-width: 1000px) 100vw, 1000px\" \/><figcaption id=\"caption-attachment-5049\" class=\"wp-caption-text\">4K 60fps Industriekamera f\u00fcr pr\u00e4zise Inspektion und Mikroskopie<\/figcaption><\/figure>","protected":false},"excerpt":{"rendered":"<p>Entdecken Sie die 4K 60fps Industriekamera f\u00fcr Hochgeschwindigkeitsanwendungen. Perfekt f\u00fcr Mikroskopie, industrielle Inspektion und Echtzeit-Bildgebung mit hochaufl\u00f6sendem HDMI-Ausgang<\/p>","protected":false},"featured_media":5049,"template":"","meta":{"site-sidebar-layout":"default","site-content-layout":"","ast-site-content-layout":"default","site-content-style":"default","site-sidebar-style":"default","ast-global-header-display":"","ast-banner-title-visibility":"","ast-main-header-display":"","ast-hfb-above-header-display":"","ast-hfb-below-header-display":"","ast-hfb-mobile-header-display":"","site-post-title":"","ast-breadcrumbs-content":"","ast-featured-img":"","footer-sml-layout":"","theme-transparent-header-meta":"default","adv-header-id-meta":"","stick-header-meta":"default","header-above-stick-meta":"","header-main-stick-meta":"","header-below-stick-meta":"","astra-migrate-meta-layouts":"set","ast-page-background-enabled":"default","ast-page-background-meta":{"desktop":{"background-color":"","background-image":"","background-repeat":"repeat","background-position":"center center","background-size":"auto","background-attachment":"scroll","background-type":"","background-media":"","overlay-type":"","overlay-color":"","overlay-opacity":"","overlay-gradient":""},"tablet":{"background-color":"","background-image":"","background-repeat":"repeat","background-position":"center center","background-size":"auto","background-attachment":"scroll","background-type":"","background-media":"","overlay-type":"","overlay-color":"","overlay-opacity":"","overlay-gradient":""},"mobile":{"background-color":"","background-image":"","background-repeat":"repeat","background-position":"center center","background-size":"auto","background-attachment":"scroll","background-type":"","background-media":"","overlay-type":"","overlay-color":"","overlay-opacity":"","overlay-gradient":""}},"ast-content-background-meta":{"desktop":{"background-color":"var(--ast-global-color-5)","background-image":"","background-repeat":"repeat","background-position":"center center","background-size":"auto","background-attachment":"scroll","background-type":"","background-media":"","overlay-type":"","overlay-color":"","overlay-opacity":"","overlay-gradient":""},"tablet":{"background-color":"var(--ast-global-color-5)","background-image":"","background-repeat":"repeat","background-position":"center center","background-size":"auto","background-attachment":"scroll","background-type":"","background-media":"","overlay-type":"","overlay-color":"","overlay-opacity":"","overlay-gradient":""},"mobile":{"background-color":"var(--ast-global-color-5)","background-image":"","background-repeat":"repeat","background-position":"center center","background-size":"auto","background-attachment":"scroll","background-type":"","background-media":"","overlay-type":"","overlay-color":"","overlay-opacity":"","overlay-gradient":""}}},"product_brand":[],"product_cat":[41],"product_tag":[],"class_list":{"0":"post-5047","1":"product","2":"type-product","3":"status-publish","4":"has-post-thumbnail","6":"product_cat-camera","7":"desktop-align-left","8":"tablet-align-left","9":"mobile-align-left","10":"ast-product-gallery-layout-horizontal-slider","11":"ast-product-gallery-with-no-image","12":"ast-product-tabs-layout-horizontal","14":"first","15":"instock","16":"taxable","17":"shipping-taxable","18":"product-type-simple"},"_links":{"self":[{"href":"https:\/\/kiraoptical.com\/de\/wp-json\/wp\/v2\/product\/5047","targetHints":{"allow":["GET"]}}],"collection":[{"href":"https:\/\/kiraoptical.com\/de\/wp-json\/wp\/v2\/product"}],"about":[{"href":"https:\/\/kiraoptical.com\/de\/wp-json\/wp\/v2\/types\/product"}],"version-history":[{"count":0,"href":"https:\/\/kiraoptical.com\/de\/wp-json\/wp\/v2\/product\/5047\/revisions"}],"wp:featuredmedia":[{"embeddable":true,"href":"https:\/\/kiraoptical.com\/de\/wp-json\/wp\/v2\/media\/5049"}],"wp:attachment":[{"href":"https:\/\/kiraoptical.com\/de\/wp-json\/wp\/v2\/media?parent=5047"}],"wp:term":[{"taxonomy":"product_brand","embeddable":true,"href":"https:\/\/kiraoptical.com\/de\/wp-json\/wp\/v2\/product_brand?post=5047"},{"taxonomy":"product_cat","embeddable":true,"href":"https:\/\/kiraoptical.com\/de\/wp-json\/wp\/v2\/product_cat?post=5047"},{"taxonomy":"product_tag","embeddable":true,"href":"https:\/\/kiraoptical.com\/de\/wp-json\/wp\/v2\/product_tag?post=5047"}],"curies":[{"name":"wp","href":"https:\/\/api.w.org\/{rel}","templated":true}]}}