{"id":5070,"date":"2025-02-19T06:11:28","date_gmt":"2025-02-19T06:11:28","guid":{"rendered":"https:\/\/kiraoptical.com\/?post_type=product&#038;p=5070"},"modified":"2025-09-17T05:30:25","modified_gmt":"2025-09-17T05:30:25","slug":"science-research-level-microscope","status":"publish","type":"product","link":"https:\/\/kiraoptical.com\/de\/produkt\/science-research-level-microscope\/","title":{"rendered":"Mikroskop f\u00fcr die wissenschaftliche Forschung: Fortschrittliche optische Technologie f\u00fcr die Pr\u00e4zisionsbildgebung in Forschung und Industrie"},"content":{"rendered":"<h2 data-start=\"68\" data-end=\"168\"><strong data-start=\"88\" data-end=\"168\">YS-FI Mikroskop f\u00fcr die wissenschaftliche Forschung: Fortschrittliche optische Technologie f\u00fcr Pr\u00e4zisionsbildgebung in Forschung und Industrie<\/strong><\/h2>\n<p>&nbsp;<\/p>\n<h4 data-start=\"669\" data-end=\"704\"><strong data-start=\"674\" data-end=\"704\">Hauptmerkmale und Vorteile<\/strong><\/h4>\n<ul data-start=\"708\" data-end=\"3457\">\n<li data-start=\"708\" data-end=\"1027\"><strong data-start=\"710\" data-end=\"728\">Optisches System<\/strong>:\n<ul data-start=\"735\" data-end=\"1027\">\n<li data-start=\"735\" data-end=\"1027\"><strong data-start=\"737\" data-end=\"809\">ECGO Infinity Optisches System zur Korrektur der chromatischen Aberration in zwei Richtungen<\/strong>:\n<ul data-start=\"819\" data-end=\"1027\">\n<li data-start=\"819\" data-end=\"935\">Sorgt f\u00fcr eine hochaufl\u00f6sende Bildgebung durch Eliminierung chromatischer Aberration und liefert klare und pr\u00e4zise Ansichten von Proben.<\/li>\n<li data-start=\"943\" data-end=\"1027\">Parfokaler Abstand von 60 mm f\u00fcr gleichm\u00e4\u00dfige Fokussierung bei verschiedenen Vergr\u00f6\u00dferungen.<\/li>\n<\/ul>\n<\/li>\n<\/ul>\n<\/li>\n<li data-start=\"1031\" data-end=\"1306\"><strong data-start=\"1033\" data-end=\"1051\">Struktur des K\u00f6rpers<\/strong>:\n<ul data-start=\"1058\" data-end=\"1306\">\n<li data-start=\"1058\" data-end=\"1306\"><strong data-start=\"1060\" data-end=\"1101\">Einteilige Konstruktion aus Aluminiumlegierung<\/strong>:\n<ul data-start=\"1111\" data-end=\"1306\">\n<li data-start=\"1111\" data-end=\"1173\">Leicht und dennoch langlebig, f\u00fcr dauerhafte Zuverl\u00e4ssigkeit.<\/li>\n<li data-start=\"1181\" data-end=\"1306\">Die antibakterielle Nano-Silberionen-Beschichtung auf der Oberfl\u00e4che hemmt das Wachstum von Mikroorganismen und sorgt so f\u00fcr einen sauberen, hygienischen Arbeitsbereich.<\/li>\n<\/ul>\n<\/li>\n<\/ul>\n<\/li>\n<li data-start=\"1310\" data-end=\"1777\"><strong data-start=\"1312\" data-end=\"1344\">Intelligente Kontrollfunktionen<\/strong>:\n<ul data-start=\"1351\" data-end=\"1777\">\n<li data-start=\"1351\" data-end=\"1575\"><strong data-start=\"1353\" data-end=\"1391\">USB-Steuerung und Software-Integration<\/strong>:\n<ul data-start=\"1401\" data-end=\"1575\">\n<li data-start=\"1401\" data-end=\"1453\">Unterst\u00fctzt den USB-Steuerausgang f\u00fcr eine einfache Bedienung.<\/li>\n<li data-start=\"1461\" data-end=\"1575\">Die Software kann automatisch die Vergr\u00f6\u00dferung erkennen und den Ma\u00dfstab wechseln, was den Arbeitsablauf f\u00fcr die Forscher vereinfacht.<\/li>\n<\/ul>\n<\/li>\n<li data-start=\"1581\" data-end=\"1777\"><strong data-start=\"1583\" data-end=\"1609\">ECO-Energiesparmodus<\/strong>:\n<ul data-start=\"1618\" data-end=\"1777\">\n<li data-start=\"1618\" data-end=\"1777\">Die integrierten Energiesparfunktionen, einschlie\u00dflich der automatischen Helligkeitssteuerung, reduzieren den Energieverbrauch und sorgen gleichzeitig f\u00fcr eine optimale Beleuchtung bei Experimenten.<\/li>\n<\/ul>\n<\/li>\n<\/ul>\n<\/li>\n<li data-start=\"1781\" data-end=\"2165\"><strong data-start=\"1783\" data-end=\"1806\">Beleuchtungssystem<\/strong>:\n<ul data-start=\"1813\" data-end=\"2165\">\n<li data-start=\"1813\" data-end=\"2165\"><strong data-start=\"1815\" data-end=\"1860\">SUPERMLED\u2122 LED-Tageslicht-Beleuchtung<\/strong>:\n<ul data-start=\"1869\" data-end=\"2165\">\n<li data-start=\"1869\" data-end=\"1970\">Die 18-W-LED entspricht einer 150-W-Halogenbirne und liefert helles, gleichm\u00e4\u00dfiges Licht f\u00fcr klare Sicht.<\/li>\n<li data-start=\"1978\" data-end=\"2085\">Die Lebensdauer der Lichtquelle von 60.000 Stunden und die konstante Farbtemperatur von 4500 K gew\u00e4hrleisten eine zuverl\u00e4ssige Leistung \u00fcber lange Zeit.<\/li>\n<li data-start=\"2093\" data-end=\"2165\">Unterst\u00fctzt die Installation von 45-mm-Filtern f\u00fcr zus\u00e4tzliche Beleuchtungsflexibilit\u00e4t.<\/li>\n<\/ul>\n<\/li>\n<\/ul>\n<\/li>\n<li data-start=\"2169\" data-end=\"2526\"><strong data-start=\"2171\" data-end=\"2190\">Fokussierungssystem<\/strong>:\n<ul data-start=\"2197\" data-end=\"2526\">\n<li data-start=\"2197\" data-end=\"2526\"><strong data-start=\"2199\" data-end=\"2229\">Grob- und Feineinstellung<\/strong>:\n<ul data-start=\"2239\" data-end=\"2526\">\n<li data-start=\"2239\" data-end=\"2365\">Sowohl die linke als auch die rechte Hand k\u00f6nnen Grob- und Feineinstellungen synchron steuern, mit einer Feinabstimmung von bis zu 1 \u03bcm.<\/li>\n<li data-start=\"2373\" data-end=\"2526\"><strong data-start=\"2375\" data-end=\"2405\">Leistungsunterst\u00fctzte Feinabstimmung<\/strong> mit einem maximalen Hub von 25 mm, der einen reibungslosen Betrieb mit einem eingebauten H\u00f6henbegrenzer gegen Kollisionen f\u00fcr zus\u00e4tzliche Sicherheit gew\u00e4hrleistet.<\/li>\n<\/ul>\n<\/li>\n<\/ul>\n<\/li>\n<li data-start=\"2530\" data-end=\"2792\"><strong data-start=\"2532\" data-end=\"2548\">Probephase<\/strong>:\n<ul data-start=\"2555\" data-end=\"2792\">\n<li data-start=\"2555\" data-end=\"2792\"><strong data-start=\"2557\" data-end=\"2603\">Mechanischer Zweischicht-Tisch mit niedriger Position<\/strong>:\n<ul data-start=\"2612\" data-end=\"2792\">\n<li data-start=\"2612\" data-end=\"2724\">Der verschlei\u00dffeste, keramikbeschichtete Tisch ist f\u00fcr reibungslose, pr\u00e4zise Bewegungen mit einem Hub von 76 mm x 55 mm ausgelegt.<\/li>\n<li data-start=\"2732\" data-end=\"2792\">Die voreingestellte Stahldrahtspannung gew\u00e4hrleistet eine einfache und erm\u00fcdungsfreie Handhabung.<\/li>\n<\/ul>\n<\/li>\n<\/ul>\n<\/li>\n<li data-start=\"2796\" data-end=\"3058\"><strong data-start=\"2798\" data-end=\"2821\">Fluoreszenzger\u00e4t<\/strong>:\n<ul data-start=\"2828\" data-end=\"3058\">\n<li data-start=\"2828\" data-end=\"3058\"><strong data-start=\"2830\" data-end=\"2871\">Rotierende LED-Fluoreszenz-Beleuchtung<\/strong>:\n<ul data-start=\"2880\" data-end=\"3058\">\n<li data-start=\"2880\" data-end=\"2922\">Wartungsfrei f\u00fcr bis zu 60.000 Stunden.<\/li>\n<li data-start=\"2930\" data-end=\"3058\">Kompatibel mit konventionellen Farbstoffanregungsbl\u00f6cken wie DAPI, FITC, TRITC und TxRed, wodurch es ideal f\u00fcr die Fluoreszenzbildgebung ist.<\/li>\n<\/ul>\n<\/li>\n<\/ul>\n<\/li>\n<li data-start=\"3062\" data-end=\"3457\"><strong data-start=\"3064\" data-end=\"3087\">Kamera und Software<\/strong>:\n<ul data-start=\"3094\" data-end=\"3457\">\n<li data-start=\"3094\" data-end=\"3250\"><strong data-start=\"3096\" data-end=\"3125\">6,3 Megapixel CMOS-Kamera<\/strong>:\n<ul data-start=\"3134\" data-end=\"3250\">\n<li data-start=\"3134\" data-end=\"3250\">Hochleistungskamera mit 3 Jahren Garantie, die eine kristallklare Bildgebung f\u00fcr alle Ihre Probenanalyseanforderungen gew\u00e4hrleistet.<\/li>\n<\/ul>\n<\/li>\n<li data-start=\"3256\" data-end=\"3457\"><strong data-start=\"3258\" data-end=\"3289\">Mikroskop-Steuerungssoftware<\/strong>:\n<ul data-start=\"3299\" data-end=\"3457\">\n<li data-start=\"3299\" data-end=\"3457\">Vollst\u00e4ndig integrierte Software, die die automatische Erkennung der Vergr\u00f6\u00dferung unterst\u00fctzt und die Parameter auf der Grundlage der Zielvorgaben anpasst, was die Benutzererfahrung vereinfacht.<\/li>\n<\/ul>\n<\/li>\n<\/ul>\n<\/li>\n<\/ul>\n<h4 data-start=\"3459\" data-end=\"3495\"><strong data-start=\"3464\" data-end=\"3495\">3. Technische Daten<\/strong><\/h4>\n<ul data-start=\"3499\" data-end=\"4144\">\n<li data-start=\"3499\" data-end=\"3609\"><strong data-start=\"3501\" data-end=\"3519\">Optisches System<\/strong>:\n<ul data-start=\"3527\" data-end=\"3609\">\n<li data-start=\"3527\" data-end=\"3609\">Unendliche Zwei-Wege-Korrektur der chromatischen Aberration mit einem parfokalen Abstand von 60 mm.<\/li>\n<\/ul>\n<\/li>\n<li data-start=\"3613\" data-end=\"3710\"><strong data-start=\"3615\" data-end=\"3631\">Beleuchtung<\/strong>:\n<ul data-start=\"3639\" data-end=\"3710\">\n<li data-start=\"3639\" data-end=\"3710\">18W LED, gleichwertig mit 150W Halogenlicht mit einstellbarer Helligkeit.<\/li>\n<\/ul>\n<\/li>\n<li data-start=\"3714\" data-end=\"3819\"><strong data-start=\"3716\" data-end=\"3732\">Fokus-System<\/strong>:\n<ul data-start=\"3740\" data-end=\"3819\">\n<li data-start=\"3740\" data-end=\"3819\">Synchrone Grob- und Feineinstellung mit einer Feinabstimmungsgenauigkeit von bis zu 1 \u03bcm.<\/li>\n<\/ul>\n<\/li>\n<li data-start=\"3823\" data-end=\"3933\"><strong data-start=\"3825\" data-end=\"3834\">B\u00fchne<\/strong>:\n<ul data-start=\"3842\" data-end=\"3933\">\n<li data-start=\"3842\" data-end=\"3933\">Zweischicht-Tisch mit niedriger Positionierung, 76 mm x 55 mm Hub mit pr\u00e4ziser Stahldraht\u00fcbertragung.<\/li>\n<\/ul>\n<\/li>\n<li data-start=\"3937\" data-end=\"4031\"><strong data-start=\"3939\" data-end=\"3959\">Objektivlinsen<\/strong>:\n<ul data-start=\"3967\" data-end=\"4031\">\n<li data-start=\"3967\" data-end=\"4031\">Unterst\u00fctzt mehrere Objektive (Standard, hier nicht aufgef\u00fchrt).<\/li>\n<\/ul>\n<\/li>\n<li data-start=\"4035\" data-end=\"4144\"><strong data-start=\"4037\" data-end=\"4047\">Kamera<\/strong>:\n<ul data-start=\"4055\" data-end=\"4144\">\n<li data-start=\"4055\" data-end=\"4144\">6,3 MP CMOS-Kamera, softwaregesteuerte Vergr\u00f6\u00dferung und automatisches Laden der Parameter.<\/li>\n<\/ul>\n<\/li>\n<\/ul>\n<h4 data-start=\"4146\" data-end=\"4170\"><strong data-start=\"4151\" data-end=\"4170\">4. Anwendungen<\/strong><\/h4>\n<ul data-start=\"4174\" data-end=\"4676\">\n<li data-start=\"4174\" data-end=\"4359\"><strong data-start=\"4176\" data-end=\"4201\">Forschung und Wissenschaft<\/strong>:\n<ul data-start=\"4209\" data-end=\"4359\">\n<li data-start=\"4209\" data-end=\"4359\">Aufgrund seiner hochaufl\u00f6senden Bildgebungsf\u00e4higkeiten und Fluoreszenzkompatibilit\u00e4t ist es ideal f\u00fcr die Forschung in den Bereichen Materialwissenschaft, Biologie und Nanotechnologie.<\/li>\n<\/ul>\n<\/li>\n<li data-start=\"4363\" data-end=\"4522\"><strong data-start=\"4365\" data-end=\"4398\">Medizinische und klinische Forschung<\/strong>:\n<ul data-start=\"4406\" data-end=\"4522\">\n<li data-start=\"4406\" data-end=\"4522\">F\u00fcr die fortgeschrittene Analyse biologischer Proben, einschlie\u00dflich Zellkulturen, Gewebe und molekularbiologische Studien.<\/li>\n<\/ul>\n<\/li>\n<li data-start=\"4526\" data-end=\"4676\"><strong data-start=\"4528\" data-end=\"4558\">Industrielle Qualit\u00e4tskontrolle<\/strong>:\n<ul data-start=\"4566\" data-end=\"4676\">\n<li data-start=\"4566\" data-end=\"4676\">Geeignet f\u00fcr die Inspektion von Materialien und Produkten, insbesondere in der Metallurgie und der materialwissenschaftlichen Industrie.<\/li>\n<\/ul>\n<\/li>\n<\/ul>\n<h4 data-start=\"4678\" data-end=\"4705\"><strong data-start=\"4683\" data-end=\"4705\">5. Benutzererfahrung<\/strong><\/h4>\n<ul data-start=\"4709\" data-end=\"5037\">\n<li data-start=\"4709\" data-end=\"4849\"><strong data-start=\"4711\" data-end=\"4726\">Benutzerfreundlichkeit<\/strong>:\n<ul data-start=\"4733\" data-end=\"4849\">\n<li data-start=\"4733\" data-end=\"4849\">Schnelle Einrichtung und intuitive Steuerung f\u00fcr Forscher, so dass komplexe Aufgaben mit minimalem Schulungsaufwand durchgef\u00fchrt werden k\u00f6nnen.<\/li>\n<\/ul>\n<\/li>\n<li data-start=\"4853\" data-end=\"5037\"><strong data-start=\"4855\" data-end=\"4885\">Intelligente Software-Integration<\/strong>:\n<ul data-start=\"4893\" data-end=\"5037\">\n<li data-start=\"4893\" data-end=\"5037\">Integration mit PC-Kamerasoftware zur automatischen Objektiverkennung und -skalierung, zur Rationalisierung von Arbeitsabl\u00e4ufen und zur Verbesserung der Forschungseffizienz.<\/li>\n<\/ul>\n<\/li>\n<\/ul>\n<h4 data-start=\"5039\" data-end=\"5076\"><strong data-start=\"5044\" data-end=\"5076\">6. Wartung und Langlebigkeit<\/strong><\/h4>\n<ul data-start=\"5080\" data-end=\"5373\">\n<li data-start=\"5080\" data-end=\"5223\"><strong data-start=\"5082\" data-end=\"5099\">Gebaut f\u00fcr die Ewigkeit<\/strong>:\n<ul data-start=\"5106\" data-end=\"5223\">\n<li data-start=\"5106\" data-end=\"5223\">Die hochwertige Konstruktion aus einer Aluminiumlegierung und das langlebige LED-Beleuchtungssystem gew\u00e4hrleisten langfristige Zuverl\u00e4ssigkeit.<\/li>\n<\/ul>\n<\/li>\n<li data-start=\"5227\" data-end=\"5373\"><strong data-start=\"5229\" data-end=\"5248\">Geringe Wartung<\/strong>:\n<ul data-start=\"5255\" data-end=\"5373\">\n<li data-start=\"5255\" data-end=\"5373\">Antibakterielle und Anti-Schimmel-Behandlungen f\u00fcr alle optischen Komponenten tragen dazu bei, den Reinigungsaufwand zu verringern und die Langlebigkeit zu erh\u00f6hen.<\/li>\n<\/ul>\n<\/li>\n<\/ul>\n<h4 data-start=\"5375\" data-end=\"5420\"><strong data-start=\"5380\" data-end=\"5420\">7. Vorteile f\u00fcr Umwelt und Gesundheit<\/strong><\/h4>\n<ul data-start=\"5424\" data-end=\"5731\">\n<li data-start=\"5424\" data-end=\"5585\"><strong data-start=\"5426\" data-end=\"5442\">Umweltfreundlich<\/strong>:\n<ul data-start=\"5449\" data-end=\"5585\">\n<li data-start=\"5449\" data-end=\"5585\">Bleifreies Glas und die Einhaltung der RoHS-Umweltrichtlinien gew\u00e4hrleisten, dass das Mikroskop sowohl f\u00fcr den Benutzer als auch f\u00fcr die Umwelt sicher ist.<\/li>\n<\/ul>\n<\/li>\n<li data-start=\"5589\" data-end=\"5731\"><strong data-start=\"5591\" data-end=\"5612\">Gesundheit und Sicherheit<\/strong>:\n<ul data-start=\"5620\" data-end=\"5731\">\n<li data-start=\"5620\" data-end=\"5731\">Die antibakterielle Beschichtung und das intelligente Design reduzieren die Exposition gegen\u00fcber sch\u00e4dlichen Mikroorganismen und sorgen so f\u00fcr einen sichereren Arbeitsplatz.<\/li>\n<\/ul>\n<\/li>\n<\/ul>\n<table>\n<tbody>\n<tr>\n<td width=\"95\"><strong>Typ<\/strong><\/td>\n<td width=\"340\">Fi<\/td>\n<td rowspan=\"3\" width=\"236\">\n<p><figure id=\"attachment_5071\" aria-describedby=\"caption-attachment-5071\" style=\"width: 304px\" class=\"wp-caption alignnone\"><img fetchpriority=\"high\" decoding=\"async\" class=\"size-full wp-image-5071\" src=\"https:\/\/kiraoptical.com\/wp-content\/uploads\/2025\/02\/Science-Research-Level-Microscope.jpg\" alt=\"Science Research Level Microscope\" width=\"304\" height=\"304\" srcset=\"https:\/\/kiraoptical.com\/wp-content\/uploads\/2025\/02\/Science-Research-Level-Microscope.jpg 304w, https:\/\/kiraoptical.com\/wp-content\/uploads\/2025\/02\/Science-Research-Level-Microscope-300x300.jpg 300w, https:\/\/kiraoptical.com\/wp-content\/uploads\/2025\/02\/Science-Research-Level-Microscope-100x100.jpg 100w, https:\/\/kiraoptical.com\/wp-content\/uploads\/2025\/02\/Science-Research-Level-Microscope-150x150.jpg 150w, https:\/\/kiraoptical.com\/wp-content\/uploads\/2025\/02\/Science-Research-Level-Microscope-12x12.jpg 12w\" sizes=\"(max-width: 304px) 100vw, 304px\" \/><figcaption id=\"caption-attachment-5071\" class=\"wp-caption-text\">Wissenschaft Forschung Level Mikroskop<\/figcaption><\/figure><\/td>\n<\/tr>\n<tr>\n<td width=\"95\"><strong>Optisches System<\/strong><\/td>\n<td width=\"340\">Optisches System zur Korrektur der chromatischen Aberration ECGO infinity, parfokale Entfernung 60 mm<\/td>\n<\/tr>\n<tr>\n<td width=\"95\"><strong>Aufbau des K\u00f6rpers<\/strong><\/td>\n<td width=\"340\">Das stromlinienf\u00f6rmige Ganzmetallgeh\u00e4use besteht aus einer hochwertigen Aluminiumlegierung, die einmalig geformt wird, und die Oberfl\u00e4che ist mit einer antibakteriellen Nano-Silberionen-Beschichtung versehen, die die Vermehrung und Verbreitung von Kontaktmikroorganismen wirksam verhindert.<\/p>\n<p>&nbsp;<\/p>\n<p>90~230V Weitspannungsnetzteil, die gesamte Maschine hat einen USB-Steuerausgang, das Panel unterst\u00fctzt ECO-Energiespar- und Helligkeitsfolgefunktionen (LIM-Lichtintensit\u00e4tsmanagement), unterst\u00fctzt stufenlose Helligkeitseinstellung, unterst\u00fctzt duale Beleuchtungsstromversorgung, unterst\u00fctzt sekund\u00e4ren Ber\u00fchrungsschalter, unterst\u00fctzt Computererkennung der Objektivlochposition, Software schaltet automatisch die Skala um und l\u00e4dt automatisch voreingestellte Parameter.<\/td>\n<\/tr>\n<tr>\n<td width=\"95\"><strong>Beleuchtungssystem<\/strong><\/td>\n<td colspan=\"2\" width=\"576\">Built-in SUPERMLEDTM Tageslicht-Typ simuliert Sonnenlicht LED-Beleuchtungssystem, 18W Ausgangshelligkeit entspricht 150W Halogenlampe; konstante Farbtemperatur von 4500K, Lichtquelle Leben von nicht weniger als 60.000 Stunden; warmes wei\u00dfes Licht Beleuchtung, die Lichtauslass unterst\u00fctzt die Installation von 45mm Filter.<\/td>\n<\/tr>\n<tr>\n<td width=\"95\"><strong>Fokussierungssystem<\/strong><\/td>\n<td colspan=\"2\" width=\"576\">Sowohl die linke als auch die rechte Hand k\u00f6nnen die Grob- und Feineinstellung synchron vornehmen. Die kraftunterst\u00fctzte Feineinstellung hat eine minimale Schrittgenauigkeit von bis zu 1 \u03bcm und einen maximalen Hub von 25 mm. Sie verf\u00fcgt \u00fcber eine Spannungseinstellung und eine kollisionssichere H\u00f6henbegrenzung. Der magnetische Feineinstellknopf ist zwischen der linken und der rechten Hand austauschbar.<\/td>\n<\/tr>\n<tr>\n<td width=\"95\"><strong>Probephase<\/strong><\/td>\n<td colspan=\"2\" width=\"576\">Der rechte mechanische Zweischicht-Tisch mit niedriger Position hat eine verschlei\u00dffeste keramikbeschichtete Tischplatte und eine \u00dcbertragungsstruktur aus legiertem Stahldraht. Er hat keine freiliegende Zahnstange und einen Bewegungshub von 76 mm \u00d7 55 mm. Er verf\u00fcgt \u00fcber eine voreingestellte Stahldrahtspannung, ein angenehmes Tastgef\u00fchl und eine genaue Positionierung ohne Verklemmen oder R\u00fcckprall. Die Hand muss den Tisch nicht verlassen, wenn das Handrad in der unteren Position bet\u00e4tigt wird, so dass keine Erm\u00fcdung auftritt.<\/td>\n<\/tr>\n<tr>\n<td width=\"95\"><strong>Slice-Clip<\/strong><\/td>\n<td colspan=\"2\" width=\"576\">Die langsam zur\u00fcckfedernde linke Schnittklammer unterst\u00fctzt Doppel-Objekttr\u00e4ger und kann schwere Proben wie Zellz\u00e4hlungspools und Z\u00e4hlplatten tragen.<\/td>\n<\/tr>\n<tr>\n<td width=\"95\"><strong>Verfl\u00fcssiger<\/strong><\/td>\n<td colspan=\"2\" width=\"576\">Vorzentrierter Kohler-Kondensor mit Aperturanzeigerskala, die NA 0,1~1,1 markiert, unterst\u00fctzt mehrere Beleuchtungsmethoden wie Hellfeld und polarisiertes Licht.<\/td>\n<\/tr>\n<tr>\n<td width=\"95\"><strong>Beobachtungsrohr<\/strong><\/td>\n<td colspan=\"2\" width=\"576\">FN=25, weites Sehfeld, trinokularer Beobachtungstubus mit 30\u00b0-Scharnier, 50\/50-Strahlenteilung, einstellbare Augenpunkth\u00f6he, Einstellbereich des Augenabstandes 46-78 mm.<\/td>\n<\/tr>\n<tr>\n<td width=\"95\"><strong>Okular<\/strong><\/td>\n<td colspan=\"2\" width=\"576\">30-mm-Weitwinkelokular, 10-fach-Okular, Sehfeld 23, 25 und 26,5, binokulare Dioptrieneinstellung in 10 Stufen, Buchse mit Verdrehsicherung, 15-, 20- und 30-fach-Okular optional \u3002<\/td>\n<\/tr>\n<tr>\n<td width=\"95\"><strong>Mundst\u00fcck<\/strong><\/td>\n<td colspan=\"2\" width=\"576\">Nach innen geneigter manueller oder elektrischer Objektivrevolver mit f\u00fcnf kodierten L\u00f6chern, M25-Objektivgewinde nach internationalem Standard, Software kann Vergr\u00f6\u00dferung beim Umschalten kodieren und identifizieren (unterst\u00fctzt, wenn gleichzeitig PC-Kamera-Software verwendet wird)\u3002<\/td>\n<\/tr>\n<tr>\n<td width=\"95\"><strong>Kamera-Schnittstelle<\/strong><\/td>\n<td colspan=\"2\" width=\"576\">ECGO unendlich Zwei-Wege-Korrektur der chromatischen Aberration optisches System einstellbare Synchronisation Standard C-Typ Fassung<\/td>\n<\/tr>\n<tr>\n<td width=\"95\"><strong>Kamera<\/strong><\/td>\n<td colspan=\"2\" width=\"576\">6,3-Megapixel-Hochleistungs-CMOS-Farbkamera der gleichen Marke; drei Jahre Garantie auf die wichtigsten Komponenten.<\/td>\n<\/tr>\n<tr>\n<td width=\"95\"><strong>Steuerungssoftware<\/strong><\/td>\n<td colspan=\"2\" width=\"576\">Mikroskop-Steuerungssoftware der gleichen Marke, die automatische Vergr\u00f6\u00dferungserkennung, automatischen Ma\u00dfstabswechsel beim Objektivwechsel, automatisches Laden von Parametern usw. unterst\u00fctzt.<\/td>\n<\/tr>\n<tr>\n<td width=\"95\"><strong>Fluoreszierendes Ger\u00e4t<\/strong><\/td>\n<td colspan=\"2\" width=\"576\">LED-Fluoreszenz-Beleuchtung mit rotierender Scheibe, 60.000 Stunden wartungsfrei. Kompatibel mit allen herk\u00f6mmlichen Farbstoffanregungsw\u00fcrfeln: DAPI, FITC, TRITC, TxRed, etc.<\/td>\n<\/tr>\n<tr>\n<td width=\"95\"><strong>Anti-Schimmel-Vorrichtung<\/strong><\/td>\n<td colspan=\"2\" width=\"576\">Optische Abbildungskomponenten wie Beobachtungstuben, Okulare und Objektive wurden mit antibakteriellen und schimmelpilzhemmenden Mitteln behandelt.<\/td>\n<\/tr>\n<tr>\n<td width=\"95\"><strong>Umweltfreundlich<\/strong><\/td>\n<td colspan=\"2\" width=\"576\">Alle verwendeten optischen Komponenten sind aus umweltfreundlichem, bleifreiem Glas gefertigt und entsprechen den RHoS-Umweltrichtlinien.<\/td>\n<\/tr>\n<tr>\n<td width=\"95\"><strong>Bequeme Bedienung<\/strong><\/td>\n<td colspan=\"2\" width=\"576\">Der Maschinenk\u00f6rper ist mit einem QR-Code-Aufkleber versehen. Sie k\u00f6nnen ihn mit Ihrem Mobiltelefon scannen, um Online-Anleitungen, Online-Fehlerberichte, Wartungstermine und andere praktische Funktionen zu erhalten. \u3002<\/td>\n<\/tr>\n<tr>\n<td width=\"95\"><strong>Gewicht der Maschine<\/strong><\/td>\n<td colspan=\"2\" width=\"576\">Bruttogewicht: 25Kg, Nettogewicht: 16.8Kg (Hellfeldkonfiguration)<\/td>\n<\/tr>\n<tr>\n<td width=\"95\"><strong>Packungsgr\u00f6\u00dfe<\/strong><\/td>\n<td colspan=\"2\" width=\"576\">695mmX480mmX435mm\uff08PK-700\uff09<\/td>\n<\/tr>\n<\/tbody>\n<\/table>\n<p>&nbsp;<\/p>\n<p>&nbsp;<\/p>\n<p>&nbsp;<\/p>\n<p>&nbsp;<\/p>\n<p>&nbsp;<\/p>\n<p>&nbsp;<\/p>","protected":false},"excerpt":{"rendered":"<p data-start=\"0\" data-end=\"699\">Die <strong data-start=\"4\" data-end=\"56\">\u00a0Wissenschaft Forschung Level Mikroskop<\/strong> ist ein leistungsstarkes, vielseitiges Instrument f\u00fcr fortgeschrittene wissenschaftliche und industrielle Anwendungen. Ausgestattet mit einem <strong data-start=\"176\" data-end=\"208\">ECGO unendliches optisches System<\/strong>Das Mikroskop gew\u00e4hrleistet eine pr\u00e4zise, hochaufl\u00f6sende Bildgebung mit zweiseitiger Korrektur der chromatischen Aberration f\u00fcr eine klare, detaillierte Probenbeobachtung. Das Mikroskop wird mit einem robusten <strong data-start=\"374\" data-end=\"392\">Ganzmetallgeh\u00e4use<\/strong> beschichtet mit einer antibakteriellen Nano-Silberionenschicht, die Haltbarkeit und Hygiene gew\u00e4hrleistet. Es integriert fortschrittliche <strong data-start=\"501\" data-end=\"516\">USB-Steuerung<\/strong>, <strong data-start=\"518\" data-end=\"539\">\u00d6ko-Energieeinsparung<\/strong> Funktionen und unterst\u00fctzt <strong data-start=\"563\" data-end=\"587\">Fluoreszenzbildgebung<\/strong>Damit ist es ideal f\u00fcr eine Vielzahl von Forschungsdisziplinen wie Biologie, Materialwissenschaften und klinische Studien.<\/p>\n<p data-start=\"701\" data-end=\"1250\" data-is-last-node=\"\">Mit einer <strong data-start=\"709\" data-end=\"740\">18W LED-Beleuchtungssystem<\/strong> die das nat\u00fcrliche Tageslicht imitiert und eine <strong data-start=\"776\" data-end=\"798\">6,3 MP CMOS-Kamera<\/strong>liefert der Apex100 eine pr\u00e4zise, langlebige Leistung. Sein <strong data-start=\"861\" data-end=\"885\">Duales Fokussierungssystem<\/strong> bietet ultrapr\u00e4zise Einstellungen, w\u00e4hrend seine ergonomische <strong data-start=\"942\" data-end=\"962\">mechanische Stufe<\/strong> sorgt f\u00fcr einen reibungslosen und komfortablen Betrieb. Die Einbeziehung von <strong data-start=\"1022\" data-end=\"1071\">Software-gesteuerte Vergr\u00f6\u00dferungserkennung<\/strong> erh\u00f6ht die Effizienz der Probenanalyse und macht das Apex100 zu einer ausgezeichneten Wahl f\u00fcr Labore und Industrien, die hochpr\u00e4zise Bildgebung und intelligente Automatisierung ben\u00f6tigen.<\/p>","protected":false},"featured_media":5071,"template":"","meta":[],"product_brand":[],"product_cat":[62],"product_tag":[49,51,50],"class_list":{"0":"post-5070","1":"product","2":"type-product","3":"status-publish","4":"has-post-thumbnail","6":"product_cat-biological-microscope","7":"product_tag-led-fluorescence-attachment","8":"product_tag-standard-3-channel","9":"product_tag-up-to-5-channels-of-standard-or-custom-wavelengths-from-uv-to-ir-and-nir","11":"first","12":"instock","13":"sold-individually","14":"taxable","15":"shipping-taxable","16":"product-type-simple"},"_links":{"self":[{"href":"https:\/\/kiraoptical.com\/de\/wp-json\/wp\/v2\/product\/5070","targetHints":{"allow":["GET"]}}],"collection":[{"href":"https:\/\/kiraoptical.com\/de\/wp-json\/wp\/v2\/product"}],"about":[{"href":"https:\/\/kiraoptical.com\/de\/wp-json\/wp\/v2\/types\/product"}],"version-history":[{"count":0,"href":"https:\/\/kiraoptical.com\/de\/wp-json\/wp\/v2\/product\/5070\/revisions"}],"wp:featuredmedia":[{"embeddable":true,"href":"https:\/\/kiraoptical.com\/de\/wp-json\/wp\/v2\/media\/5071"}],"wp:attachment":[{"href":"https:\/\/kiraoptical.com\/de\/wp-json\/wp\/v2\/media?parent=5070"}],"wp:term":[{"taxonomy":"product_brand","embeddable":true,"href":"https:\/\/kiraoptical.com\/de\/wp-json\/wp\/v2\/product_brand?post=5070"},{"taxonomy":"product_cat","embeddable":true,"href":"https:\/\/kiraoptical.com\/de\/wp-json\/wp\/v2\/product_cat?post=5070"},{"taxonomy":"product_tag","embeddable":true,"href":"https:\/\/kiraoptical.com\/de\/wp-json\/wp\/v2\/product_tag?post=5070"}],"curies":[{"name":"wp","href":"https:\/\/api.w.org\/{rel}","templated":true}]}}