{"id":5088,"date":"2025-09-17T05:12:15","date_gmt":"2025-09-17T05:12:15","guid":{"rendered":"https:\/\/kiraoptical.com\/?post_type=product&#038;p=5088"},"modified":"2025-09-17T05:29:25","modified_gmt":"2025-09-17T05:29:25","slug":"flex-arm-stand-stereo-microscope%e5%a4%8d%e5%88%b6","status":"publish","type":"product","link":"https:\/\/kiraoptical.com\/de\/produkt\/flex-arm-stand-stereo-microscope%e5%a4%8d%e5%88%b6\/","title":{"rendered":"Microsystems STL6 A60 F Binoculair Flex Arm Stand Stereomikroskop"},"content":{"rendered":"<figure id=\"attachment_5089\" aria-describedby=\"caption-attachment-5089\" style=\"width: 1024px\" class=\"wp-caption alignnone\"><img fetchpriority=\"high\" decoding=\"async\" class=\"size-large wp-image-5089\" src=\"https:\/\/kiraoptical.com\/wp-content\/uploads\/2025\/09\/3IMG_20220526_152407-1024x768.jpg\" alt=\"Leica A60 F Stereo Microscope Flex Arm\" width=\"1024\" height=\"768\" srcset=\"https:\/\/kiraoptical.com\/wp-content\/uploads\/2025\/09\/3IMG_20220526_152407-1024x768.jpg 1024w, https:\/\/kiraoptical.com\/wp-content\/uploads\/2025\/09\/3IMG_20220526_152407-300x225.jpg 300w, https:\/\/kiraoptical.com\/wp-content\/uploads\/2025\/09\/3IMG_20220526_152407-768x576.jpg 768w, https:\/\/kiraoptical.com\/wp-content\/uploads\/2025\/09\/3IMG_20220526_152407-1536x1152.jpg 1536w, https:\/\/kiraoptical.com\/wp-content\/uploads\/2025\/09\/3IMG_20220526_152407-2048x1536.jpg 2048w, https:\/\/kiraoptical.com\/wp-content\/uploads\/2025\/09\/3IMG_20220526_152407-16x12.jpg 16w, https:\/\/kiraoptical.com\/wp-content\/uploads\/2025\/09\/3IMG_20220526_152407-600x450.jpg 600w\" sizes=\"(max-width: 1024px) 100vw, 1024px\" \/><figcaption id=\"caption-attachment-5089\" class=\"wp-caption-text\"><span style=\"font-size: 16px;\">Flex Arm Stand Stereo Mikroskop<\/span><\/figcaption><\/figure>\n<p>Mikroskop (einschlie\u00dflich Flexarm-Stativ und LED-Ringlicht) bietet eine hervorragende Optik, erstklassige Technik und umfassende Funktionen zu einem unglaublich g\u00fcnstigen Preis.<br \/>\n- Zoom: 6:1, 5x-30x<br \/>\n- Arbeitsabstand: 120mm ohne Ringlicht, 100mm mit Ringlicht<br \/>\n- Betrachtungswinkel: 38 Grad<br \/>\n- Max. Objektfeld - 46mm<br \/>\n- Max. Sch\u00e4rfentiefe - 13,6 mm<br \/>\n- Okulare: 10x\/23B, verstellbar, f\u00fcr Brillentr\u00e4ger geeignet<br \/>\nFlexarm-St\u00e4nder<br \/>\n- Perfekt ausbalanciert, m\u00fchelos einstellbar.<br \/>\n- Max. Verl\u00e4ngerung - 995mm (360 Grad Drehung)<br \/>\n- Vertikale Reichweite - 495mm<br \/>\n- Wird standardm\u00e4\u00dfig mit Tischklemme geliefert. Tisch- oder Wandhalterungen sind als zus\u00e4tzliche Optionen erh\u00e4ltlich.<\/p>","protected":false},"excerpt":{"rendered":"<p>A <strong data-start=\"2\" data-end=\"38\">Flex Arm Stand Stereo Mikroskop<\/strong> ist eine Art optisches Mikroskop, das die Eigenschaften eines Stereomikroskops mit einem flexiblen Stativarm kombiniert und dadurch vielseitiger und einfacher zu bedienen ist. Das Stereomikroskop bietet eine dreidimensionale Ansicht der Probe und ist damit ideal f\u00fcr Aufgaben wie die Pr\u00fcfung von Leiterplatten, biologische Studien und Montage- oder Reparaturarbeiten. Das <strong data-start=\"373\" data-end=\"391\">Flexarmst\u00e4nder<\/strong> bietet Flexibilit\u00e4t bei der Positionierung des Mikroskopkopfes und erm\u00f6glicht es dem Benutzer, den Betrachtungswinkel, die H\u00f6he und die Reichweite mit minimalem Aufwand einzustellen.<\/p>","protected":false},"featured_media":5089,"template":"","meta":{"site-sidebar-layout":"default","site-content-layout":"","ast-site-content-layout":"default","site-content-style":"default","site-sidebar-style":"default","ast-global-header-display":"","ast-banner-title-visibility":"","ast-main-header-display":"","ast-hfb-above-header-display":"","ast-hfb-below-header-display":"","ast-hfb-mobile-header-display":"","site-post-title":"","ast-breadcrumbs-content":"","ast-featured-img":"","footer-sml-layout":"","theme-transparent-header-meta":"default","adv-header-id-meta":"","stick-header-meta":"default","header-above-stick-meta":"","header-main-stick-meta":"","header-below-stick-meta":"","astra-migrate-meta-layouts":"set","ast-page-background-enabled":"default","ast-page-background-meta":{"desktop":{"background-color":"","background-image":"","background-repeat":"repeat","background-position":"center center","background-size":"auto","background-attachment":"scroll","background-type":"","background-media":"","overlay-type":"","overlay-color":"","overlay-opacity":"","overlay-gradient":""},"tablet":{"background-color":"","background-image":"","background-repeat":"repeat","background-position":"center center","background-size":"auto","background-attachment":"scroll","background-type":"","background-media":"","overlay-type":"","overlay-color":"","overlay-opacity":"","overlay-gradient":""},"mobile":{"background-color":"","background-image":"","background-repeat":"repeat","background-position":"center center","background-size":"auto","background-attachment":"scroll","background-type":"","background-media":"","overlay-type":"","overlay-color":"","overlay-opacity":"","overlay-gradient":""}},"ast-content-background-meta":{"desktop":{"background-color":"var(--ast-global-color-5)","background-image":"","background-repeat":"repeat","background-position":"center center","background-size":"auto","background-attachment":"scroll","background-type":"","background-media":"","overlay-type":"","overlay-color":"","overlay-opacity":"","overlay-gradient":""},"tablet":{"background-color":"var(--ast-global-color-5)","background-image":"","background-repeat":"repeat","background-position":"center center","background-size":"auto","background-attachment":"scroll","background-type":"","background-media":"","overlay-type":"","overlay-color":"","overlay-opacity":"","overlay-gradient":""},"mobile":{"background-color":"var(--ast-global-color-5)","background-image":"","background-repeat":"repeat","background-position":"center center","background-size":"auto","background-attachment":"scroll","background-type":"","background-media":"","overlay-type":"","overlay-color":"","overlay-opacity":"","overlay-gradient":""}}},"product_brand":[],"product_cat":[39,62],"product_tag":[57,64],"class_list":{"0":"post-5088","1":"product","2":"type-product","3":"status-publish","4":"has-post-thumbnail","6":"product_cat-stereo-microscope","7":"product_cat-biological-microscope","8":"product_tag-metallurgical-microscope","9":"product_tag-stereo-microscope","10":"desktop-align-left","11":"tablet-align-left","12":"mobile-align-left","13":"ast-product-gallery-layout-horizontal-slider","14":"ast-product-tabs-layout-horizontal","16":"first","17":"instock","18":"sale","19":"sold-individually","20":"purchasable","21":"product-type-simple"},"_links":{"self":[{"href":"https:\/\/kiraoptical.com\/de\/wp-json\/wp\/v2\/product\/5088","targetHints":{"allow":["GET"]}}],"collection":[{"href":"https:\/\/kiraoptical.com\/de\/wp-json\/wp\/v2\/product"}],"about":[{"href":"https:\/\/kiraoptical.com\/de\/wp-json\/wp\/v2\/types\/product"}],"version-history":[{"count":0,"href":"https:\/\/kiraoptical.com\/de\/wp-json\/wp\/v2\/product\/5088\/revisions"}],"wp:featuredmedia":[{"embeddable":true,"href":"https:\/\/kiraoptical.com\/de\/wp-json\/wp\/v2\/media\/5089"}],"wp:attachment":[{"href":"https:\/\/kiraoptical.com\/de\/wp-json\/wp\/v2\/media?parent=5088"}],"wp:term":[{"taxonomy":"product_brand","embeddable":true,"href":"https:\/\/kiraoptical.com\/de\/wp-json\/wp\/v2\/product_brand?post=5088"},{"taxonomy":"product_cat","embeddable":true,"href":"https:\/\/kiraoptical.com\/de\/wp-json\/wp\/v2\/product_cat?post=5088"},{"taxonomy":"product_tag","embeddable":true,"href":"https:\/\/kiraoptical.com\/de\/wp-json\/wp\/v2\/product_tag?post=5088"}],"curies":[{"name":"wp","href":"https:\/\/api.w.org\/{rel}","templated":true}]}}