{"id":5102,"date":"2025-09-17T06:03:07","date_gmt":"2025-09-17T06:03:07","guid":{"rendered":"https:\/\/kiraoptical.com\/?post_type=product&#038;p=5102"},"modified":"2025-09-17T06:19:13","modified_gmt":"2025-09-17T06:19:13","slug":"rinocular-stereo-microscope","status":"publish","type":"product","link":"https:\/\/kiraoptical.com\/de\/produkt\/rinocular-stereo-microscope\/","title":{"rendered":"Doppelarmstativ Trinokulares Stereomikroskop mit 3,5X-90X Vergr\u00f6\u00dferung"},"content":{"rendered":"<p>Doppelarmstativ Trinokulares Stereomikroskop mit 3,5X-90X Vergr\u00f6\u00dferung<\/p>\n<figure id=\"attachment_5103\" aria-describedby=\"caption-attachment-5103\" style=\"width: 1024px\" class=\"wp-caption alignnone\"><img fetchpriority=\"high\" decoding=\"async\" class=\"size-large wp-image-5103\" src=\"https:\/\/kiraoptical.com\/wp-content\/uploads\/2025\/09\/Trinocular-Stereo-Microscope-3.5X-90X-Magnification-with-Multi-Zone-144-LED-and-10MP-USB-2-1024x1024.jpg\" alt=\"with Multi-Zone C-mount Camera on Double Arm Boom Stand\" width=\"1024\" height=\"1024\" srcset=\"https:\/\/kiraoptical.com\/wp-content\/uploads\/2025\/09\/Trinocular-Stereo-Microscope-3.5X-90X-Magnification-with-Multi-Zone-144-LED-and-10MP-USB-2-1024x1024.jpg 1024w, https:\/\/kiraoptical.com\/wp-content\/uploads\/2025\/09\/Trinocular-Stereo-Microscope-3.5X-90X-Magnification-with-Multi-Zone-144-LED-and-10MP-USB-2-300x300.jpg 300w, https:\/\/kiraoptical.com\/wp-content\/uploads\/2025\/09\/Trinocular-Stereo-Microscope-3.5X-90X-Magnification-with-Multi-Zone-144-LED-and-10MP-USB-2-150x150.jpg 150w, https:\/\/kiraoptical.com\/wp-content\/uploads\/2025\/09\/Trinocular-Stereo-Microscope-3.5X-90X-Magnification-with-Multi-Zone-144-LED-and-10MP-USB-2-768x768.jpg 768w, https:\/\/kiraoptical.com\/wp-content\/uploads\/2025\/09\/Trinocular-Stereo-Microscope-3.5X-90X-Magnification-with-Multi-Zone-144-LED-and-10MP-USB-2-1536x1536.jpg 1536w, https:\/\/kiraoptical.com\/wp-content\/uploads\/2025\/09\/Trinocular-Stereo-Microscope-3.5X-90X-Magnification-with-Multi-Zone-144-LED-and-10MP-USB-2-2048x2048.jpg 2048w, https:\/\/kiraoptical.com\/wp-content\/uploads\/2025\/09\/Trinocular-Stereo-Microscope-3.5X-90X-Magnification-with-Multi-Zone-144-LED-and-10MP-USB-2-12x12.jpg 12w, https:\/\/kiraoptical.com\/wp-content\/uploads\/2025\/09\/Trinocular-Stereo-Microscope-3.5X-90X-Magnification-with-Multi-Zone-144-LED-and-10MP-USB-2-600x600.jpg 600w, https:\/\/kiraoptical.com\/wp-content\/uploads\/2025\/09\/Trinocular-Stereo-Microscope-3.5X-90X-Magnification-with-Multi-Zone-144-LED-and-10MP-USB-2-100x100.jpg 100w\" sizes=\"(max-width: 1024px) 100vw, 1024px\" \/><figcaption id=\"caption-attachment-5103\" class=\"wp-caption-text\">Wesentliche Merkmale<br \/>3,5- bis 90-fache Vergr\u00f6\u00dferung durch hochwertige stereoskopische Greenough-Objektive mit 0,5- und 2-facher Barlow-Linse.<br \/>Das Mikroskop bietet einen Arbeitsabstand von bis zu 6,5\u2033 (165 mm).<br \/>Ein \u00e4u\u00dferst vielseitiges Stereomikroskop auf einem robusten, mehrfach schwenkbaren Auslegerstativ, mit dem sich das Mikroskop bei Bedarf leicht ein- und ausschwenken l\u00e4sst.<br \/>Die beiden Dioptrien k\u00f6nnen so eingestellt werden, dass die Sch\u00e4rfe \u00fcber den gesamten Vergr\u00f6\u00dferungsbereich konstant bleibt, was die Produktivit\u00e4t erheblich verbessert.<br \/>Die Stereo-Optik liefert aufrechte Bilder mit klarer Tiefensch\u00e4rfe und einem weiten Blickfeld f\u00fcr praktische Anwendungen.<br \/>Ein trinokularer Fotoanschluss bietet eine spezielle Halterung f\u00fcr den Einbau einer Kamera.<br \/>Dieses Mikroskop ist ideal f\u00fcr Labors, Reparaturwerkst\u00e4tten und Graveure.<\/p>\n<p><\/figcaption><\/figure>\n<table class=\"specifications\" cellspacing=\"0\" cellpadding=\"0\">\n<tbody>\n<tr>\n<td>Kopf Typ<\/td>\n<td>Trinokular, 45\u00b0 Neigung, 360\u00b0 drehbar<\/td>\n<\/tr>\n<tr>\n<td>Optisches System<\/td>\n<td>Greenough stereoskopisch<\/td>\n<\/tr>\n<tr>\n<td>Interpupillarer Abgleich<\/td>\n<td>Ausgleichsfreier Edelstein, 54-76mm<\/td>\n<\/tr>\n<tr>\n<td>Durchmesser der Okular\u00f6ffnung<\/td>\n<td>30mm<\/td>\n<\/tr>\n<tr>\n<td>Dioptrie-Einstellung<\/td>\n<td>Beide Okulare, \u00b15dp<\/td>\n<\/tr>\n<tr>\n<td>Okulare<\/td>\n<td>10X<\/td>\n<\/tr>\n<tr>\n<td>Foto Hafen<\/td>\n<td>h\u00f6henverstellbares 23mm Rohr, Serie CX<\/td>\n<\/tr>\n<tr>\n<td>Objektivlinsen<\/td>\n<td>0,7facher bis 4,5facher Zoom<\/td>\n<\/tr>\n<tr>\n<td>Objektiv Numerische Apertur<\/td>\n<td>0.065 @ 4.5X<br \/>\n0.02 @ 0.7X<\/td>\n<\/tr>\n<tr>\n<td>Objektive Aufl\u00f6sung<\/td>\n<td>195 lp\/mm @ 4,5X<br \/>\n60 lp\/mm @ 0,7X<\/td>\n<\/tr>\n<tr>\n<td>Natives Sichtfeld<\/td>\n<td>4,4mm-28,6mm<\/td>\n<\/tr>\n<tr>\n<td>Nat\u00fcrlicher Arbeitsabstand<\/td>\n<td>100mm<\/td>\n<\/tr>\n<tr>\n<td>Zusatzobjektivhalterung<\/td>\n<td>48mm Gewinde<\/td>\n<\/tr>\n<tr>\n<td>Inklusive Hilfslinsen (Barlow)<\/td>\n<td>0,5X, 165mm Arbeitsabstand<br \/>\n2X, 30mm Arbeitsabstand<\/td>\n<\/tr>\n<tr>\n<td colspan=\"2\">Stand<\/td>\n<\/tr>\n<tr>\n<td>Stand Typ<\/td>\n<td>Doppelarmiges, kugelgelagertes Stativ, Fu\u00df aus Stahlguss<\/td>\n<\/tr>\n<tr>\n<td>Stand Abmessungen<\/td>\n<td>50,8cm doppelarmig (Gesamtl\u00e4nge: 76,2cm), 43,18cm hohe S\u00e4ule, 33,1cm x 27,9cm x 1,6cm<\/td>\n<\/tr>\n<tr>\n<td>Fokussier-Block Fokusbereich<\/td>\n<td>50mm<\/td>\n<\/tr>\n<\/tbody>\n<\/table>\n<p>&nbsp;<\/p>","protected":false},"excerpt":{"rendered":"<p>A <strong data-start=\"2\" data-end=\"92\">Trinokulares Stereomikroskop mit Multizonen-C-Mount-Kamera auf einem Doppelarm-Stativ<\/strong> ist ein optisches Hochleistungssystem, das f\u00fcr Pr\u00e4zisionsinspektion, Bildgebung und Forschung eingesetzt wird. Es kombiniert ein <strong data-start=\"198\" data-end=\"230\">trinokulares Stereomikroskop<\/strong> mit einer <strong data-start=\"238\" data-end=\"267\">Mehrzonen-C-Mount-Kamera<\/strong> und ist auf einem <strong data-start=\"288\" data-end=\"313\">Zweiarmiges Auslegerstativ<\/strong> f\u00fcr eine vielseitige und ergonomische Bedienung.<\/p>","protected":false},"featured_media":5103,"template":"","meta":{"site-sidebar-layout":"default","site-content-layout":"","ast-site-content-layout":"default","site-content-style":"default","site-sidebar-style":"default","ast-global-header-display":"","ast-banner-title-visibility":"","ast-main-header-display":"","ast-hfb-above-header-display":"","ast-hfb-below-header-display":"","ast-hfb-mobile-header-display":"","site-post-title":"","ast-breadcrumbs-content":"","ast-featured-img":"","footer-sml-layout":"","theme-transparent-header-meta":"default","adv-header-id-meta":"","stick-header-meta":"default","header-above-stick-meta":"","header-main-stick-meta":"","header-below-stick-meta":"","astra-migrate-meta-layouts":"set","ast-page-background-enabled":"default","ast-page-background-meta":{"desktop":{"background-color":"","background-image":"","background-repeat":"repeat","background-position":"center center","background-size":"auto","background-attachment":"scroll","background-type":"","background-media":"","overlay-type":"","overlay-color":"","overlay-opacity":"","overlay-gradient":""},"tablet":{"background-color":"","background-image":"","background-repeat":"repeat","background-position":"center center","background-size":"auto","background-attachment":"scroll","background-type":"","background-media":"","overlay-type":"","overlay-color":"","overlay-opacity":"","overlay-gradient":""},"mobile":{"background-color":"","background-image":"","background-repeat":"repeat","background-position":"center center","background-size":"auto","background-attachment":"scroll","background-type":"","background-media":"","overlay-type":"","overlay-color":"","overlay-opacity":"","overlay-gradient":""}},"ast-content-background-meta":{"desktop":{"background-color":"var(--ast-global-color-5)","background-image":"","background-repeat":"repeat","background-position":"center center","background-size":"auto","background-attachment":"scroll","background-type":"","background-media":"","overlay-type":"","overlay-color":"","overlay-opacity":"","overlay-gradient":""},"tablet":{"background-color":"var(--ast-global-color-5)","background-image":"","background-repeat":"repeat","background-position":"center center","background-size":"auto","background-attachment":"scroll","background-type":"","background-media":"","overlay-type":"","overlay-color":"","overlay-opacity":"","overlay-gradient":""},"mobile":{"background-color":"var(--ast-global-color-5)","background-image":"","background-repeat":"repeat","background-position":"center center","background-size":"auto","background-attachment":"scroll","background-type":"","background-media":"","overlay-type":"","overlay-color":"","overlay-opacity":"","overlay-gradient":""}}},"product_brand":[],"product_cat":[39,62],"product_tag":[57,64],"class_list":{"0":"post-5102","1":"product","2":"type-product","3":"status-publish","4":"has-post-thumbnail","6":"product_cat-stereo-microscope","7":"product_cat-biological-microscope","8":"product_tag-metallurgical-microscope","9":"product_tag-stereo-microscope","10":"desktop-align-left","11":"tablet-align-left","12":"mobile-align-left","13":"ast-product-gallery-layout-horizontal-slider","14":"ast-product-gallery-with-no-image","15":"ast-product-tabs-layout-horizontal","17":"first","18":"instock","19":"sale","20":"sold-individually","21":"purchasable","22":"product-type-simple"},"_links":{"self":[{"href":"https:\/\/kiraoptical.com\/de\/wp-json\/wp\/v2\/product\/5102","targetHints":{"allow":["GET"]}}],"collection":[{"href":"https:\/\/kiraoptical.com\/de\/wp-json\/wp\/v2\/product"}],"about":[{"href":"https:\/\/kiraoptical.com\/de\/wp-json\/wp\/v2\/types\/product"}],"version-history":[{"count":0,"href":"https:\/\/kiraoptical.com\/de\/wp-json\/wp\/v2\/product\/5102\/revisions"}],"wp:featuredmedia":[{"embeddable":true,"href":"https:\/\/kiraoptical.com\/de\/wp-json\/wp\/v2\/media\/5103"}],"wp:attachment":[{"href":"https:\/\/kiraoptical.com\/de\/wp-json\/wp\/v2\/media?parent=5102"}],"wp:term":[{"taxonomy":"product_brand","embeddable":true,"href":"https:\/\/kiraoptical.com\/de\/wp-json\/wp\/v2\/product_brand?post=5102"},{"taxonomy":"product_cat","embeddable":true,"href":"https:\/\/kiraoptical.com\/de\/wp-json\/wp\/v2\/product_cat?post=5102"},{"taxonomy":"product_tag","embeddable":true,"href":"https:\/\/kiraoptical.com\/de\/wp-json\/wp\/v2\/product_tag?post=5102"}],"curies":[{"name":"wp","href":"https:\/\/api.w.org\/{rel}","templated":true}]}}