{"id":3988,"date":"2024-03-31T06:14:23","date_gmt":"2024-03-31T06:14:23","guid":{"rendered":"https:\/\/kiraoptical.com\/?page_id=3988"},"modified":"2024-04-03T04:05:57","modified_gmt":"2024-04-03T04:05:57","slug":"privacy-policy","status":"publish","type":"page","link":"https:\/\/kiraoptical.com\/es\/privacy-policy\/","title":{"rendered":"Pol\u00edtica de privacidad"},"content":{"rendered":"<div data-elementor-type=\"wp-page\" data-elementor-id=\"3988\" class=\"elementor elementor-3988\" data-elementor-post-type=\"page\">\n\t\t\t\t<div class=\"elementor-element elementor-element-35cccf6 e-grid e-con-boxed e-con e-parent\" data-id=\"35cccf6\" data-element_type=\"container\" data-e-type=\"container\" data-settings=\"{&quot;background_background&quot;:&quot;classic&quot;}\">\n\t\t\t\t\t<div class=\"e-con-inner\">\n\t\t\t\t<div class=\"elementor-element elementor-element-340f446 elementor-widget elementor-widget-image\" data-id=\"340f446\" data-element_type=\"widget\" data-e-type=\"widget\" data-widget_type=\"image.default\">\n\t\t\t\t<div class=\"elementor-widget-container\">\n\t\t\t\t\t\t\t\t\t\t\t\t\t\t\t<img fetchpriority=\"high\" decoding=\"async\" width=\"1024\" height=\"696\" src=\"https:\/\/kiraoptical.com\/wp-content\/uploads\/2024\/04\/kiraoptical-career-for-scientist-at-ribosome-research-1024x696.webp\" class=\"attachment-large size-large wp-image-4180\" alt=\"\" srcset=\"https:\/\/kiraoptical.com\/wp-content\/uploads\/2024\/04\/kiraoptical-career-for-scientist-at-ribosome-research-1024x696.webp 1024w, https:\/\/kiraoptical.com\/wp-content\/uploads\/2024\/04\/kiraoptical-career-for-scientist-at-ribosome-research-768x522.webp 768w\" sizes=\"(max-width: 1024px) 100vw, 1024px\" \/>\t\t\t\t\t\t\t\t\t\t\t\t\t\t\t<\/div>\n\t\t\t\t<\/div>\n\t\t<div class=\"elementor-element elementor-element-849ab39 e-flex e-con-boxed e-con e-child\" data-id=\"849ab39\" data-element_type=\"container\" data-e-type=\"container\">\n\t\t\t\t\t<div class=\"e-con-inner\">\n\t\t\t\t<div class=\"elementor-element elementor-element-61ae605 elementor-widget elementor-widget-heading\" data-id=\"61ae605\" data-element_type=\"widget\" data-e-type=\"widget\" data-widget_type=\"heading.default\">\n\t\t\t\t<div class=\"elementor-widget-container\">\n\t\t\t\t\t<h2 class=\"elementor-heading-title elementor-size-default\">Pol\u00edtica de privacidad<\/h2>\t\t\t\t<\/div>\n\t\t\t\t<\/div>\n\t\t\t\t<div class=\"elementor-element elementor-element-de340d3 elementor-widget elementor-widget-text-editor\" data-id=\"de340d3\" data-element_type=\"widget\" data-e-type=\"widget\" data-widget_type=\"text-editor.default\">\n\t\t\t\t<div class=\"elementor-widget-container\">\n\t\t\t\t\t\t\t\t\t<p>\u00daltima actualizaci\u00f3n: 3 de abril de 2024<\/p><p>Suzhou Kira Optical Company (\"nosotros\") concede gran importancia a su privacidad y se compromete a proteger la seguridad de su informaci\u00f3n personal. Esta pol\u00edtica de privacidad explica c\u00f3mo recogemos, utilizamos, compartimos y protegemos la informaci\u00f3n personal que usted nos proporciona cuando utiliza el sitio web kiraoptical.com y los servicios relacionados. Le rogamos que lea atentamente estas condiciones.<\/p><p>recoger mensaje<br \/>1.1 Informaci\u00f3n facilitada por el usuario<br \/>Al acceder o utilizar nuestro sitio web y nuestros servicios, es posible que le pidamos que nos facilite determinada informaci\u00f3n personal, como su nombre, direcci\u00f3n de correo electr\u00f3nico, n\u00famero de contacto, direcci\u00f3n postal, datos de pago, etc. Esta informaci\u00f3n tiene por objeto ofrecerle una mejor experiencia y servicio.<\/p><p>1.2 Informaci\u00f3n recogida autom\u00e1ticamente<\/p><p>Cuando visita nuestro sitio web, tambi\u00e9n podemos recopilar autom\u00e1ticamente cierta informaci\u00f3n, como la direcci\u00f3n IP, la informaci\u00f3n del dispositivo, el tipo de navegador, la fecha y hora de la visita, el historial de navegaci\u00f3n de la p\u00e1gina y otra informaci\u00f3n t\u00e9cnica. Utilizamos cookies y otras tecnolog\u00edas para recopilar y rastrear esta informaci\u00f3n.<\/p><p>1.3 Informaci\u00f3n procedente de otros canales<br \/>Tambi\u00e9n podemos recopilar informaci\u00f3n sobre usted a trav\u00e9s de canales legales en l\u00ednea y fuera de l\u00ednea, como socios, plataformas de medios sociales, informaci\u00f3n disponible p\u00fablicamente, etc.<\/p><p>Uso de la informaci\u00f3n<br \/>2.1 Podemos utilizar su informaci\u00f3n personal para los siguientes fines:<\/p><p>Proporcionar los productos y servicios solicitados<br \/>Procesar y tramitar su pedido<br \/>Enviarle informaci\u00f3n sobre servicios, promociones y productos<br \/>Personalizar el contenido del sitio web y la experiencia del usuario<br \/>Atenci\u00f3n al cliente y gesti\u00f3n de cuentas<br \/>Mejorar nuestros productos, servicios y sitio web<br \/>Realizar estudios de mercado y an\u00e1lisis de datos<br \/>Necesidades leg\u00edtimas de funcionamiento de la empresa<br \/>2.2 Podemos combinar su informaci\u00f3n no identificable personalmente (como datos de uso del sitio web, datos demogr\u00e1ficos, etc.) con otros datos para investigaci\u00f3n y an\u00e1lisis con el fin de mejorar nuestros productos y servicios.<\/p><p>2.3 En la medida en que lo permitan las leyes y normativas aplicables, tambi\u00e9n podremos utilizar sus datos personales para otros fines leg\u00edtimos.<\/p><p>Intercambio de informaci\u00f3n<br \/>3.1 No venderemos ni cederemos sus datos personales a terceros para sus propios fines comerciales.<\/p><p>3.2 Pero en algunos casos, podemos compartir su informaci\u00f3n personal con terceros, como:<\/p><p>Proporcionar informaci\u00f3n personal a socios que nos prestan servicios (como proveedores, entidades de pago, agentes, etc.) para apoyar el funcionamiento de productos y servicios;<br \/>Compartir con las autoridades competentes por requisitos legales y reglamentarios o por necesidades de aplicaci\u00f3n de la ley;<br \/>Compartir datos con empresas matrices, filiales, posibles inversores o adquirentes;<br \/>Compartir con otros terceros con su consentimiento.<br \/>3.3 A menos que estos terceros hayan firmado acuerdos apropiados con nosotros con el fin de proteger la informaci\u00f3n personal, no les proporcionaremos su nombre, direcci\u00f3n de correo electr\u00f3nico u otra informaci\u00f3n que pueda utilizarse para identificarle.<\/p><p>3.4 En situaciones que impliquen fusiones, reorganizaciones, ventas de activos, etc., si cambia la propiedad, podemos compartir su informaci\u00f3n personal con los nuevos titulares de derechos.<\/p><p>seguridad de la informaci\u00f3n<br \/>4.1 Adoptaremos las medidas de seguridad f\u00edsicas, t\u00e9cnicas y administrativas razonables para proteger su informaci\u00f3n personal y evitar su uso indebido, acceso no autorizado o divulgaci\u00f3n. Pero tenga en cuenta que ning\u00fan sistema puede ser 100% seguro.<\/p><p>4.2 Usted es responsable de tomar medidas razonables para proteger las credenciales de acceso a su cuenta, las contrase\u00f1as y otra informaci\u00f3n de seguridad. Le recomendamos que no comparta su contrase\u00f1a con otras personas.<\/p><p>Permisos y opciones de privacidad<br \/>5.1 De conformidad con la legislaci\u00f3n aplicable, puede ejercer sus derechos de informaci\u00f3n personal de las siguientes maneras:<\/p><p>Acceder a su informaci\u00f3n personal y corregirla<br \/>Borrar sus datos personales<br \/>Oponerse o restringir el tratamiento de sus datos personales<br \/>Solicitar una copia port\u00e1til de sus datos personales<br \/>5.2 Usted puede optar por negarse a recibir correos electr\u00f3nicos de marketing u otra informaci\u00f3n promocional de nosotros en cualquier momento haciendo clic en el enlace \"darse de baja\" en el correo electr\u00f3nico o siguiendo nuestra pol\u00edtica anti-spam.<\/p><p>5.3 Tenga en cuenta que aunque decida no recibir material publicitario, podemos enviarle informaci\u00f3n importante no publicitaria sobre los propios productos o servicios.<\/p><p>Actualizaciones de la Pol\u00edtica de Privacidad Podemos actualizar esta Pol\u00edtica de Privacidad de vez en cuando para reflejar los cambios en la legislaci\u00f3n, los requisitos reglamentarios o las pr\u00e1cticas comerciales. Cualquier actualizaci\u00f3n se publicar\u00e1 en el sitio web y entrar\u00e1 en vigor a partir de la fecha de la actualizaci\u00f3n.<br \/>Contacto Si tiene alguna pregunta o comentario sobre esta Pol\u00edtica de privacidad, no dude en ponerse en contacto con nosotros en cualquier momento.<\/p>\t\t\t\t\t\t\t\t<\/div>\n\t\t\t\t<\/div>\n\t\t\t\t\t<\/div>\n\t\t\t\t<\/div>\n\t\t\t\t\t<\/div>\n\t\t\t\t<\/div>\n\t\t\t\t<\/div>","protected":false},"excerpt":{"rendered":"<p>Privacy Policy Last updated: April 3, 2024 Suzhou Kira Optical Company (&#8220;we&#8221;) attaches great importance to your privacy and is committed to protecting the security of your personal information. This privacy policy explains how we collect, use, share and protect the personal information you provide to us when you use the kiraoptical.com website and related [&hellip;]<\/p>\n","protected":false},"author":1,"featured_media":0,"parent":0,"menu_order":0,"comment_status":"closed","ping_status":"closed","template":"","meta":{"site-sidebar-layout":"no-sidebar","site-content-layout":"page-builder","ast-site-content-layout":"full-width-container","site-content-style":"default","site-sidebar-style":"default","ast-global-header-display":"","ast-banner-title-visibility":"","ast-main-header-display":"","ast-hfb-above-header-display":"","ast-hfb-below-header-display":"","ast-hfb-mobile-header-display":"","site-post-title":"disabled","ast-breadcrumbs-content":"","ast-featured-img":"disabled","footer-sml-layout":"","theme-transparent-header-meta":"default","adv-header-id-meta":"","stick-header-meta":"default","header-above-stick-meta":"","header-main-stick-meta":"","header-below-stick-meta":"","astra-migrate-meta-layouts":"set","ast-page-background-enabled":"default","ast-page-background-meta":{"desktop":{"background-color":"","background-image":"","background-repeat":"repeat","background-position":"center center","background-size":"auto","background-attachment":"scroll","background-type":"","background-media":"","overlay-type":"","overlay-color":"","overlay-opacity":"","overlay-gradient":""},"tablet":{"background-color":"","background-image":"","background-repeat":"repeat","background-position":"center center","background-size":"auto","background-attachment":"scroll","background-type":"","background-media":"","overlay-type":"","overlay-color":"","overlay-opacity":"","overlay-gradient":""},"mobile":{"background-color":"","background-image":"","background-repeat":"repeat","background-position":"center center","background-size":"auto","background-attachment":"scroll","background-type":"","background-media":"","overlay-type":"","overlay-color":"","overlay-opacity":"","overlay-gradient":""}},"ast-content-background-meta":{"desktop":{"background-color":"var(--ast-global-color-5)","background-image":"","background-repeat":"repeat","background-position":"center center","background-size":"auto","background-attachment":"scroll","background-type":"","background-media":"","overlay-type":"","overlay-color":"","overlay-opacity":"","overlay-gradient":""},"tablet":{"background-color":"var(--ast-global-color-5)","background-image":"","background-repeat":"repeat","background-position":"center center","background-size":"auto","background-attachment":"scroll","background-type":"","background-media":"","overlay-type":"","overlay-color":"","overlay-opacity":"","overlay-gradient":""},"mobile":{"background-color":"var(--ast-global-color-5)","background-image":"","background-repeat":"repeat","background-position":"center center","background-size":"auto","background-attachment":"scroll","background-type":"","background-media":"","overlay-type":"","overlay-color":"","overlay-opacity":"","overlay-gradient":""}},"footnotes":""},"class_list":["post-3988","page","type-page","status-publish","hentry"],"_links":{"self":[{"href":"https:\/\/kiraoptical.com\/es\/wp-json\/wp\/v2\/pages\/3988","targetHints":{"allow":["GET"]}}],"collection":[{"href":"https:\/\/kiraoptical.com\/es\/wp-json\/wp\/v2\/pages"}],"about":[{"href":"https:\/\/kiraoptical.com\/es\/wp-json\/wp\/v2\/types\/page"}],"author":[{"embeddable":true,"href":"https:\/\/kiraoptical.com\/es\/wp-json\/wp\/v2\/users\/1"}],"replies":[{"embeddable":true,"href":"https:\/\/kiraoptical.com\/es\/wp-json\/wp\/v2\/comments?post=3988"}],"version-history":[{"count":0,"href":"https:\/\/kiraoptical.com\/es\/wp-json\/wp\/v2\/pages\/3988\/revisions"}],"wp:attachment":[{"href":"https:\/\/kiraoptical.com\/es\/wp-json\/wp\/v2\/media?parent=3988"}],"curies":[{"name":"wp","href":"https:\/\/api.w.org\/{rel}","templated":true}]}}