{"id":4249,"date":"2024-04-17T07:27:49","date_gmt":"2024-04-17T07:27:49","guid":{"rendered":"https:\/\/kiraoptical.com\/?post_type=product&#038;p=4249"},"modified":"2024-04-19T05:50:51","modified_gmt":"2024-04-19T05:50:51","slug":"spm-afm-scanning-probe-microscope-atomic-force-microscope","status":"publish","type":"product","link":"https:\/\/kiraoptical.com\/es\/producto\/spm-afm-scanning-probe-microscope-atomic-force-microscope\/","title":{"rendered":"SPM | AFM | Microscopio de sonda de barrido| Microscopio de fuerza at\u00f3mica"},"content":{"rendered":"<p>SPM | AFM | Microscopio de sonda de barrido| Microscopio de fuerza at\u00f3mica<\/p>\n<p><iframe title=\"Microscopio de fuerza at\u00f3mica\" width=\"1290\" height=\"726\" src=\"https:\/\/www.youtube.com\/embed\/A0eM9k7_5kU?feature=oembed\" frameborder=\"0\" allow=\"accelerometer; autoplay; clipboard-write; encrypted-media; gyroscope; picture-in-picture; web-share\" referrerpolicy=\"strict-origin-when-cross-origin\" allowfullscreen><\/iframe><\/p>\n<ol>\n<li>1. La sonda de exploraci\u00f3n y la platina de muestra integradas mejoran la capacidad antiinterferente del sistema de suspensi\u00f3n por resorte.<\/li>\n<li>El l\u00e1ser de precisi\u00f3n y el dispositivo de posicionamiento de la sonda hacen que el cambio de la sonda y el ajuste del punto sean sencillos y c\u00f3modos.<\/li>\n<li>El autoaproximaci\u00f3n de la muestra a la sonda proporciona una forma eficaz de evitar el choque del voladizo.<\/li>\n<li>La aproximaci\u00f3n vertical de la sonda de muestreo permite lograr un posicionamiento preciso del \u00e1rea de inter\u00e9s.<\/li>\n<li>El \u00e1rea de inter\u00e9s de exploraci\u00f3n de la muestra puede seleccionarse libremente con una tabla XY de alta precisi\u00f3n y amplio alcance.<\/li>\n<li>El sistema CCD de vista superior garantiza la observaci\u00f3n en tiempo real y el posicionamiento de la sonda en la regi\u00f3n de la muestra seleccionada.<\/li>\n<li>El dise\u00f1o modular del sistema de control electr\u00f3nico facilita el mantenimiento y las mejoras continuas.<\/li>\n<li>El modelo compacto 2000 puede transportarse f\u00e1cilmente dentro de una maleta de aluminio.<\/li>\n<li>La caja herm\u00e9tica del modelo 1000 proporciona un entorno controlado\n<p><figure id=\"attachment_4250\" aria-describedby=\"caption-attachment-4250\" style=\"width: 300px\" class=\"wp-caption alignnone\"><img fetchpriority=\"high\" decoding=\"async\" class=\"size-medium wp-image-4250\" src=\"https:\/\/kiraoptical.com\/wp-content\/uploads\/2024\/04\/2000-2-300x200.jpg\" alt=\"\" width=\"300\" height=\"200\" srcset=\"https:\/\/kiraoptical.com\/wp-content\/uploads\/2024\/04\/2000-2-300x200.jpg 300w, https:\/\/kiraoptical.com\/wp-content\/uploads\/2024\/04\/2000-2-scaled-600x400.jpg 600w, https:\/\/kiraoptical.com\/wp-content\/uploads\/2024\/04\/2000-2-1024x683.jpg 1024w, https:\/\/kiraoptical.com\/wp-content\/uploads\/2024\/04\/2000-2-768x512.jpg 768w, https:\/\/kiraoptical.com\/wp-content\/uploads\/2024\/04\/2000-2-1536x1024.jpg 1536w, https:\/\/kiraoptical.com\/wp-content\/uploads\/2024\/04\/2000-2-2048x1365.jpg 2048w, https:\/\/kiraoptical.com\/wp-content\/uploads\/2024\/04\/2000-2-18x12.jpg 18w, https:\/\/kiraoptical.com\/wp-content\/uploads\/2024\/04\/2000-2-64x43.jpg 64w\" sizes=\"(max-width: 300px) 100vw, 300px\" \/><figcaption id=\"caption-attachment-4250\" class=\"wp-caption-text\">Microscopio de sonda de barrido, microscopio de fuerza at\u00f3mica<\/figcaption><\/figure><\/li>\n<\/ol>","protected":false},"excerpt":{"rendered":"<p><strong>\u00a0<\/strong><\/p>\n<p><strong> SPM | AFM | Microscopio de sonda de barrido| Microscopio de fuerza at\u00f3mica<\/strong><\/p>\n<p><strong>Especificaciones principales<\/strong><\/p>\n<table width=\"661\">\n<tbody>\n<tr>\n<td width=\"187\">Modos de trabajo<\/td>\n<td width=\"474\">Contact mode and Tapping mode<\/p>\n<p>Phase, Friction (LFM), Magnetic (MFM), Electrostatic (EFM)<\/td>\n<\/tr>\n<tr>\n<td width=\"187\">Tama\u00f1o de la muestra<\/td>\n<td width=\"474\">\u03a6\u226490mm, H\u226420mm<\/td>\n<\/tr>\n<tr>\n<td width=\"187\">Esc\u00e1neres disponibles<\/td>\n<td width=\"474\">50&#215;50 um, 100x100um, 120\u00d7120um<\/td>\n<\/tr>\n<tr>\n<td width=\"187\">Resoluci\u00f3n de escaneado<\/td>\n<td width=\"474\">0,2nm en direcci\u00f3n XY,0,05nm en direcci\u00f3n Z.<\/td>\n<\/tr>\n<tr>\n<td width=\"187\">Rango de movimiento de la muestra<\/td>\n<td width=\"474\">\u00b16,5 mm.<\/td>\n<\/tr>\n<tr>\n<td width=\"187\">Ancho de impulso del motor paso a paso<\/td>\n<td width=\"474\">10\u00b12ms<\/td>\n<\/tr>\n<tr>\n<td width=\"187\">Puntos de muestreo de im\u00e1genes<\/td>\n<td width=\"474\">512\u00d7512 Escaneo simult\u00e1neo de 6 canales a 4096 x 4096 p\u00edxeles<\/td>\n<\/tr>\n<tr>\n<td width=\"187\">Aumento \u00f3ptico 4X<\/td>\n<td width=\"474\">resoluci\u00f3n \u00f3ptica 2,5 um<\/td>\n<\/tr>\n<tr>\n<td width=\"187\">Velocidad de exploraci\u00f3n 0,6Hz~4,34Hz<\/td>\n<td width=\"474\">\u00e1ngulo de exploraci\u00f3n 0\u00b0~360<\/td>\n<\/tr>\n<tr>\n<td width=\"187\">Control de exploraci\u00f3n<\/td>\n<td width=\"474\">D\/A de 18 bits en direcci\u00f3n XY, D\/A de 16 bits en direcci\u00f3n Z.<\/td>\n<\/tr>\n<tr>\n<td width=\"187\">Muestreo de datos<\/td>\n<td width=\"474\">Muestreo s\u00edncrono multicanal A\/D de 14 bits, doble A\/D de 16 bits.<\/td>\n<\/tr>\n<tr>\n<td width=\"187\">Ac\u00e9rquese a<\/td>\n<td width=\"474\">Automatic with DC motor and optical Z-position<\/p>\n<p>encoder, &lt; 2\u03bcm resolution<\/td>\n<\/tr>\n<tr>\n<td width=\"187\">Light Source for<\/p>\n<p>Optical Microscope<\/td>\n<td width=\"474\">LED blanco, ajustable desde el tornillo de la caja de control<\/td>\n<\/tr>\n<tr>\n<td width=\"187\">Aislamiento de vibraciones<\/td>\n<td width=\"474\">Colgar en primavera<\/td>\n<\/tr>\n<tr>\n<td width=\"187\">Optical Microscope &amp; Digital Camera<\/td>\n<td width=\"474\">390\u03bcm x 230 \u03bcm FOV Full HD camera,<\/p>\n<p>1920 x 1080 pixels, 30fps<\/td>\n<\/tr>\n<tr>\n<td width=\"187\">Comentarios<\/td>\n<td width=\"474\">Retroalimentaci\u00f3n digital DSP<\/td>\n<\/tr>\n<tr>\n<td width=\"187\">Retroalimentaci\u00f3nvelocidad de muestreo<\/td>\n<td width=\"474\">64 kHz.<\/td>\n<\/tr>\n<tr>\n<td width=\"187\">Dimensi\u00f3n Cabeza<\/td>\n<td width=\"474\">31 23 47cm(Largo\u00d7ancho\u00d7alto)<\/td>\n<\/tr>\n<tr>\n<td width=\"187\">Controlador de dimensiones<\/td>\n<td width=\"474\">35 30 13cm (L\u00d7A\u00d7H)<\/td>\n<\/tr>\n<tr>\n<td width=\"187\">Requisitos de potencia<\/td>\n<td width=\"474\">100-240 Vca, 50\/60 Hz, 50 VA<\/td>\n<\/tr>\n<tr>\n<td width=\"187\">Interfaz de ordenador<\/td>\n<td width=\"474\">USB 2.0<\/td>\n<\/tr>\n<tr>\n<td width=\"187\">Sistema operativo<\/td>\n<td width=\"474\">Windows XP\/7\/8\/10<\/td>\n<\/tr>\n<\/tbody>\n<\/table>\n<p>&nbsp;<\/p>\n<p>&nbsp;<\/p>\n<p>&nbsp;<\/p>\n<p>&nbsp;<\/p>","protected":false},"featured_media":4250,"template":"","meta":[],"product_brand":[],"product_cat":[48],"product_tag":[53,52],"class_list":{"0":"post-4249","1":"product","2":"type-product","3":"status-publish","4":"has-post-thumbnail","6":"product_cat-scanning-probe-microscopy","7":"product_tag-atomic-force","8":"product_tag-spm-afm-scanning-probe-microscope-atomic-force-microscope","10":"first","11":"instock","12":"sale","13":"sold-individually","14":"taxable","15":"shipping-taxable","16":"purchasable","17":"product-type-simple"},"_links":{"self":[{"href":"https:\/\/kiraoptical.com\/es\/wp-json\/wp\/v2\/product\/4249","targetHints":{"allow":["GET"]}}],"collection":[{"href":"https:\/\/kiraoptical.com\/es\/wp-json\/wp\/v2\/product"}],"about":[{"href":"https:\/\/kiraoptical.com\/es\/wp-json\/wp\/v2\/types\/product"}],"version-history":[{"count":0,"href":"https:\/\/kiraoptical.com\/es\/wp-json\/wp\/v2\/product\/4249\/revisions"}],"wp:featuredmedia":[{"embeddable":true,"href":"https:\/\/kiraoptical.com\/es\/wp-json\/wp\/v2\/media\/4250"}],"wp:attachment":[{"href":"https:\/\/kiraoptical.com\/es\/wp-json\/wp\/v2\/media?parent=4249"}],"wp:term":[{"taxonomy":"product_brand","embeddable":true,"href":"https:\/\/kiraoptical.com\/es\/wp-json\/wp\/v2\/product_brand?post=4249"},{"taxonomy":"product_cat","embeddable":true,"href":"https:\/\/kiraoptical.com\/es\/wp-json\/wp\/v2\/product_cat?post=4249"},{"taxonomy":"product_tag","embeddable":true,"href":"https:\/\/kiraoptical.com\/es\/wp-json\/wp\/v2\/product_tag?post=4249"}],"curies":[{"name":"wp","href":"https:\/\/api.w.org\/{rel}","templated":true}]}}