{"id":4328,"date":"2024-05-16T07:13:39","date_gmt":"2024-05-16T07:13:39","guid":{"rendered":"https:\/\/kiraoptical.com\/?post_type=product&#038;p=4328"},"modified":"2024-05-16T07:45:34","modified_gmt":"2024-05-16T07:45:34","slug":"student-stereo-microscope-for-electronics-repair-triocular-microscopy","status":"publish","type":"product","link":"https:\/\/kiraoptical.com\/es\/producto\/student-stereo-microscope-for-electronics-repair-triocular-microscopy\/","title":{"rendered":"Microscopio estereosc\u00f3pico para estudiantes para reparaci\u00f3n de electr\u00f3nica Microscopio triocular"},"content":{"rendered":"<p>Microscopio estereosc\u00f3pico para estudiantes para reparaci\u00f3n de electr\u00f3nica Microscopio triocular<\/p>\n<p><img fetchpriority=\"high\" decoding=\"async\" class=\"alignnone wp-image-4331\" src=\"https:\/\/kiraoptical.com\/wp-content\/uploads\/2024\/05\/DSC_3654-1-300x199.jpg\" alt=\"\" width=\"320\" height=\"212\" srcset=\"https:\/\/kiraoptical.com\/wp-content\/uploads\/2024\/05\/DSC_3654-1-300x199.jpg 300w, https:\/\/kiraoptical.com\/wp-content\/uploads\/2024\/05\/DSC_3654-1-1024x678.jpg 1024w, https:\/\/kiraoptical.com\/wp-content\/uploads\/2024\/05\/DSC_3654-1-768x509.jpg 768w, https:\/\/kiraoptical.com\/wp-content\/uploads\/2024\/05\/DSC_3654-1-1536x1017.jpg 1536w, https:\/\/kiraoptical.com\/wp-content\/uploads\/2024\/05\/DSC_3654-1-2048x1356.jpg 2048w, https:\/\/kiraoptical.com\/wp-content\/uploads\/2024\/05\/DSC_3654-1-18x12.jpg 18w, https:\/\/kiraoptical.com\/wp-content\/uploads\/2024\/05\/DSC_3654-1-600x397.jpg 600w, https:\/\/kiraoptical.com\/wp-content\/uploads\/2024\/05\/DSC_3654-1-64x42.jpg 64w\" sizes=\"(max-width: 320px) 100vw, 320px\" \/><img decoding=\"async\" class=\"alignnone wp-image-4330\" src=\"https:\/\/kiraoptical.com\/wp-content\/uploads\/2024\/05\/DSC_3647-3-300x199.jpg\" alt=\"\" width=\"255\" height=\"169\" srcset=\"https:\/\/kiraoptical.com\/wp-content\/uploads\/2024\/05\/DSC_3647-3-300x199.jpg 300w, https:\/\/kiraoptical.com\/wp-content\/uploads\/2024\/05\/DSC_3647-3-1024x678.jpg 1024w, https:\/\/kiraoptical.com\/wp-content\/uploads\/2024\/05\/DSC_3647-3-768x509.jpg 768w, https:\/\/kiraoptical.com\/wp-content\/uploads\/2024\/05\/DSC_3647-3-1536x1017.jpg 1536w, https:\/\/kiraoptical.com\/wp-content\/uploads\/2024\/05\/DSC_3647-3-2048x1356.jpg 2048w, https:\/\/kiraoptical.com\/wp-content\/uploads\/2024\/05\/DSC_3647-3-18x12.jpg 18w, https:\/\/kiraoptical.com\/wp-content\/uploads\/2024\/05\/DSC_3647-3-600x397.jpg 600w, https:\/\/kiraoptical.com\/wp-content\/uploads\/2024\/05\/DSC_3647-3-64x42.jpg 64w\" sizes=\"(max-width: 255px) 100vw, 255px\" \/><\/p>\n<table style=\"border-collapse: collapse; width: 468pt;\" border=\"0\" width=\"621\" cellspacing=\"0\" cellpadding=\"0\">\n<tbody>\n<tr style=\"height: 14.0pt;\">\n<td class=\"xl65\" style=\"border-bottom: .5pt solid black; height: 42.0pt; width: 52pt;\" rowspan=\"3\" width=\"69\" height=\"57\">Ocular<\/td>\n<td class=\"xl68\" style=\"border-right: .5pt solid black; border-left: none; width: 104pt; box-sizing: border-box;\" colspan=\"2\" width=\"138\">Est\u00e1ndar<\/td>\n<td class=\"xl68\" style=\"border-right: .5pt solid black; border-left: none; width: 104pt; box-sizing: border-box;\" colspan=\"2\" width=\"138\">Lente auxiliar 0,5X<\/td>\n<td class=\"xl68\" style=\"border-right: .5pt solid black; border-left: none; width: 104pt; box-sizing: border-box;\" colspan=\"2\" width=\"138\">Objetivo auxiliar 1,5X<\/td>\n<td class=\"xl68\" style=\"border-right: .5pt solid black; border-left: none; width: 104pt; box-sizing: border-box;\" colspan=\"2\" width=\"138\">Lente auxiliar 2X<\/td>\n<\/tr>\n<tr style=\"height: 14.0pt;\">\n<td class=\"xl68\" style=\"border-right: .5pt solid black; height: 14.0pt; border-left: none; width: 104pt;\" colspan=\"2\" width=\"138\" height=\"19\">Anchura 100 mm<\/td>\n<td class=\"xl68\" style=\"border-right: .5pt solid black; border-left: none; width: 104pt; box-sizing: border-box;\" colspan=\"2\" width=\"138\">Anchura 165 mm<\/td>\n<td class=\"xl68\" style=\"border-right: .5pt solid black; border-left: none; width: 104pt; box-sizing: border-box;\" colspan=\"2\" width=\"138\">D.E. 45mm<\/td>\n<td class=\"xl68\" style=\"border-right: .5pt solid black; border-left: none; width: 104pt; box-sizing: border-box;\" colspan=\"2\" width=\"138\">D.E. 30mm<\/td>\n<\/tr>\n<tr style=\"height: 14.0pt;\">\n<td class=\"xl64\" style=\"height: 14.0pt; border-top: none; border-left: none; width: 52pt;\" width=\"69\" height=\"19\">Mag.<\/td>\n<td class=\"xl64\" style=\"border-top: none; border-left: none; width: 52pt; box-sizing: border-box;\" width=\"69\">F.O.V<\/td>\n<td class=\"xl64\" style=\"border-top: none; border-left: none; width: 52pt; box-sizing: border-box;\" width=\"69\">Mag.<\/td>\n<td class=\"xl64\" style=\"border-top: none; border-left: none; width: 52pt; box-sizing: border-box;\" width=\"69\">F.O.V<\/td>\n<td class=\"xl64\" style=\"border-top: none; border-left: none; width: 52pt; box-sizing: border-box;\" width=\"69\">Mag.<\/td>\n<td class=\"xl64\" style=\"border-top: none; border-left: none; width: 52pt; box-sizing: border-box;\" width=\"69\">F.O.V<\/td>\n<td class=\"xl64\" style=\"border-top: none; border-left: none; width: 52pt; box-sizing: border-box;\" width=\"69\">Mag.<\/td>\n<td class=\"xl64\" style=\"border-top: none; border-left: none; width: 52pt; box-sizing: border-box;\" width=\"69\">F.O.V<\/td>\n<\/tr>\n<tr style=\"height: 14.0pt; box-sizing: border-box;\">\n<td class=\"xl65\" style=\"border-bottom: .5pt solid black; height: 28.0pt; border-top: none; width: 52pt; box-sizing: border-box;\" rowspan=\"2\" width=\"69\" height=\"38\">10X\/20mm<\/td>\n<td class=\"xl64\" style=\"border-top: none; border-left: none; width: 52pt; box-sizing: border-box;\" width=\"69\">7.0X<\/td>\n<td class=\"xl64\" style=\"border-top: none; border-left: none; width: 52pt; box-sizing: border-box;\" width=\"69\">28,6 mm<\/td>\n<td class=\"xl64\" style=\"border-top: none; border-left: none; width: 52pt; box-sizing: border-box;\" width=\"69\">3.5X<\/td>\n<td class=\"xl64\" style=\"border-top: none; border-left: none; width: 52pt; box-sizing: border-box;\" width=\"69\">57,1 mm<\/td>\n<td class=\"xl64\" style=\"border-top: none; border-left: none; width: 52pt; box-sizing: border-box;\" width=\"69\">10.5X<\/td>\n<td class=\"xl64\" style=\"border-top: none; border-left: none; width: 52pt; box-sizing: border-box;\" width=\"69\">19 mm<\/td>\n<td class=\"xl64\" style=\"border-top: none; border-left: none; width: 52pt; box-sizing: border-box;\" width=\"69\">14.0X<\/td>\n<td class=\"xl64\" style=\"border-top: none; border-left: none; width: 52pt; box-sizing: border-box;\" width=\"69\">14,3 mm<\/td>\n<\/tr>\n<tr style=\"height: 14.0pt;\">\n<td class=\"xl64\" style=\"height: 14.0pt; border-top: none; border-left: none; width: 52pt;\" width=\"69\" height=\"19\">45.0X<\/td>\n<td class=\"xl64\" style=\"border-top: none; border-left: none; width: 52pt; box-sizing: border-box;\" width=\"69\">4,4 mm<\/td>\n<td class=\"xl64\" style=\"border-top: none; border-left: none; width: 52pt; box-sizing: border-box;\" width=\"69\">22.5X<\/td>\n<td class=\"xl64\" style=\"border-top: none; border-left: none; width: 52pt; box-sizing: border-box;\" width=\"69\">8.9mm<\/td>\n<td class=\"xl64\" style=\"border-top: none; border-left: none; width: 52pt; box-sizing: border-box;\" width=\"69\">67.5X<\/td>\n<td class=\"xl64\" style=\"border-top: none; border-left: none; width: 52pt; box-sizing: border-box;\" width=\"69\">3 mm<\/td>\n<td class=\"xl64\" style=\"border-top: none; border-left: none; width: 52pt; box-sizing: border-box;\" width=\"69\">90.0X<\/td>\n<td class=\"xl64\" style=\"border-top: none; border-left: none; width: 52pt; box-sizing: border-box;\" width=\"69\">2,2 mm<\/td>\n<\/tr>\n<tr style=\"height: 14.0pt; box-sizing: border-box;\">\n<td class=\"xl65\" style=\"border-bottom: .5pt solid black; height: 28.0pt; border-top: none; width: 52pt; box-sizing: border-box;\" rowspan=\"2\" width=\"69\" height=\"38\">15X\/15mm<\/td>\n<td class=\"xl64\" style=\"border-top: none; border-left: none; width: 52pt; box-sizing: border-box;\" width=\"69\">10.5X<\/td>\n<td class=\"xl64\" style=\"border-top: none; border-left: none; width: 52pt; box-sizing: border-box;\" width=\"69\">21,1 mm<\/td>\n<td class=\"xl64\" style=\"border-top: none; border-left: none; width: 52pt; box-sizing: border-box;\" width=\"69\">5.25X<\/td>\n<td class=\"xl64\" style=\"border-top: none; border-left: none; width: 52pt; box-sizing: border-box;\" width=\"69\">42,8 mm<\/td>\n<td class=\"xl64\" style=\"border-top: none; border-left: none; width: 52pt; box-sizing: border-box;\" width=\"69\">15.75X<\/td>\n<td class=\"xl64\" style=\"border-top: none; border-left: none; width: 52pt; box-sizing: border-box;\" width=\"69\">14,3 mm<\/td>\n<td class=\"xl64\" style=\"border-top: none; border-left: none; width: 52pt; box-sizing: border-box;\" width=\"69\">21.0X<\/td>\n<td class=\"xl64\" style=\"border-top: none; border-left: none; width: 52pt; box-sizing: border-box;\" width=\"69\">10,7 mm<\/td>\n<\/tr>\n<tr style=\"height: 14.0pt;\">\n<td class=\"xl64\" style=\"height: 14.0pt; border-top: none; border-left: none; width: 52pt;\" width=\"69\" height=\"19\">67.5X<\/td>\n<td class=\"xl64\" style=\"border-top: none; border-left: none; width: 52pt; box-sizing: border-box;\" width=\"69\">3,3 mm<\/td>\n<td class=\"xl64\" style=\"border-top: none; border-left: none; width: 52pt; box-sizing: border-box;\" width=\"69\">33.75X<\/td>\n<td class=\"xl64\" style=\"border-top: none; border-left: none; width: 52pt; box-sizing: border-box;\" width=\"69\">6,7 mm<\/td>\n<td class=\"xl64\" style=\"border-top: none; border-left: none; width: 52pt; box-sizing: border-box;\" width=\"69\">101.25X<\/td>\n<td class=\"xl64\" style=\"border-top: none; border-left: none; width: 52pt; box-sizing: border-box;\" width=\"69\">2,2 mm<\/td>\n<td class=\"xl64\" style=\"border-top: none; border-left: none; width: 52pt; box-sizing: border-box;\" width=\"69\">135.0X<\/td>\n<td class=\"xl64\" style=\"border-top: none; border-left: none; width: 52pt; box-sizing: border-box;\" width=\"69\">1,7 mm<\/td>\n<\/tr>\n<tr style=\"height: 14.0pt; box-sizing: border-box;\">\n<td class=\"xl65\" style=\"border-bottom: .5pt solid black; height: 28.0pt; border-top: none; width: 52pt; box-sizing: border-box;\" rowspan=\"2\" width=\"69\" height=\"38\">20X\/10mm<\/td>\n<td class=\"xl64\" style=\"border-top: none; border-left: none; width: 52pt; box-sizing: border-box;\" width=\"69\">14.0X<\/td>\n<td class=\"xl64\" style=\"border-top: none; border-left: none; width: 52pt; box-sizing: border-box;\" width=\"69\">14,3 mm<\/td>\n<td class=\"xl64\" style=\"border-top: none; border-left: none; width: 52pt; box-sizing: border-box;\" width=\"69\">7.0X<\/td>\n<td class=\"xl64\" style=\"border-top: none; border-left: none; width: 52pt; box-sizing: border-box;\" width=\"69\">28,6 mm<\/td>\n<td class=\"xl64\" style=\"border-top: none; border-left: none; width: 52pt; box-sizing: border-box;\" width=\"69\">21.0X<\/td>\n<td class=\"xl64\" style=\"border-top: none; border-left: none; width: 52pt; box-sizing: border-box;\" width=\"69\">9,5 mm<\/td>\n<td class=\"xl64\" style=\"border-top: none; border-left: none; width: 52pt; box-sizing: border-box;\" width=\"69\">28.0X<\/td>\n<td class=\"xl64\" style=\"border-top: none; border-left: none; width: 52pt; box-sizing: border-box;\" width=\"69\">7,1 mm<\/td>\n<\/tr>\n<tr style=\"height: 14.0pt;\">\n<td class=\"xl64\" style=\"height: 14.0pt; border-top: none; border-left: none; width: 52pt;\" width=\"69\" height=\"19\">90.0X<\/td>\n<td class=\"xl64\" style=\"border-top: none; border-left: none; width: 52pt; box-sizing: border-box;\" width=\"69\">2,2 mm<\/td>\n<td class=\"xl64\" style=\"border-top: none; border-left: none; width: 52pt; box-sizing: border-box;\" width=\"69\">45.0X<\/td>\n<td class=\"xl64\" style=\"border-top: none; border-left: none; width: 52pt; box-sizing: border-box;\" width=\"69\">4,4 mm<\/td>\n<td class=\"xl64\" style=\"border-top: none; border-left: none; width: 52pt; box-sizing: border-box;\" width=\"69\">135.0X<\/td>\n<td class=\"xl64\" style=\"border-top: none; border-left: none; width: 52pt; box-sizing: border-box;\" width=\"69\">1,5 mm<\/td>\n<td class=\"xl64\" style=\"border-top: none; border-left: none; width: 52pt; box-sizing: border-box;\" width=\"69\">180.0X<\/td>\n<td class=\"xl64\" style=\"border-top: none; border-left: none; width: 52pt; box-sizing: border-box;\" width=\"69\">1,1 mm<\/td>\n<\/tr>\n<tr style=\"height: 14.0pt; box-sizing: border-box;\">\n<td class=\"xl65\" style=\"border-bottom: .5pt solid black; height: 28.0pt; border-top: none; width: 52pt; box-sizing: border-box;\" rowspan=\"2\" width=\"69\" height=\"38\">25X\/9mm<\/td>\n<td class=\"xl64\" style=\"border-top: none; border-left: none; width: 52pt; box-sizing: border-box;\" width=\"69\">17.5X<\/td>\n<td class=\"xl64\" style=\"border-top: none; border-left: none; width: 52pt; box-sizing: border-box;\" width=\"69\">12,9 mm<\/td>\n<td class=\"xl64\" style=\"border-top: none; border-left: none; width: 52pt; box-sizing: border-box;\" width=\"69\">8.85X<\/td>\n<td class=\"xl64\" style=\"border-top: none; border-left: none; width: 52pt; box-sizing: border-box;\" width=\"69\">25,4 mm<\/td>\n<td class=\"xl64\" style=\"border-top: none; border-left: none; width: 52pt; box-sizing: border-box;\" width=\"69\">26.2X<\/td>\n<td class=\"xl64\" style=\"border-top: none; border-left: none; width: 52pt; box-sizing: border-box;\" width=\"69\">8,6 mm<\/td>\n<td class=\"xl64\" style=\"border-top: none; border-left: none; width: 52pt; box-sizing: border-box;\" width=\"69\">35.0X<\/td>\n<td class=\"xl64\" style=\"border-top: none; border-left: none; width: 52pt; box-sizing: border-box;\" width=\"69\">6,4 mm<\/td>\n<\/tr>\n<tr style=\"height: 14.0pt;\">\n<td class=\"xl64\" style=\"height: 14.0pt; border-top: none; border-left: none; width: 52pt;\" width=\"69\" height=\"19\">112.5X<\/td>\n<td class=\"xl64\" style=\"border-top: none; border-left: none; width: 52pt; box-sizing: border-box;\" width=\"69\">2,0 mm<\/td>\n<td class=\"xl64\" style=\"border-top: none; border-left: none; width: 52pt; box-sizing: border-box;\" width=\"69\">56.3X<\/td>\n<td class=\"xl64\" style=\"border-top: none; border-left: none; width: 52pt; box-sizing: border-box;\" width=\"69\">4,0 mm<\/td>\n<td class=\"xl64\" style=\"border-top: none; border-left: none; width: 52pt; box-sizing: border-box;\" width=\"69\">168.8X<\/td>\n<td class=\"xl64\" style=\"border-top: none; border-left: none; width: 52pt; box-sizing: border-box;\" width=\"69\">1,3 mm<\/td>\n<td class=\"xl64\" style=\"border-top: none; border-left: none; width: 52pt; box-sizing: border-box;\" width=\"69\">225.0X<\/td>\n<td class=\"xl64\" style=\"border-top: none; border-left: none; width: 52pt; box-sizing: border-box;\" width=\"69\">1,0 mm<\/td>\n<\/tr>\n<tr style=\"height: 14.0pt; box-sizing: border-box;\">\n<td class=\"xl65\" style=\"border-bottom: .5pt solid black; height: 28.0pt; border-top: none; width: 52pt; box-sizing: border-box;\" rowspan=\"2\" width=\"69\" height=\"38\">30X\/8mm<\/td>\n<td class=\"xl64\" style=\"border-top: none; border-left: none; width: 52pt; box-sizing: border-box;\" width=\"69\">21.0X<\/td>\n<td class=\"xl64\" style=\"border-top: none; border-left: none; width: 52pt; box-sizing: border-box;\" width=\"69\">11,4 mm<\/td>\n<td class=\"xl64\" style=\"border-top: none; border-left: none; width: 52pt; box-sizing: border-box;\" width=\"69\">10.5X<\/td>\n<td class=\"xl64\" style=\"border-top: none; border-left: none; width: 52pt; box-sizing: border-box;\" width=\"69\">22,9 mm<\/td>\n<td class=\"xl64\" style=\"border-top: none; border-left: none; width: 52pt; box-sizing: border-box;\" width=\"69\">31.5X<\/td>\n<td class=\"xl64\" style=\"border-top: none; border-left: none; width: 52pt; box-sizing: border-box;\" width=\"69\">7,6 mm<\/td>\n<td class=\"xl64\" style=\"border-top: none; border-left: none; width: 52pt; box-sizing: border-box;\" width=\"69\">42.0X<\/td>\n<td class=\"xl64\" style=\"border-top: none; border-left: none; width: 52pt; box-sizing: border-box;\" width=\"69\">5,7 mm<\/td>\n<\/tr>\n<tr style=\"height: 14.0pt;\">\n<td class=\"xl64\" style=\"height: 14.0pt; border-top: none; border-left: none; width: 52pt;\" width=\"69\" height=\"19\">135.0X<\/td>\n<td class=\"xl64\" style=\"border-top: none; border-left: none; width: 52pt; box-sizing: border-box;\" width=\"69\">1,8 mm<\/td>\n<td class=\"xl64\" style=\"border-top: none; border-left: none; width: 52pt; box-sizing: border-box;\" width=\"69\">67.5X<\/td>\n<td class=\"xl64\" style=\"border-top: none; border-left: none; width: 52pt; box-sizing: border-box;\" width=\"69\">3,6 mm<\/td>\n<td class=\"xl64\" style=\"border-top: none; border-left: none; width: 52pt; box-sizing: border-box;\" width=\"69\">202.5X<\/td>\n<td class=\"xl64\" style=\"border-top: none; border-left: none; width: 52pt; box-sizing: border-box;\" width=\"69\">1,2 mm<\/td>\n<td class=\"xl64\" style=\"border-top: none; border-left: none; width: 52pt; box-sizing: border-box;\" width=\"69\">270.0X<\/td>\n<td class=\"xl64\" style=\"border-top: none; border-left: none; width: 52pt; box-sizing: border-box;\" width=\"69\">0,9 mm<\/td>\n<\/tr>\n<tr style=\"height: 14.0pt; box-sizing: border-box;\">\n<td class=\"xl64\" style=\"height: 14.0pt; border-top: none; width: 52pt; box-sizing: border-box;\" width=\"69\" height=\"19\">Aumento<\/td>\n<td class=\"xl70\" style=\"border-right: .5pt solid black; border-left: none; width: 416pt; box-sizing: border-box;\" colspan=\"8\" width=\"552\">\u00a0 7X-45X, 3,5X-270X con oculares y objetivos opcionales<\/td>\n<\/tr>\n<tr style=\"height: 14.0pt; box-sizing: border-box;\">\n<td class=\"xl64\" style=\"height: 14.0pt; border-top: none; width: 52pt; box-sizing: border-box;\" width=\"69\" height=\"19\">Ocular<\/td>\n<td class=\"xl70\" style=\"border-right: .5pt solid black; border-left: none; width: 416pt; box-sizing: border-box;\" colspan=\"8\" width=\"552\">\u00a0 WF10X\/20 mm, punto de mira alto, campo amplio; c\u00f3modo para observadores con gafas<\/td>\n<\/tr>\n<tr style=\"height: 18.0pt; box-sizing: border-box;\">\n<td class=\"xl64\" style=\"height: 18.0pt; border-top: none; width: 52pt; box-sizing: border-box;\" width=\"69\" height=\"24\">Ocular opcional<\/td>\n<td class=\"xl70\" style=\"border-right: .5pt solid black; border-left: none; width: 416pt; box-sizing: border-box;\" colspan=\"8\" width=\"552\">\u00a0 WF10X\/20mm, WF15X\/15mm, WF20X\/10mm, WF25X\/9mm, WF30X\/8mm<\/td>\n<\/tr>\n<tr style=\"height: 14.0pt; box-sizing: border-box;\">\n<td class=\"xl65\" style=\"border-bottom: .5pt solid black; height: 28.0pt; border-top: none; width: 52pt; box-sizing: border-box;\" rowspan=\"2\" width=\"69\" height=\"38\">Cuerpo principal<\/td>\n<td class=\"xl70\" style=\"border-right: .5pt solid black; border-left: none; width: 416pt; box-sizing: border-box;\" colspan=\"8\" width=\"552\">\u00a0 Cabezal trinocular, inclinado 45\u00b0, giratorio 360\u00b0, bloqueable en la posici\u00f3n deseada<\/td>\n<\/tr>\n<tr style=\"height: 14.0pt;\">\n<td class=\"xl70\" style=\"border-right: .5pt solid black; height: 14.0pt; border-left: none; width: 416pt;\" colspan=\"8\" width=\"552\" height=\"19\">\u00a0 Ajuste de la distancia interpupilar:54-76mm; Ajuste de dioptr\u00edas:\u00b15 dioptr\u00edas<\/td>\n<\/tr>\n<tr style=\"height: 14.0pt; box-sizing: border-box;\">\n<td class=\"xl64\" style=\"height: 14.0pt; border-top: none; width: 52pt; box-sizing: border-box;\" width=\"69\" height=\"19\">Objetivo<\/td>\n<td class=\"xl70\" style=\"border-right: .5pt solid black; border-left: none; width: 416pt; box-sizing: border-box;\" colspan=\"8\" width=\"552\">\u00a0 Zoom est\u00e9reo 0,7X-4,5X; Relaci\u00f3n de zoom:6,4:1<\/td>\n<\/tr>\n<tr style=\"height: 14.0pt; box-sizing: border-box;\">\n<td class=\"xl64\" style=\"height: 14.0pt; border-top: none; width: 52pt; box-sizing: border-box;\" width=\"69\" height=\"19\">Lente auxiliar<\/td>\n<td class=\"xl70\" style=\"border-right: .5pt solid black; border-left: none; width: 416pt; box-sizing: border-box;\" colspan=\"8\" width=\"552\">\u00a0 0,3X, 0,5X, 0,7X, 0,75X, 1,5X, 2X<\/td>\n<\/tr>\n<tr style=\"height: 18.0pt; box-sizing: border-box;\">\n<td class=\"xl64\" style=\"height: 18.0pt; border-top: none; width: 52pt; box-sizing: border-box;\" width=\"69\" height=\"24\">Montura de enfoque<\/td>\n<td class=\"xl70\" style=\"border-right: .5pt solid black; border-left: none; width: 416pt; box-sizing: border-box;\" colspan=\"8\" width=\"552\">\u00a0 Soporte de carril de enfoque con distancia de trabajo vertical de 50 mm<\/td>\n<\/tr>\n<tr style=\"height: 14.0pt; box-sizing: border-box;\">\n<td class=\"xl64\" style=\"height: 14.0pt; border-top: none; width: 52pt; box-sizing: border-box;\" width=\"69\" height=\"19\">Iluminaci\u00f3n<\/td>\n<td class=\"xl70\" style=\"border-right: .5pt solid black; border-left: none; width: 416pt; box-sizing: border-box;\" colspan=\"8\" width=\"552\">\u00a0 Iluminaci\u00f3n LED transmitida y reflejada con interruptores independientes e intensidad regulable<\/td>\n<\/tr>\n<\/tbody>\n<\/table>\n<p>&nbsp;<\/p>\n<p>&nbsp;<\/p>\n<p>&nbsp;<\/p>","protected":false},"excerpt":{"rendered":"<p>Student Stereo Microscope for electronics repair Triocular microscopy Eyepiece Standard Auxiliary Lens 0.5X Auxiliary Lens 1.5X Auxiliary Lens 2X W.D. 100mm W.D. 165mm W.D. 45mm W.D. 30mm Mag. F.O.V Mag. F.O.V Mag. F.O.V Mag. F.O.V 10X\/20mm 7.0X 28.6mm 3.5X 57.1mm 10.5X 19mm 14.0X 14.3mm 45.0X 4.4mm 22.5X 8.9mm 67.5X 3mm 90.0X 2.2mm 15X\/15mm 10.5X 21.1mm [&hellip;]<\/p>\n","protected":false},"featured_media":4331,"template":"","meta":{"site-sidebar-layout":"default","site-content-layout":"","ast-site-content-layout":"default","site-content-style":"default","site-sidebar-style":"default","ast-global-header-display":"","ast-banner-title-visibility":"","ast-main-header-display":"","ast-hfb-above-header-display":"","ast-hfb-below-header-display":"","ast-hfb-mobile-header-display":"","site-post-title":"","ast-breadcrumbs-content":"","ast-featured-img":"","footer-sml-layout":"","theme-transparent-header-meta":"default","adv-header-id-meta":"","stick-header-meta":"default","header-above-stick-meta":"","header-main-stick-meta":"","header-below-stick-meta":"","astra-migrate-meta-layouts":"set","ast-page-background-enabled":"default","ast-page-background-meta":{"desktop":{"background-color":"","background-image":"","background-repeat":"repeat","background-position":"center center","background-size":"auto","background-attachment":"scroll","background-type":"","background-media":"","overlay-type":"","overlay-color":"","overlay-opacity":"","overlay-gradient":""},"tablet":{"background-color":"","background-image":"","background-repeat":"repeat","background-position":"center center","background-size":"auto","background-attachment":"scroll","background-type":"","background-media":"","overlay-type":"","overlay-color":"","overlay-opacity":"","overlay-gradient":""},"mobile":{"background-color":"","background-image":"","background-repeat":"repeat","background-position":"center center","background-size":"auto","background-attachment":"scroll","background-type":"","background-media":"","overlay-type":"","overlay-color":"","overlay-opacity":"","overlay-gradient":""}},"ast-content-background-meta":{"desktop":{"background-color":"var(--ast-global-color-5)","background-image":"","background-repeat":"repeat","background-position":"center center","background-size":"auto","background-attachment":"scroll","background-type":"","background-media":"","overlay-type":"","overlay-color":"","overlay-opacity":"","overlay-gradient":""},"tablet":{"background-color":"var(--ast-global-color-5)","background-image":"","background-repeat":"repeat","background-position":"center center","background-size":"auto","background-attachment":"scroll","background-type":"","background-media":"","overlay-type":"","overlay-color":"","overlay-opacity":"","overlay-gradient":""},"mobile":{"background-color":"var(--ast-global-color-5)","background-image":"","background-repeat":"repeat","background-position":"center center","background-size":"auto","background-attachment":"scroll","background-type":"","background-media":"","overlay-type":"","overlay-color":"","overlay-opacity":"","overlay-gradient":""}}},"product_brand":[],"product_cat":[39],"product_tag":[],"class_list":{"0":"post-4328","1":"product","2":"type-product","3":"status-publish","4":"has-post-thumbnail","6":"product_cat-stereo-microscope","7":"desktop-align-left","8":"tablet-align-left","9":"mobile-align-left","10":"ast-product-gallery-layout-horizontal-slider","11":"ast-product-tabs-layout-horizontal","13":"first","14":"instock","15":"product-type-simple"},"_links":{"self":[{"href":"https:\/\/kiraoptical.com\/es\/wp-json\/wp\/v2\/product\/4328","targetHints":{"allow":["GET"]}}],"collection":[{"href":"https:\/\/kiraoptical.com\/es\/wp-json\/wp\/v2\/product"}],"about":[{"href":"https:\/\/kiraoptical.com\/es\/wp-json\/wp\/v2\/types\/product"}],"version-history":[{"count":0,"href":"https:\/\/kiraoptical.com\/es\/wp-json\/wp\/v2\/product\/4328\/revisions"}],"wp:featuredmedia":[{"embeddable":true,"href":"https:\/\/kiraoptical.com\/es\/wp-json\/wp\/v2\/media\/4331"}],"wp:attachment":[{"href":"https:\/\/kiraoptical.com\/es\/wp-json\/wp\/v2\/media?parent=4328"}],"wp:term":[{"taxonomy":"product_brand","embeddable":true,"href":"https:\/\/kiraoptical.com\/es\/wp-json\/wp\/v2\/product_brand?post=4328"},{"taxonomy":"product_cat","embeddable":true,"href":"https:\/\/kiraoptical.com\/es\/wp-json\/wp\/v2\/product_cat?post=4328"},{"taxonomy":"product_tag","embeddable":true,"href":"https:\/\/kiraoptical.com\/es\/wp-json\/wp\/v2\/product_tag?post=4328"}],"curies":[{"name":"wp","href":"https:\/\/api.w.org\/{rel}","templated":true}]}}