{"id":4651,"date":"2024-09-20T05:59:53","date_gmt":"2024-09-20T05:59:53","guid":{"rendered":"https:\/\/kiraoptical.com\/?post_type=product&#038;p=4651"},"modified":"2025-02-19T06:07:00","modified_gmt":"2025-02-19T06:07:00","slug":"portable-metallurgical-microscope","status":"publish","type":"product","link":"https:\/\/kiraoptical.com\/es\/producto\/portable-metallurgical-microscope\/","title":{"rendered":"Microscopio metal\u00fargico port\u00e1til con base magn\u00e9tica"},"content":{"rendered":"<h4 data-start=\"550\" data-end=\"574\">Microscopio Metal\u00fargico Port\u00e1til con Base Magn\u00e9tica: An\u00e1lisis de alto rendimiento para aplicaciones industriales y de investigaci\u00f3n<\/h4>\n<h4 data-start=\"550\" data-end=\"574\"><strong data-start=\"555\" data-end=\"574\">1. Introducci\u00f3n<\/strong><\/h4>\n<ul data-start=\"578\" data-end=\"982\">\n<li data-start=\"578\" data-end=\"982\"><strong data-start=\"580\" data-end=\"600\">Productos<\/strong>:\n<ul data-start=\"607\" data-end=\"982\">\n<li data-start=\"607\" data-end=\"728\">Breve introducci\u00f3n al microscopio metal\u00fargico port\u00e1til Steindorff S-606, dise\u00f1ado para el an\u00e1lisis de precisi\u00f3n de materiales.<\/li>\n<li data-start=\"734\" data-end=\"838\">Destacan su portabilidad, dise\u00f1o compacto y fiabilidad para aplicaciones industriales y de laboratorio.<\/li>\n<li data-start=\"844\" data-end=\"982\">La importancia de los microscopios metal\u00fargicos de alta calidad para los profesionales que trabajan en la ciencia de los materiales, el control de calidad y la metalurgia.<\/li>\n<\/ul>\n<\/li>\n<\/ul>\n<h4 data-start=\"984\" data-end=\"1019\"><strong data-start=\"989\" data-end=\"1019\">2. Principales caracter\u00edsticas y ventajas<\/strong><\/h4>\n<ul data-start=\"1023\" data-end=\"2172\">\n<li data-start=\"1023\" data-end=\"1280\"><strong data-start=\"1025\" data-end=\"1056\">Dise\u00f1o port\u00e1til y compacto<\/strong>:\n<ul data-start=\"1063\" data-end=\"1280\">\n<li data-start=\"1063\" data-end=\"1180\">Ligera y f\u00e1cil de transportar, ideal para inspecciones in situ y uso port\u00e1til en talleres o entornos de campo.<\/li>\n<li data-start=\"1186\" data-end=\"1280\">Su forma compacta permite un f\u00e1cil almacenamiento y manejo, garantizando la eficiencia de los profesionales m\u00f3viles.<\/li>\n<\/ul>\n<\/li>\n<li data-start=\"1284\" data-end=\"1496\"><strong data-start=\"1286\" data-end=\"1303\">Base magn\u00e9tica<\/strong>:\n<ul data-start=\"1310\" data-end=\"1496\">\n<li data-start=\"1310\" data-end=\"1401\">Proporciona una fijaci\u00f3n segura y estable a superficies met\u00e1licas, garantizando un funcionamiento manos libres.<\/li>\n<li data-start=\"1407\" data-end=\"1496\">La base magn\u00e9tica tambi\u00e9n mejora la estabilidad cuando se trabaja con materiales o muestras pesados.<\/li>\n<\/ul>\n<\/li>\n<li data-start=\"1500\" data-end=\"1741\"><strong data-start=\"1502\" data-end=\"1522\">Lentes objetivas<\/strong>:\n<ul data-start=\"1529\" data-end=\"1741\">\n<li data-start=\"1529\" data-end=\"1657\">Incluye lentes objetivas de 10x y 40x, que ofrecen opciones de aumento flexibles para satisfacer diversas necesidades de examen de materiales.<\/li>\n<li data-start=\"1663\" data-end=\"1741\">Ofrece im\u00e1genes de alta resoluci\u00f3n para el an\u00e1lisis detallado de las estructuras de los materiales.<\/li>\n<\/ul>\n<\/li>\n<li data-start=\"1745\" data-end=\"1974\"><strong data-start=\"1747\" data-end=\"1770\">Sistema de iluminaci\u00f3n<\/strong>:\n<ul data-start=\"1777\" data-end=\"1974\">\n<li data-start=\"1777\" data-end=\"1868\">La iluminaci\u00f3n LED integrada garantiza im\u00e1genes claras y brillantes en distintas condiciones de iluminaci\u00f3n.<\/li>\n<li data-start=\"1874\" data-end=\"1974\">Intensidad luminosa ajustable para mejorar el contraste y la visibilidad de los detalles m\u00e1s finos en las muestras.<\/li>\n<\/ul>\n<\/li>\n<li data-start=\"1978\" data-end=\"2172\"><strong data-start=\"1980\" data-end=\"1995\">Facilidad de uso<\/strong>:\n<ul data-start=\"2002\" data-end=\"2172\">\n<li data-start=\"2002\" data-end=\"2103\">Funcionamiento sencillo con controles intuitivos, lo que la hace adecuada tanto para usuarios principiantes como experimentados.<\/li>\n<li data-start=\"2109\" data-end=\"2172\">Su dise\u00f1o ergon\u00f3mico garantiza un esfuerzo m\u00ednimo durante un uso prolongado.<\/li>\n<\/ul>\n<\/li>\n<\/ul>\n<h4 data-start=\"2174\" data-end=\"2210\"><strong data-start=\"2179\" data-end=\"2210\">3. 3. Especificaciones t\u00e9cnicas<\/strong><\/h4>\n<ul data-start=\"2214\" data-end=\"2723\">\n<li data-start=\"2214\" data-end=\"2359\"><strong data-start=\"2216\" data-end=\"2234\">Sistema \u00f3ptico<\/strong>:\n<ul data-start=\"2241\" data-end=\"2359\">\n<li data-start=\"2241\" data-end=\"2287\">Aumentos: Lentes objetivas de 10x y 40x.<\/li>\n<li data-start=\"2293\" data-end=\"2359\">Sistema de enfoque: Mecanismo de enfoque grueso para facilitar los ajustes.<\/li>\n<\/ul>\n<\/li>\n<li data-start=\"2363\" data-end=\"2493\"><strong data-start=\"2365\" data-end=\"2381\">Iluminaci\u00f3n<\/strong>:\n<ul data-start=\"2388\" data-end=\"2493\">\n<li data-start=\"2388\" data-end=\"2493\">Fuente de luz LED de intensidad regulable que ofrece una luminosidad \u00f3ptima para una observaci\u00f3n precisa de las muestras.<\/li>\n<\/ul>\n<\/li>\n<li data-start=\"2497\" data-end=\"2584\"><strong data-start=\"2499\" data-end=\"2521\">Base y estabilidad<\/strong>:\n<ul data-start=\"2528\" data-end=\"2584\">\n<li data-start=\"2528\" data-end=\"2584\">Base magn\u00e9tica para una fijaci\u00f3n segura a superficies met\u00e1licas.<\/li>\n<\/ul>\n<\/li>\n<li data-start=\"2588\" data-end=\"2723\"><strong data-start=\"2590\" data-end=\"2607\">Calidad de construcci\u00f3n<\/strong>:\n<ul data-start=\"2614\" data-end=\"2723\">\n<li data-start=\"2614\" data-end=\"2723\">Construcci\u00f3n duradera, hecha para soportar el uso industrial, incluidas las altas temperaturas y los entornos dif\u00edciles.<\/li>\n<\/ul>\n<\/li>\n<\/ul>\n<h4 data-start=\"2725\" data-end=\"2749\"><strong data-start=\"2730\" data-end=\"2749\">4. Aplicaciones<\/strong><\/h4>\n<ul data-start=\"2753\" data-end=\"3384\">\n<li data-start=\"2753\" data-end=\"2898\"><strong data-start=\"2755\" data-end=\"2790\">Ciencia de los materiales y metalurgia<\/strong>:\n<ul data-start=\"2797\" data-end=\"2898\">\n<li data-start=\"2797\" data-end=\"2898\">Se utiliza para examinar superficies met\u00e1licas, aleaciones y materiales para evaluar la calidad, la estructura y los defectos.<\/li>\n<\/ul>\n<\/li>\n<li data-start=\"2902\" data-end=\"3033\"><strong data-start=\"2904\" data-end=\"2923\">Control de calidad<\/strong>:\n<ul data-start=\"2930\" data-end=\"3033\">\n<li data-start=\"2930\" data-end=\"3033\">Ideal para su uso en entornos de producci\u00f3n industrial, inspeccionando materiales durante los procesos de fabricaci\u00f3n.<\/li>\n<\/ul>\n<\/li>\n<li data-start=\"3037\" data-end=\"3225\"><strong data-start=\"3039\" data-end=\"3080\">Aplicaciones educativas y de investigaci\u00f3n<\/strong>:\n<ul data-start=\"3087\" data-end=\"3225\">\n<li data-start=\"3087\" data-end=\"3225\">\u00datil en entornos educativos para ense\u00f1ar a los estudiantes las propiedades de los materiales y para investigaciones que requieran un examen detallado de los materiales.<\/li>\n<\/ul>\n<\/li>\n<li data-start=\"3229\" data-end=\"3384\"><strong data-start=\"3231\" data-end=\"3252\">Inspecciones sobre el terreno<\/strong>:\n<ul data-start=\"3259\" data-end=\"3384\">\n<li data-start=\"3259\" data-end=\"3384\">Su dise\u00f1o port\u00e1til y magn\u00e9tico lo hace muy eficaz para el trabajo de campo sobre la marcha en la construcci\u00f3n, la miner\u00eda y la metalurgia.<\/li>\n<\/ul>\n<\/li>\n<\/ul>\n<h4 data-start=\"3386\" data-end=\"3426\"><strong data-start=\"3391\" data-end=\"3426\">5. \u00bfPor qu\u00e9 elegir Steindorff S-606?<\/strong><\/h4>\n<ul data-start=\"3430\" data-end=\"3854\">\n<li data-start=\"3430\" data-end=\"3554\"><strong data-start=\"3432\" data-end=\"3446\">Eficacia<\/strong>:\n<ul data-start=\"3453\" data-end=\"3554\">\n<li data-start=\"3453\" data-end=\"3554\">R\u00e1pida instalaci\u00f3n gracias a la base magn\u00e9tica, que permite un r\u00e1pido despliegue en entornos industriales y de laboratorio.<\/li>\n<\/ul>\n<\/li>\n<li data-start=\"3558\" data-end=\"3743\"><strong data-start=\"3560\" data-end=\"3578\">Rentable<\/strong>:\n<ul data-start=\"3585\" data-end=\"3743\">\n<li data-start=\"3585\" data-end=\"3743\">Ofrece una gran funcionalidad y fiabilidad a un precio razonable, lo que la convierte en una excelente opci\u00f3n para las empresas que buscan valor sin comprometer la calidad.<\/li>\n<\/ul>\n<\/li>\n<li data-start=\"3747\" data-end=\"3854\"><strong data-start=\"3749\" data-end=\"3763\">Durabilidad<\/strong>:\n<ul data-start=\"3770\" data-end=\"3854\">\n<li data-start=\"3770\" data-end=\"3854\">Su robusta construcci\u00f3n garantiza un uso a largo plazo, minimizando los tiempos de inactividad y los costes de reparaci\u00f3n.<\/li>\n<\/ul>\n<\/li>\n<\/ul>\n<h4 data-start=\"3856\" data-end=\"3889\"><strong data-start=\"3861\" data-end=\"3889\">6. Ventaja competitiva<\/strong><\/h4>\n<ul data-start=\"3893\" data-end=\"4327\">\n<li data-start=\"3893\" data-end=\"4103\"><strong data-start=\"3895\" data-end=\"3927\">Comparaci\u00f3n con modelos similares<\/strong>:\n<ul data-start=\"3934\" data-end=\"4103\">\n<li data-start=\"3934\" data-end=\"4103\">Destaque c\u00f3mo destaca el Steindorff S-606 en comparaci\u00f3n con otros microscopios de su gama de precios, especialmente en t\u00e9rminos de portabilidad, facilidad de uso y relaci\u00f3n calidad-precio.<\/li>\n<\/ul>\n<\/li>\n<li data-start=\"4107\" data-end=\"4327\"><strong data-start=\"4109\" data-end=\"4146\">Funciones avanzadas frente a la competencia<\/strong>:\n<ul data-start=\"4153\" data-end=\"4327\">\n<li data-start=\"4153\" data-end=\"4327\">Destaca el sistema de iluminaci\u00f3n LED, la base magn\u00e9tica y los objetivos de alta calidad como caracter\u00edsticas distintivas que la hacen ideal para profesionales en entornos industriales.<\/li>\n<\/ul>\n<\/li>\n<\/ul>\n<h4 data-start=\"4329\" data-end=\"4365\"><strong data-start=\"4334\" data-end=\"4365\">7. Mantenimiento y garant\u00eda<\/strong><\/h4>\n<ul data-start=\"4369\" data-end=\"4731\">\n<li data-start=\"4369\" data-end=\"4566\"><strong data-start=\"4371\" data-end=\"4394\">Facilidad de mantenimiento<\/strong>:\n<ul data-start=\"4401\" data-end=\"4566\">\n<li data-start=\"4401\" data-end=\"4491\">Requiere un mantenimiento m\u00ednimo gracias a su construcci\u00f3n duradera y sus materiales de alta calidad.<\/li>\n<li data-start=\"4497\" data-end=\"4566\">Pautas de limpieza y mantenimiento para conservar un rendimiento \u00f3ptimo.<\/li>\n<\/ul>\n<\/li>\n<li data-start=\"4570\" data-end=\"4731\"><strong data-start=\"4572\" data-end=\"4596\">Garant\u00eda y asistencia<\/strong>:\n<ul data-start=\"4603\" data-end=\"4731\">\n<li data-start=\"4603\" data-end=\"4731\">Destaque las condiciones de garant\u00eda y los servicios de atenci\u00f3n al cliente ofrecidos, garantizando la tranquilidad de los responsables de compras y las empresas.<\/li>\n<\/ul>\n<\/li>\n<\/ul>\n<h4 data-start=\"4733\" data-end=\"4775\"><strong data-start=\"4738\" data-end=\"4775\">8. Asistencia t\u00e9cnica y formaci\u00f3n<\/strong><\/h4>\n<ul data-start=\"4779\" data-end=\"5074\">\n<li data-start=\"4779\" data-end=\"4919\"><strong data-start=\"4781\" data-end=\"4801\">Atenci\u00f3n al cliente<\/strong>:\n<ul data-start=\"4808\" data-end=\"4919\">\n<li data-start=\"4808\" data-end=\"4919\">Mencione la disponibilidad de recursos en l\u00ednea, manuales y servicio de atenci\u00f3n al cliente para la resoluci\u00f3n de problemas y la formaci\u00f3n.<\/li>\n<\/ul>\n<\/li>\n<li data-start=\"4923\" data-end=\"5074\"><strong data-start=\"4925\" data-end=\"4946\">Programas de formaci\u00f3n<\/strong>:\n<ul data-start=\"4953\" data-end=\"5074\">\n<li data-start=\"4953\" data-end=\"5074\">Proporcionar informaci\u00f3n sobre sesiones de formaci\u00f3n para nuevos usuarios o personal t\u00e9cnico con el fin de garantizar un uso eficaz del microscopio.<\/li>\n<\/ul>\n<\/li>\n<\/ul>\n<h4 data-start=\"5076\" data-end=\"5127\"><strong data-start=\"5081\" data-end=\"5127\">9. Conclusi\u00f3n y consideraciones sobre la contrataci\u00f3n p\u00fablica<\/strong><\/h4>\n<ul data-start=\"5131\" data-end=\"5630\">\n<li data-start=\"5131\" data-end=\"5272\"><strong data-start=\"5133\" data-end=\"5144\">Resumen<\/strong>:\n<ul data-start=\"5151\" data-end=\"5272\">\n<li data-start=\"5151\" data-end=\"5272\">Recapitule los principales puntos de venta de la Steindorff S-606: portabilidad, estabilidad, facilidad de uso y \u00f3ptica de alta resoluci\u00f3n.<\/li>\n<\/ul>\n<\/li>\n<li data-start=\"5276\" data-end=\"5452\"><strong data-start=\"5278\" data-end=\"5308\">Recomendaci\u00f3n de contrataci\u00f3n<\/strong>:\n<ul data-start=\"5315\" data-end=\"5452\">\n<li data-start=\"5315\" data-end=\"5452\">Recomiende este microscopio a industrias y laboratorios de investigaci\u00f3n que necesiten herramientas de an\u00e1lisis metal\u00fargico fiables, port\u00e1tiles y asequibles.<\/li>\n<\/ul>\n<\/li>\n<li data-start=\"5456\" data-end=\"5630\"><strong data-start=\"5458\" data-end=\"5476\">Llamamiento a la acci\u00f3n<\/strong>:\n<ul data-start=\"5483\" data-end=\"5630\">\n<li data-start=\"5483\" data-end=\"5630\">Anime a los responsables de compras o a los responsables de la toma de decisiones a informarse sobre compras al por mayor, especificaciones t\u00e9cnicas o solicitar una demostraci\u00f3n del producto.<\/li>\n<\/ul>\n<\/li>\n<\/ul>\n<p>&nbsp;<\/p>\n<table width=\"609\">\n<tbody>\n<tr>\n<td colspan=\"2\" width=\"609\">Par\u00e1metro<\/td>\n<\/tr>\n<tr>\n<td width=\"182\">Sistema \u00f3ptico<\/td>\n<td width=\"427\">Sistema \u00f3ptico finito<\/td>\n<\/tr>\n<tr>\n<td width=\"182\">Ocular<\/td>\n<td width=\"427\">Ocular plano WF10\/18mm<\/td>\n<\/tr>\n<tr>\n<td width=\"182\">Objetivo<\/td>\n<td width=\"427\">Plan objetivo metal\u00fargico finito<\/p>\n<p>10X\/0,25\uff08D.An.=7,3mm\uff09<\/p>\n<p>40X\/0.65\uff08W.D.=0.45mm\uff09<\/td>\n<\/tr>\n<tr>\n<td width=\"182\">Maganificaci\u00f3n<\/td>\n<td width=\"427\">100X-400X<\/td>\n<\/tr>\n<tr>\n<td width=\"182\">Enfoque<\/td>\n<td width=\"427\">Ajuste grueso y fino, rango de enfoque 25 mm<\/td>\n<\/tr>\n<tr>\n<td width=\"182\">Iluminador<\/td>\n<td width=\"427\">Iluminaci\u00f3n vertical LED\uff0cDC4.2V<\/td>\n<\/tr>\n<tr>\n<td width=\"182\">Meansurement<\/td>\n<td width=\"427\">750g\uff0c230mm\u00d7110mm\u00d770mm<\/td>\n<\/tr>\n<\/tbody>\n<\/table>","protected":false},"excerpt":{"rendered":"<p><strong data-start=\"4\" data-end=\"58\">Microscopio metal\u00fargico port\u00e1til<\/strong> es una herramienta compacta de alto rendimiento dise\u00f1ada para el an\u00e1lisis de materiales en entornos industriales y de investigaci\u00f3n. Con una base magn\u00e9tica para una fijaci\u00f3n segura a superficies met\u00e1licas, este microscopio proporciona estabilidad durante el uso, por lo que es ideal para inspecciones in situ. Con lentes objetivas de 10x y 40x, ofrece un aumento preciso para examinar superficies met\u00e1licas, aleaciones y materiales para el control de calidad, defectos y an\u00e1lisis estructural. El sistema de iluminaci\u00f3n LED incorporado garantiza im\u00e1genes claras y brillantes, mientras que su dise\u00f1o port\u00e1til permite transportarlo y utilizarlo f\u00e1cilmente en trabajos de campo.<\/p>","protected":false},"featured_media":4653,"template":"","meta":{"site-sidebar-layout":"default","site-content-layout":"","ast-site-content-layout":"default","site-content-style":"default","site-sidebar-style":"default","ast-global-header-display":"","ast-banner-title-visibility":"","ast-main-header-display":"","ast-hfb-above-header-display":"","ast-hfb-below-header-display":"","ast-hfb-mobile-header-display":"","site-post-title":"","ast-breadcrumbs-content":"","ast-featured-img":"","footer-sml-layout":"","theme-transparent-header-meta":"default","adv-header-id-meta":"","stick-header-meta":"default","header-above-stick-meta":"","header-main-stick-meta":"","header-below-stick-meta":"","astra-migrate-meta-layouts":"set","ast-page-background-enabled":"default","ast-page-background-meta":{"desktop":{"background-color":"","background-image":"","background-repeat":"repeat","background-position":"center center","background-size":"auto","background-attachment":"scroll","background-type":"","background-media":"","overlay-type":"","overlay-color":"","overlay-opacity":"","overlay-gradient":""},"tablet":{"background-color":"","background-image":"","background-repeat":"repeat","background-position":"center center","background-size":"auto","background-attachment":"scroll","background-type":"","background-media":"","overlay-type":"","overlay-color":"","overlay-opacity":"","overlay-gradient":""},"mobile":{"background-color":"","background-image":"","background-repeat":"repeat","background-position":"center center","background-size":"auto","background-attachment":"scroll","background-type":"","background-media":"","overlay-type":"","overlay-color":"","overlay-opacity":"","overlay-gradient":""}},"ast-content-background-meta":{"desktop":{"background-color":"var(--ast-global-color-5)","background-image":"","background-repeat":"repeat","background-position":"center center","background-size":"auto","background-attachment":"scroll","background-type":"","background-media":"","overlay-type":"","overlay-color":"","overlay-opacity":"","overlay-gradient":""},"tablet":{"background-color":"var(--ast-global-color-5)","background-image":"","background-repeat":"repeat","background-position":"center center","background-size":"auto","background-attachment":"scroll","background-type":"","background-media":"","overlay-type":"","overlay-color":"","overlay-opacity":"","overlay-gradient":""},"mobile":{"background-color":"var(--ast-global-color-5)","background-image":"","background-repeat":"repeat","background-position":"center center","background-size":"auto","background-attachment":"scroll","background-type":"","background-media":"","overlay-type":"","overlay-color":"","overlay-opacity":"","overlay-gradient":""}}},"product_brand":[],"product_cat":[39],"product_tag":[],"class_list":{"0":"post-4651","1":"product","2":"type-product","3":"status-publish","4":"has-post-thumbnail","6":"product_cat-stereo-microscope","7":"desktop-align-left","8":"tablet-align-left","9":"mobile-align-left","10":"ast-product-gallery-layout-horizontal-slider","11":"ast-product-tabs-layout-horizontal","13":"first","14":"instock","15":"taxable","16":"shipping-taxable","17":"product-type-simple"},"_links":{"self":[{"href":"https:\/\/kiraoptical.com\/es\/wp-json\/wp\/v2\/product\/4651","targetHints":{"allow":["GET"]}}],"collection":[{"href":"https:\/\/kiraoptical.com\/es\/wp-json\/wp\/v2\/product"}],"about":[{"href":"https:\/\/kiraoptical.com\/es\/wp-json\/wp\/v2\/types\/product"}],"version-history":[{"count":0,"href":"https:\/\/kiraoptical.com\/es\/wp-json\/wp\/v2\/product\/4651\/revisions"}],"wp:featuredmedia":[{"embeddable":true,"href":"https:\/\/kiraoptical.com\/es\/wp-json\/wp\/v2\/media\/4653"}],"wp:attachment":[{"href":"https:\/\/kiraoptical.com\/es\/wp-json\/wp\/v2\/media?parent=4651"}],"wp:term":[{"taxonomy":"product_brand","embeddable":true,"href":"https:\/\/kiraoptical.com\/es\/wp-json\/wp\/v2\/product_brand?post=4651"},{"taxonomy":"product_cat","embeddable":true,"href":"https:\/\/kiraoptical.com\/es\/wp-json\/wp\/v2\/product_cat?post=4651"},{"taxonomy":"product_tag","embeddable":true,"href":"https:\/\/kiraoptical.com\/es\/wp-json\/wp\/v2\/product_tag?post=4651"}],"curies":[{"name":"wp","href":"https:\/\/api.w.org\/{rel}","templated":true}]}}