{"id":4658,"date":"2024-09-20T06:18:56","date_gmt":"2024-09-20T06:18:56","guid":{"rendered":"https:\/\/kiraoptical.com\/?post_type=product&#038;p=4658"},"modified":"2025-02-19T05:59:57","modified_gmt":"2025-02-19T05:59:57","slug":"binocular-trinocular-microscope","status":"publish","type":"product","link":"https:\/\/kiraoptical.com\/es\/producto\/binocular-trinocular-microscope\/","title":{"rendered":"Microscopio binocular CX23 |Microscopio trinocular avanzado para investigaci\u00f3n y an\u00e1lisis de precisi\u00f3n"},"content":{"rendered":"<h3>Microscopio binocular CX23 |Microscopio trinocular avanzado para investigaci\u00f3n y an\u00e1lisis de precisi\u00f3n<\/h3>\n<p>&nbsp;<\/p>\n<ul>\n<li><strong>Cabezal de visi\u00f3n trinocular<\/strong>: Dise\u00f1o inclinado de 30\u00b0 con un ocular de campo amplio (WF10X \/ \u03a618mm antisepsis) para una observaci\u00f3n c\u00f3moda y la integraci\u00f3n de la c\u00e1mara.<\/li>\n<li><strong>Objetivos de PL Infinity<\/strong>: Objetivos de alta calidad de 4X, 10X y 40X para obtener im\u00e1genes n\u00edtidas y detalladas.<\/li>\n<li><strong>Pieza de nariz Quarter Convert<\/strong>: Cambio r\u00e1pido y sencillo entre objetivos.<\/li>\n<li><strong>Escenario m\u00f3vil de doble capa<\/strong>: Amplia platina (120\u00d7132 mm) con movimiento preciso (76 mm\u00d730 mm) para una manipulaci\u00f3n vers\u00e1til de las muestras.<\/li>\n<li><strong>Enfoque coaxial<\/strong>: Enfoque grueso y fino con una escala de ajuste fino de 2\u03bcm para un control ultrapreciso.<\/li>\n<li><strong>Iluminaci\u00f3n LED<\/strong>: Luz LED 3V\/5W brillante y de bajo consumo con intensidad regulable (AC85V-230V).<\/li>\n<li><strong>Condensador Abbe enfocable<\/strong>: N.A. 1,25 con un diafragma de apertura para un contraste y una resoluci\u00f3n \u00f3ptimos.<\/li>\n<\/ul>","protected":false},"excerpt":{"rendered":"<p>En\u00a0<strong>CX23 Binocular Microscope Advanced Trinocular Microscope for Precision Research and Analysis<\/strong>\u00a0is a\u00a0<strong>reliable, user-friendly microscope<\/strong>\u00a0designed for\u00a0<strong>educational and routine laboratory use<\/strong>.<\/p>\n<p>&nbsp;<\/p>","protected":false},"featured_media":4659,"template":"","meta":{"site-sidebar-layout":"default","site-content-layout":"","ast-site-content-layout":"default","site-content-style":"default","site-sidebar-style":"default","ast-global-header-display":"","ast-banner-title-visibility":"","ast-main-header-display":"","ast-hfb-above-header-display":"","ast-hfb-below-header-display":"","ast-hfb-mobile-header-display":"","site-post-title":"","ast-breadcrumbs-content":"","ast-featured-img":"","footer-sml-layout":"","theme-transparent-header-meta":"default","adv-header-id-meta":"","stick-header-meta":"default","header-above-stick-meta":"","header-main-stick-meta":"","header-below-stick-meta":"","astra-migrate-meta-layouts":"set","ast-page-background-enabled":"default","ast-page-background-meta":{"desktop":{"background-color":"","background-image":"","background-repeat":"repeat","background-position":"center center","background-size":"auto","background-attachment":"scroll","background-type":"","background-media":"","overlay-type":"","overlay-color":"","overlay-opacity":"","overlay-gradient":""},"tablet":{"background-color":"","background-image":"","background-repeat":"repeat","background-position":"center center","background-size":"auto","background-attachment":"scroll","background-type":"","background-media":"","overlay-type":"","overlay-color":"","overlay-opacity":"","overlay-gradient":""},"mobile":{"background-color":"","background-image":"","background-repeat":"repeat","background-position":"center center","background-size":"auto","background-attachment":"scroll","background-type":"","background-media":"","overlay-type":"","overlay-color":"","overlay-opacity":"","overlay-gradient":""}},"ast-content-background-meta":{"desktop":{"background-color":"var(--ast-global-color-5)","background-image":"","background-repeat":"repeat","background-position":"center center","background-size":"auto","background-attachment":"scroll","background-type":"","background-media":"","overlay-type":"","overlay-color":"","overlay-opacity":"","overlay-gradient":""},"tablet":{"background-color":"var(--ast-global-color-5)","background-image":"","background-repeat":"repeat","background-position":"center center","background-size":"auto","background-attachment":"scroll","background-type":"","background-media":"","overlay-type":"","overlay-color":"","overlay-opacity":"","overlay-gradient":""},"mobile":{"background-color":"var(--ast-global-color-5)","background-image":"","background-repeat":"repeat","background-position":"center center","background-size":"auto","background-attachment":"scroll","background-type":"","background-media":"","overlay-type":"","overlay-color":"","overlay-opacity":"","overlay-gradient":""}}},"product_brand":[],"product_cat":[62],"product_tag":[],"class_list":{"0":"post-4658","1":"product","2":"type-product","3":"status-publish","4":"has-post-thumbnail","6":"product_cat-biological-microscope","7":"desktop-align-left","8":"tablet-align-left","9":"mobile-align-left","10":"ast-product-gallery-layout-horizontal-slider","11":"ast-product-gallery-with-no-image","12":"ast-product-tabs-layout-horizontal","14":"first","15":"instock","16":"taxable","17":"shipping-taxable","18":"product-type-simple"},"_links":{"self":[{"href":"https:\/\/kiraoptical.com\/es\/wp-json\/wp\/v2\/product\/4658","targetHints":{"allow":["GET"]}}],"collection":[{"href":"https:\/\/kiraoptical.com\/es\/wp-json\/wp\/v2\/product"}],"about":[{"href":"https:\/\/kiraoptical.com\/es\/wp-json\/wp\/v2\/types\/product"}],"version-history":[{"count":0,"href":"https:\/\/kiraoptical.com\/es\/wp-json\/wp\/v2\/product\/4658\/revisions"}],"wp:featuredmedia":[{"embeddable":true,"href":"https:\/\/kiraoptical.com\/es\/wp-json\/wp\/v2\/media\/4659"}],"wp:attachment":[{"href":"https:\/\/kiraoptical.com\/es\/wp-json\/wp\/v2\/media?parent=4658"}],"wp:term":[{"taxonomy":"product_brand","embeddable":true,"href":"https:\/\/kiraoptical.com\/es\/wp-json\/wp\/v2\/product_brand?post=4658"},{"taxonomy":"product_cat","embeddable":true,"href":"https:\/\/kiraoptical.com\/es\/wp-json\/wp\/v2\/product_cat?post=4658"},{"taxonomy":"product_tag","embeddable":true,"href":"https:\/\/kiraoptical.com\/es\/wp-json\/wp\/v2\/product_tag?post=4658"}],"curies":[{"name":"wp","href":"https:\/\/api.w.org\/{rel}","templated":true}]}}