{"id":5035,"date":"2025-01-08T07:44:14","date_gmt":"2025-01-08T07:44:14","guid":{"rendered":"https:\/\/kiraoptical.com\/?post_type=product&#038;p=5035"},"modified":"2025-01-08T07:44:14","modified_gmt":"2025-01-08T07:44:14","slug":"binocular-stereo-zoom-microscope-0-65x-to-5-5x-zoom-objective-magnification-f6-5x-to-55x-pillar-2-incident-led-illuminations-gooseneck-3w-led-illumination-globe","status":"publish","type":"product","link":"https:\/\/kiraoptical.com\/es\/producto\/binocular-stereo-zoom-microscope-0-65x-to-5-5x-zoom-objective-magnification-f6-5x-to-55x-pillar-2-incident-led-illuminations-gooseneck-3w-led-illumination-globe\/","title":{"rendered":"Microscopio binocular estereosc\u00f3pico con zoom 0,65x a 5,5x Objetivo con zoom, aumento F6,5x a 55x Pilar 2 iluminaciones LED incidentes Cuello de cisne 3W Globo de iluminaci\u00f3n LED"},"content":{"rendered":"<p><img fetchpriority=\"high\" decoding=\"async\" class=\"alignnone size-full wp-image-5036\" src=\"https:\/\/kiraoptical.com\/wp-content\/uploads\/2025\/01\/2018052816123158-B3LS.jpg\" alt=\"\" width=\"600\" height=\"600\" srcset=\"https:\/\/kiraoptical.com\/wp-content\/uploads\/2025\/01\/2018052816123158-B3LS.jpg 600w, https:\/\/kiraoptical.com\/wp-content\/uploads\/2025\/01\/2018052816123158-B3LS-300x300.jpg 300w, https:\/\/kiraoptical.com\/wp-content\/uploads\/2025\/01\/2018052816123158-B3LS-150x150.jpg 150w, https:\/\/kiraoptical.com\/wp-content\/uploads\/2025\/01\/2018052816123158-B3LS-12x12.jpg 12w, https:\/\/kiraoptical.com\/wp-content\/uploads\/2025\/01\/2018052816123158-B3LS-100x100.jpg 100w\" sizes=\"(max-width: 600px) 100vw, 600px\" \/><\/p>\n<p>&nbsp;<\/p>\n<table width=\"100%\">\n<tbody>\n<tr>\n<td rowspan=\"3\" width=\"105\">Ocular<\/td>\n<td colspan=\"2\" width=\"112\">Est\u00e1ndar<\/td>\n<td colspan=\"2\" width=\"109\">Lente auxiliar 0,5X<\/td>\n<td colspan=\"2\" width=\"112\">Objetivo auxiliar 1,5X<\/td>\n<td colspan=\"2\" width=\"114\">Lente auxiliar 2X<\/td>\n<\/tr>\n<tr>\n<td colspan=\"2\" width=\"112\">Anchura 105 mm<\/td>\n<td colspan=\"2\" width=\"109\">Anchura 177 mm<\/td>\n<td colspan=\"2\" width=\"112\">D.E. 47mm<\/td>\n<td colspan=\"2\" width=\"114\">D.E. 26mm<\/td>\n<\/tr>\n<tr>\n<td width=\"54\">Mag.<\/td>\n<td width=\"58\">F.O.V<\/td>\n<td width=\"51\">Mag.<\/td>\n<td width=\"58\">F.O.V<\/td>\n<td width=\"54\">Mag.<\/td>\n<td width=\"58\">F.O.V<\/td>\n<td width=\"54\">Mag.<\/td>\n<td width=\"60\">F.O.V<\/td>\n<\/tr>\n<tr>\n<td rowspan=\"2\" width=\"105\">10X\/22mm<\/td>\n<td width=\"54\">6.7X<\/td>\n<td width=\"58\">32,8 mm<\/td>\n<td width=\"51\">3.4X<\/td>\n<td width=\"58\">65,7 mm<\/td>\n<td width=\"54\">10.1X<\/td>\n<td width=\"58\">21,9 mm<\/td>\n<td width=\"54\">13.4X<\/td>\n<td width=\"60\">16,4 mm<\/td>\n<\/tr>\n<tr>\n<td width=\"54\">45.0X<\/td>\n<td width=\"58\">4,9 mm<\/td>\n<td width=\"51\">22.5X<\/td>\n<td width=\"58\">9,8 mm<\/td>\n<td width=\"54\">67.5X<\/td>\n<td width=\"58\">3,3 mm<\/td>\n<td width=\"54\">90.0X<\/td>\n<td width=\"60\">2,4 mm<\/td>\n<\/tr>\n<tr>\n<td rowspan=\"2\" width=\"105\">15X\/16mm<\/td>\n<td width=\"54\">10.1X<\/td>\n<td width=\"58\">23,9 mm<\/td>\n<td width=\"51\">5.0X<\/td>\n<td width=\"58\">47,8 mm<\/td>\n<td width=\"54\">15.1X<\/td>\n<td width=\"58\">15,9 mm<\/td>\n<td width=\"54\">20.1X<\/td>\n<td width=\"60\">11,9 mm<\/td>\n<\/tr>\n<tr>\n<td width=\"54\">67.5X<\/td>\n<td width=\"58\">3,6 mm<\/td>\n<td width=\"51\">33.8X<\/td>\n<td width=\"58\">7,1 mm<\/td>\n<td width=\"54\">101.3X<\/td>\n<td width=\"58\">2,4 mm<\/td>\n<td width=\"54\">135.0X<\/td>\n<td width=\"60\">1,8 mm<\/td>\n<\/tr>\n<tr>\n<td rowspan=\"2\" width=\"105\">20X\/12mm<\/td>\n<td width=\"54\">13.4X<\/td>\n<td width=\"58\">17,9 mm<\/td>\n<td width=\"51\">6.7X<\/td>\n<td width=\"58\">38,5 mm<\/td>\n<td width=\"54\">20.1X<\/td>\n<td width=\"58\">11,9 mm<\/td>\n<td width=\"54\">26.8X<\/td>\n<td width=\"60\">9,0 mm<\/td>\n<\/tr>\n<tr>\n<td width=\"54\">90.0X<\/td>\n<td width=\"58\">2,7 mm<\/td>\n<td width=\"51\">45.0X<\/td>\n<td width=\"58\">5,3 mm<\/td>\n<td width=\"54\">135.0X<\/td>\n<td width=\"58\">1,8 mm<\/td>\n<td width=\"54\">180.0X<\/td>\n<td width=\"60\">1,3 mm<\/td>\n<\/tr>\n<tr>\n<td rowspan=\"2\" width=\"105\">25X\/9mm<\/td>\n<td width=\"54\">16.8X<\/td>\n<td width=\"58\">13,4 mm<\/td>\n<td width=\"51\">8.4X<\/td>\n<td width=\"58\">26,9 mm<\/td>\n<td width=\"54\">25.1X<\/td>\n<td width=\"58\">9,0 mm<\/td>\n<td width=\"54\">33.5X<\/td>\n<td width=\"60\">6,7 mm<\/td>\n<\/tr>\n<tr>\n<td width=\"54\">112.5X<\/td>\n<td width=\"58\">2,0 mm<\/td>\n<td width=\"51\">56.3X<\/td>\n<td width=\"58\">4,0 mm<\/td>\n<td width=\"54\">168.8X<\/td>\n<td width=\"58\">1,3 mm<\/td>\n<td width=\"54\">225.0X<\/td>\n<td width=\"60\">1,0 mm<\/td>\n<\/tr>\n<tr>\n<td rowspan=\"2\" width=\"105\">30X\/8mm<\/td>\n<td width=\"54\">20.1X<\/td>\n<td width=\"58\">11,9 mm<\/td>\n<td width=\"51\">10.1X<\/td>\n<td width=\"58\">23,8 mm<\/td>\n<td width=\"54\">30.2X<\/td>\n<td width=\"58\">7.9mm<\/td>\n<td width=\"54\">40.2X<\/td>\n<td width=\"60\">6,0 mm<\/td>\n<\/tr>\n<tr>\n<td width=\"54\">135.0X<\/td>\n<td width=\"58\">1,8 mm<\/td>\n<td width=\"51\">67.5X<\/td>\n<td width=\"58\">3,6 mm<\/td>\n<td width=\"54\">202.5X<\/td>\n<td width=\"58\">1,2 mm<\/td>\n<td width=\"54\">270.0X<\/td>\n<td width=\"60\">0,9 mm<\/td>\n<\/tr>\n<tr>\n<td width=\"105\">Aumento<\/td>\n<td colspan=\"8\" width=\"447\">\u00a0 6,7X-45X, 3,4X-270X con oculares y objetivos opcionales<\/td>\n<\/tr>\n<tr>\n<td width=\"105\">Ocular<\/td>\n<td colspan=\"8\" width=\"447\">\u00a0 WF10X\/22 mm, punto ocular alto, campo amplio; c\u00f3modo para observadores con gafas<\/td>\n<\/tr>\n<tr>\n<td width=\"105\">Ocular opcional<\/td>\n<td colspan=\"8\" width=\"447\">\u00a0 WF10X\/22mm, WF15X\/16mm, WF20X\/12mm, WF25X\/9mm, WF30X\/8mm<\/td>\n<\/tr>\n<tr>\n<td rowspan=\"2\" width=\"105\">Cuerpo principal<\/td>\n<td colspan=\"8\" width=\"447\">\u00a0 Cabezal binocular, inclinado 45\u00b0, giratorio 360\u00b0, puede bloquearse en cualquier posici\u00f3n deseada<\/td>\n<\/tr>\n<tr>\n<td colspan=\"8\" width=\"447\">\u00a0 Ajuste de la distancia interpupilar:54-75mm; Ajuste de dioptr\u00edas:\u00b15 dioptr\u00edas<\/td>\n<\/tr>\n<tr>\n<td width=\"105\">Objetivo<\/td>\n<td colspan=\"8\" width=\"447\">\u00a0 Zoom est\u00e9reo 0,67X-4,5X; Relaci\u00f3n de zoom:6,7:1<\/td>\n<\/tr>\n<tr>\n<td width=\"105\">Lente auxiliar<\/td>\n<td colspan=\"8\" width=\"447\">\u00a0 0,3X, 0,5X, 0,7X, 0,75X, 1,5X, 2X<\/td>\n<\/tr>\n<tr>\n<td width=\"105\">Montura de enfoque<\/td>\n<td colspan=\"8\" width=\"447\">\u00a0 Montura de enfoque A1 con distancia de trabajo vertical de 50 mm<\/td>\n<\/tr>\n<tr>\n<td width=\"105\">Iluminaci\u00f3n<\/td>\n<td colspan=\"8\" width=\"447\">\u00a0 Iluminaci\u00f3n LED de doble cuello de cisne con interruptores independientes e intensidad regulable<\/td>\n<\/tr>\n<\/tbody>\n<\/table>\n<p>&nbsp;<\/p>\n<p>&nbsp;<\/p>","protected":false},"excerpt":{"rendered":"<p>El microscopio estereosc\u00f3pico con zoom tiene un sistema \u00f3ptico totalmente revestido con una resoluci\u00f3n superalta. Se caracteriza por un dise\u00f1o \u00f3ptico totalmente nuevo, la mejor reproducci\u00f3n e imagen en color real. Es ideal para la industria, as\u00ed como para la investigaci\u00f3n biol\u00f3gica, donde se requiere alta precisi\u00f3n, m\u00e1xima distancia de trabajo y gran cobertura de campo.<\/p>","protected":false},"featured_media":5036,"template":"","meta":{"site-sidebar-layout":"default","site-content-layout":"","ast-site-content-layout":"default","site-content-style":"default","site-sidebar-style":"default","ast-global-header-display":"","ast-banner-title-visibility":"","ast-main-header-display":"","ast-hfb-above-header-display":"","ast-hfb-below-header-display":"","ast-hfb-mobile-header-display":"","site-post-title":"","ast-breadcrumbs-content":"","ast-featured-img":"","footer-sml-layout":"","theme-transparent-header-meta":"default","adv-header-id-meta":"","stick-header-meta":"default","header-above-stick-meta":"","header-main-stick-meta":"","header-below-stick-meta":"","astra-migrate-meta-layouts":"set","ast-page-background-enabled":"default","ast-page-background-meta":{"desktop":{"background-color":"","background-image":"","background-repeat":"repeat","background-position":"center center","background-size":"auto","background-attachment":"scroll","background-type":"","background-media":"","overlay-type":"","overlay-color":"","overlay-opacity":"","overlay-gradient":""},"tablet":{"background-color":"","background-image":"","background-repeat":"repeat","background-position":"center center","background-size":"auto","background-attachment":"scroll","background-type":"","background-media":"","overlay-type":"","overlay-color":"","overlay-opacity":"","overlay-gradient":""},"mobile":{"background-color":"","background-image":"","background-repeat":"repeat","background-position":"center center","background-size":"auto","background-attachment":"scroll","background-type":"","background-media":"","overlay-type":"","overlay-color":"","overlay-opacity":"","overlay-gradient":""}},"ast-content-background-meta":{"desktop":{"background-color":"var(--ast-global-color-5)","background-image":"","background-repeat":"repeat","background-position":"center center","background-size":"auto","background-attachment":"scroll","background-type":"","background-media":"","overlay-type":"","overlay-color":"","overlay-opacity":"","overlay-gradient":""},"tablet":{"background-color":"var(--ast-global-color-5)","background-image":"","background-repeat":"repeat","background-position":"center center","background-size":"auto","background-attachment":"scroll","background-type":"","background-media":"","overlay-type":"","overlay-color":"","overlay-opacity":"","overlay-gradient":""},"mobile":{"background-color":"var(--ast-global-color-5)","background-image":"","background-repeat":"repeat","background-position":"center center","background-size":"auto","background-attachment":"scroll","background-type":"","background-media":"","overlay-type":"","overlay-color":"","overlay-opacity":"","overlay-gradient":""}}},"product_brand":[],"product_cat":[39],"product_tag":[57,64],"class_list":{"0":"post-5035","1":"product","2":"type-product","3":"status-publish","4":"has-post-thumbnail","6":"product_cat-stereo-microscope","7":"product_tag-metallurgical-microscope","8":"product_tag-stereo-microscope","9":"desktop-align-left","10":"tablet-align-left","11":"mobile-align-left","12":"ast-product-gallery-layout-horizontal-slider","13":"ast-product-gallery-with-no-image","14":"ast-product-tabs-layout-horizontal","16":"first","17":"instock","18":"taxable","19":"shipping-taxable","20":"product-type-simple"},"_links":{"self":[{"href":"https:\/\/kiraoptical.com\/es\/wp-json\/wp\/v2\/product\/5035","targetHints":{"allow":["GET"]}}],"collection":[{"href":"https:\/\/kiraoptical.com\/es\/wp-json\/wp\/v2\/product"}],"about":[{"href":"https:\/\/kiraoptical.com\/es\/wp-json\/wp\/v2\/types\/product"}],"version-history":[{"count":0,"href":"https:\/\/kiraoptical.com\/es\/wp-json\/wp\/v2\/product\/5035\/revisions"}],"wp:featuredmedia":[{"embeddable":true,"href":"https:\/\/kiraoptical.com\/es\/wp-json\/wp\/v2\/media\/5036"}],"wp:attachment":[{"href":"https:\/\/kiraoptical.com\/es\/wp-json\/wp\/v2\/media?parent=5035"}],"wp:term":[{"taxonomy":"product_brand","embeddable":true,"href":"https:\/\/kiraoptical.com\/es\/wp-json\/wp\/v2\/product_brand?post=5035"},{"taxonomy":"product_cat","embeddable":true,"href":"https:\/\/kiraoptical.com\/es\/wp-json\/wp\/v2\/product_cat?post=5035"},{"taxonomy":"product_tag","embeddable":true,"href":"https:\/\/kiraoptical.com\/es\/wp-json\/wp\/v2\/product_tag?post=5035"}],"curies":[{"name":"wp","href":"https:\/\/api.w.org\/{rel}","templated":true}]}}