{"id":5040,"date":"2025-01-16T08:24:06","date_gmt":"2025-01-16T08:24:06","guid":{"rendered":"https:\/\/kiraoptical.com\/?post_type=product&#038;p=5040"},"modified":"2025-02-19T02:55:18","modified_gmt":"2025-02-19T02:55:18","slug":"dapi-gfp-fitc-mcherry-texas-red-multichannels-multicolor-led-light-source-for-olympus-ix73-microscope","status":"publish","type":"product","link":"https:\/\/kiraoptical.com\/es\/producto\/dapi-gfp-fitc-mcherry-texas-red-multichannels-multicolor-led-light-source-for-olympus-ix73-microscope\/","title":{"rendered":"DAPI, GFP\/FITC, Mcherry\/Rojo de Texas Fuente de luz LED multicolor multicanal para microscopio Olympus IX73"},"content":{"rendered":"<p>Microscop\u00eda de fluorescencia multicanal | Iluminador LED<\/p>\n<p><b>DAPI 365~380nm;FITC 450~495nm;Cy3 505~545nm; Cy5 630<\/b><\/p>\n<p><img fetchpriority=\"high\" decoding=\"async\" class=\"alignnone size-medium wp-image-5042\" src=\"https:\/\/kiraoptical.com\/wp-content\/uploads\/2025\/01\/IX73-300x225.jpg\" alt=\"\" width=\"300\" height=\"225\" srcset=\"https:\/\/kiraoptical.com\/wp-content\/uploads\/2025\/01\/IX73-300x225.jpg 300w, https:\/\/kiraoptical.com\/wp-content\/uploads\/2025\/01\/IX73-600x450.jpg 600w, https:\/\/kiraoptical.com\/wp-content\/uploads\/2025\/01\/IX73-1024x768.jpg 1024w, https:\/\/kiraoptical.com\/wp-content\/uploads\/2025\/01\/IX73-768x576.jpg 768w, https:\/\/kiraoptical.com\/wp-content\/uploads\/2025\/01\/IX73-1536x1152.jpg 1536w, https:\/\/kiraoptical.com\/wp-content\/uploads\/2025\/01\/IX73-16x12.jpg 16w, https:\/\/kiraoptical.com\/wp-content\/uploads\/2025\/01\/IX73.jpg 1706w\" sizes=\"(max-width: 300px) 100vw, 300px\" \/><\/p>\n<table width=\"490\">\n<tbody>\n<tr>\n<td width=\"490\">Gama de longitudes de onda\uff1a Seg\u00fan las diferentes longitudes de onda.<\/td>\n<\/tr>\n<tr>\n<td>Longitud de onda de la muestra :<\/td>\n<\/tr>\n<tr>\n<td>Fuente de alimentaci\u00f3n externa: Entrada universal 110-240V, 50\/60Hz<\/td>\n<\/tr>\n<tr>\n<td>Fuente de alimentaci\u00f3n de salida: 12 V CC,5 A<\/td>\n<\/tr>\n<tr>\n<td>Control de brillo: ajuste continuo 1% por paso<\/td>\n<\/tr>\n<tr>\n<td><\/td>\n<\/tr>\n<tr>\n<td><\/td>\n<\/tr>\n<tr>\n<td>Consumo de energ\u00eda: En espera 0,5 W<\/td>\n<\/tr>\n<tr>\n<td>\u00a0\u00a0\u00a0\u00a0\u00a0\u00a0\u00a0\u00a0\u00a0\u00a0\u00a0\u00a0\u00a0\u00a0\u00a0\u00a0\u00a0\u00a0\u00a0\u00a0\u00a0\u00a0\u00a0\u00a0\u00a0\u00a0\u00a0\u00a0\u00a0\u00a0\u00a0\u00a0\u00a0\u00a0\u00a0\u00a0\u00a0\u00a0 1 banda U o B o V a intensidad 100%- Max 10W<\/td>\n<\/tr>\n<tr>\n<td>\u00a0\u00a0\u00a0\u00a0\u00a0\u00a0\u00a0\u00a0\u00a0\u00a0\u00a0\u00a0\u00a0\u00a0\u00a0\u00a0\u00a0\u00a0\u00a0\u00a0\u00a0\u00a0\u00a0\u00a0\u00a0\u00a0\u00a0\u00a0\u00a0\u00a0\u00a0\u00a0\u00a0\u00a0\u00a0\u00a0\u00a0\u00a0 1 banda G a intensidad 100%- Max 20W<\/td>\n<\/tr>\n<tr>\n<td>\u00a0\u00a0\u00a0\u00a0\u00a0\u00a0\u00a0\u00a0\u00a0\u00a0\u00a0\u00a0\u00a0\u00a0\u00a0\u00a0\u00a0\u00a0\u00a0\u00a0\u00a0\u00a0\u00a0\u00a0\u00a0\u00a0\u00a0\u00a0\u00a0\u00a0\u00a0\u00a0\u00a0\u00a0\u00a0\u00a0\u00a0\u00a0 1 banda R a intensidad 100%- Max 10W<\/td>\n<\/tr>\n<tr>\n<td><\/td>\n<\/tr>\n<tr>\n<td><\/td>\n<\/tr>\n<tr>\n<td>Dimensiones del portal\u00e1mparas: 210mmX150mmX70mm (L\u00d7A\u00d7H)<\/td>\n<\/tr>\n<tr>\n<td>Dimensiones del panel t\u00e1ctil: 130\u00d7126\u00d720 mm (L\u00d7A\u00d7H)<\/td>\n<\/tr>\n<tr>\n<td>Tiempo de respuesta del LED ON\/OFF: 1 ms<\/td>\n<\/tr>\n<tr>\n<td>Conector de E\/S: PS\/2<\/td>\n<\/tr>\n<tr>\n<td>M\u00e9todo de control: RS-232<\/td>\n<\/tr>\n<tr>\n<td>Vida \u00fatil de los LED: 20000 horas<\/td>\n<\/tr>\n<tr>\n<td>A trav\u00e9s de Globle TTL<\/td>\n<\/tr>\n<\/tbody>\n<\/table>\n<p>Kira optical acepta OEM&amp;ODM de 330-1100nm a petici\u00f3n del cliente.<\/p>","protected":false},"excerpt":{"rendered":"<p>Multichannels Fluorescence Microscopy | LED Illuminators DAPI, GFP\/FITC, Mcherry\/Texas Red<\/p>\n<h2 class=\"headline__sub hl--sub\">Fuente de luz LED multicolor<\/h2>\n<p>LED illuminators are often preferred for fluorescence microscopes for several reasons:<\/p>\n<p>Wavelength specificity: LED illuminators can be easily tuned to emit light at specific wavelengths, making them ideal for exciting fluorescent dyes and proteins that require precise excitation wavelengths for optimal imaging.<\/p>\n<p>Long lifespan: LED illuminators have a longer lifespan compared to traditional light sources like mercury lamps, reducing the need for frequent replacements and maintenance.<\/p>\n<p>Energy efficiency: LED illuminators are more energy-efficient than traditional light sources, helping to reduce operating costs and environmental impact.<\/p>\n<p>Instant on\/off: LED illuminators can be turned on and off instantly, allowing for quicker and more efficient imaging sessions compared to traditional light sources that require warm-up and cool-down times.<\/p>\n<p>Reduced heat output: LED illuminators produce less heat compared to traditional light sources, reducing the risk of damage to sensitive samples and improving overall imaging quality.<\/p>\n<p>Compact size: LED illuminators are often more compact and lightweight than traditional light sources, making them easier to integrate into fluorescence microscope setups and reducing the overall footprint of the system.<\/p>","protected":false},"featured_media":5041,"template":"","meta":[],"product_brand":[],"product_cat":[42],"product_tag":[49,51,50],"class_list":{"0":"post-5040","1":"product","2":"type-product","3":"status-publish","4":"has-post-thumbnail","6":"product_cat-fluorescence-led-illuminator","7":"product_tag-led-fluorescence-attachment","8":"product_tag-standard-3-channel","9":"product_tag-up-to-5-channels-of-standard-or-custom-wavelengths-from-uv-to-ir-and-nir","11":"first","12":"instock","13":"sold-individually","14":"taxable","15":"shipping-taxable","16":"product-type-simple"},"_links":{"self":[{"href":"https:\/\/kiraoptical.com\/es\/wp-json\/wp\/v2\/product\/5040","targetHints":{"allow":["GET"]}}],"collection":[{"href":"https:\/\/kiraoptical.com\/es\/wp-json\/wp\/v2\/product"}],"about":[{"href":"https:\/\/kiraoptical.com\/es\/wp-json\/wp\/v2\/types\/product"}],"version-history":[{"count":0,"href":"https:\/\/kiraoptical.com\/es\/wp-json\/wp\/v2\/product\/5040\/revisions"}],"wp:featuredmedia":[{"embeddable":true,"href":"https:\/\/kiraoptical.com\/es\/wp-json\/wp\/v2\/media\/5041"}],"wp:attachment":[{"href":"https:\/\/kiraoptical.com\/es\/wp-json\/wp\/v2\/media?parent=5040"}],"wp:term":[{"taxonomy":"product_brand","embeddable":true,"href":"https:\/\/kiraoptical.com\/es\/wp-json\/wp\/v2\/product_brand?post=5040"},{"taxonomy":"product_cat","embeddable":true,"href":"https:\/\/kiraoptical.com\/es\/wp-json\/wp\/v2\/product_cat?post=5040"},{"taxonomy":"product_tag","embeddable":true,"href":"https:\/\/kiraoptical.com\/es\/wp-json\/wp\/v2\/product_tag?post=5040"}],"curies":[{"name":"wp","href":"https:\/\/api.w.org\/{rel}","templated":true}]}}