{"id":5047,"date":"2025-01-16T08:46:33","date_gmt":"2025-01-16T08:46:33","guid":{"rendered":"https:\/\/kiraoptical.com\/?post_type=product&#038;p=5047"},"modified":"2025-03-20T03:01:37","modified_gmt":"2025-03-20T03:01:37","slug":"4k-60fps-industrial-camera-high-speed-microscopy","status":"publish","type":"product","link":"https:\/\/kiraoptical.com\/es\/producto\/4k-60fps-industrial-camera-high-speed-microscopy\/","title":{"rendered":"4K 60 Frame HD C\u00e1mara industrial de alta velocidad para inspecci\u00f3n precisa | C\u00e1mara industrial para microscop\u00eda"},"content":{"rendered":"<p>Este <strong>C\u00e1mara industrial de alta velocidad 4K 60 fotogramas HD<\/strong> est\u00e1 dise\u00f1ada para la inspecci\u00f3n industrial y la microscop\u00eda de alta resoluci\u00f3n y precisi\u00f3n. Con un <strong>Sensor CMOS de Sony<\/strong> con 8,42 megap\u00edxeles, la c\u00e1mara proporciona <strong>3840 x 2160 a 60 fps Salida HDMI<\/strong> para obtener im\u00e1genes n\u00edtidas. Con funciones vers\u00e1tiles como <strong>exposici\u00f3n con un solo toque<\/strong>, <strong>balance de blancos autom\u00e1tico<\/strong>y <strong>compatibilidad con almacenamiento USB<\/strong>Esta c\u00e1mara industrial es perfecta para aplicaciones en tiempo real. La avanzada <strong>sistema de medici\u00f3n<\/strong> incluye varias herramientas, como la medici\u00f3n de distancias entre puntos, c\u00edrculos conc\u00e9ntricos y \u00e1ngulos, por lo que es ideal para mediciones y an\u00e1lisis industriales precisos.<\/p>\n<table>\n<thead>\n<tr>\n<th><strong>Caracter\u00edstica<\/strong><\/th>\n<th><strong>Descripci\u00f3n<\/strong><\/th>\n<\/tr>\n<\/thead>\n<tbody>\n<tr>\n<td><strong>Nombre del producto<\/strong><\/td>\n<td>C\u00e1mara industrial de alta velocidad 4K 60 fotogramas HD<\/td>\n<\/tr>\n<tr>\n<td><strong>Sensor<\/strong><\/td>\n<td>1 \/ Sensor CMOS Sony de 8,42 megap\u00edxeles y 1,8 pulgadas<\/td>\n<\/tr>\n<tr>\n<td><strong>Tama\u00f1o en p\u00edxeles<\/strong><\/td>\n<td>2,0\u00b5m x 2,0\u00b5m<\/td>\n<\/tr>\n<tr>\n<td><strong>Interfaz USB<\/strong><\/td>\n<td>USB 2.0 x 2 (rat\u00f3n, disco flash USB)<\/td>\n<\/tr>\n<tr>\n<td><strong>Salida HDMI<\/strong><\/td>\n<td>3840 x 2160 a 60 fps \/ 1920 x 1080 a 60 fps<\/td>\n<\/tr>\n<tr>\n<td><strong>Interfaz de la lente<\/strong><\/td>\n<td>Interfaz C<\/td>\n<\/tr>\n<tr>\n<td><strong>Exposici\u00f3n<\/strong><\/td>\n<td>Exposici\u00f3n con una pulsaci\u00f3n \/ Exposici\u00f3n autom\u00e1tica<\/td>\n<\/tr>\n<tr>\n<td><strong>Balance de blancos<\/strong><\/td>\n<td>Balance de blancos con una tecla \/ Balance de blancos autom\u00e1tico<\/td>\n<\/tr>\n<tr>\n<td><strong>Almacenamiento<\/strong><\/td>\n<td>Admite almacenamiento en disco flash USB<\/td>\n<\/tr>\n<tr>\n<td><strong>Funci\u00f3n auxiliar<\/strong><\/td>\n<td>Soporta: Medici\u00f3n del ancho de l\u00ednea, medici\u00f3n de fuentes, color de elementos, color de fuentes, color de calibraci\u00f3n, etc.<\/td>\n<\/tr>\n<tr>\n<td><strong>Sistema de medici\u00f3n<\/strong><\/td>\n<td>Nuevo Sistema de Medici\u00f3n: Distancia entre puntos, Rect\u00e1ngulo, C\u00edrculo conc\u00e9ntrico, Pol\u00edgono, C\u00edrculo de tres puntos, etc.<\/td>\n<\/tr>\n<tr>\n<td><strong>Tensi\u00f3n de entrada<\/strong><\/td>\n<td>DC 5V-12V<\/td>\n<\/tr>\n<tr>\n<td><strong>Funci\u00f3n de escriba<\/strong><\/td>\n<td>Admite 8 l\u00edneas rectas, color y posici\u00f3n ajustables<\/td>\n<\/tr>\n<tr>\n<td><strong>Funciones de imagen<\/strong><\/td>\n<td>Admite giro horizontal \/ giro vertical<\/td>\n<\/tr>\n<tr>\n<td><strong>Men\u00fa Idioma<\/strong><\/td>\n<td>Ingl\u00e9s \/ Chino \/ Tradicional<\/td>\n<\/tr>\n<tr>\n<td><strong>Aplicaci\u00f3n<\/strong><\/td>\n<td>Ideal para inspecci\u00f3n industrial, microscop\u00eda, medici\u00f3n de precisi\u00f3n e im\u00e1genes de alta velocidad en tiempo real<\/td>\n<\/tr>\n<tr>\n<td><strong>Palabras clave b\u00e1sicas<\/strong><\/td>\n<td>C\u00e1mara industrial, C\u00e1mara industrial de alta velocidad, C\u00e1mara industrial HDMI, C\u00e1mara industrial 4K<\/td>\n<\/tr>\n<\/tbody>\n<\/table>\n<figure id=\"attachment_5049\" aria-describedby=\"caption-attachment-5049\" style=\"width: 1000px\" class=\"wp-caption aligncenter\"><img fetchpriority=\"high\" decoding=\"async\" class=\"size-full wp-image-5049\" src=\"https:\/\/kiraoptical.com\/wp-content\/uploads\/2025\/01\/H5608.jpg\" alt=\"4K 60fps Industrial Camera for Precise Inspection and Microscopy\" width=\"1000\" height=\"667\" srcset=\"https:\/\/kiraoptical.com\/wp-content\/uploads\/2025\/01\/H5608.jpg 1000w, https:\/\/kiraoptical.com\/wp-content\/uploads\/2025\/01\/H5608-300x200.jpg 300w, https:\/\/kiraoptical.com\/wp-content\/uploads\/2025\/01\/H5608-768x512.jpg 768w, https:\/\/kiraoptical.com\/wp-content\/uploads\/2025\/01\/H5608-18x12.jpg 18w, https:\/\/kiraoptical.com\/wp-content\/uploads\/2025\/01\/H5608-600x400.jpg 600w\" sizes=\"(max-width: 1000px) 100vw, 1000px\" \/><figcaption id=\"caption-attachment-5049\" class=\"wp-caption-text\">C\u00e1mara industrial 4K 60 fps para inspecci\u00f3n y microscop\u00eda precisas<\/figcaption><\/figure>","protected":false},"excerpt":{"rendered":"<p>Descubra la c\u00e1mara industrial 4K 60fps para aplicaciones de alta velocidad. Perfecta para microscop\u00eda, inspecci\u00f3n industrial e im\u00e1genes en tiempo real con salida HDMI de alta definici\u00f3n.<\/p>","protected":false},"featured_media":5049,"template":"","meta":{"site-sidebar-layout":"default","site-content-layout":"","ast-site-content-layout":"default","site-content-style":"default","site-sidebar-style":"default","ast-global-header-display":"","ast-banner-title-visibility":"","ast-main-header-display":"","ast-hfb-above-header-display":"","ast-hfb-below-header-display":"","ast-hfb-mobile-header-display":"","site-post-title":"","ast-breadcrumbs-content":"","ast-featured-img":"","footer-sml-layout":"","theme-transparent-header-meta":"default","adv-header-id-meta":"","stick-header-meta":"default","header-above-stick-meta":"","header-main-stick-meta":"","header-below-stick-meta":"","astra-migrate-meta-layouts":"set","ast-page-background-enabled":"default","ast-page-background-meta":{"desktop":{"background-color":"","background-image":"","background-repeat":"repeat","background-position":"center center","background-size":"auto","background-attachment":"scroll","background-type":"","background-media":"","overlay-type":"","overlay-color":"","overlay-opacity":"","overlay-gradient":""},"tablet":{"background-color":"","background-image":"","background-repeat":"repeat","background-position":"center center","background-size":"auto","background-attachment":"scroll","background-type":"","background-media":"","overlay-type":"","overlay-color":"","overlay-opacity":"","overlay-gradient":""},"mobile":{"background-color":"","background-image":"","background-repeat":"repeat","background-position":"center center","background-size":"auto","background-attachment":"scroll","background-type":"","background-media":"","overlay-type":"","overlay-color":"","overlay-opacity":"","overlay-gradient":""}},"ast-content-background-meta":{"desktop":{"background-color":"var(--ast-global-color-5)","background-image":"","background-repeat":"repeat","background-position":"center center","background-size":"auto","background-attachment":"scroll","background-type":"","background-media":"","overlay-type":"","overlay-color":"","overlay-opacity":"","overlay-gradient":""},"tablet":{"background-color":"var(--ast-global-color-5)","background-image":"","background-repeat":"repeat","background-position":"center center","background-size":"auto","background-attachment":"scroll","background-type":"","background-media":"","overlay-type":"","overlay-color":"","overlay-opacity":"","overlay-gradient":""},"mobile":{"background-color":"var(--ast-global-color-5)","background-image":"","background-repeat":"repeat","background-position":"center center","background-size":"auto","background-attachment":"scroll","background-type":"","background-media":"","overlay-type":"","overlay-color":"","overlay-opacity":"","overlay-gradient":""}}},"product_brand":[],"product_cat":[41],"product_tag":[],"class_list":{"0":"post-5047","1":"product","2":"type-product","3":"status-publish","4":"has-post-thumbnail","6":"product_cat-camera","7":"desktop-align-left","8":"tablet-align-left","9":"mobile-align-left","10":"ast-product-gallery-layout-horizontal-slider","11":"ast-product-gallery-with-no-image","12":"ast-product-tabs-layout-horizontal","14":"first","15":"instock","16":"taxable","17":"shipping-taxable","18":"product-type-simple"},"_links":{"self":[{"href":"https:\/\/kiraoptical.com\/es\/wp-json\/wp\/v2\/product\/5047","targetHints":{"allow":["GET"]}}],"collection":[{"href":"https:\/\/kiraoptical.com\/es\/wp-json\/wp\/v2\/product"}],"about":[{"href":"https:\/\/kiraoptical.com\/es\/wp-json\/wp\/v2\/types\/product"}],"version-history":[{"count":0,"href":"https:\/\/kiraoptical.com\/es\/wp-json\/wp\/v2\/product\/5047\/revisions"}],"wp:featuredmedia":[{"embeddable":true,"href":"https:\/\/kiraoptical.com\/es\/wp-json\/wp\/v2\/media\/5049"}],"wp:attachment":[{"href":"https:\/\/kiraoptical.com\/es\/wp-json\/wp\/v2\/media?parent=5047"}],"wp:term":[{"taxonomy":"product_brand","embeddable":true,"href":"https:\/\/kiraoptical.com\/es\/wp-json\/wp\/v2\/product_brand?post=5047"},{"taxonomy":"product_cat","embeddable":true,"href":"https:\/\/kiraoptical.com\/es\/wp-json\/wp\/v2\/product_cat?post=5047"},{"taxonomy":"product_tag","embeddable":true,"href":"https:\/\/kiraoptical.com\/es\/wp-json\/wp\/v2\/product_tag?post=5047"}],"curies":[{"name":"wp","href":"https:\/\/api.w.org\/{rel}","templated":true}]}}