{"id":5064,"date":"2025-02-19T03:09:00","date_gmt":"2025-02-19T03:09:00","guid":{"rendered":"https:\/\/kiraoptical.com\/?post_type=product&#038;p=5064"},"modified":"2025-02-19T03:22:02","modified_gmt":"2025-02-19T03:22:02","slug":"dapigfpfitcmcherrytexasred-microscope","status":"publish","type":"product","link":"https:\/\/kiraoptical.com\/es\/producto\/dapigfpfitcmcherrytexasred-microscope\/","title":{"rendered":"Microscopio multicanal DAPI\/GFP\/FITC\/Mcherry\/Texas Red: captura de im\u00e1genes de precisi\u00f3n con control inteligente e iluminaci\u00f3n LED superior"},"content":{"rendered":"<h2 data-start=\"68\" data-end=\"168\"><strong data-start=\"88\" data-end=\"168\">Microscopio multicanal DAPI\/GFP\/FITC\/Mcherry\/Texas Red : \u00d3ptica de alto rendimiento y soluciones inteligentes<\/strong><\/h2>\n<h3 data-start=\"170\" data-end=\"197\">1. <strong data-start=\"177\" data-end=\"197\">Productos<\/strong><\/h3>\n<ul data-start=\"201\" data-end=\"535\">\n<li data-start=\"201\" data-end=\"535\"><strong data-start=\"203\" data-end=\"219\">Introducci\u00f3n<\/strong>:\n<ul data-start=\"226\" data-end=\"535\">\n<li data-start=\"226\" data-end=\"535\">El microscopio multicanalDAPI\/GFP\/FITC\/Mcherry\/Texas Red es un microscopio de gama alta que incorpora sistemas \u00f3pticos avanzados y materiales de alta calidad. Combinando una moderna tecnolog\u00eda \u00f3ptica con un control inteligente, ofrece excelentes experiencias de observaci\u00f3n, por lo que es adecuado para diversas investigaciones cient\u00edficas y aplicaciones industriales.<\/li>\n<\/ul>\n<\/li>\n<\/ul>\n<h3 data-start=\"537\" data-end=\"575\">2. <strong data-start=\"544\" data-end=\"575\">Principales caracter\u00edsticas y ventajas<\/strong><\/h3>\n<h4 data-start=\"580\" data-end=\"607\">2.1 <strong data-start=\"589\" data-end=\"607\">Sistema \u00f3ptico<\/strong><\/h4>\n<ul data-start=\"611\" data-end=\"909\">\n<li data-start=\"611\" data-end=\"823\"><strong data-start=\"613\" data-end=\"700\">Sistema \u00f3ptico ECGO de correcci\u00f3n bidireccional de la aberraci\u00f3n crom\u00e1tica a distancia infinita<\/strong>: Con una distancia focal de 45 mm, proporciona im\u00e1genes claras y de alta calidad, lo que la hace adecuada para necesidades de investigaci\u00f3n complejas.<\/li>\n<li data-start=\"827\" data-end=\"909\">Este sistema elimina eficazmente la aberraci\u00f3n crom\u00e1tica, garantizando la calidad de la imagen.<\/li>\n<\/ul>\n<h4 data-start=\"911\" data-end=\"938\">2.2 <strong data-start=\"920\" data-end=\"938\">Estructura corporal<\/strong><\/h4>\n<ul data-start=\"942\" data-end=\"1498\">\n<li data-start=\"942\" data-end=\"1179\"><strong data-start=\"944\" data-end=\"992\">Tecnolog\u00eda de moldeo integrado de aleaci\u00f3n de aluminio<\/strong>: La carcasa de aleaci\u00f3n de aluminio de alta resistencia es robusta pero ligera, y el revestimiento antibacteriano de iones de nanoplata inhibe eficazmente la reproducci\u00f3n de microorganismos en la superficie.<\/li>\n<li data-start=\"1183\" data-end=\"1304\"><strong data-start=\"1185\" data-end=\"1219\">Adaptador de voltaje ancho (90~230V)<\/strong>: Admite un rango de voltaje global, lo que facilita su uso en diferentes regiones.<\/li>\n<li data-start=\"1308\" data-end=\"1498\"><strong data-start=\"1310\" data-end=\"1359\">Salida de control USB y modo de ahorro de energ\u00eda ECO<\/strong>: C\u00f3modo control mediante interfaz USB, admite el ajuste autom\u00e1tico del brillo y la gesti\u00f3n de la eficiencia energ\u00e9tica para reducir el consumo de energ\u00eda.<\/li>\n<\/ul>\n<h4 data-start=\"1500\" data-end=\"1532\">2.3 <strong data-start=\"1509\" data-end=\"1532\">Sistema de iluminaci\u00f3n<\/strong><\/h4>\n<ul data-start=\"1536\" data-end=\"1993\">\n<li data-start=\"1536\" data-end=\"1804\"><strong data-start=\"1538\" data-end=\"1595\">Sistema de iluminaci\u00f3n LED tipo luz diurna SUPERMLED\u2122 integrado<\/strong>: Proporciona una luminosidad equivalente a una l\u00e1mpara hal\u00f3gena de 100 W, con una vida \u00fatil de la fuente de luz no inferior a 60.000 horas. La fuente de luz mantiene una temperatura de color constante de 4500K, adecuada para un uso prolongado.<\/li>\n<li data-start=\"1808\" data-end=\"1902\"><strong data-start=\"1810\" data-end=\"1843\">Iluminaci\u00f3n con luz blanca c\u00e1lida<\/strong>: Efecto de iluminaci\u00f3n confortable que ayuda a reducir la fatiga ocular.<\/li>\n<li data-start=\"1906\" data-end=\"1993\">Admite la instalaci\u00f3n de filtros de 45 mm, lo que proporciona una mayor flexibilidad para los experimentos.<\/li>\n<\/ul>\n<h4 data-start=\"1995\" data-end=\"2023\">2.4 <strong data-start=\"2004\" data-end=\"2023\">Sistema de enfoque<\/strong><\/h4>\n<ul data-start=\"2027\" data-end=\"2304\">\n<li data-start=\"2027\" data-end=\"2304\"><strong data-start=\"2029\" data-end=\"2087\">Ajuste grueso y fino sincronizado para ambas manos<\/strong>: El sistema permite un ajuste fino asistido con una precisi\u00f3n de paso m\u00ednima de 1\u03bcm y un recorrido m\u00e1ximo de 25 mm. Est\u00e1 equipado con un ajuste de tensi\u00f3n y un limitador de altura anticolisi\u00f3n para garantizar un funcionamiento seguro.<\/li>\n<\/ul>\n<h4 data-start=\"2306\" data-end=\"2331\">2.5 <strong data-start=\"2315\" data-end=\"2331\">Etapa de muestra<\/strong><\/h4>\n<ul data-start=\"2335\" data-end=\"2648\">\n<li data-start=\"2335\" data-end=\"2648\"><strong data-start=\"2337\" data-end=\"2394\">Etapa Mec\u00e1nica de Doble Capa de Baja Posici\u00f3n Derecha<\/strong>: Presenta un tablero con revestimiento cer\u00e1mico resistente al desgaste y una robusta estructura de transmisi\u00f3n sin engranajes expuestos. La carrera m\u00f3vil es de 76 mm x 55 mm. La tensi\u00f3n preestablecida del hilo de acero garantiza un posicionamiento preciso sin atascos ni rebotes, lo que reduce la fatiga del usuario.<\/li>\n<\/ul>\n<h4 data-start=\"2650\" data-end=\"2674\">2.6 <strong data-start=\"2659\" data-end=\"2674\">Abrazadera deslizante<\/strong><\/h4>\n<ul data-start=\"2678\" data-end=\"2860\">\n<li data-start=\"2678\" data-end=\"2860\"><strong data-start=\"2680\" data-end=\"2718\">Pinza deslizante izquierda de rebote lento<\/strong>: Admite portaobjetos individuales y puede transportar muestras m\u00e1s pesadas, como c\u00e1maras de recuento de c\u00e9lulas y placas de recuento, lo que aumenta la comodidad operativa.<\/li>\n<\/ul>\n<h4 data-start=\"2862\" data-end=\"2884\">2.7 <strong data-start=\"2871\" data-end=\"2884\">Condensador<\/strong><\/h4>\n<ul data-start=\"2888\" data-end=\"3110\">\n<li data-start=\"2888\" data-end=\"3110\"><strong data-start=\"2890\" data-end=\"2923\">Condensador precentrado Kohler<\/strong>: Equipado con una escala indicadora de apertura, con un rango NA de 0,1 a 1,1, soporta m\u00faltiples modos de iluminaci\u00f3n como campo claro y luz polarizada para investigaci\u00f3n \u00f3ptica avanzada.<\/li>\n<\/ul>\n<h4 data-start=\"3112\" data-end=\"3141\">2.8 <strong data-start=\"3121\" data-end=\"3141\">Tubo de observaci\u00f3n<\/strong><\/h4>\n<ul data-start=\"3145\" data-end=\"3394\">\n<li data-start=\"3145\" data-end=\"3280\"><strong data-start=\"3147\" data-end=\"3193\">Tubo de observaci\u00f3n trinocular ajustable 30<\/strong>: Divisi\u00f3n de la luz 50\/50, altura del punto ocular ajustable y adecuada a las diferentes necesidades del usuario.<\/li>\n<li data-start=\"3284\" data-end=\"3394\">El rango de ajuste de la distancia interpupilar es de 46-78 mm, por lo que se adapta a usuarios con distintos requisitos de visi\u00f3n.<\/li>\n<\/ul>\n<h4 data-start=\"3396\" data-end=\"3433\">2.9 <strong data-start=\"3405\" data-end=\"3433\">Oculares y objetivos<\/strong><\/h4>\n<ul data-start=\"3437\" data-end=\"3818\">\n<li data-start=\"3437\" data-end=\"3579\"><strong data-start=\"3439\" data-end=\"3467\">Ocular gran angular de 30 mm<\/strong>: Equipado con oculares 10x (n\u00famero de campo 22), y 10 niveles de ajuste di\u00f3ptrico para el ocular binocular.<\/li>\n<li data-start=\"3583\" data-end=\"3818\"><strong data-start=\"3585\" data-end=\"3628\">Rev\u00f3lver Objetivo Integrado de Cinco Agujeros<\/strong>: Admite interfaces de rosca de objetivo est\u00e1ndar RMS, con software capaz de reconocer autom\u00e1ticamente el aumento del objetivo y mostrar el aumento correspondiente al cambiar.<\/li>\n<\/ul>\n<h4 data-start=\"3820\" data-end=\"3853\">2.10 <strong data-start=\"3830\" data-end=\"3853\">C\u00e1mara y software<\/strong><\/h4>\n<ul data-start=\"3857\" data-end=\"4164\">\n<li data-start=\"3857\" data-end=\"3992\"><strong data-start=\"3859\" data-end=\"3905\">C\u00e1mara CMOS de alto rendimiento de 5,2 megap\u00edxeles<\/strong>: Garant\u00eda de tres a\u00f1os para los componentes principales, lo que garantiza im\u00e1genes n\u00edtidas y estables.<\/li>\n<li data-start=\"3996\" data-end=\"4164\"><strong data-start=\"3998\" data-end=\"4018\">Software de control<\/strong>: Admite el reconocimiento autom\u00e1tico de aumentos y la carga autom\u00e1tica de par\u00e1metros al cambiar de objetivo, lo que proporciona una experiencia operativa m\u00e1s inteligente.<\/li>\n<\/ul>\n<h4 data-start=\"4166\" data-end=\"4199\">2.11 <strong data-start=\"4176\" data-end=\"4199\">Dispositivo de fluorescencia<\/strong><\/h4>\n<ul data-start=\"4203\" data-end=\"4413\">\n<li data-start=\"4203\" data-end=\"4413\"><strong data-start=\"4205\" data-end=\"4246\">Iluminador de fluorescencia LED incorporado<\/strong>: Sin mantenimiento durante 30.000 horas, compatible con bloques de excitaci\u00f3n de colorantes convencionales (por ejemplo, DAPI, FITC, TRITC, TxRed), ampliando las capacidades de investigaci\u00f3n de fluorescencia.<\/li>\n<\/ul>\n<h4 data-start=\"4415\" data-end=\"4470\">2.12 <strong data-start=\"4425\" data-end=\"4470\">Dispositivos antimoho y dise\u00f1o ecol\u00f3gico<\/strong><\/h4>\n<ul data-start=\"4474\" data-end=\"4783\">\n<li data-start=\"4474\" data-end=\"4643\">Todos los componentes \u00f3pticos est\u00e1n tratados con revestimientos antimoho y antibacterianos, que prolongan eficazmente la vida \u00fatil y mejoran la limpieza y la comodidad de mantenimiento.<\/li>\n<li data-start=\"4647\" data-end=\"4783\">Utiliza vidrio ecol\u00f3gico sin plomo y cumple la normativa medioambiental RoHS, lo que reduce el impacto medioambiental negativo.<\/li>\n<\/ul>\n<h3 data-start=\"4785\" data-end=\"4833\">3. <strong data-start=\"4792\" data-end=\"4833\">Funcionamiento y mantenimiento inteligentes<\/strong><\/h3>\n<ul data-start=\"4837\" data-end=\"5048\">\n<li data-start=\"4837\" data-end=\"5048\"><strong data-start=\"4839\" data-end=\"4864\">Funcionalidad del c\u00f3digo QR<\/strong>: Al escanear el c\u00f3digo QR del microscopio, los usuarios pueden acceder directamente a tutoriales de instrucciones en l\u00ednea, informes de fallos y citas de mantenimiento, lo que mejora la facilidad de uso del producto.<\/li>\n<\/ul>\n<h3 data-start=\"5050\" data-end=\"5100\">4. <strong data-start=\"5057\" data-end=\"5100\">Especificaciones t\u00e9cnicas y par\u00e1metros<\/strong><\/h3>\n<ul data-start=\"5104\" data-end=\"5402\">\n<li data-start=\"5104\" data-end=\"5260\"><strong data-start=\"5106\" data-end=\"5130\">Estructura del microscopio<\/strong>: Peso neto de 7,8 kg y dimensiones externas de 403 mm x 353 mm x 353 mm, adecuado para diversos entornos de laboratorio e investigaci\u00f3n.<\/li>\n<li data-start=\"5264\" data-end=\"5402\"><strong data-start=\"5266\" data-end=\"5283\">Compatibilidad<\/strong>: Admite varias interfaces de c\u00e1mara de tipo C est\u00e1ndar y control de software de PC, lo que satisface las necesidades de la investigaci\u00f3n cient\u00edfica moderna.<\/li>\n<\/ul>\n<h3 data-start=\"5404\" data-end=\"5436\">5. <strong data-start=\"5411\" data-end=\"5436\">Escenarios de aplicaci\u00f3n<\/strong><\/h3>\n<ul data-start=\"5440\" data-end=\"5672\">\n<li data-start=\"5440\" data-end=\"5672\">Este microscopio se utiliza ampliamente en campos como la biomedicina, la citolog\u00eda, la histolog\u00eda y la ciencia de los materiales, entre otros. Es ideal para instituciones de investigaci\u00f3n, laboratorios universitarios, hospitales y entornos industriales de pruebas de calidad.<\/li>\n<\/ul>\n<h3 data-start=\"5674\" data-end=\"5723\">6. <strong data-start=\"5681\" data-end=\"5723\">Resumen y recomendaciones de compra<\/strong><\/h3>\n<ul data-start=\"5727\" data-end=\"6386\">\n<li data-start=\"5727\" data-end=\"6089\"><strong data-start=\"5729\" data-end=\"5757\">Ventajas generales<\/strong>: La <strong data-start=\"5763\" data-end=\"5781\">CX-63 \/ DM-750<\/strong> destaca por su rendimiento \u00f3ptico superior, su sistema de control inteligente y su dise\u00f1o duradero, que lo convierten en la opci\u00f3n ideal para el an\u00e1lisis microsc\u00f3pico cient\u00edfico e industrial moderno. Su larga vida \u00fatil, sus excelentes funciones de fluorescencia y su dise\u00f1o ergon\u00f3mico lo sit\u00faan como l\u00edder en su categor\u00eda.<\/li>\n<li data-start=\"6093\" data-end=\"6386\"><strong data-start=\"6095\" data-end=\"6124\">Recomendaci\u00f3n de compra<\/strong>: Teniendo en cuenta su excelente rendimiento y rentabilidad, el microscopio multicanal DAPI\/GFP\/FITC\/Mcherry\/Texas Red es una opci\u00f3n ideal para instituciones de investigaci\u00f3n de alto nivel y clientes industriales, especialmente para entornos que requieren una investigaci\u00f3n microsc\u00f3pica de alta precisi\u00f3n y eficiencia.<\/li>\n<\/ul>","protected":false},"excerpt":{"rendered":"<p>En <strong data-start=\"4\" data-end=\"63\">DAPI\/GFP\/FITC\/Mcherry\/Texas Red Multichannel Microscope<\/strong> is a versatile imaging system designed for advanced fluorescence microscopy. It supports the simultaneous observation of multiple fluorescent markers, including DAPI, GFP, FITC, Mcherry, and Texas Red, making it ideal for multi-parameter analysis in cell biology, molecular research, and tissue studies. The microscope features high-quality optics, precise filter sets, and advanced fluorescence detection, enabling researchers to visualize and quantify different biomolecules with high sensitivity and clarity across multiple channels. This system is essential for complex studies such as gene expression, protein localization, and cellular dynamics.<\/p>","protected":false},"featured_media":5065,"template":"","meta":{"site-sidebar-layout":"default","site-content-layout":"","ast-site-content-layout":"default","site-content-style":"default","site-sidebar-style":"default","ast-global-header-display":"","ast-banner-title-visibility":"","ast-main-header-display":"","ast-hfb-above-header-display":"","ast-hfb-below-header-display":"","ast-hfb-mobile-header-display":"","site-post-title":"","ast-breadcrumbs-content":"","ast-featured-img":"","footer-sml-layout":"","theme-transparent-header-meta":"default","adv-header-id-meta":"","stick-header-meta":"default","header-above-stick-meta":"","header-main-stick-meta":"","header-below-stick-meta":"","astra-migrate-meta-layouts":"set","ast-page-background-enabled":"default","ast-page-background-meta":{"desktop":{"background-color":"","background-image":"","background-repeat":"repeat","background-position":"center center","background-size":"auto","background-attachment":"scroll","background-type":"","background-media":"","overlay-type":"","overlay-color":"","overlay-opacity":"","overlay-gradient":""},"tablet":{"background-color":"","background-image":"","background-repeat":"repeat","background-position":"center center","background-size":"auto","background-attachment":"scroll","background-type":"","background-media":"","overlay-type":"","overlay-color":"","overlay-opacity":"","overlay-gradient":""},"mobile":{"background-color":"","background-image":"","background-repeat":"repeat","background-position":"center center","background-size":"auto","background-attachment":"scroll","background-type":"","background-media":"","overlay-type":"","overlay-color":"","overlay-opacity":"","overlay-gradient":""}},"ast-content-background-meta":{"desktop":{"background-color":"var(--ast-global-color-5)","background-image":"","background-repeat":"repeat","background-position":"center center","background-size":"auto","background-attachment":"scroll","background-type":"","background-media":"","overlay-type":"","overlay-color":"","overlay-opacity":"","overlay-gradient":""},"tablet":{"background-color":"var(--ast-global-color-5)","background-image":"","background-repeat":"repeat","background-position":"center center","background-size":"auto","background-attachment":"scroll","background-type":"","background-media":"","overlay-type":"","overlay-color":"","overlay-opacity":"","overlay-gradient":""},"mobile":{"background-color":"var(--ast-global-color-5)","background-image":"","background-repeat":"repeat","background-position":"center center","background-size":"auto","background-attachment":"scroll","background-type":"","background-media":"","overlay-type":"","overlay-color":"","overlay-opacity":"","overlay-gradient":""}}},"product_brand":[],"product_cat":[62],"product_tag":[49,51,50],"class_list":{"0":"post-5064","1":"product","2":"type-product","3":"status-publish","4":"has-post-thumbnail","6":"product_cat-biological-microscope","7":"product_tag-led-fluorescence-attachment","8":"product_tag-standard-3-channel","9":"product_tag-up-to-5-channels-of-standard-or-custom-wavelengths-from-uv-to-ir-and-nir","10":"desktop-align-left","11":"tablet-align-left","12":"mobile-align-left","13":"ast-product-gallery-layout-horizontal-slider","14":"ast-product-gallery-with-no-image","15":"ast-product-tabs-layout-horizontal","17":"first","18":"instock","19":"sold-individually","20":"taxable","21":"shipping-taxable","22":"product-type-simple"},"_links":{"self":[{"href":"https:\/\/kiraoptical.com\/es\/wp-json\/wp\/v2\/product\/5064","targetHints":{"allow":["GET"]}}],"collection":[{"href":"https:\/\/kiraoptical.com\/es\/wp-json\/wp\/v2\/product"}],"about":[{"href":"https:\/\/kiraoptical.com\/es\/wp-json\/wp\/v2\/types\/product"}],"version-history":[{"count":0,"href":"https:\/\/kiraoptical.com\/es\/wp-json\/wp\/v2\/product\/5064\/revisions"}],"wp:featuredmedia":[{"embeddable":true,"href":"https:\/\/kiraoptical.com\/es\/wp-json\/wp\/v2\/media\/5065"}],"wp:attachment":[{"href":"https:\/\/kiraoptical.com\/es\/wp-json\/wp\/v2\/media?parent=5064"}],"wp:term":[{"taxonomy":"product_brand","embeddable":true,"href":"https:\/\/kiraoptical.com\/es\/wp-json\/wp\/v2\/product_brand?post=5064"},{"taxonomy":"product_cat","embeddable":true,"href":"https:\/\/kiraoptical.com\/es\/wp-json\/wp\/v2\/product_cat?post=5064"},{"taxonomy":"product_tag","embeddable":true,"href":"https:\/\/kiraoptical.com\/es\/wp-json\/wp\/v2\/product_tag?post=5064"}],"curies":[{"name":"wp","href":"https:\/\/api.w.org\/{rel}","templated":true}]}}