{"id":5070,"date":"2025-02-19T06:11:28","date_gmt":"2025-02-19T06:11:28","guid":{"rendered":"https:\/\/kiraoptical.com\/?post_type=product&#038;p=5070"},"modified":"2025-09-17T05:30:25","modified_gmt":"2025-09-17T05:30:25","slug":"science-research-level-microscope","status":"publish","type":"product","link":"https:\/\/kiraoptical.com\/es\/producto\/science-research-level-microscope\/","title":{"rendered":"Microscopio de nivel de investigaci\u00f3n cient\u00edfica: Tecnolog\u00eda \u00f3ptica avanzada para im\u00e1genes de precisi\u00f3n en investigaci\u00f3n e industria"},"content":{"rendered":"<h2 data-start=\"68\" data-end=\"168\"><strong data-start=\"88\" data-end=\"168\">Microscopio de nivel de investigaci\u00f3n cient\u00edfica YS-FI: Tecnolog\u00eda \u00f3ptica avanzada para im\u00e1genes de precisi\u00f3n en investigaci\u00f3n e industria<\/strong><\/h2>\n<p>&nbsp;<\/p>\n<h4 data-start=\"669\" data-end=\"704\"><strong data-start=\"674\" data-end=\"704\">Principales caracter\u00edsticas y ventajas<\/strong><\/h4>\n<ul data-start=\"708\" data-end=\"3457\">\n<li data-start=\"708\" data-end=\"1027\"><strong data-start=\"710\" data-end=\"728\">Sistema \u00f3ptico<\/strong>:\n<ul data-start=\"735\" data-end=\"1027\">\n<li data-start=\"735\" data-end=\"1027\"><strong data-start=\"737\" data-end=\"809\">Sistema \u00f3ptico de correcci\u00f3n de la aberraci\u00f3n crom\u00e1tica bidireccional ECGO Infinity<\/strong>:\n<ul data-start=\"819\" data-end=\"1027\">\n<li data-start=\"819\" data-end=\"935\">Garantiza im\u00e1genes de alta resoluci\u00f3n al eliminar la aberraci\u00f3n crom\u00e1tica, proporcionando vistas claras y precisas de las muestras.<\/li>\n<li data-start=\"943\" data-end=\"1027\">Distancia parafocal de 60 mm para un enfoque uniforme con diferentes aumentos.<\/li>\n<\/ul>\n<\/li>\n<\/ul>\n<\/li>\n<li data-start=\"1031\" data-end=\"1306\"><strong data-start=\"1033\" data-end=\"1051\">Estructura corporal<\/strong>:\n<ul data-start=\"1058\" data-end=\"1306\">\n<li data-start=\"1058\" data-end=\"1306\"><strong data-start=\"1060\" data-end=\"1101\">Aleaci\u00f3n de aluminio de una sola pieza<\/strong>:\n<ul data-start=\"1111\" data-end=\"1306\">\n<li data-start=\"1111\" data-end=\"1173\">Ligero pero resistente, proporciona una fiabilidad duradera.<\/li>\n<li data-start=\"1181\" data-end=\"1306\">Revestimiento antibacteriano de iones de nanoplata en la superficie para inhibir el crecimiento de microorganismos, garantizando un espacio de trabajo limpio e higi\u00e9nico.<\/li>\n<\/ul>\n<\/li>\n<\/ul>\n<\/li>\n<li data-start=\"1310\" data-end=\"1777\"><strong data-start=\"1312\" data-end=\"1344\">Funciones de control inteligente<\/strong>:\n<ul data-start=\"1351\" data-end=\"1777\">\n<li data-start=\"1351\" data-end=\"1575\"><strong data-start=\"1353\" data-end=\"1391\">Control USB e integraci\u00f3n de software<\/strong>:\n<ul data-start=\"1401\" data-end=\"1575\">\n<li data-start=\"1401\" data-end=\"1453\">Admite salida de control USB para facilitar el manejo.<\/li>\n<li data-start=\"1461\" data-end=\"1575\">El software puede reconocer autom\u00e1ticamente la ampliaci\u00f3n y cambiar de escala, agilizando el flujo de trabajo de los investigadores.<\/li>\n<\/ul>\n<\/li>\n<li data-start=\"1581\" data-end=\"1777\"><strong data-start=\"1583\" data-end=\"1609\">Modo de ahorro de energ\u00eda ECO<\/strong>:\n<ul data-start=\"1618\" data-end=\"1777\">\n<li data-start=\"1618\" data-end=\"1777\">Las funciones de ahorro de energ\u00eda integradas, incluida la gesti\u00f3n autom\u00e1tica del brillo, reducen el consumo de energ\u00eda al tiempo que mantienen una iluminaci\u00f3n \u00f3ptima para los experimentos.<\/li>\n<\/ul>\n<\/li>\n<\/ul>\n<\/li>\n<li data-start=\"1781\" data-end=\"2165\"><strong data-start=\"1783\" data-end=\"1806\">Sistema de iluminaci\u00f3n<\/strong>:\n<ul data-start=\"1813\" data-end=\"2165\">\n<li data-start=\"1813\" data-end=\"2165\"><strong data-start=\"1815\" data-end=\"1860\">SUPERMLED\u2122 Iluminaci\u00f3n LED tipo luz diurna<\/strong>:\n<ul data-start=\"1869\" data-end=\"2165\">\n<li data-start=\"1869\" data-end=\"1970\">LED de 18 W equivalente a una bombilla hal\u00f3gena de 150 W, que proporciona una luz brillante y uniforme para una visibilidad clara.<\/li>\n<li data-start=\"1978\" data-end=\"2085\">La vida \u00fatil de 60.000 horas de la fuente luminosa y la temperatura de color constante de 4500K garantizan un rendimiento fiable a lo largo del tiempo.<\/li>\n<li data-start=\"2093\" data-end=\"2165\">Admite la instalaci\u00f3n de filtros de 45 mm para una mayor flexibilidad de iluminaci\u00f3n.<\/li>\n<\/ul>\n<\/li>\n<\/ul>\n<\/li>\n<li data-start=\"2169\" data-end=\"2526\"><strong data-start=\"2171\" data-end=\"2190\">Sistema de enfoque<\/strong>:\n<ul data-start=\"2197\" data-end=\"2526\">\n<li data-start=\"2197\" data-end=\"2526\"><strong data-start=\"2199\" data-end=\"2229\">Ajuste grueso y fino<\/strong>:\n<ul data-start=\"2239\" data-end=\"2526\">\n<li data-start=\"2239\" data-end=\"2365\">Tanto la mano izquierda como la derecha pueden controlar los ajustes gruesos y finos de forma sincronizada, con una precisi\u00f3n de ajuste fino de hasta 1\u03bcm.<\/li>\n<li data-start=\"2373\" data-end=\"2526\"><strong data-start=\"2375\" data-end=\"2405\">Ajuste fino asistido<\/strong> con un recorrido m\u00e1ximo de 25 mm, que garantiza un funcionamiento suave con un limitador de altura anticolisi\u00f3n incorporado para mayor seguridad.<\/li>\n<\/ul>\n<\/li>\n<\/ul>\n<\/li>\n<li data-start=\"2530\" data-end=\"2792\"><strong data-start=\"2532\" data-end=\"2548\">Etapa de muestra<\/strong>:\n<ul data-start=\"2555\" data-end=\"2792\">\n<li data-start=\"2555\" data-end=\"2792\"><strong data-start=\"2557\" data-end=\"2603\">Etapa mec\u00e1nica de doble capa de baja posici\u00f3n<\/strong>:\n<ul data-start=\"2612\" data-end=\"2792\">\n<li data-start=\"2612\" data-end=\"2724\">La platina con revestimiento cer\u00e1mico resistente al desgaste est\u00e1 dise\u00f1ada para un movimiento suave y preciso con una carrera de 76 mm x 55 mm.<\/li>\n<li data-start=\"2732\" data-end=\"2792\">La tensi\u00f3n preestablecida del alambre de acero garantiza un uso f\u00e1cil y sin fatiga.<\/li>\n<\/ul>\n<\/li>\n<\/ul>\n<\/li>\n<li data-start=\"2796\" data-end=\"3058\"><strong data-start=\"2798\" data-end=\"2821\">Dispositivo de fluorescencia<\/strong>:\n<ul data-start=\"2828\" data-end=\"3058\">\n<li data-start=\"2828\" data-end=\"3058\"><strong data-start=\"2830\" data-end=\"2871\">Iluminador de fluorescencia LED giratorio<\/strong>:\n<ul data-start=\"2880\" data-end=\"3058\">\n<li data-start=\"2880\" data-end=\"2922\">Sin mantenimiento hasta 60.000 horas.<\/li>\n<li data-start=\"2930\" data-end=\"3058\">Compatible con bloques de excitaci\u00f3n de colorantes convencionales como DAPI, FITC, TRITC y TxRed, por lo que es ideal para la obtenci\u00f3n de im\u00e1genes fluorescentes.<\/li>\n<\/ul>\n<\/li>\n<\/ul>\n<\/li>\n<li data-start=\"3062\" data-end=\"3457\"><strong data-start=\"3064\" data-end=\"3087\">C\u00e1mara y software<\/strong>:\n<ul data-start=\"3094\" data-end=\"3457\">\n<li data-start=\"3094\" data-end=\"3250\"><strong data-start=\"3096\" data-end=\"3125\">C\u00e1mara CMOS de 6,3 megap\u00edxeles<\/strong>:\n<ul data-start=\"3134\" data-end=\"3250\">\n<li data-start=\"3134\" data-end=\"3250\">C\u00e1mara de alto rendimiento con 3 a\u00f1os de garant\u00eda, que garantiza im\u00e1genes n\u00edtidas para todas sus necesidades de an\u00e1lisis de muestras.<\/li>\n<\/ul>\n<\/li>\n<li data-start=\"3256\" data-end=\"3457\"><strong data-start=\"3258\" data-end=\"3289\">Software de control del microscopio<\/strong>:\n<ul data-start=\"3299\" data-end=\"3457\">\n<li data-start=\"3299\" data-end=\"3457\">Software totalmente integrado que admite el reconocimiento autom\u00e1tico de aumentos y ajusta los par\u00e1metros en funci\u00f3n de los objetivos, lo que simplifica la experiencia del usuario.<\/li>\n<\/ul>\n<\/li>\n<\/ul>\n<\/li>\n<\/ul>\n<h4 data-start=\"3459\" data-end=\"3495\"><strong data-start=\"3464\" data-end=\"3495\">3. 3. Especificaciones t\u00e9cnicas<\/strong><\/h4>\n<ul data-start=\"3499\" data-end=\"4144\">\n<li data-start=\"3499\" data-end=\"3609\"><strong data-start=\"3501\" data-end=\"3519\">Sistema \u00f3ptico<\/strong>:\n<ul data-start=\"3527\" data-end=\"3609\">\n<li data-start=\"3527\" data-end=\"3609\">Correcci\u00f3n bidireccional infinita de la aberraci\u00f3n crom\u00e1tica con una distancia parfocal de 60 mm.<\/li>\n<\/ul>\n<\/li>\n<li data-start=\"3613\" data-end=\"3710\"><strong data-start=\"3615\" data-end=\"3631\">Iluminaci\u00f3n<\/strong>:\n<ul data-start=\"3639\" data-end=\"3710\">\n<li data-start=\"3639\" data-end=\"3710\">LED de 18 W, equivalente a una luz hal\u00f3gena de 150 W con brillo ajustable.<\/li>\n<\/ul>\n<\/li>\n<li data-start=\"3714\" data-end=\"3819\"><strong data-start=\"3716\" data-end=\"3732\">Sistema Focus<\/strong>:\n<ul data-start=\"3740\" data-end=\"3819\">\n<li data-start=\"3740\" data-end=\"3819\">Ajustes sincronizados grueso y fino, con una precisi\u00f3n de ajuste fino de hasta 1\u03bcm.<\/li>\n<\/ul>\n<\/li>\n<li data-start=\"3823\" data-end=\"3933\"><strong data-start=\"3825\" data-end=\"3834\">Escenario<\/strong>:\n<ul data-start=\"3842\" data-end=\"3933\">\n<li data-start=\"3842\" data-end=\"3933\">Etapa de doble capa de baja posici\u00f3n, carrera de 76 mm x 55 mm con transmisi\u00f3n precisa de alambre de acero.<\/li>\n<\/ul>\n<\/li>\n<li data-start=\"3937\" data-end=\"4031\"><strong data-start=\"3939\" data-end=\"3959\">Lentes objetivas<\/strong>:\n<ul data-start=\"3967\" data-end=\"4031\">\n<li data-start=\"3967\" data-end=\"4031\">Admite varias lentes objetivas (est\u00e1ndar no enumeradas aqu\u00ed).<\/li>\n<\/ul>\n<\/li>\n<li data-start=\"4035\" data-end=\"4144\"><strong data-start=\"4037\" data-end=\"4047\">C\u00e1mara<\/strong>:\n<ul data-start=\"4055\" data-end=\"4144\">\n<li data-start=\"4055\" data-end=\"4144\">C\u00e1mara CMOS de 6,3 MP, aumento controlado por software y carga autom\u00e1tica de par\u00e1metros.<\/li>\n<\/ul>\n<\/li>\n<\/ul>\n<h4 data-start=\"4146\" data-end=\"4170\"><strong data-start=\"4151\" data-end=\"4170\">4. Aplicaciones<\/strong><\/h4>\n<ul data-start=\"4174\" data-end=\"4676\">\n<li data-start=\"4174\" data-end=\"4359\"><strong data-start=\"4176\" data-end=\"4201\">Investigaci\u00f3n y academia<\/strong>:\n<ul data-start=\"4209\" data-end=\"4359\">\n<li data-start=\"4209\" data-end=\"4359\">Ideal para la investigaci\u00f3n en ciencia de materiales, biolog\u00eda y nanotecnolog\u00eda gracias a su capacidad de obtenci\u00f3n de im\u00e1genes de alta resoluci\u00f3n y su compatibilidad con la fluorescencia.<\/li>\n<\/ul>\n<\/li>\n<li data-start=\"4363\" data-end=\"4522\"><strong data-start=\"4365\" data-end=\"4398\">Investigaci\u00f3n m\u00e9dica y cl\u00ednica<\/strong>:\n<ul data-start=\"4406\" data-end=\"4522\">\n<li data-start=\"4406\" data-end=\"4522\">Se utiliza para el an\u00e1lisis avanzado de muestras biol\u00f3gicas, incluidos cultivos celulares, tejidos y estudios de biolog\u00eda molecular.<\/li>\n<\/ul>\n<\/li>\n<li data-start=\"4526\" data-end=\"4676\"><strong data-start=\"4528\" data-end=\"4558\">Control de calidad industrial<\/strong>:\n<ul data-start=\"4566\" data-end=\"4676\">\n<li data-start=\"4566\" data-end=\"4676\">Adecuado para inspeccionar materiales y productos, especialmente en las industrias metal\u00fargica y de ciencia de materiales.<\/li>\n<\/ul>\n<\/li>\n<\/ul>\n<h4 data-start=\"4678\" data-end=\"4705\"><strong data-start=\"4683\" data-end=\"4705\">5. Experiencia del usuario<\/strong><\/h4>\n<ul data-start=\"4709\" data-end=\"5037\">\n<li data-start=\"4709\" data-end=\"4849\"><strong data-start=\"4711\" data-end=\"4726\">Facilidad de uso<\/strong>:\n<ul data-start=\"4733\" data-end=\"4849\">\n<li data-start=\"4733\" data-end=\"4849\">Configuraci\u00f3n r\u00e1pida y controles intuitivos para los investigadores, lo que facilita la realizaci\u00f3n de tareas complejas con una formaci\u00f3n m\u00ednima.<\/li>\n<\/ul>\n<\/li>\n<li data-start=\"4853\" data-end=\"5037\"><strong data-start=\"4855\" data-end=\"4885\">Integraci\u00f3n inteligente de software<\/strong>:\n<ul data-start=\"4893\" data-end=\"5037\">\n<li data-start=\"4893\" data-end=\"5037\">Integraci\u00f3n con el software de c\u00e1mara de PC para el reconocimiento autom\u00e1tico de objetivos y el escalado, agilizando los flujos de trabajo y mejorando la eficacia de la investigaci\u00f3n.<\/li>\n<\/ul>\n<\/li>\n<\/ul>\n<h4 data-start=\"5039\" data-end=\"5076\"><strong data-start=\"5044\" data-end=\"5076\">6. Mantenimiento y longevidad<\/strong><\/h4>\n<ul data-start=\"5080\" data-end=\"5373\">\n<li data-start=\"5080\" data-end=\"5223\"><strong data-start=\"5082\" data-end=\"5099\">Construido para durar<\/strong>:\n<ul data-start=\"5106\" data-end=\"5223\">\n<li data-start=\"5106\" data-end=\"5223\">La construcci\u00f3n de aleaci\u00f3n de aluminio de alta calidad y el sistema de iluminaci\u00f3n LED de larga duraci\u00f3n garantizan la fiabilidad a largo plazo.<\/li>\n<\/ul>\n<\/li>\n<li data-start=\"5227\" data-end=\"5373\"><strong data-start=\"5229\" data-end=\"5248\">Bajo mantenimiento<\/strong>:\n<ul data-start=\"5255\" data-end=\"5373\">\n<li data-start=\"5255\" data-end=\"5373\">Los tratamientos antibacterianos y antimoho para todos los componentes \u00f3pticos ayudan a reducir el tiempo de limpieza y mejoran la longevidad.<\/li>\n<\/ul>\n<\/li>\n<\/ul>\n<h4 data-start=\"5375\" data-end=\"5420\"><strong data-start=\"5380\" data-end=\"5420\">7. Beneficios para el medio ambiente y la salud<\/strong><\/h4>\n<ul data-start=\"5424\" data-end=\"5731\">\n<li data-start=\"5424\" data-end=\"5585\"><strong data-start=\"5426\" data-end=\"5442\">Ecol\u00f3gico<\/strong>:\n<ul data-start=\"5449\" data-end=\"5585\">\n<li data-start=\"5449\" data-end=\"5585\">El vidrio sin plomo y el cumplimiento de las directivas medioambientales RoHS garantizan que el microscopio sea seguro tanto para el usuario como para el medio ambiente.<\/li>\n<\/ul>\n<\/li>\n<li data-start=\"5589\" data-end=\"5731\"><strong data-start=\"5591\" data-end=\"5612\">Salud y seguridad<\/strong>:\n<ul data-start=\"5620\" data-end=\"5731\">\n<li data-start=\"5620\" data-end=\"5731\">El revestimiento antibacteriano y el dise\u00f1o inteligente reducen la exposici\u00f3n a microorganismos nocivos, creando un espacio de trabajo m\u00e1s seguro.<\/li>\n<\/ul>\n<\/li>\n<\/ul>\n<table>\n<tbody>\n<tr>\n<td width=\"95\"><strong>Tipo<\/strong><\/td>\n<td width=\"340\">Fi<\/td>\n<td rowspan=\"3\" width=\"236\">\n<p><figure id=\"attachment_5071\" aria-describedby=\"caption-attachment-5071\" style=\"width: 304px\" class=\"wp-caption alignnone\"><img fetchpriority=\"high\" decoding=\"async\" class=\"size-full wp-image-5071\" src=\"https:\/\/kiraoptical.com\/wp-content\/uploads\/2025\/02\/Science-Research-Level-Microscope.jpg\" alt=\"Science Research Level Microscope\" width=\"304\" height=\"304\" srcset=\"https:\/\/kiraoptical.com\/wp-content\/uploads\/2025\/02\/Science-Research-Level-Microscope.jpg 304w, https:\/\/kiraoptical.com\/wp-content\/uploads\/2025\/02\/Science-Research-Level-Microscope-300x300.jpg 300w, https:\/\/kiraoptical.com\/wp-content\/uploads\/2025\/02\/Science-Research-Level-Microscope-100x100.jpg 100w, https:\/\/kiraoptical.com\/wp-content\/uploads\/2025\/02\/Science-Research-Level-Microscope-150x150.jpg 150w, https:\/\/kiraoptical.com\/wp-content\/uploads\/2025\/02\/Science-Research-Level-Microscope-12x12.jpg 12w\" sizes=\"(max-width: 304px) 100vw, 304px\" \/><figcaption id=\"caption-attachment-5071\" class=\"wp-caption-text\">Microscopio de nivel de investigaci\u00f3n cient\u00edfica<\/figcaption><\/figure><\/td>\n<\/tr>\n<tr>\n<td width=\"95\"><strong>Sistema \u00f3ptico<\/strong><\/td>\n<td width=\"340\">Sistema \u00f3ptico de correcci\u00f3n bidireccional de la aberraci\u00f3n crom\u00e1tica ECGO infinito, distancia parfocal 60 mm<\/td>\n<\/tr>\n<tr>\n<td width=\"95\"><strong>Estructura corporal<\/strong><\/td>\n<td width=\"340\">El cuerpo aerodin\u00e1mico totalmente met\u00e1lico adopta la tecnolog\u00eda de conformado \u00fanico de aleaci\u00f3n de aluminio de alta calidad, y la superficie se roc\u00eda con un revestimiento antibacteriano de iones de nanoplata, que inhibe eficazmente la reproducci\u00f3n y propagaci\u00f3n de microorganismos de contacto.<\/p>\n<p>&nbsp;<\/p>\n<p>Adaptador de alimentaci\u00f3n de 90~230V de amplio voltaje, toda la m\u00e1quina tiene salida de control USB, el panel admite las funciones de ahorro de energ\u00eda ECO y seguimiento de brillo (gesti\u00f3n de intensidad de luz LIM), admite el ajuste de brillo continuo, admite la fuente de alimentaci\u00f3n de iluminaci\u00f3n dual, admite el interruptor t\u00e1ctil secundario, admite el reconocimiento inform\u00e1tico de la posici\u00f3n del orificio de la lente del objetivo, el software cambia autom\u00e1ticamente la escala y carga autom\u00e1ticamente los par\u00e1metros preestablecidos.<\/td>\n<\/tr>\n<tr>\n<td width=\"95\"><strong>Sistema de iluminaci\u00f3n<\/strong><\/td>\n<td colspan=\"2\" width=\"576\">Sistema de iluminaci\u00f3n LED tipo luz diurna simulada SUPERMLEDTM incorporado, brillo de salida de 18W equivalente a una l\u00e1mpara hal\u00f3gena de 150W; temperatura de color constante de 4500K, vida \u00fatil de la fuente de luz no inferior a 60.000 horas; iluminaci\u00f3n de luz blanca c\u00e1lida, la salida de luz admite la instalaci\u00f3n de filtros de 45mm.<\/td>\n<\/tr>\n<tr>\n<td width=\"95\"><strong>Sistema de enfoque<\/strong><\/td>\n<td colspan=\"2\" width=\"576\">Tanto la mano izquierda como la derecha pueden realizar los ajustes grueso y fino de forma sincronizada. El ajuste fino asistido tiene una precisi\u00f3n de paso m\u00ednima de hasta 1\u03bcm y un recorrido m\u00e1ximo de 25 mm. Dispone de ajuste de tensi\u00f3n y limitador de altura anticolisi\u00f3n. El mando de ajuste fino magn\u00e9tico es intercambiable entre las manos izquierda y derecha.<\/td>\n<\/tr>\n<tr>\n<td width=\"95\"><strong>Etapa de muestra<\/strong><\/td>\n<td colspan=\"2\" width=\"576\">La platina derecha mec\u00e1nica de doble capa y posici\u00f3n baja tiene un tablero revestido de cer\u00e1mica resistente al desgaste y una estructura de transmisi\u00f3n de alambre de acero aleado. No tiene cremallera expuesta y una carrera m\u00f3vil de 76 mm \u00d7 55 mm. Dispone de una tensi\u00f3n preestablecida del cable de acero, un tacto c\u00f3modo y un posicionamiento preciso sin atascos ni rebotes. La mano no tiene que abandonar la mesa al accionar el volante de baja posici\u00f3n, por lo que no es f\u00e1cil que se fatigue.<\/td>\n<\/tr>\n<tr>\n<td width=\"95\"><strong>Clip de corte<\/strong><\/td>\n<td colspan=\"2\" width=\"576\">La pinza de secci\u00f3n izquierda de rebote lento admite portaobjetos dobles y puede transportar muestras pesadas, como pools de recuento de c\u00e9lulas y placas de recuento.<\/td>\n<\/tr>\n<tr>\n<td width=\"95\"><strong>Condensador<\/strong><\/td>\n<td colspan=\"2\" width=\"576\">Condensador Kohler precentrado con escala indicadora de apertura que marca NA 0,1~1,1, admite m\u00faltiples m\u00e9todos de iluminaci\u00f3n, como campo claro y luz polarizada.<\/td>\n<\/tr>\n<tr>\n<td width=\"95\"><strong>Tubo de observaci\u00f3n<\/strong><\/td>\n<td colspan=\"2\" width=\"576\">FN=25, amplio campo de visi\u00f3n, tubo de observaci\u00f3n trinocular articulado 30\u00b0, divisi\u00f3n del haz 50\/50, altura del punto ocular ajustable, rango de ajuste de la distancia interpupilar 46-78mm.<\/td>\n<\/tr>\n<tr>\n<td width=\"95\"><strong>Ocular<\/strong><\/td>\n<td colspan=\"2\" width=\"576\">Ocular de gran campo de 30 mm, ocular de 10 aumentos, campo de visi\u00f3n de 23, 25 y 26,5, dioptr\u00eda binocular ajustable en 10 pasos, gato con clavija l\u00edmite antirrotaci\u00f3n, oculares de 15 aumentos, 20 aumentos y 30 aumentos opcionales \u3002<\/td>\n<\/tr>\n<tr>\n<td width=\"95\"><strong>Boquilla<\/strong><\/td>\n<td colspan=\"2\" width=\"576\">Torreta de objetivo manual o el\u00e9ctrica codificada de cinco orificios inclinada hacia dentro, interfaz de rosca de objetivo est\u00e1ndar internacional M25, el software puede codificar e identificar el aumento al cambiar (compatible cuando se utiliza el software de c\u00e1mara de PC al mismo tiempo)\u3002<\/td>\n<\/tr>\n<tr>\n<td width=\"95\"><strong>Interfaz de la c\u00e1mara<\/strong><\/td>\n<td colspan=\"2\" width=\"576\">Sistema \u00f3ptico de correcci\u00f3n de la aberraci\u00f3n crom\u00e1tica bidireccional ECGO infinito Sincronizaci\u00f3n ajustable Montura est\u00e1ndar tipo C<\/td>\n<\/tr>\n<tr>\n<td width=\"95\"><strong>C\u00e1mara<\/strong><\/td>\n<td colspan=\"2\" width=\"576\">C\u00e1mara en color CMOS de 6,3 megap\u00edxeles y alto rendimiento de la misma marca; tres a\u00f1os de garant\u00eda para los componentes principales.<\/td>\n<\/tr>\n<tr>\n<td width=\"95\"><strong>Software de control<\/strong><\/td>\n<td colspan=\"2\" width=\"576\">Software de control del microscopio de la misma marca, que admite el reconocimiento autom\u00e1tico de aumentos, el cambio autom\u00e1tico de escala al cambiar de lente objetivo, la carga autom\u00e1tica de par\u00e1metros, etc.<\/td>\n<\/tr>\n<tr>\n<td width=\"95\"><strong>Dispositivo fluorescente<\/strong><\/td>\n<td colspan=\"2\" width=\"576\">Iluminador de fluorescencia LED de disco giratorio, 60.000 horas sin mantenimiento. Compatible con todos los cubos de excitaci\u00f3n de colorantes convencionales: DAPI, FITC, TRITC, TxRed, etc.<\/td>\n<\/tr>\n<tr>\n<td width=\"95\"><strong>Dispositivo antimoho<\/strong><\/td>\n<td colspan=\"2\" width=\"576\">Los componentes \u00f3pticos de la imagen, como los tubos de observaci\u00f3n, los oculares y los objetivos, se han sometido a tratamientos antibacterianos y antimoho.<\/td>\n<\/tr>\n<tr>\n<td width=\"95\"><strong>Respetuoso con el medio ambiente<\/strong><\/td>\n<td colspan=\"2\" width=\"576\">Todos los componentes \u00f3pticos utilizados son de vidrio sin plomo respetuoso con el medio ambiente y cumplen las directivas medioambientales RHoS.<\/td>\n<\/tr>\n<tr>\n<td width=\"95\"><strong>Funcionamiento c\u00f3modo<\/strong><\/td>\n<td colspan=\"2\" width=\"576\">El cuerpo de la m\u00e1quina est\u00e1 equipado con una pegatina con un c\u00f3digo QR. Puede escanearlo con su tel\u00e9fono m\u00f3vil para obtener tutoriales de instrucciones en l\u00ednea, informes de fallos en l\u00ednea, citas de mantenimiento y otras funciones convenientes. \u3002<\/td>\n<\/tr>\n<tr>\n<td width=\"95\"><strong>Peso de la m\u00e1quina<\/strong><\/td>\n<td colspan=\"2\" width=\"576\">Peso bruto: 25Kg, Peso neto: 16,8Kg (configuraci\u00f3n de campo brillante)<\/td>\n<\/tr>\n<tr>\n<td width=\"95\"><strong>Tama\u00f1o del embalaje<\/strong><\/td>\n<td colspan=\"2\" width=\"576\">695mmX480mmX435mm\uff08PK-700\uff09<\/td>\n<\/tr>\n<\/tbody>\n<\/table>\n<p>&nbsp;<\/p>\n<p>&nbsp;<\/p>\n<p>&nbsp;<\/p>\n<p>&nbsp;<\/p>\n<p>&nbsp;<\/p>\n<p>&nbsp;<\/p>","protected":false},"excerpt":{"rendered":"<p data-start=\"0\" data-end=\"699\">En <strong data-start=\"4\" data-end=\"56\">\u00a0Microscopio de nivel de investigaci\u00f3n cient\u00edfica<\/strong> is a high-performance, versatile instrument designed for advanced scientific and industrial applications. Featuring an <strong data-start=\"176\" data-end=\"208\">ECGO infinity optical system<\/strong>, it ensures precise, high-resolution imaging with two-way chromatic aberration correction for clear, detailed sample observation. The microscope comes with a robust <strong data-start=\"374\" data-end=\"392\">all-metal body<\/strong> coated with an antibacterial nano silver ion layer, ensuring durability and hygiene. It integrates advanced <strong data-start=\"501\" data-end=\"516\">USB control<\/strong>, <strong data-start=\"518\" data-end=\"539\">eco-energy-saving<\/strong> features, and supports <strong data-start=\"563\" data-end=\"587\">fluorescence imaging<\/strong>, making it ideal for a variety of research disciplines such as biology, material science, and clinical studies.<\/p>\n<p data-start=\"701\" data-end=\"1250\" data-is-last-node=\"\">With an <strong data-start=\"709\" data-end=\"740\">18W LED illumination system<\/strong> that mimics natural daylight and a <strong data-start=\"776\" data-end=\"798\">6.3 MP CMOS camera<\/strong>, the Apex100 delivers accurate, long-lasting performance. Its <strong data-start=\"861\" data-end=\"885\">dual focusing system<\/strong> provides ultra-precise adjustments, while its ergonomic <strong data-start=\"942\" data-end=\"962\">mechanical stage<\/strong> ensures smooth and comfortable operation. The inclusion of <strong data-start=\"1022\" data-end=\"1071\">software-controlled magnification recognition<\/strong> enhances the efficiency of sample analysis, making the Apex100 an excellent choice for laboratories and industries that require high-precision imaging and intelligent automation.<\/p>","protected":false},"featured_media":5071,"template":"","meta":[],"product_brand":[],"product_cat":[62],"product_tag":[49,51,50],"class_list":{"0":"post-5070","1":"product","2":"type-product","3":"status-publish","4":"has-post-thumbnail","6":"product_cat-biological-microscope","7":"product_tag-led-fluorescence-attachment","8":"product_tag-standard-3-channel","9":"product_tag-up-to-5-channels-of-standard-or-custom-wavelengths-from-uv-to-ir-and-nir","11":"first","12":"instock","13":"sold-individually","14":"taxable","15":"shipping-taxable","16":"product-type-simple"},"_links":{"self":[{"href":"https:\/\/kiraoptical.com\/es\/wp-json\/wp\/v2\/product\/5070","targetHints":{"allow":["GET"]}}],"collection":[{"href":"https:\/\/kiraoptical.com\/es\/wp-json\/wp\/v2\/product"}],"about":[{"href":"https:\/\/kiraoptical.com\/es\/wp-json\/wp\/v2\/types\/product"}],"version-history":[{"count":0,"href":"https:\/\/kiraoptical.com\/es\/wp-json\/wp\/v2\/product\/5070\/revisions"}],"wp:featuredmedia":[{"embeddable":true,"href":"https:\/\/kiraoptical.com\/es\/wp-json\/wp\/v2\/media\/5071"}],"wp:attachment":[{"href":"https:\/\/kiraoptical.com\/es\/wp-json\/wp\/v2\/media?parent=5070"}],"wp:term":[{"taxonomy":"product_brand","embeddable":true,"href":"https:\/\/kiraoptical.com\/es\/wp-json\/wp\/v2\/product_brand?post=5070"},{"taxonomy":"product_cat","embeddable":true,"href":"https:\/\/kiraoptical.com\/es\/wp-json\/wp\/v2\/product_cat?post=5070"},{"taxonomy":"product_tag","embeddable":true,"href":"https:\/\/kiraoptical.com\/es\/wp-json\/wp\/v2\/product_tag?post=5070"}],"curies":[{"name":"wp","href":"https:\/\/api.w.org\/{rel}","templated":true}]}}