{"id":5088,"date":"2025-09-17T05:12:15","date_gmt":"2025-09-17T05:12:15","guid":{"rendered":"https:\/\/kiraoptical.com\/?post_type=product&#038;p=5088"},"modified":"2025-09-17T05:29:25","modified_gmt":"2025-09-17T05:29:25","slug":"flex-arm-stand-stereo-microscope%e5%a4%8d%e5%88%b6","status":"publish","type":"product","link":"https:\/\/kiraoptical.com\/es\/producto\/flex-arm-stand-stereo-microscope%e5%a4%8d%e5%88%b6\/","title":{"rendered":"Microsystems STL6 A60 F Binoculair Brazo flexible Soporte Microscopio estereosc\u00f3pico"},"content":{"rendered":"<figure id=\"attachment_5089\" aria-describedby=\"caption-attachment-5089\" style=\"width: 1024px\" class=\"wp-caption alignnone\"><img fetchpriority=\"high\" decoding=\"async\" class=\"size-large wp-image-5089\" src=\"https:\/\/kiraoptical.com\/wp-content\/uploads\/2025\/09\/3IMG_20220526_152407-1024x768.jpg\" alt=\"Leica A60 F Stereo Microscope Flex Arm\" width=\"1024\" height=\"768\" srcset=\"https:\/\/kiraoptical.com\/wp-content\/uploads\/2025\/09\/3IMG_20220526_152407-1024x768.jpg 1024w, https:\/\/kiraoptical.com\/wp-content\/uploads\/2025\/09\/3IMG_20220526_152407-300x225.jpg 300w, https:\/\/kiraoptical.com\/wp-content\/uploads\/2025\/09\/3IMG_20220526_152407-768x576.jpg 768w, https:\/\/kiraoptical.com\/wp-content\/uploads\/2025\/09\/3IMG_20220526_152407-1536x1152.jpg 1536w, https:\/\/kiraoptical.com\/wp-content\/uploads\/2025\/09\/3IMG_20220526_152407-2048x1536.jpg 2048w, https:\/\/kiraoptical.com\/wp-content\/uploads\/2025\/09\/3IMG_20220526_152407-16x12.jpg 16w, https:\/\/kiraoptical.com\/wp-content\/uploads\/2025\/09\/3IMG_20220526_152407-600x450.jpg 600w\" sizes=\"(max-width: 1024px) 100vw, 1024px\" \/><figcaption id=\"caption-attachment-5089\" class=\"wp-caption-text\"><span style=\"font-size: 16px;\">Microscopio estereosc\u00f3pico con soporte de brazo flexible<\/span><\/figcaption><\/figure>\n<p>Microscope (incluye soporte de brazo flexible y anillo de luz LED) ofrece una \u00f3ptica superior, ingenier\u00eda de primera clase y funciones completas a un precio incre\u00edblemente asequible.<br \/>\n- Zoom: 6:1, 5x-30x<br \/>\n- Distancia de trabajo: 120 mm sin anillo de luz, 100 mm con anillo de luz<br \/>\n- \u00c1ngulo de visi\u00f3n: 38 grados<br \/>\n- M\u00e1x. Campo del objeto - 46 mm<br \/>\n- M\u00e1x. Profundidad de campo - 13,6 mm<br \/>\n- Oculares: 10x\/23B, ajustables, aptos para usuarios de gafas<br \/>\nSoporte de brazo flexible<br \/>\n- Perfectamente equilibrado, se ajusta sin esfuerzo.<br \/>\n- Extensi\u00f3n m\u00e1x. Extensi\u00f3n - 995 mm (rotaci\u00f3n de 360 grados)<br \/>\n- Alcance vertical - 495 mm<br \/>\n- Se suministra de serie con abrazadera de mesa. Soportes de sobremesa o de pared disponibles como opciones adicionales.<\/p>","protected":false},"excerpt":{"rendered":"<p>A <strong data-start=\"2\" data-end=\"38\">Microscopio estereosc\u00f3pico con soporte de brazo flexible<\/strong> es un tipo de microscopio \u00f3ptico que combina las caracter\u00edsticas de un microscopio estereosc\u00f3pico con un soporte de brazo flexible para una mayor versatilidad y facilidad de uso. El microscopio estereosc\u00f3pico ofrece una visi\u00f3n tridimensional de la muestra, por lo que resulta ideal para tareas como la inspecci\u00f3n de placas de circuitos, estudios biol\u00f3gicos y trabajos de montaje o reparaci\u00f3n. El <strong data-start=\"373\" data-end=\"391\">soporte de brazo flexible<\/strong> proporciona flexibilidad en la colocaci\u00f3n del cabezal del microscopio, permitiendo a los usuarios ajustar el \u00e1ngulo de visi\u00f3n, la altura y el alcance con el m\u00ednimo esfuerzo.<\/p>","protected":false},"featured_media":5089,"template":"","meta":{"site-sidebar-layout":"default","site-content-layout":"","ast-site-content-layout":"default","site-content-style":"default","site-sidebar-style":"default","ast-global-header-display":"","ast-banner-title-visibility":"","ast-main-header-display":"","ast-hfb-above-header-display":"","ast-hfb-below-header-display":"","ast-hfb-mobile-header-display":"","site-post-title":"","ast-breadcrumbs-content":"","ast-featured-img":"","footer-sml-layout":"","theme-transparent-header-meta":"default","adv-header-id-meta":"","stick-header-meta":"default","header-above-stick-meta":"","header-main-stick-meta":"","header-below-stick-meta":"","astra-migrate-meta-layouts":"set","ast-page-background-enabled":"default","ast-page-background-meta":{"desktop":{"background-color":"","background-image":"","background-repeat":"repeat","background-position":"center center","background-size":"auto","background-attachment":"scroll","background-type":"","background-media":"","overlay-type":"","overlay-color":"","overlay-opacity":"","overlay-gradient":""},"tablet":{"background-color":"","background-image":"","background-repeat":"repeat","background-position":"center center","background-size":"auto","background-attachment":"scroll","background-type":"","background-media":"","overlay-type":"","overlay-color":"","overlay-opacity":"","overlay-gradient":""},"mobile":{"background-color":"","background-image":"","background-repeat":"repeat","background-position":"center center","background-size":"auto","background-attachment":"scroll","background-type":"","background-media":"","overlay-type":"","overlay-color":"","overlay-opacity":"","overlay-gradient":""}},"ast-content-background-meta":{"desktop":{"background-color":"var(--ast-global-color-5)","background-image":"","background-repeat":"repeat","background-position":"center center","background-size":"auto","background-attachment":"scroll","background-type":"","background-media":"","overlay-type":"","overlay-color":"","overlay-opacity":"","overlay-gradient":""},"tablet":{"background-color":"var(--ast-global-color-5)","background-image":"","background-repeat":"repeat","background-position":"center center","background-size":"auto","background-attachment":"scroll","background-type":"","background-media":"","overlay-type":"","overlay-color":"","overlay-opacity":"","overlay-gradient":""},"mobile":{"background-color":"var(--ast-global-color-5)","background-image":"","background-repeat":"repeat","background-position":"center center","background-size":"auto","background-attachment":"scroll","background-type":"","background-media":"","overlay-type":"","overlay-color":"","overlay-opacity":"","overlay-gradient":""}}},"product_brand":[],"product_cat":[39,62],"product_tag":[57,64],"class_list":{"0":"post-5088","1":"product","2":"type-product","3":"status-publish","4":"has-post-thumbnail","6":"product_cat-stereo-microscope","7":"product_cat-biological-microscope","8":"product_tag-metallurgical-microscope","9":"product_tag-stereo-microscope","10":"desktop-align-left","11":"tablet-align-left","12":"mobile-align-left","13":"ast-product-gallery-layout-horizontal-slider","14":"ast-product-tabs-layout-horizontal","16":"first","17":"instock","18":"sale","19":"sold-individually","20":"purchasable","21":"product-type-simple"},"_links":{"self":[{"href":"https:\/\/kiraoptical.com\/es\/wp-json\/wp\/v2\/product\/5088","targetHints":{"allow":["GET"]}}],"collection":[{"href":"https:\/\/kiraoptical.com\/es\/wp-json\/wp\/v2\/product"}],"about":[{"href":"https:\/\/kiraoptical.com\/es\/wp-json\/wp\/v2\/types\/product"}],"version-history":[{"count":0,"href":"https:\/\/kiraoptical.com\/es\/wp-json\/wp\/v2\/product\/5088\/revisions"}],"wp:featuredmedia":[{"embeddable":true,"href":"https:\/\/kiraoptical.com\/es\/wp-json\/wp\/v2\/media\/5089"}],"wp:attachment":[{"href":"https:\/\/kiraoptical.com\/es\/wp-json\/wp\/v2\/media?parent=5088"}],"wp:term":[{"taxonomy":"product_brand","embeddable":true,"href":"https:\/\/kiraoptical.com\/es\/wp-json\/wp\/v2\/product_brand?post=5088"},{"taxonomy":"product_cat","embeddable":true,"href":"https:\/\/kiraoptical.com\/es\/wp-json\/wp\/v2\/product_cat?post=5088"},{"taxonomy":"product_tag","embeddable":true,"href":"https:\/\/kiraoptical.com\/es\/wp-json\/wp\/v2\/product_tag?post=5088"}],"curies":[{"name":"wp","href":"https:\/\/api.w.org\/{rel}","templated":true}]}}