{"id":5102,"date":"2025-09-17T06:03:07","date_gmt":"2025-09-17T06:03:07","guid":{"rendered":"https:\/\/kiraoptical.com\/?post_type=product&#038;p=5102"},"modified":"2025-09-17T06:19:13","modified_gmt":"2025-09-17T06:19:13","slug":"rinocular-stereo-microscope","status":"publish","type":"product","link":"https:\/\/kiraoptical.com\/es\/producto\/rinocular-stereo-microscope\/","title":{"rendered":"Microscopio estereosc\u00f3pico trinocular de doble brazo con aumento de 3,5X-90X"},"content":{"rendered":"<p>Microscopio estereosc\u00f3pico trinocular de doble brazo con aumento de 3,5X-90X<\/p>\n<figure id=\"attachment_5103\" aria-describedby=\"caption-attachment-5103\" style=\"width: 1024px\" class=\"wp-caption alignnone\"><img fetchpriority=\"high\" decoding=\"async\" class=\"size-large wp-image-5103\" src=\"https:\/\/kiraoptical.com\/wp-content\/uploads\/2025\/09\/Trinocular-Stereo-Microscope-3.5X-90X-Magnification-with-Multi-Zone-144-LED-and-10MP-USB-2-1024x1024.jpg\" alt=\"with Multi-Zone C-mount Camera on Double Arm Boom Stand\" width=\"1024\" height=\"1024\" srcset=\"https:\/\/kiraoptical.com\/wp-content\/uploads\/2025\/09\/Trinocular-Stereo-Microscope-3.5X-90X-Magnification-with-Multi-Zone-144-LED-and-10MP-USB-2-1024x1024.jpg 1024w, https:\/\/kiraoptical.com\/wp-content\/uploads\/2025\/09\/Trinocular-Stereo-Microscope-3.5X-90X-Magnification-with-Multi-Zone-144-LED-and-10MP-USB-2-300x300.jpg 300w, https:\/\/kiraoptical.com\/wp-content\/uploads\/2025\/09\/Trinocular-Stereo-Microscope-3.5X-90X-Magnification-with-Multi-Zone-144-LED-and-10MP-USB-2-150x150.jpg 150w, https:\/\/kiraoptical.com\/wp-content\/uploads\/2025\/09\/Trinocular-Stereo-Microscope-3.5X-90X-Magnification-with-Multi-Zone-144-LED-and-10MP-USB-2-768x768.jpg 768w, https:\/\/kiraoptical.com\/wp-content\/uploads\/2025\/09\/Trinocular-Stereo-Microscope-3.5X-90X-Magnification-with-Multi-Zone-144-LED-and-10MP-USB-2-1536x1536.jpg 1536w, https:\/\/kiraoptical.com\/wp-content\/uploads\/2025\/09\/Trinocular-Stereo-Microscope-3.5X-90X-Magnification-with-Multi-Zone-144-LED-and-10MP-USB-2-2048x2048.jpg 2048w, https:\/\/kiraoptical.com\/wp-content\/uploads\/2025\/09\/Trinocular-Stereo-Microscope-3.5X-90X-Magnification-with-Multi-Zone-144-LED-and-10MP-USB-2-12x12.jpg 12w, https:\/\/kiraoptical.com\/wp-content\/uploads\/2025\/09\/Trinocular-Stereo-Microscope-3.5X-90X-Magnification-with-Multi-Zone-144-LED-and-10MP-USB-2-600x600.jpg 600w, https:\/\/kiraoptical.com\/wp-content\/uploads\/2025\/09\/Trinocular-Stereo-Microscope-3.5X-90X-Magnification-with-Multi-Zone-144-LED-and-10MP-USB-2-100x100.jpg 100w\" sizes=\"(max-width: 1024px) 100vw, 1024px\" \/><figcaption id=\"caption-attachment-5103\" class=\"wp-caption-text\">Caracter\u00edsticas principales<br \/>Aumento de zoom ampliado de 3,5X-90X mediante lentes objetivas estereosc\u00f3picas Greenough de alta calidad con lentes de Barlow de 0,5X y 2X.<br \/>El microscopio proporciona hasta 6,5\u2033 (165 mm) de distancia de trabajo.<br \/>Un microscopio estereosc\u00f3pico muy vers\u00e1til con un soporte de brazo multipivotante muy resistente que permite colocar el microscopio f\u00e1cilmente en su sitio cuando es necesario y retirarlo cuando no lo es.<br \/>Las dioptr\u00edas dobles pueden ajustarse para mantener un enfoque constante en toda la gama de aumentos, lo que mejora enormemente la productividad.<br \/>La \u00f3ptica estereosc\u00f3pica proporciona im\u00e1genes verticales con una clara profundidad de campo y una amplia visi\u00f3n para aplicaciones pr\u00e1cticas.<br \/>Un fotopuerto trinocular proporciona un soporte espec\u00edfico para a\u00f1adir una c\u00e1mara.<br \/>Este microscopio es ideal para laboratorios, talleres de reparaci\u00f3n y grabadores.<\/p>\n<p><\/figcaption><\/figure>\n<table class=\"specifications\" cellspacing=\"0\" cellpadding=\"0\">\n<tbody>\n<tr>\n<td>Tipo de cabeza<\/td>\n<td>Trinocular, 45\u00b0 de inclinaci\u00f3n, 360\u00b0 giratorio<\/td>\n<\/tr>\n<tr>\n<td>Sistema \u00f3ptico<\/td>\n<td>Greenough estereosc\u00f3pico<\/td>\n<\/tr>\n<tr>\n<td>Ajuste interpupilar<\/td>\n<td>Gema sin compensaci\u00f3n, 54-76mm<\/td>\n<\/tr>\n<tr>\n<td>Di\u00e1metro del puerto ocular<\/td>\n<td>30 mm<\/td>\n<\/tr>\n<tr>\n<td>Ajuste di\u00f3ptrico<\/td>\n<td>Ambos oculares, \u00b15dp<\/td>\n<\/tr>\n<tr>\n<td>Oculares<\/td>\n<td>10X<\/td>\n<\/tr>\n<tr>\n<td>Puerto fotogr\u00e1fico<\/td>\n<td>tubo de 23 mm regulable en altura, serie CX<\/td>\n<\/tr>\n<tr>\n<td>Lentes objetivas<\/td>\n<td>Zoom 0,7X-4,5X<\/td>\n<\/tr>\n<tr>\n<td>Apertura num\u00e9rica del objetivo<\/td>\n<td>0.065 @ 4.5X<br \/>\n0.02 @ 0.7X<\/td>\n<\/tr>\n<tr>\n<td>Resoluci\u00f3n objetiva<\/td>\n<td>195 lp\/mm @ 4.5X<br \/>\n60 lp\/mm @ 0,7X<\/td>\n<\/tr>\n<tr>\n<td>Campo de visi\u00f3n nativo<\/td>\n<td>4,4 mm-28,6 mm<\/td>\n<\/tr>\n<tr>\n<td>Distancia de trabajo nativa<\/td>\n<td>100 mm<\/td>\n<\/tr>\n<tr>\n<td>Montura de objetivo auxiliar<\/td>\n<td>Rosca de 48 mm<\/td>\n<\/tr>\n<tr>\n<td>Lentes auxiliares (Barlow) incluidas<\/td>\n<td>0,5X, 165 mm de distancia de trabajo<br \/>\n2X, 30 mm de distancia de trabajo<\/td>\n<\/tr>\n<tr>\n<td colspan=\"2\">Stand<\/td>\n<\/tr>\n<tr>\n<td>Tipo de soporte<\/td>\n<td>Soporte de brazo doble con movimiento de rodamiento de bolas, base de acero fundido<\/td>\n<\/tr>\n<tr>\n<td>Dimensiones del soporte<\/td>\n<td>Doble brazo de 50,8 cm (longitud total: 76,2 cm), columna de 43,18 cm de altura, 33,1 cm x 27,9 cm x 1,6 cm<\/td>\n<\/tr>\n<tr>\n<td>Bloque de enfoque Rango de enfoque<\/td>\n<td>50 mm<\/td>\n<\/tr>\n<\/tbody>\n<\/table>\n<p>&nbsp;<\/p>","protected":false},"excerpt":{"rendered":"<p>A <strong data-start=\"2\" data-end=\"92\">Microscopio estereosc\u00f3pico trinocular con c\u00e1mara multizona con montura en C y soporte de brazo doble<\/strong> es un sistema \u00f3ptico de alto rendimiento utilizado para la inspecci\u00f3n de precisi\u00f3n, la obtenci\u00f3n de im\u00e1genes y la investigaci\u00f3n. Combina un <strong data-start=\"198\" data-end=\"230\">microscopio estereosc\u00f3pico trinocular<\/strong> con un <strong data-start=\"238\" data-end=\"267\">c\u00e1mara multizona de montura C<\/strong> y est\u00e1 montado en un <strong data-start=\"288\" data-end=\"313\">soporte de brazo doble<\/strong> para un manejo vers\u00e1til y ergon\u00f3mico.<\/p>","protected":false},"featured_media":5103,"template":"","meta":{"site-sidebar-layout":"default","site-content-layout":"","ast-site-content-layout":"default","site-content-style":"default","site-sidebar-style":"default","ast-global-header-display":"","ast-banner-title-visibility":"","ast-main-header-display":"","ast-hfb-above-header-display":"","ast-hfb-below-header-display":"","ast-hfb-mobile-header-display":"","site-post-title":"","ast-breadcrumbs-content":"","ast-featured-img":"","footer-sml-layout":"","theme-transparent-header-meta":"default","adv-header-id-meta":"","stick-header-meta":"default","header-above-stick-meta":"","header-main-stick-meta":"","header-below-stick-meta":"","astra-migrate-meta-layouts":"set","ast-page-background-enabled":"default","ast-page-background-meta":{"desktop":{"background-color":"","background-image":"","background-repeat":"repeat","background-position":"center center","background-size":"auto","background-attachment":"scroll","background-type":"","background-media":"","overlay-type":"","overlay-color":"","overlay-opacity":"","overlay-gradient":""},"tablet":{"background-color":"","background-image":"","background-repeat":"repeat","background-position":"center center","background-size":"auto","background-attachment":"scroll","background-type":"","background-media":"","overlay-type":"","overlay-color":"","overlay-opacity":"","overlay-gradient":""},"mobile":{"background-color":"","background-image":"","background-repeat":"repeat","background-position":"center center","background-size":"auto","background-attachment":"scroll","background-type":"","background-media":"","overlay-type":"","overlay-color":"","overlay-opacity":"","overlay-gradient":""}},"ast-content-background-meta":{"desktop":{"background-color":"var(--ast-global-color-5)","background-image":"","background-repeat":"repeat","background-position":"center center","background-size":"auto","background-attachment":"scroll","background-type":"","background-media":"","overlay-type":"","overlay-color":"","overlay-opacity":"","overlay-gradient":""},"tablet":{"background-color":"var(--ast-global-color-5)","background-image":"","background-repeat":"repeat","background-position":"center center","background-size":"auto","background-attachment":"scroll","background-type":"","background-media":"","overlay-type":"","overlay-color":"","overlay-opacity":"","overlay-gradient":""},"mobile":{"background-color":"var(--ast-global-color-5)","background-image":"","background-repeat":"repeat","background-position":"center center","background-size":"auto","background-attachment":"scroll","background-type":"","background-media":"","overlay-type":"","overlay-color":"","overlay-opacity":"","overlay-gradient":""}}},"product_brand":[],"product_cat":[39,62],"product_tag":[57,64],"class_list":{"0":"post-5102","1":"product","2":"type-product","3":"status-publish","4":"has-post-thumbnail","6":"product_cat-stereo-microscope","7":"product_cat-biological-microscope","8":"product_tag-metallurgical-microscope","9":"product_tag-stereo-microscope","10":"desktop-align-left","11":"tablet-align-left","12":"mobile-align-left","13":"ast-product-gallery-layout-horizontal-slider","14":"ast-product-gallery-with-no-image","15":"ast-product-tabs-layout-horizontal","17":"first","18":"instock","19":"sale","20":"sold-individually","21":"purchasable","22":"product-type-simple"},"_links":{"self":[{"href":"https:\/\/kiraoptical.com\/es\/wp-json\/wp\/v2\/product\/5102","targetHints":{"allow":["GET"]}}],"collection":[{"href":"https:\/\/kiraoptical.com\/es\/wp-json\/wp\/v2\/product"}],"about":[{"href":"https:\/\/kiraoptical.com\/es\/wp-json\/wp\/v2\/types\/product"}],"version-history":[{"count":0,"href":"https:\/\/kiraoptical.com\/es\/wp-json\/wp\/v2\/product\/5102\/revisions"}],"wp:featuredmedia":[{"embeddable":true,"href":"https:\/\/kiraoptical.com\/es\/wp-json\/wp\/v2\/media\/5103"}],"wp:attachment":[{"href":"https:\/\/kiraoptical.com\/es\/wp-json\/wp\/v2\/media?parent=5102"}],"wp:term":[{"taxonomy":"product_brand","embeddable":true,"href":"https:\/\/kiraoptical.com\/es\/wp-json\/wp\/v2\/product_brand?post=5102"},{"taxonomy":"product_cat","embeddable":true,"href":"https:\/\/kiraoptical.com\/es\/wp-json\/wp\/v2\/product_cat?post=5102"},{"taxonomy":"product_tag","embeddable":true,"href":"https:\/\/kiraoptical.com\/es\/wp-json\/wp\/v2\/product_tag?post=5102"}],"curies":[{"name":"wp","href":"https:\/\/api.w.org\/{rel}","templated":true}]}}