{"id":3988,"date":"2024-03-31T06:14:23","date_gmt":"2024-03-31T06:14:23","guid":{"rendered":"https:\/\/kiraoptical.com\/?page_id=3988"},"modified":"2024-04-03T04:05:57","modified_gmt":"2024-04-03T04:05:57","slug":"privacy-policy","status":"publish","type":"page","link":"https:\/\/kiraoptical.com\/fr\/privacy-policy\/","title":{"rendered":"Politique de confidentialit\u00e9"},"content":{"rendered":"<div data-elementor-type=\"wp-page\" data-elementor-id=\"3988\" class=\"elementor elementor-3988\" data-elementor-post-type=\"page\">\n\t\t\t\t<div class=\"elementor-element elementor-element-35cccf6 e-grid e-con-boxed e-con e-parent\" data-id=\"35cccf6\" data-element_type=\"container\" data-e-type=\"container\" data-settings=\"{&quot;background_background&quot;:&quot;classic&quot;}\">\n\t\t\t\t\t<div class=\"e-con-inner\">\n\t\t\t\t<div class=\"elementor-element elementor-element-340f446 elementor-widget elementor-widget-image\" data-id=\"340f446\" data-element_type=\"widget\" data-e-type=\"widget\" data-widget_type=\"image.default\">\n\t\t\t\t<div class=\"elementor-widget-container\">\n\t\t\t\t\t\t\t\t\t\t\t\t\t\t\t<img fetchpriority=\"high\" decoding=\"async\" width=\"1024\" height=\"696\" src=\"https:\/\/kiraoptical.com\/wp-content\/uploads\/2024\/04\/kiraoptical-career-for-scientist-at-ribosome-research-1024x696.webp\" class=\"attachment-large size-large wp-image-4180\" alt=\"\" srcset=\"https:\/\/kiraoptical.com\/wp-content\/uploads\/2024\/04\/kiraoptical-career-for-scientist-at-ribosome-research-1024x696.webp 1024w, https:\/\/kiraoptical.com\/wp-content\/uploads\/2024\/04\/kiraoptical-career-for-scientist-at-ribosome-research-768x522.webp 768w\" sizes=\"(max-width: 1024px) 100vw, 1024px\" \/>\t\t\t\t\t\t\t\t\t\t\t\t\t\t\t<\/div>\n\t\t\t\t<\/div>\n\t\t<div class=\"elementor-element elementor-element-849ab39 e-flex e-con-boxed e-con e-child\" data-id=\"849ab39\" data-element_type=\"container\" data-e-type=\"container\">\n\t\t\t\t\t<div class=\"e-con-inner\">\n\t\t\t\t<div class=\"elementor-element elementor-element-61ae605 elementor-widget elementor-widget-heading\" data-id=\"61ae605\" data-element_type=\"widget\" data-e-type=\"widget\" data-widget_type=\"heading.default\">\n\t\t\t\t<div class=\"elementor-widget-container\">\n\t\t\t\t\t<h2 class=\"elementor-heading-title elementor-size-default\">Politique de confidentialit\u00e9<\/h2>\t\t\t\t<\/div>\n\t\t\t\t<\/div>\n\t\t\t\t<div class=\"elementor-element elementor-element-de340d3 elementor-widget elementor-widget-text-editor\" data-id=\"de340d3\" data-element_type=\"widget\" data-e-type=\"widget\" data-widget_type=\"text-editor.default\">\n\t\t\t\t<div class=\"elementor-widget-container\">\n\t\t\t\t\t\t\t\t\t<p>Derni\u00e8re mise \u00e0 jour : 3 avril 2024<\/p><p>Suzhou Kira Optical Company (\"nous\") attache une grande importance \u00e0 votre vie priv\u00e9e et s'engage \u00e0 prot\u00e9ger la s\u00e9curit\u00e9 de vos informations personnelles. Cette politique de confidentialit\u00e9 explique comment nous recueillons, utilisons, partageons et prot\u00e9geons les informations personnelles que vous nous fournissez lorsque vous utilisez le site web kiraoptical.com et les services connexes. Veuillez lire attentivement ces conditions.<\/p><p>recueillir le message<br \/>1.1 Informations fournies par l'utilisateur<br \/>Lorsque vous acc\u00e9dez \u00e0 notre site web et \u00e0 nos services ou que vous les utilisez, nous pouvons vous demander de fournir certaines informations personnelles, notamment votre nom, votre adresse \u00e9lectronique, votre num\u00e9ro de contact, votre adresse postale, vos informations de paiement, etc. Ces informations sont destin\u00e9es \u00e0 vous offrir une meilleure exp\u00e9rience et un meilleur service.<\/p><p>1.2 Informations collect\u00e9es automatiquement<\/p><p>Lorsque vous visitez notre site web, nous pouvons \u00e9galement collecter automatiquement certaines informations, telles que l'adresse IP, les informations relatives \u00e0 l'appareil, le type de navigateur, la date et l'heure de la visite, l'historique de navigation des pages et d'autres informations techniques. Nous utilisons des cookies et d'autres technologies pour collecter et suivre ces informations.<\/p><p>1.3 Informations provenant d'autres canaux<br \/>Nous pouvons \u00e9galement collecter des informations vous concernant \u00e0 partir de canaux l\u00e9gaux en ligne et hors ligne, tels que des partenaires, des plateformes de m\u00e9dias sociaux, des informations accessibles au public, etc.<\/p><p>Utilisation de l'information<br \/>2.1 Nous pouvons utiliser vos informations personnelles aux fins suivantes :<\/p><p>Fournir les produits et services demand\u00e9s<br \/>Traiter et ex\u00e9cuter votre commande<br \/>vous envoyer des informations sur les services, les promotions et les produits<br \/>Personnaliser le contenu du site web et l'exp\u00e9rience de l'utilisateur<br \/>Assistance \u00e0 la client\u00e8le et gestion des comptes<br \/>Am\u00e9liorer nos produits, nos services et notre site web<br \/>R\u00e9aliser des \u00e9tudes de march\u00e9 et des analyses de donn\u00e9es<br \/>Besoins op\u00e9rationnels l\u00e9gitimes de l'entreprise<br \/>2.2 Nous pouvons combiner vos informations non personnellement identifiables (telles que les donn\u00e9es d'utilisation du site web, les donn\u00e9es d\u00e9mographiques, etc.) avec d'autres donn\u00e9es \u00e0 des fins de recherche et d'analyse pour am\u00e9liorer nos produits et services.<\/p><p>2.3 Dans la mesure o\u00f9 les lois et r\u00e9glementations applicables le permettent, nous pouvons \u00e9galement utiliser vos informations personnelles \u00e0 d'autres fins l\u00e9gitimes.<\/p><p>Partage d'informations<br \/>3.1 Nous ne vendrons ni ne louerons vos informations personnelles \u00e0 des tiers \u00e0 des fins de marketing.<\/p><p>3.2 Mais dans certains cas, nous pouvons partager vos informations personnelles avec des tiers, comme par exemple :<\/p><p>Fournir des informations personnelles aux partenaires qui nous fournissent des services (tels que les fournisseurs, les institutions de paiement, les agents, etc ;<br \/>le partage avec les autorit\u00e9s comp\u00e9tentes pour r\u00e9pondre \u00e0 des exigences l\u00e9gales et r\u00e9glementaires ou \u00e0 des besoins d'application de la loi ;<br \/>partager des donn\u00e9es avec des soci\u00e9t\u00e9s m\u00e8res, des soci\u00e9t\u00e9s affili\u00e9es, des investisseurs potentiels ou des acqu\u00e9reurs ;<br \/>partager avec d'autres tiers avec votre consentement.<br \/>3.3 \u00c0 moins que ces tiers n'aient sign\u00e9 avec nous des accords appropri\u00e9s aux fins de la protection des informations personnelles, nous ne leur fournirons pas votre nom, votre adresse \u00e9lectronique ou d'autres informations susceptibles d'\u00eatre utilis\u00e9es pour vous identifier.<\/p><p>3.4 Dans les situations de fusion, de r\u00e9organisation, de vente d'actifs, etc., en cas de changement de propri\u00e9taire, nous pouvons partager vos informations personnelles avec les nouveaux d\u00e9tenteurs de droits.<\/p><p>la s\u00e9curit\u00e9 de l'information<br \/>4.1 Nous prendrons des mesures de s\u00e9curit\u00e9 physiques, techniques et administratives raisonnables pour prot\u00e9ger vos informations personnelles et \u00e9viter qu'elles ne soient utilis\u00e9es de mani\u00e8re inappropri\u00e9e, qu'elles ne fassent l'objet d'un acc\u00e8s non autoris\u00e9 ou qu'elles ne soient divulgu\u00e9es. Veuillez toutefois noter qu'aucun syst\u00e8me ne peut \u00eatre 100% s\u00fbr.<\/p><p>4.2 Il vous incombe de prendre des mesures raisonnables pour prot\u00e9ger les identifiants de connexion \u00e0 votre compte, vos mots de passe et autres informations de s\u00e9curit\u00e9. Nous vous recommandons de ne pas partager votre mot de passe avec d'autres personnes.<\/p><p>Autorisations et choix en mati\u00e8re de protection de la vie priv\u00e9e<br \/>5.1 Conform\u00e9ment aux lois applicables, vous pouvez exercer vos droits en mati\u00e8re d'informations personnelles de la mani\u00e8re suivante :<\/p><p>Acc\u00e9der \u00e0 vos donn\u00e9es personnelles et les corriger<br \/>Supprimer vos informations personnelles<br \/>S'opposer au traitement de vos donn\u00e9es personnelles ou le restreindre<br \/>Demander une copie portable de vos donn\u00e9es personnelles<br \/>5.2 Vous pouvez choisir de refuser de recevoir des courriels de marketing ou d'autres informations promotionnelles de notre part \u00e0 tout moment en cliquant sur le lien \"se d\u00e9sabonner\" dans le courriel ou en suivant notre politique anti-spam.<\/p><p>5.3 Veuillez noter que m\u00eame si vous choisissez de ne pas recevoir de mat\u00e9riel de marketing, nous pouvons toujours vous envoyer des informations non commerciales importantes sur les produits ou les services eux-m\u00eames.<\/p><p>Mises \u00e0 jour de la politique de protection de la vie priv\u00e9e Nous pouvons mettre \u00e0 jour la pr\u00e9sente politique de protection de la vie priv\u00e9e de temps \u00e0 autre afin de refl\u00e9ter les modifications apport\u00e9es \u00e0 la l\u00e9gislation, aux exigences r\u00e9glementaires ou aux pratiques commerciales. Toute mise \u00e0 jour sera publi\u00e9e sur le site web et entrera en vigueur \u00e0 compter de la date de la mise \u00e0 jour.<br \/>Nous contacter Si vous avez des questions ou des commentaires sur la pr\u00e9sente politique de confidentialit\u00e9, n'h\u00e9sitez pas \u00e0 nous contacter \u00e0 tout moment.<\/p>\t\t\t\t\t\t\t\t<\/div>\n\t\t\t\t<\/div>\n\t\t\t\t\t<\/div>\n\t\t\t\t<\/div>\n\t\t\t\t\t<\/div>\n\t\t\t\t<\/div>\n\t\t\t\t<\/div>","protected":false},"excerpt":{"rendered":"<p>Privacy Policy Last updated: April 3, 2024 Suzhou Kira Optical Company (&#8220;we&#8221;) attaches great importance to your privacy and is committed to protecting the security of your personal information. This privacy policy explains how we collect, use, share and protect the personal information you provide to us when you use the kiraoptical.com website and related [&hellip;]<\/p>\n","protected":false},"author":1,"featured_media":0,"parent":0,"menu_order":0,"comment_status":"closed","ping_status":"closed","template":"","meta":{"site-sidebar-layout":"no-sidebar","site-content-layout":"page-builder","ast-site-content-layout":"full-width-container","site-content-style":"default","site-sidebar-style":"default","ast-global-header-display":"","ast-banner-title-visibility":"","ast-main-header-display":"","ast-hfb-above-header-display":"","ast-hfb-below-header-display":"","ast-hfb-mobile-header-display":"","site-post-title":"disabled","ast-breadcrumbs-content":"","ast-featured-img":"disabled","footer-sml-layout":"","theme-transparent-header-meta":"default","adv-header-id-meta":"","stick-header-meta":"default","header-above-stick-meta":"","header-main-stick-meta":"","header-below-stick-meta":"","astra-migrate-meta-layouts":"set","ast-page-background-enabled":"default","ast-page-background-meta":{"desktop":{"background-color":"","background-image":"","background-repeat":"repeat","background-position":"center center","background-size":"auto","background-attachment":"scroll","background-type":"","background-media":"","overlay-type":"","overlay-color":"","overlay-opacity":"","overlay-gradient":""},"tablet":{"background-color":"","background-image":"","background-repeat":"repeat","background-position":"center center","background-size":"auto","background-attachment":"scroll","background-type":"","background-media":"","overlay-type":"","overlay-color":"","overlay-opacity":"","overlay-gradient":""},"mobile":{"background-color":"","background-image":"","background-repeat":"repeat","background-position":"center center","background-size":"auto","background-attachment":"scroll","background-type":"","background-media":"","overlay-type":"","overlay-color":"","overlay-opacity":"","overlay-gradient":""}},"ast-content-background-meta":{"desktop":{"background-color":"var(--ast-global-color-5)","background-image":"","background-repeat":"repeat","background-position":"center center","background-size":"auto","background-attachment":"scroll","background-type":"","background-media":"","overlay-type":"","overlay-color":"","overlay-opacity":"","overlay-gradient":""},"tablet":{"background-color":"var(--ast-global-color-5)","background-image":"","background-repeat":"repeat","background-position":"center center","background-size":"auto","background-attachment":"scroll","background-type":"","background-media":"","overlay-type":"","overlay-color":"","overlay-opacity":"","overlay-gradient":""},"mobile":{"background-color":"var(--ast-global-color-5)","background-image":"","background-repeat":"repeat","background-position":"center center","background-size":"auto","background-attachment":"scroll","background-type":"","background-media":"","overlay-type":"","overlay-color":"","overlay-opacity":"","overlay-gradient":""}},"footnotes":""},"class_list":["post-3988","page","type-page","status-publish","hentry"],"_links":{"self":[{"href":"https:\/\/kiraoptical.com\/fr\/wp-json\/wp\/v2\/pages\/3988","targetHints":{"allow":["GET"]}}],"collection":[{"href":"https:\/\/kiraoptical.com\/fr\/wp-json\/wp\/v2\/pages"}],"about":[{"href":"https:\/\/kiraoptical.com\/fr\/wp-json\/wp\/v2\/types\/page"}],"author":[{"embeddable":true,"href":"https:\/\/kiraoptical.com\/fr\/wp-json\/wp\/v2\/users\/1"}],"replies":[{"embeddable":true,"href":"https:\/\/kiraoptical.com\/fr\/wp-json\/wp\/v2\/comments?post=3988"}],"version-history":[{"count":0,"href":"https:\/\/kiraoptical.com\/fr\/wp-json\/wp\/v2\/pages\/3988\/revisions"}],"wp:attachment":[{"href":"https:\/\/kiraoptical.com\/fr\/wp-json\/wp\/v2\/media?parent=3988"}],"curies":[{"name":"wp","href":"https:\/\/api.w.org\/{rel}","templated":true}]}}