{"id":4247,"date":"2024-04-17T07:39:04","date_gmt":"2024-04-17T07:39:04","guid":{"rendered":"https:\/\/kiraoptical.com\/?post_type=product&#038;p=4247"},"modified":"2025-09-17T05:40:12","modified_gmt":"2025-09-17T05:40:12","slug":"dapi-gfp-fitc-mcherry-texas-red-multichannels-multicolor-led-light-source","status":"publish","type":"product","link":"https:\/\/kiraoptical.com\/fr\/produit\/dapi-gfp-fitc-mcherry-texas-red-multichannels-multicolor-led-light-source\/","title":{"rendered":"DAPI, GFP\/FITC, Mcherry\/Texas Red Source lumineuse LED multicolore \u00e0 canaux multiples"},"content":{"rendered":"<p><iframe title=\"Illuminateurs LED \u00e0 fluorescence\" width=\"500\" height=\"281\" src=\"https:\/\/www.youtube.com\/embed\/Layl_dMlw6Y?feature=oembed\" frameborder=\"0\" allow=\"accelerometer; autoplay; clipboard-write; encrypted-media; gyroscope; picture-in-picture; web-share\" referrerpolicy=\"strict-origin-when-cross-origin\" allowfullscreen><\/iframe><\/p>\n<p>Microscopie \u00e0 fluorescence multi-canaux - Illuminateur LED<\/p>\n<p><b>DAPI 365~380nm;FITC 450~495nm;Cy3 505~545nm ; Cy5 630<\/b><\/p>\n<p><img fetchpriority=\"high\" decoding=\"async\" class=\"alignnone size-medium wp-image-4248\" src=\"https:\/\/kiraoptical.com\/wp-content\/uploads\/2024\/04\/IS9-\u5916\u5ba3-300x300.jpg\" alt=\"\" width=\"300\" height=\"300\" srcset=\"https:\/\/kiraoptical.com\/wp-content\/uploads\/2024\/04\/IS9-\u5916\u5ba3-300x300.jpg 300w, https:\/\/kiraoptical.com\/wp-content\/uploads\/2024\/04\/IS9-\u5916\u5ba3-1024x1024.jpg 1024w, https:\/\/kiraoptical.com\/wp-content\/uploads\/2024\/04\/IS9-\u5916\u5ba3-150x150.jpg 150w, https:\/\/kiraoptical.com\/wp-content\/uploads\/2024\/04\/IS9-\u5916\u5ba3-768x768.jpg 768w, https:\/\/kiraoptical.com\/wp-content\/uploads\/2024\/04\/IS9-\u5916\u5ba3-1536x1536.jpg 1536w, https:\/\/kiraoptical.com\/wp-content\/uploads\/2024\/04\/IS9-\u5916\u5ba3-2048x2048.jpg 2048w, https:\/\/kiraoptical.com\/wp-content\/uploads\/2024\/04\/IS9-\u5916\u5ba3-12x12.jpg 12w, https:\/\/kiraoptical.com\/wp-content\/uploads\/2024\/04\/IS9-\u5916\u5ba3-600x600.jpg 600w, https:\/\/kiraoptical.com\/wp-content\/uploads\/2024\/04\/IS9-\u5916\u5ba3-100x100.jpg 100w, https:\/\/kiraoptical.com\/wp-content\/uploads\/2024\/04\/IS9-\u5916\u5ba3-64x64.jpg 64w\" sizes=\"(max-width: 300px) 100vw, 300px\" \/><\/p>\n<table width=\"490\">\n<tbody>\n<tr>\n<td width=\"490\">Gamme de longueurs d'onde\uff1a Selon les diff\u00e9rentes longueurs d'onde<\/td>\n<\/tr>\n<tr>\n<td>Longueur d'onde de l'\u00e9chantillon :<\/td>\n<\/tr>\n<tr>\n<td>Alimentation externe : Entr\u00e9e universelle 110-240V, 50\/60Hz<\/td>\n<\/tr>\n<tr>\n<td>Alimentation de sortie : 12 V DC,5 A<\/td>\n<\/tr>\n<tr>\n<td>Contr\u00f4le de la luminosit\u00e9 : r\u00e9glage continu de 1% par \u00e9tape<\/td>\n<\/tr>\n<tr>\n<td><\/td>\n<\/tr>\n<tr>\n<td><\/td>\n<\/tr>\n<tr>\n<td>Consommation \u00e9lectrique : En veille 0,5 W<\/td>\n<\/tr>\n<tr>\n<td>\u00a0\u00a0\u00a0\u00a0\u00a0\u00a0\u00a0\u00a0\u00a0\u00a0\u00a0\u00a0\u00a0\u00a0\u00a0\u00a0\u00a0\u00a0\u00a0\u00a0\u00a0\u00a0\u00a0\u00a0\u00a0\u00a0\u00a0\u00a0\u00a0\u00a0\u00a0\u00a0\u00a0\u00a0\u00a0\u00a0\u00a0\u00a0 1 bande U ou B ou V \u00e0 100% intensit\u00e9 - Max 10W<\/td>\n<\/tr>\n<tr>\n<td>\u00a0\u00a0\u00a0\u00a0\u00a0\u00a0\u00a0\u00a0\u00a0\u00a0\u00a0\u00a0\u00a0\u00a0\u00a0\u00a0\u00a0\u00a0\u00a0\u00a0\u00a0\u00a0\u00a0\u00a0\u00a0\u00a0\u00a0\u00a0\u00a0\u00a0\u00a0\u00a0\u00a0\u00a0\u00a0\u00a0\u00a0\u00a0 1 bande G \u00e0 100% intensit\u00e9 - Max 20W<\/td>\n<\/tr>\n<tr>\n<td>\u00a0\u00a0\u00a0\u00a0\u00a0\u00a0\u00a0\u00a0\u00a0\u00a0\u00a0\u00a0\u00a0\u00a0\u00a0\u00a0\u00a0\u00a0\u00a0\u00a0\u00a0\u00a0\u00a0\u00a0\u00a0\u00a0\u00a0\u00a0\u00a0\u00a0\u00a0\u00a0\u00a0\u00a0\u00a0\u00a0\u00a0\u00a0 1 bande R \u00e0 100% intensit\u00e9 - Max 10W<\/td>\n<\/tr>\n<tr>\n<td><\/td>\n<\/tr>\n<tr>\n<td><\/td>\n<\/tr>\n<tr>\n<td>Dimensions de la lampe : 210mmX150mmX70mm (L\u00d7L\u00d7H)<\/td>\n<\/tr>\n<tr>\n<td>Dimensions de la tablette tactile : 130\u00d7126\u00d720mm (L\u00d7L\u00d7H)<\/td>\n<\/tr>\n<tr>\n<td>Temps de r\u00e9ponse de la LED ON\/OFF : 1ms<\/td>\n<\/tr>\n<tr>\n<td>Connecteur E\/S : PS\/2<\/td>\n<\/tr>\n<tr>\n<td>M\u00e9thode de contr\u00f4le : RS-232<\/td>\n<\/tr>\n<tr>\n<td>Dur\u00e9e de vie des LED : 20000 heures<\/td>\n<\/tr>\n<tr>\n<td>Via Globle TTL<\/td>\n<\/tr>\n<\/tbody>\n<\/table>\n<p>Kira optical accepte les demandes de personnalisation OEM&amp;ODM de 330-1100nm.<\/p>","protected":false},"excerpt":{"rendered":"<p><a href=\"https:\/\/kiraoptical.com\/wp-content\/uploads\/2024\/04\/DSC_8764.mov\">Multicolor LED Light Source<\/a> <a href=\"https:\/\/kiraoptical.com\/wp-content\/uploads\/2024\/04\/DSC_8763.mov\">DAPI, GFP\/FITC, Mcherry\/Texas Red Multichannels Multicolor LED Light Source For Olympus<\/a><\/p>\n<p>Multichannels Fluorescence Microscopy | LED Illuminators DAPI, GFP\/FITC, Mcherry\/Texas Red<\/p>\n<h2 class=\"headline__sub hl--sub\">Multicolor LED Light Source<\/h2>\n<p>LED illuminators are often preferred for fluorescence microscopes for several reasons:<\/p>\n<p>Wavelength specificity: LED illuminators can be easily tuned to emit light at specific wavelengths, making them ideal for exciting fluorescent dyes and proteins that require precise excitation wavelengths for optimal imaging.<\/p>\n<p>Long lifespan: LED illuminators have a longer lifespan compared to traditional light sources like mercury lamps, reducing the need for frequent replacements and maintenance.<\/p>\n<p>Energy efficiency: LED illuminators are more energy-efficient than traditional light sources, helping to reduce operating costs and environmental impact.<\/p>\n<p>Instant on\/off: LED illuminators can be turned on and off instantly, allowing for quicker and more efficient imaging sessions compared to traditional light sources that require warm-up and cool-down times.<\/p>\n<p>Reduced heat output: LED illuminators produce less heat compared to traditional light sources, reducing the risk of damage to sensitive samples and improving overall imaging quality.<\/p>\n<p>Compact size: LED illuminators are often more compact and lightweight than traditional light sources, making them easier to integrate into fluorescence microscope setups and reducing the overall footprint of the system.<\/p>","protected":false},"featured_media":4248,"template":"","meta":{"site-sidebar-layout":"default","site-content-layout":"","ast-site-content-layout":"default","site-content-style":"default","site-sidebar-style":"default","ast-global-header-display":"","ast-banner-title-visibility":"","ast-main-header-display":"","ast-hfb-above-header-display":"","ast-hfb-below-header-display":"","ast-hfb-mobile-header-display":"","site-post-title":"","ast-breadcrumbs-content":"","ast-featured-img":"","footer-sml-layout":"","theme-transparent-header-meta":"default","adv-header-id-meta":"","stick-header-meta":"default","header-above-stick-meta":"","header-main-stick-meta":"","header-below-stick-meta":"","astra-migrate-meta-layouts":"set","ast-page-background-enabled":"default","ast-page-background-meta":{"desktop":{"background-color":"","background-image":"","background-repeat":"repeat","background-position":"center center","background-size":"auto","background-attachment":"scroll","background-type":"","background-media":"","overlay-type":"","overlay-color":"","overlay-opacity":"","overlay-gradient":""},"tablet":{"background-color":"","background-image":"","background-repeat":"repeat","background-position":"center center","background-size":"auto","background-attachment":"scroll","background-type":"","background-media":"","overlay-type":"","overlay-color":"","overlay-opacity":"","overlay-gradient":""},"mobile":{"background-color":"","background-image":"","background-repeat":"repeat","background-position":"center center","background-size":"auto","background-attachment":"scroll","background-type":"","background-media":"","overlay-type":"","overlay-color":"","overlay-opacity":"","overlay-gradient":""}},"ast-content-background-meta":{"desktop":{"background-color":"var(--ast-global-color-5)","background-image":"","background-repeat":"repeat","background-position":"center center","background-size":"auto","background-attachment":"scroll","background-type":"","background-media":"","overlay-type":"","overlay-color":"","overlay-opacity":"","overlay-gradient":""},"tablet":{"background-color":"var(--ast-global-color-5)","background-image":"","background-repeat":"repeat","background-position":"center center","background-size":"auto","background-attachment":"scroll","background-type":"","background-media":"","overlay-type":"","overlay-color":"","overlay-opacity":"","overlay-gradient":""},"mobile":{"background-color":"var(--ast-global-color-5)","background-image":"","background-repeat":"repeat","background-position":"center center","background-size":"auto","background-attachment":"scroll","background-type":"","background-media":"","overlay-type":"","overlay-color":"","overlay-opacity":"","overlay-gradient":""}}},"product_brand":[],"product_cat":[42],"product_tag":[49,51,50],"class_list":{"0":"post-4247","1":"product","2":"type-product","3":"status-publish","4":"has-post-thumbnail","6":"product_cat-fluorescence-led-illuminator","7":"product_tag-led-fluorescence-attachment","8":"product_tag-standard-3-channel","9":"product_tag-up-to-5-channels-of-standard-or-custom-wavelengths-from-uv-to-ir-and-nir","10":"desktop-align-left","11":"tablet-align-left","12":"mobile-align-left","13":"ast-product-gallery-layout-horizontal-slider","14":"ast-product-tabs-layout-horizontal","16":"first","17":"instock","18":"sold-individually","19":"taxable","20":"shipping-taxable","21":"product-type-simple"},"_links":{"self":[{"href":"https:\/\/kiraoptical.com\/fr\/wp-json\/wp\/v2\/product\/4247","targetHints":{"allow":["GET"]}}],"collection":[{"href":"https:\/\/kiraoptical.com\/fr\/wp-json\/wp\/v2\/product"}],"about":[{"href":"https:\/\/kiraoptical.com\/fr\/wp-json\/wp\/v2\/types\/product"}],"version-history":[{"count":0,"href":"https:\/\/kiraoptical.com\/fr\/wp-json\/wp\/v2\/product\/4247\/revisions"}],"wp:featuredmedia":[{"embeddable":true,"href":"https:\/\/kiraoptical.com\/fr\/wp-json\/wp\/v2\/media\/4248"}],"wp:attachment":[{"href":"https:\/\/kiraoptical.com\/fr\/wp-json\/wp\/v2\/media?parent=4247"}],"wp:term":[{"taxonomy":"product_brand","embeddable":true,"href":"https:\/\/kiraoptical.com\/fr\/wp-json\/wp\/v2\/product_brand?post=4247"},{"taxonomy":"product_cat","embeddable":true,"href":"https:\/\/kiraoptical.com\/fr\/wp-json\/wp\/v2\/product_cat?post=4247"},{"taxonomy":"product_tag","embeddable":true,"href":"https:\/\/kiraoptical.com\/fr\/wp-json\/wp\/v2\/product_tag?post=4247"}],"curies":[{"name":"wp","href":"https:\/\/api.w.org\/{rel}","templated":true}]}}