{"id":4249,"date":"2024-04-17T07:27:49","date_gmt":"2024-04-17T07:27:49","guid":{"rendered":"https:\/\/kiraoptical.com\/?post_type=product&#038;p=4249"},"modified":"2024-04-19T05:50:51","modified_gmt":"2024-04-19T05:50:51","slug":"spm-afm-scanning-probe-microscope-atomic-force-microscope","status":"publish","type":"product","link":"https:\/\/kiraoptical.com\/fr\/produit\/spm-afm-scanning-probe-microscope-atomic-force-microscope\/","title":{"rendered":"SPM | AFM | Microscope \u00e0 sonde \u00e0 balayage| Microscope \u00e0 force atomique"},"content":{"rendered":"<p>SPM | AFM | Microscope \u00e0 sonde \u00e0 balayage| Microscope \u00e0 force atomique<\/p>\n<p><iframe title=\"Microscope \u00e0 force atomique\" width=\"500\" height=\"281\" src=\"https:\/\/www.youtube.com\/embed\/A0eM9k7_5kU?feature=oembed\" frameborder=\"0\" allow=\"accelerometer; autoplay; clipboard-write; encrypted-media; gyroscope; picture-in-picture; web-share\" referrerpolicy=\"strict-origin-when-cross-origin\" allowfullscreen><\/iframe><\/p>\n<ol>\n<li>1. L'int\u00e9gration de la sonde de balayage et du plateau d'\u00e9chantillonnage am\u00e9liore la capacit\u00e9 anti-interf\u00e9rence du syst\u00e8me de suspension \u00e0 ressort.<\/li>\n<li>Le laser de pr\u00e9cision et le dispositif de positionnement de la sonde rendent le changement de sonde et le r\u00e9glage du spot simples et pratiques.<\/li>\n<li>L'approche automatique de l'\u00e9chantillon par rapport \u00e0 la sonde constitue un moyen efficace d'\u00e9viter l'\u00e9crasement du porte-\u00e0-faux.<\/li>\n<li>L'approche verticale de la sonde d'\u00e9chantillonnage permet un positionnement pr\u00e9cis de la zone d'int\u00e9r\u00eat.<\/li>\n<li>La zone d'int\u00e9r\u00eat du balayage de l'\u00e9chantillon peut \u00eatre librement s\u00e9lectionn\u00e9e \u00e0 l'aide d'une table XY de haute pr\u00e9cision\/\u00e0 grande port\u00e9e.<\/li>\n<li>Le syst\u00e8me CCD \u00e0 vue de dessus garantit l'observation et le positionnement en temps r\u00e9el de la sonde sur la r\u00e9gion s\u00e9lectionn\u00e9e de l'\u00e9chantillon.<\/li>\n<li>La conception modulaire du syst\u00e8me de contr\u00f4le \u00e9lectronique facilite la maintenance et les am\u00e9liorations continues.<\/li>\n<li>Le mod\u00e8le compact 2000 peut \u00eatre facilement transport\u00e9 dans une valise en aluminium.<\/li>\n<li>La bo\u00eete herm\u00e9tique du mod\u00e8le 1000 offre un environnement contr\u00f4l\u00e9.\n<p><figure id=\"attachment_4250\" aria-describedby=\"caption-attachment-4250\" style=\"width: 300px\" class=\"wp-caption alignnone\"><img fetchpriority=\"high\" decoding=\"async\" class=\"size-medium wp-image-4250\" src=\"https:\/\/kiraoptical.com\/wp-content\/uploads\/2024\/04\/2000-2-300x200.jpg\" alt=\"\" width=\"300\" height=\"200\" srcset=\"https:\/\/kiraoptical.com\/wp-content\/uploads\/2024\/04\/2000-2-300x200.jpg 300w, https:\/\/kiraoptical.com\/wp-content\/uploads\/2024\/04\/2000-2-1024x683.jpg 1024w, https:\/\/kiraoptical.com\/wp-content\/uploads\/2024\/04\/2000-2-768x512.jpg 768w, https:\/\/kiraoptical.com\/wp-content\/uploads\/2024\/04\/2000-2-1536x1024.jpg 1536w, https:\/\/kiraoptical.com\/wp-content\/uploads\/2024\/04\/2000-2-2048x1365.jpg 2048w, https:\/\/kiraoptical.com\/wp-content\/uploads\/2024\/04\/2000-2-18x12.jpg 18w, https:\/\/kiraoptical.com\/wp-content\/uploads\/2024\/04\/2000-2-600x400.jpg 600w, https:\/\/kiraoptical.com\/wp-content\/uploads\/2024\/04\/2000-2-64x43.jpg 64w\" sizes=\"(max-width: 300px) 100vw, 300px\" \/><figcaption id=\"caption-attachment-4250\" class=\"wp-caption-text\">Microscope \u00e0 sonde \u00e0 balayage, microscope \u00e0 force atomique<\/figcaption><\/figure><\/li>\n<\/ol>","protected":false},"excerpt":{"rendered":"<p><strong>\u00a0<\/strong><\/p>\n<p><strong> SPM | AFM | Microscope \u00e0 sonde \u00e0 balayage| Microscope \u00e0 force atomique<\/strong><\/p>\n<p><strong>Principales sp\u00e9cifications<\/strong><\/p>\n<table width=\"661\">\n<tbody>\n<tr>\n<td width=\"187\">Modes de travail<\/td>\n<td width=\"474\">Contact mode and Tapping mode<\/p>\n<p>Phase, Friction (LFM), Magnetic (MFM), Electrostatic (EFM)<\/td>\n<\/tr>\n<tr>\n<td width=\"187\">Taille de l'\u00e9chantillon<\/td>\n<td width=\"474\">\u03a6\u226490mm, H\u226420mm<\/td>\n<\/tr>\n<tr>\n<td width=\"187\">Scanners disponibles<\/td>\n<td width=\"474\">50&#215;50 um, 100x100um, 120\u00d7120um<\/td>\n<\/tr>\n<tr>\n<td width=\"187\">R\u00e9solution de balayage<\/td>\n<td width=\"474\">0,2 nm dans la direction XY, 0,05 nm dans la direction Z.<\/td>\n<\/tr>\n<tr>\n<td width=\"187\">Plage de mouvement de l'\u00e9chantillon<\/td>\n<td width=\"474\">\u00b16,5 mm.<\/td>\n<\/tr>\n<tr>\n<td width=\"187\">Largeur d'impulsion du moteur pas \u00e0 pas<\/td>\n<td width=\"474\">10\u00b12ms<\/td>\n<\/tr>\n<tr>\n<td width=\"187\">Points d'\u00e9chantillonnage de l'image<\/td>\n<td width=\"474\">512\u00d7512 Balayage simultan\u00e9 de 6 canaux @ 4096 x 4096 pixels<\/td>\n<\/tr>\n<tr>\n<td width=\"187\">Grossissement optique 4X<\/td>\n<td width=\"474\">r\u00e9solution optique 2,5 um<\/td>\n<\/tr>\n<tr>\n<td width=\"187\">Taux de balayage 0,6Hz~4,34Hz<\/td>\n<td width=\"474\">angle de balayage 0\u00b0~360\u00b0<\/td>\n<\/tr>\n<tr>\n<td width=\"187\">Contr\u00f4le du balayage<\/td>\n<td width=\"474\">D\/A 18 bits dans le sens XY, D\/A 16 bits dans le sens Z.<\/td>\n<\/tr>\n<tr>\n<td width=\"187\">\u00c9chantillonnage des donn\u00e9es<\/td>\n<td width=\"474\">Echantillonnage synchrone multicanal 14-bit A\/D, double 16-bit A\/D.<\/td>\n<\/tr>\n<tr>\n<td width=\"187\">Approche<\/td>\n<td width=\"474\">Automatic with DC motor and optical Z-position<\/p>\n<p>encoder, &lt; 2\u03bcm resolution<\/td>\n<\/tr>\n<tr>\n<td width=\"187\">Light Source for<\/p>\n<p>Optical Microscope<\/td>\n<td width=\"474\">LED blanche, r\u00e9glable \u00e0 partir d'une vis sur le bo\u00eetier de contr\u00f4le<\/td>\n<\/tr>\n<tr>\n<td width=\"187\">Isolation contre les vibrations<\/td>\n<td width=\"474\">Suspension de printemps<\/td>\n<\/tr>\n<tr>\n<td width=\"187\">Optical Microscope &amp; Digital Camera<\/td>\n<td width=\"474\">390\u03bcm x 230 \u03bcm FOV Full HD camera,<\/p>\n<p>1920 x 1080 pixels, 30fps<\/td>\n<\/tr>\n<tr>\n<td width=\"187\">Retour d'information<\/td>\n<td width=\"474\">R\u00e9troaction num\u00e9rique DSP<\/td>\n<\/tr>\n<tr>\n<td width=\"187\">Taux d'\u00e9chantillonnage<\/td>\n<td width=\"474\">64 kHz.<\/td>\n<\/tr>\n<tr>\n<td width=\"187\">Dimension T\u00eate<\/td>\n<td width=\"474\">31 23 47cm(L\u00d7L\u00d7H)<\/td>\n<\/tr>\n<tr>\n<td width=\"187\">Contr\u00f4leur de dimension<\/td>\n<td width=\"474\">35 30 13cm (L\u00d7L\u00d7H)<\/td>\n<\/tr>\n<tr>\n<td width=\"187\">Exigences en mati\u00e8re d'alimentation<\/td>\n<td width=\"474\">100-240 Vac, 50\/60 Hz, 50 VA<\/td>\n<\/tr>\n<tr>\n<td width=\"187\">Interface informatique<\/td>\n<td width=\"474\">USB 2.0<\/td>\n<\/tr>\n<tr>\n<td width=\"187\">Syst\u00e8me d'exploitation<\/td>\n<td width=\"474\">Windows XP\/7\/8\/10<\/td>\n<\/tr>\n<\/tbody>\n<\/table>\n<p>&nbsp;<\/p>\n<p>&nbsp;<\/p>\n<p>&nbsp;<\/p>\n<p>&nbsp;<\/p>","protected":false},"featured_media":4250,"template":"","meta":{"site-sidebar-layout":"default","site-content-layout":"","ast-site-content-layout":"default","site-content-style":"default","site-sidebar-style":"default","ast-global-header-display":"","ast-banner-title-visibility":"","ast-main-header-display":"","ast-hfb-above-header-display":"","ast-hfb-below-header-display":"","ast-hfb-mobile-header-display":"","site-post-title":"","ast-breadcrumbs-content":"","ast-featured-img":"","footer-sml-layout":"","theme-transparent-header-meta":"default","adv-header-id-meta":"","stick-header-meta":"default","header-above-stick-meta":"","header-main-stick-meta":"","header-below-stick-meta":"","astra-migrate-meta-layouts":"set","ast-page-background-enabled":"default","ast-page-background-meta":{"desktop":{"background-color":"","background-image":"","background-repeat":"repeat","background-position":"center center","background-size":"auto","background-attachment":"scroll","background-type":"","background-media":"","overlay-type":"","overlay-color":"","overlay-opacity":"","overlay-gradient":""},"tablet":{"background-color":"","background-image":"","background-repeat":"repeat","background-position":"center center","background-size":"auto","background-attachment":"scroll","background-type":"","background-media":"","overlay-type":"","overlay-color":"","overlay-opacity":"","overlay-gradient":""},"mobile":{"background-color":"","background-image":"","background-repeat":"repeat","background-position":"center center","background-size":"auto","background-attachment":"scroll","background-type":"","background-media":"","overlay-type":"","overlay-color":"","overlay-opacity":"","overlay-gradient":""}},"ast-content-background-meta":{"desktop":{"background-color":"var(--ast-global-color-5)","background-image":"","background-repeat":"repeat","background-position":"center center","background-size":"auto","background-attachment":"scroll","background-type":"","background-media":"","overlay-type":"","overlay-color":"","overlay-opacity":"","overlay-gradient":""},"tablet":{"background-color":"var(--ast-global-color-5)","background-image":"","background-repeat":"repeat","background-position":"center center","background-size":"auto","background-attachment":"scroll","background-type":"","background-media":"","overlay-type":"","overlay-color":"","overlay-opacity":"","overlay-gradient":""},"mobile":{"background-color":"var(--ast-global-color-5)","background-image":"","background-repeat":"repeat","background-position":"center center","background-size":"auto","background-attachment":"scroll","background-type":"","background-media":"","overlay-type":"","overlay-color":"","overlay-opacity":"","overlay-gradient":""}}},"product_brand":[],"product_cat":[48],"product_tag":[53,52],"class_list":{"0":"post-4249","1":"product","2":"type-product","3":"status-publish","4":"has-post-thumbnail","6":"product_cat-scanning-probe-microscopy","7":"product_tag-atomic-force","8":"product_tag-spm-afm-scanning-probe-microscope-atomic-force-microscope","9":"desktop-align-left","10":"tablet-align-left","11":"mobile-align-left","12":"ast-product-gallery-layout-horizontal-slider","13":"ast-product-gallery-with-no-image","14":"ast-product-tabs-layout-horizontal","16":"first","17":"instock","18":"sale","19":"sold-individually","20":"taxable","21":"shipping-taxable","22":"purchasable","23":"product-type-simple"},"_links":{"self":[{"href":"https:\/\/kiraoptical.com\/fr\/wp-json\/wp\/v2\/product\/4249","targetHints":{"allow":["GET"]}}],"collection":[{"href":"https:\/\/kiraoptical.com\/fr\/wp-json\/wp\/v2\/product"}],"about":[{"href":"https:\/\/kiraoptical.com\/fr\/wp-json\/wp\/v2\/types\/product"}],"version-history":[{"count":0,"href":"https:\/\/kiraoptical.com\/fr\/wp-json\/wp\/v2\/product\/4249\/revisions"}],"wp:featuredmedia":[{"embeddable":true,"href":"https:\/\/kiraoptical.com\/fr\/wp-json\/wp\/v2\/media\/4250"}],"wp:attachment":[{"href":"https:\/\/kiraoptical.com\/fr\/wp-json\/wp\/v2\/media?parent=4249"}],"wp:term":[{"taxonomy":"product_brand","embeddable":true,"href":"https:\/\/kiraoptical.com\/fr\/wp-json\/wp\/v2\/product_brand?post=4249"},{"taxonomy":"product_cat","embeddable":true,"href":"https:\/\/kiraoptical.com\/fr\/wp-json\/wp\/v2\/product_cat?post=4249"},{"taxonomy":"product_tag","embeddable":true,"href":"https:\/\/kiraoptical.com\/fr\/wp-json\/wp\/v2\/product_tag?post=4249"}],"curies":[{"name":"wp","href":"https:\/\/api.w.org\/{rel}","templated":true}]}}