{"id":4640,"date":"2024-09-13T07:23:58","date_gmt":"2024-09-13T07:23:58","guid":{"rendered":"https:\/\/kiraoptical.com\/?post_type=product&#038;p=4640"},"modified":"2024-09-13T07:50:30","modified_gmt":"2024-09-13T07:50:30","slug":"portable-led-monocular-student-compound-microscope-40x-1000x-magnification-microscope-kit-includes-dust-cover","status":"publish","type":"product","link":"https:\/\/kiraoptical.com\/fr\/produit\/portable-led-monocular-student-compound-microscope-40x-1000x-magnification-microscope-kit-includes-dust-cover\/","title":{"rendered":"Microscope compos\u00e9 monoculaire portable \u00e0 LED pour \u00e9tudiants - grossissement 40X-1000X - Kit de microscope avec housse de protection"},"content":{"rendered":"<table>\n<tbody>\n<tr>\n<td colspan=\"2\" rowspan=\"2\" width=\"460\">Sp\u00e9cifications<\/td>\n<td colspan=\"5\" width=\"302\">Mod\u00e8le<\/td>\n<\/tr>\n<tr>\n<td width=\"60\">XSP-179<\/td>\n<td width=\"60\">XSP-179A<\/td>\n<td width=\"60\">XSP-179B<\/td>\n<td width=\"60\">XSP-179C<\/td>\n<td width=\"61\">XSP-179T<\/td>\n<\/tr>\n<tr>\n<td rowspan=\"3\" width=\"112\">T\u00eate de lecture<\/td>\n<td width=\"348\">T\u00eate monoculaire, inclin\u00e9e \u00e0 45 \u00b0\uff0c 360\u00b0 rotative<\/td>\n<td width=\"60\">\u25cf<\/td>\n<td width=\"60\">\u25cf<\/td>\n<td width=\"60\">\u25cf<\/td>\n<td width=\"61\"><\/td>\n<td width=\"60\"><\/td>\n<\/tr>\n<tr>\n<td width=\"348\">T\u00eate binoculaire sans compensation, inclin\u00e9e \u00e0 30\u00b0 (48mm- 75mm)<\/td>\n<td width=\"60\"><\/td>\n<td width=\"60\"><\/td>\n<td width=\"60\"><\/td>\n<td width=\"61\">\u25cf<\/td>\n<td width=\"60\"><\/td>\n<\/tr>\n<tr>\n<td width=\"348\">T\u00eate binoculaire sans compensation, inclin\u00e9e \u00e0 30\u00b0 (48mm- 75mm)<\/td>\n<td width=\"60\"><\/td>\n<td width=\"60\"><\/td>\n<td width=\"60\"><\/td>\n<td width=\"61\"><\/td>\n<td width=\"60\">\u25cf<\/td>\n<\/tr>\n<tr>\n<td width=\"112\">Oculaire<\/td>\n<td width=\"348\">WF10\u00d7\/18mm<\/td>\n<td width=\"60\">\u25cf<\/td>\n<td width=\"60\">\u25cf<\/td>\n<td width=\"60\">\u25cf<\/td>\n<td width=\"61\">\u25cf<\/td>\n<td width=\"60\">\u25cf<\/td>\n<\/tr>\n<tr>\n<td rowspan=\"2\" width=\"112\">Objectif<\/td>\n<td width=\"348\">Objectif achromatique:4\u00d7\u300110\u00d7\u300140\u00d7(s)<\/td>\n<td width=\"60\">\u25cf<\/td>\n<td width=\"60\">\u25cf<\/td>\n<td width=\"60\"><\/td>\n<td width=\"61\"><\/td>\n<td width=\"60\"><\/td>\n<\/tr>\n<tr>\n<td width=\"348\">Objectif achromatique:4\u00d7\u300110\u00d7\u300140\u00d7(s)\u3001100\u00d7(s)Huile<\/td>\n<td width=\"60\"><\/td>\n<td width=\"60\"><\/td>\n<td width=\"60\">\u25cf<\/td>\n<td width=\"61\">\u25cf<\/td>\n<td width=\"60\">\u25cf<\/td>\n<\/tr>\n<tr>\n<td><\/td>\n<td><\/td>\n<td><\/td>\n<td><\/td>\n<td><\/td>\n<td><\/td>\n<td><\/td>\n<\/tr>\n<tr>\n<td rowspan=\"2\" width=\"112\">Stade<\/td>\n<td width=\"348\">Sc\u00e8ne plate avec clips \u00e0 glissi\u00e8re<\/p>\n<p>Taille de la sc\u00e8ne\uff1a120mmX125mm<\/td>\n<td width=\"60\">\u25cf<\/td>\n<td width=\"60\">\u25cf<\/td>\n<td width=\"60\"><\/td>\n<td width=\"61\"><\/td>\n<td width=\"60\"><\/td>\n<\/tr>\n<tr>\n<td width=\"348\">Etage m\u00e9canique \u00e0 double couche<\/p>\n<p>Taille de la sc\u00e8ne\uff1a135mmX135mm<\/p>\n<p>Gamme de d\u00e9placement\uff1a70mm\u00d750mm<\/td>\n<td width=\"60\"><\/td>\n<td width=\"60\"><\/td>\n<td width=\"60\">\u25cf<\/td>\n<td width=\"61\">\u25cf<\/td>\n<td width=\"60\">\u25cf<\/td>\n<\/tr>\n<tr>\n<td rowspan=\"3\" width=\"112\">Condenseur<\/td>\n<td width=\"348\">0,65 Condenseur avec diaphragme \u00e0 disque<\/td>\n<td width=\"60\">\u25cf<\/td>\n<td width=\"60\"><\/td>\n<td width=\"60\"><\/td>\n<td width=\"61\"><\/td>\n<td width=\"60\"><\/td>\n<\/tr>\n<tr>\n<td width=\"348\">0,65 Condensateur avec diaphragme d'iris<\/td>\n<td width=\"60\"><\/td>\n<td width=\"60\">\u25cf<\/td>\n<td width=\"60\"><\/td>\n<td width=\"61\"><\/td>\n<td width=\"60\"><\/td>\n<\/tr>\n<tr>\n<td width=\"348\">N.A.1.25 Condenseur d'Abbe avec diaphragme et porte-filtre<\/td>\n<td width=\"60\"><\/td>\n<td width=\"60\"><\/td>\n<td width=\"60\">\u25cf<\/td>\n<td width=\"61\">\u25cf<\/td>\n<td width=\"60\">\u25cf<\/td>\n<\/tr>\n<tr>\n<td width=\"112\">Concentration<\/td>\n<td width=\"348\">R\u00e9glage s\u00e9par\u00e9 de la mise au point grossi\u00e8re et fine<\/td>\n<td width=\"60\">\u25cf<\/td>\n<td width=\"60\">\u25cf<\/td>\n<td width=\"60\">\u25cf<\/td>\n<td width=\"61\">\u25cf<\/td>\n<td width=\"60\">\u25cf<\/td>\n<\/tr>\n<tr>\n<td width=\"112\">Source lumineuse<\/td>\n<td width=\"348\">LED, luminosit\u00e9 r\u00e9glable<\/td>\n<td width=\"60\">\u25cf<\/td>\n<td width=\"60\">\u25cf<\/td>\n<td width=\"60\">\u25cf<\/td>\n<td width=\"61\">\u25cf<\/td>\n<td width=\"60\">\u25cf<\/td>\n<\/tr>\n<tr>\n<td width=\"112\">Accessoire en option<\/td>\n<td colspan=\"6\" width=\"771\">Oculaire\uff1aWF16\u00d7\u3001WF20\u00d7\u3001P16\u00d7<\/p>\n<p>Objectif achromatique\uff1a20\u00d7\uff08s\uff09\u300160\u00d7(s)<\/p>\n<p>R\u00e9flecteur\u3001T\u00eate de visualisation double<\/td>\n<\/tr>\n<\/tbody>\n<\/table>","protected":false},"excerpt":{"rendered":"<h1 class=\"a-size-base-plus a-text-bold\">About this item<\/h1>\n<ul class=\"a-unordered-list a-vertical a-spacing-mini\">\n<li class=\"a-spacing-mini\"><span class=\"a-list-item\">\u3010MAGNIFICATION SETTING\u3011Available magnification settings of 40X, 100X, 250X, 400X, and 1000X through aberration-correcting 4X, 10X, and 40X glass objectives with wide-field 10X and 25X eyepieces<\/span><\/li>\n<li class=\"a-spacing-mini\"><span class=\"a-list-item\">\u3010Dual lllumination\u3011Dual illumination system allows you to examine both transparent and solid specimens; cool LED lights protect eyesight and live specimens<\/span><\/li>\n<li class=\"a-spacing-mini\"><span class=\"a-list-item\">\u3010Excellent material\u3011Rugged design with metal arm and base, carrying handle, and cordless capability make this compound microscope a practical pick for field experiments<\/span><\/li>\n<li class=\"a-spacing-mini\"><span class=\"a-list-item\">\u3010Suitable\u3011Designed forDesigned for students\/kids\/adults\/beginner\/amateur scientist\/hobbyists, perfect for science fairs, at home experiments, and school lab experiments!<\/span><\/li>\n<li class=\"a-spacing-mini\"><span class=\"a-list-item\">\u3010Features\u3011Fully rotatable monocular head for easy shared use or one-on-one instruction in the classroom. Our customer service is ready at all the time, please contact us if you have any problems<\/span><\/li>\n<\/ul>","protected":false},"featured_media":4641,"template":"","meta":{"site-sidebar-layout":"default","site-content-layout":"","ast-site-content-layout":"default","site-content-style":"default","site-sidebar-style":"default","ast-global-header-display":"","ast-banner-title-visibility":"","ast-main-header-display":"","ast-hfb-above-header-display":"","ast-hfb-below-header-display":"","ast-hfb-mobile-header-display":"","site-post-title":"","ast-breadcrumbs-content":"","ast-featured-img":"","footer-sml-layout":"","theme-transparent-header-meta":"default","adv-header-id-meta":"","stick-header-meta":"default","header-above-stick-meta":"","header-main-stick-meta":"","header-below-stick-meta":"","astra-migrate-meta-layouts":"set","ast-page-background-enabled":"default","ast-page-background-meta":{"desktop":{"background-color":"","background-image":"","background-repeat":"repeat","background-position":"center center","background-size":"auto","background-attachment":"scroll","background-type":"","background-media":"","overlay-type":"","overlay-color":"","overlay-opacity":"","overlay-gradient":""},"tablet":{"background-color":"","background-image":"","background-repeat":"repeat","background-position":"center center","background-size":"auto","background-attachment":"scroll","background-type":"","background-media":"","overlay-type":"","overlay-color":"","overlay-opacity":"","overlay-gradient":""},"mobile":{"background-color":"","background-image":"","background-repeat":"repeat","background-position":"center center","background-size":"auto","background-attachment":"scroll","background-type":"","background-media":"","overlay-type":"","overlay-color":"","overlay-opacity":"","overlay-gradient":""}},"ast-content-background-meta":{"desktop":{"background-color":"var(--ast-global-color-5)","background-image":"","background-repeat":"repeat","background-position":"center center","background-size":"auto","background-attachment":"scroll","background-type":"","background-media":"","overlay-type":"","overlay-color":"","overlay-opacity":"","overlay-gradient":""},"tablet":{"background-color":"var(--ast-global-color-5)","background-image":"","background-repeat":"repeat","background-position":"center center","background-size":"auto","background-attachment":"scroll","background-type":"","background-media":"","overlay-type":"","overlay-color":"","overlay-opacity":"","overlay-gradient":""},"mobile":{"background-color":"var(--ast-global-color-5)","background-image":"","background-repeat":"repeat","background-position":"center center","background-size":"auto","background-attachment":"scroll","background-type":"","background-media":"","overlay-type":"","overlay-color":"","overlay-opacity":"","overlay-gradient":""}}},"product_brand":[],"product_cat":[62],"product_tag":[],"class_list":{"0":"post-4640","1":"product","2":"type-product","3":"status-publish","4":"has-post-thumbnail","6":"product_cat-biological-microscope","7":"desktop-align-left","8":"tablet-align-left","9":"mobile-align-left","10":"ast-product-gallery-layout-horizontal-slider","11":"ast-product-gallery-with-no-image","12":"ast-product-tabs-layout-horizontal","14":"first","15":"instock","16":"taxable","17":"shipping-taxable","18":"product-type-simple"},"_links":{"self":[{"href":"https:\/\/kiraoptical.com\/fr\/wp-json\/wp\/v2\/product\/4640","targetHints":{"allow":["GET"]}}],"collection":[{"href":"https:\/\/kiraoptical.com\/fr\/wp-json\/wp\/v2\/product"}],"about":[{"href":"https:\/\/kiraoptical.com\/fr\/wp-json\/wp\/v2\/types\/product"}],"version-history":[{"count":0,"href":"https:\/\/kiraoptical.com\/fr\/wp-json\/wp\/v2\/product\/4640\/revisions"}],"wp:featuredmedia":[{"embeddable":true,"href":"https:\/\/kiraoptical.com\/fr\/wp-json\/wp\/v2\/media\/4641"}],"wp:attachment":[{"href":"https:\/\/kiraoptical.com\/fr\/wp-json\/wp\/v2\/media?parent=4640"}],"wp:term":[{"taxonomy":"product_brand","embeddable":true,"href":"https:\/\/kiraoptical.com\/fr\/wp-json\/wp\/v2\/product_brand?post=4640"},{"taxonomy":"product_cat","embeddable":true,"href":"https:\/\/kiraoptical.com\/fr\/wp-json\/wp\/v2\/product_cat?post=4640"},{"taxonomy":"product_tag","embeddable":true,"href":"https:\/\/kiraoptical.com\/fr\/wp-json\/wp\/v2\/product_tag?post=4640"}],"curies":[{"name":"wp","href":"https:\/\/api.w.org\/{rel}","templated":true}]}}