{"id":4651,"date":"2024-09-20T05:59:53","date_gmt":"2024-09-20T05:59:53","guid":{"rendered":"https:\/\/kiraoptical.com\/?post_type=product&#038;p=4651"},"modified":"2025-02-19T06:07:00","modified_gmt":"2025-02-19T06:07:00","slug":"portable-metallurgical-microscope","status":"publish","type":"product","link":"https:\/\/kiraoptical.com\/fr\/produit\/portable-metallurgical-microscope\/","title":{"rendered":"Microscope m\u00e9tallurgique portable avec base magn\u00e9tique"},"content":{"rendered":"<h4 data-start=\"550\" data-end=\"574\">Microscope m\u00e9tallurgique portable avec base magn\u00e9tique : Analyse de haute performance pour les applications industrielles et de recherche<\/h4>\n<h4 data-start=\"550\" data-end=\"574\"><strong data-start=\"555\" data-end=\"574\">1. Introduction<\/strong><\/h4>\n<ul data-start=\"578\" data-end=\"982\">\n<li data-start=\"578\" data-end=\"982\"><strong data-start=\"580\" data-end=\"600\">Aper\u00e7u du produit<\/strong>:\n<ul data-start=\"607\" data-end=\"982\">\n<li data-start=\"607\" data-end=\"728\">Br\u00e8ve pr\u00e9sentation du microscope m\u00e9tallurgique portable Steindorff S-606, con\u00e7u pour l'analyse de pr\u00e9cision des mat\u00e9riaux.<\/li>\n<li data-start=\"734\" data-end=\"838\">Soulignez sa portabilit\u00e9, sa conception compacte et sa fiabilit\u00e9 pour les applications industrielles et de laboratoire.<\/li>\n<li data-start=\"844\" data-end=\"982\">L'importance des microscopes m\u00e9tallurgiques de haute qualit\u00e9 pour les professionnels de la science des mat\u00e9riaux, du contr\u00f4le de la qualit\u00e9 et de la m\u00e9tallurgie.<\/li>\n<\/ul>\n<\/li>\n<\/ul>\n<h4 data-start=\"984\" data-end=\"1019\"><strong data-start=\"989\" data-end=\"1019\">2. Caract\u00e9ristiques et avantages principaux<\/strong><\/h4>\n<ul data-start=\"1023\" data-end=\"2172\">\n<li data-start=\"1023\" data-end=\"1280\"><strong data-start=\"1025\" data-end=\"1056\">Conception portable et compacte<\/strong>:\n<ul data-start=\"1063\" data-end=\"1280\">\n<li data-start=\"1063\" data-end=\"1180\">L\u00e9ger et facile \u00e0 transporter, il est id\u00e9al pour les inspections sur site et l'utilisation portable dans les ateliers ou sur le terrain.<\/li>\n<li data-start=\"1186\" data-end=\"1280\">La forme compacte permet un stockage et une manipulation faciles, garantissant l'efficacit\u00e9 des professionnels mobiles.<\/li>\n<\/ul>\n<\/li>\n<li data-start=\"1284\" data-end=\"1496\"><strong data-start=\"1286\" data-end=\"1303\">Base magn\u00e9tique<\/strong>:\n<ul data-start=\"1310\" data-end=\"1496\">\n<li data-start=\"1310\" data-end=\"1401\">Permet une fixation s\u00fbre et stable sur les surfaces m\u00e9talliques, garantissant un fonctionnement mains libres.<\/li>\n<li data-start=\"1407\" data-end=\"1496\">La base magn\u00e9tique am\u00e9liore \u00e9galement la stabilit\u00e9 lorsque l'on travaille avec des mat\u00e9riaux ou des \u00e9chantillons lourds.<\/li>\n<\/ul>\n<\/li>\n<li data-start=\"1500\" data-end=\"1741\"><strong data-start=\"1502\" data-end=\"1522\">Objectifs<\/strong>:\n<ul data-start=\"1529\" data-end=\"1741\">\n<li data-start=\"1529\" data-end=\"1657\">Comprend des objectifs 10x et 40x, offrant des options de grossissement flexibles pour r\u00e9pondre aux diff\u00e9rents besoins d'examen des mat\u00e9riaux.<\/li>\n<li data-start=\"1663\" data-end=\"1741\">Offre une imagerie \u00e0 haute r\u00e9solution pour l'analyse d\u00e9taill\u00e9e des structures mat\u00e9rielles.<\/li>\n<\/ul>\n<\/li>\n<li data-start=\"1745\" data-end=\"1974\"><strong data-start=\"1747\" data-end=\"1770\">Syst\u00e8me d'\u00e9clairage<\/strong>:\n<ul data-start=\"1777\" data-end=\"1974\">\n<li data-start=\"1777\" data-end=\"1868\">L'\u00e9clairage LED int\u00e9gr\u00e9 garantit des images claires et lumineuses dans diverses conditions d'\u00e9clairage.<\/li>\n<li data-start=\"1874\" data-end=\"1974\">Intensit\u00e9 lumineuse r\u00e9glable pour un meilleur contraste et une meilleure visibilit\u00e9 des d\u00e9tails fins dans les \u00e9chantillons.<\/li>\n<\/ul>\n<\/li>\n<li data-start=\"1978\" data-end=\"2172\"><strong data-start=\"1980\" data-end=\"1995\">Facilit\u00e9 d'utilisation<\/strong>:\n<ul data-start=\"2002\" data-end=\"2172\">\n<li data-start=\"2002\" data-end=\"2103\">Fonctionnement simple avec des commandes intuitives, convenant aussi bien aux utilisateurs novices qu'aux utilisateurs exp\u00e9riment\u00e9s.<\/li>\n<li data-start=\"2109\" data-end=\"2172\">La conception ergonomique garantit un effort minimal lors d'une utilisation prolong\u00e9e.<\/li>\n<\/ul>\n<\/li>\n<\/ul>\n<h4 data-start=\"2174\" data-end=\"2210\"><strong data-start=\"2179\" data-end=\"2210\">3. Sp\u00e9cifications techniques<\/strong><\/h4>\n<ul data-start=\"2214\" data-end=\"2723\">\n<li data-start=\"2214\" data-end=\"2359\"><strong data-start=\"2216\" data-end=\"2234\">Syst\u00e8me optique<\/strong>:\n<ul data-start=\"2241\" data-end=\"2359\">\n<li data-start=\"2241\" data-end=\"2287\">Grossissement : Objectifs 10x et 40x.<\/li>\n<li data-start=\"2293\" data-end=\"2359\">Syst\u00e8me de mise au point : M\u00e9canisme de mise au point grossi\u00e8re pour des r\u00e9glages faciles.<\/li>\n<\/ul>\n<\/li>\n<li data-start=\"2363\" data-end=\"2493\"><strong data-start=\"2365\" data-end=\"2381\">\u00c9clairage<\/strong>:\n<ul data-start=\"2388\" data-end=\"2493\">\n<li data-start=\"2388\" data-end=\"2493\">Source lumineuse LED \u00e0 intensit\u00e9 r\u00e9glable, offrant une luminosit\u00e9 optimale pour une observation pr\u00e9cise des \u00e9chantillons.<\/li>\n<\/ul>\n<\/li>\n<li data-start=\"2497\" data-end=\"2584\"><strong data-start=\"2499\" data-end=\"2521\">Base et stabilit\u00e9<\/strong>:\n<ul data-start=\"2528\" data-end=\"2584\">\n<li data-start=\"2528\" data-end=\"2584\">Base magn\u00e9tique pour une fixation s\u00fbre sur les surfaces m\u00e9talliques.<\/li>\n<\/ul>\n<\/li>\n<li data-start=\"2588\" data-end=\"2723\"><strong data-start=\"2590\" data-end=\"2607\">Qualit\u00e9 de construction<\/strong>:\n<ul data-start=\"2614\" data-end=\"2723\">\n<li data-start=\"2614\" data-end=\"2723\">Construction durable, con\u00e7ue pour r\u00e9sister \u00e0 une utilisation industrielle, y compris \u00e0 des temp\u00e9ratures \u00e9lev\u00e9es et \u00e0 des environnements difficiles.<\/li>\n<\/ul>\n<\/li>\n<\/ul>\n<h4 data-start=\"2725\" data-end=\"2749\"><strong data-start=\"2730\" data-end=\"2749\">4. Applications<\/strong><\/h4>\n<ul data-start=\"2753\" data-end=\"3384\">\n<li data-start=\"2753\" data-end=\"2898\"><strong data-start=\"2755\" data-end=\"2790\">Science des mat\u00e9riaux et m\u00e9tallurgie<\/strong>:\n<ul data-start=\"2797\" data-end=\"2898\">\n<li data-start=\"2797\" data-end=\"2898\">Utilis\u00e9 pour examiner les surfaces m\u00e9talliques, les alliages et les mat\u00e9riaux afin d'\u00e9valuer la qualit\u00e9, la structure et les d\u00e9fauts.<\/li>\n<\/ul>\n<\/li>\n<li data-start=\"2902\" data-end=\"3033\"><strong data-start=\"2904\" data-end=\"2923\">Contr\u00f4le de la qualit\u00e9<\/strong>:\n<ul data-start=\"2930\" data-end=\"3033\">\n<li data-start=\"2930\" data-end=\"3033\">Id\u00e9al pour une utilisation dans le cadre de la production industrielle, pour inspecter les mat\u00e9riaux au cours des processus de fabrication.<\/li>\n<\/ul>\n<\/li>\n<li data-start=\"3037\" data-end=\"3225\"><strong data-start=\"3039\" data-end=\"3080\">Applications p\u00e9dagogiques et de recherche<\/strong>:\n<ul data-start=\"3087\" data-end=\"3225\">\n<li data-start=\"3087\" data-end=\"3225\">Utile dans les milieux \u00e9ducatifs pour enseigner aux \u00e9tudiants les propri\u00e9t\u00e9s des mat\u00e9riaux et pour la recherche n\u00e9cessitant un examen d\u00e9taill\u00e9 des mat\u00e9riaux.<\/li>\n<\/ul>\n<\/li>\n<li data-start=\"3229\" data-end=\"3384\"><strong data-start=\"3231\" data-end=\"3252\">Inspections sur le terrain<\/strong>:\n<ul data-start=\"3259\" data-end=\"3384\">\n<li data-start=\"3259\" data-end=\"3384\">Sa conception portable et magn\u00e9tique le rend tr\u00e8s efficace pour le travail de terrain en d\u00e9placement dans les secteurs de la construction, de l'exploitation mini\u00e8re et de la m\u00e9tallurgie.<\/li>\n<\/ul>\n<\/li>\n<\/ul>\n<h4 data-start=\"3386\" data-end=\"3426\"><strong data-start=\"3391\" data-end=\"3426\">5. Pourquoi choisir Steindorff S-606 ?<\/strong><\/h4>\n<ul data-start=\"3430\" data-end=\"3854\">\n<li data-start=\"3430\" data-end=\"3554\"><strong data-start=\"3432\" data-end=\"3446\">Efficacit\u00e9<\/strong>:\n<ul data-start=\"3453\" data-end=\"3554\">\n<li data-start=\"3453\" data-end=\"3554\">Installation rapide gr\u00e2ce \u00e0 la base magn\u00e9tique, permettant un d\u00e9ploiement rapide dans les environnements industriels et de laboratoire.<\/li>\n<\/ul>\n<\/li>\n<li data-start=\"3558\" data-end=\"3743\"><strong data-start=\"3560\" data-end=\"3578\">Rentabilit\u00e9<\/strong>:\n<ul data-start=\"3585\" data-end=\"3743\">\n<li data-start=\"3585\" data-end=\"3743\">Il offre une fonctionnalit\u00e9 et une fiabilit\u00e9 \u00e9lev\u00e9es \u00e0 un prix raisonnable, ce qui en fait un excellent choix pour les entreprises qui recherchent un bon rapport qualit\u00e9-prix sans compromettre la qualit\u00e9.<\/li>\n<\/ul>\n<\/li>\n<li data-start=\"3747\" data-end=\"3854\"><strong data-start=\"3749\" data-end=\"3763\">Durabilit\u00e9<\/strong>:\n<ul data-start=\"3770\" data-end=\"3854\">\n<li data-start=\"3770\" data-end=\"3854\">La construction robuste garantit une utilisation \u00e0 long terme, minimisant les temps d'arr\u00eat et les co\u00fbts de r\u00e9paration.<\/li>\n<\/ul>\n<\/li>\n<\/ul>\n<h4 data-start=\"3856\" data-end=\"3889\"><strong data-start=\"3861\" data-end=\"3889\">6. Avantage concurrentiel<\/strong><\/h4>\n<ul data-start=\"3893\" data-end=\"4327\">\n<li data-start=\"3893\" data-end=\"4103\"><strong data-start=\"3895\" data-end=\"3927\">Comparaison avec des mod\u00e8les similaires<\/strong>:\n<ul data-start=\"3934\" data-end=\"4103\">\n<li data-start=\"3934\" data-end=\"4103\">Soulignez comment le Steindorff S-606 se distingue des autres microscopes de sa gamme de prix, notamment en termes de portabilit\u00e9, de facilit\u00e9 d'utilisation et de rapport qualit\u00e9-prix.<\/li>\n<\/ul>\n<\/li>\n<li data-start=\"4107\" data-end=\"4327\"><strong data-start=\"4109\" data-end=\"4146\">Fonctionnalit\u00e9s avanc\u00e9es par rapport aux concurrents<\/strong>:\n<ul data-start=\"4153\" data-end=\"4327\">\n<li data-start=\"4153\" data-end=\"4327\">Le syst\u00e8me d'\u00e9clairage LED, la base magn\u00e9tique et les objectifs de haute qualit\u00e9 sont autant de caract\u00e9ristiques qui font de cet appareil un outil id\u00e9al pour les professionnels travaillant dans des environnements industriels.<\/li>\n<\/ul>\n<\/li>\n<\/ul>\n<h4 data-start=\"4329\" data-end=\"4365\"><strong data-start=\"4334\" data-end=\"4365\">7. Entretien et garantie<\/strong><\/h4>\n<ul data-start=\"4369\" data-end=\"4731\">\n<li data-start=\"4369\" data-end=\"4566\"><strong data-start=\"4371\" data-end=\"4394\">Facilit\u00e9 d'entretien<\/strong>:\n<ul data-start=\"4401\" data-end=\"4566\">\n<li data-start=\"4401\" data-end=\"4491\">Entretien minimal gr\u00e2ce \u00e0 une construction durable et \u00e0 des mat\u00e9riaux de haute qualit\u00e9.<\/li>\n<li data-start=\"4497\" data-end=\"4566\">Conseils de nettoyage et d'entretien pour maintenir des performances optimales.<\/li>\n<\/ul>\n<\/li>\n<li data-start=\"4570\" data-end=\"4731\"><strong data-start=\"4572\" data-end=\"4596\">Garantie et assistance<\/strong>:\n<ul data-start=\"4603\" data-end=\"4731\">\n<li data-start=\"4603\" data-end=\"4731\">Mettez en \u00e9vidence les conditions de garantie et les services d'assistance \u00e0 la client\u00e8le propos\u00e9s, afin d'assurer la tranquillit\u00e9 d'esprit des responsables des achats et des entreprises.<\/li>\n<\/ul>\n<\/li>\n<\/ul>\n<h4 data-start=\"4733\" data-end=\"4775\"><strong data-start=\"4738\" data-end=\"4775\">8. Assistance technique et formation<\/strong><\/h4>\n<ul data-start=\"4779\" data-end=\"5074\">\n<li data-start=\"4779\" data-end=\"4919\"><strong data-start=\"4781\" data-end=\"4801\">Service client\u00e8le<\/strong>:\n<ul data-start=\"4808\" data-end=\"4919\">\n<li data-start=\"4808\" data-end=\"4919\">Mentionnez la disponibilit\u00e9 des ressources en ligne, des manuels et du service client\u00e8le pour le d\u00e9pannage et la formation.<\/li>\n<\/ul>\n<\/li>\n<li data-start=\"4923\" data-end=\"5074\"><strong data-start=\"4925\" data-end=\"4946\">Programmes de formation<\/strong>:\n<ul data-start=\"4953\" data-end=\"5074\">\n<li data-start=\"4953\" data-end=\"5074\">Fournir des informations sur les sessions de formation destin\u00e9es aux nouveaux utilisateurs ou au personnel technique afin de garantir une utilisation efficace du microscope.<\/li>\n<\/ul>\n<\/li>\n<\/ul>\n<h4 data-start=\"5076\" data-end=\"5127\"><strong data-start=\"5081\" data-end=\"5127\">9. Conclusion et consid\u00e9rations relatives \u00e0 la passation des march\u00e9s<\/strong><\/h4>\n<ul data-start=\"5131\" data-end=\"5630\">\n<li data-start=\"5131\" data-end=\"5272\"><strong data-start=\"5133\" data-end=\"5144\">R\u00e9sum\u00e9<\/strong>:\n<ul data-start=\"5151\" data-end=\"5272\">\n<li data-start=\"5151\" data-end=\"5272\">R\u00e9capitulez les principaux arguments de vente du Steindorff S-606 : portabilit\u00e9, stabilit\u00e9, facilit\u00e9 d'utilisation et optique haute r\u00e9solution.<\/li>\n<\/ul>\n<\/li>\n<li data-start=\"5276\" data-end=\"5452\"><strong data-start=\"5278\" data-end=\"5308\">Recommandation en mati\u00e8re de passation de march\u00e9s<\/strong>:\n<ul data-start=\"5315\" data-end=\"5452\">\n<li data-start=\"5315\" data-end=\"5452\">Recommandez le microscope aux industries et aux laboratoires de recherche qui ont besoin d'outils d'analyse m\u00e9tallurgique fiables, portables et abordables.<\/li>\n<\/ul>\n<\/li>\n<li data-start=\"5456\" data-end=\"5630\"><strong data-start=\"5458\" data-end=\"5476\">Appel \u00e0 l'action<\/strong>:\n<ul data-start=\"5483\" data-end=\"5630\">\n<li data-start=\"5483\" data-end=\"5630\">Encouragez les responsables des achats ou les d\u00e9cideurs \u00e0 se renseigner sur les achats en gros, les sp\u00e9cifications techniques ou \u00e0 demander une d\u00e9monstration du produit.<\/li>\n<\/ul>\n<\/li>\n<\/ul>\n<p>&nbsp;<\/p>\n<table width=\"609\">\n<tbody>\n<tr>\n<td colspan=\"2\" width=\"609\">Param\u00e8tres<\/td>\n<\/tr>\n<tr>\n<td width=\"182\">Syst\u00e8me optique<\/td>\n<td width=\"427\">Syst\u00e8me optique fini<\/td>\n<\/tr>\n<tr>\n<td width=\"182\">Oculaire<\/td>\n<td width=\"427\">Plan Oculaire WF10\/18mm<\/td>\n<\/tr>\n<tr>\n<td width=\"182\">Objectif<\/td>\n<td width=\"427\">Objectif m\u00e9tallurgique fini du plan<\/p>\n<p>10X\/0.25\uff08W.D.=7.3mm\uff09<\/p>\n<p>40X\/0.65\uff08W.D.=0.45mm\uff09<\/td>\n<\/tr>\n<tr>\n<td width=\"182\">Maganification<\/td>\n<td width=\"427\">100X-400X<\/td>\n<\/tr>\n<tr>\n<td width=\"182\">Concentration<\/td>\n<td width=\"427\">R\u00e9glage grossier et fin\uff0c plage de mise au point 25 mm<\/td>\n<\/tr>\n<tr>\n<td width=\"182\">Illuminateur<\/td>\n<td width=\"427\">\u00c9clairage vertical par LED\uff0cDC4.2V<\/td>\n<\/tr>\n<tr>\n<td width=\"182\">Moyens d'action<\/td>\n<td width=\"427\">750g\uff0c230mm\u00d7110mm\u00d770mm<\/td>\n<\/tr>\n<\/tbody>\n<\/table>","protected":false},"excerpt":{"rendered":"<p><strong data-start=\"4\" data-end=\"58\">Portable Metallurgical Microscope<\/strong> is a compact, high-performance tool designed for material analysis in industrial and research environments. Featuring a magnetic base for secure attachment to metal surfaces, this microscope provides stability during use, making it ideal for on-site inspections. With 10x and 40x objective lenses, it offers precise magnification for examining metal surfaces, alloys, and materials for quality control, defects, and structural analysis. The built-in LED illumination system ensures bright, clear imaging, while its portable design allows for easy transport and use in fieldwork.<\/p>","protected":false},"featured_media":4653,"template":"","meta":{"site-sidebar-layout":"default","site-content-layout":"","ast-site-content-layout":"default","site-content-style":"default","site-sidebar-style":"default","ast-global-header-display":"","ast-banner-title-visibility":"","ast-main-header-display":"","ast-hfb-above-header-display":"","ast-hfb-below-header-display":"","ast-hfb-mobile-header-display":"","site-post-title":"","ast-breadcrumbs-content":"","ast-featured-img":"","footer-sml-layout":"","theme-transparent-header-meta":"default","adv-header-id-meta":"","stick-header-meta":"default","header-above-stick-meta":"","header-main-stick-meta":"","header-below-stick-meta":"","astra-migrate-meta-layouts":"set","ast-page-background-enabled":"default","ast-page-background-meta":{"desktop":{"background-color":"","background-image":"","background-repeat":"repeat","background-position":"center center","background-size":"auto","background-attachment":"scroll","background-type":"","background-media":"","overlay-type":"","overlay-color":"","overlay-opacity":"","overlay-gradient":""},"tablet":{"background-color":"","background-image":"","background-repeat":"repeat","background-position":"center center","background-size":"auto","background-attachment":"scroll","background-type":"","background-media":"","overlay-type":"","overlay-color":"","overlay-opacity":"","overlay-gradient":""},"mobile":{"background-color":"","background-image":"","background-repeat":"repeat","background-position":"center center","background-size":"auto","background-attachment":"scroll","background-type":"","background-media":"","overlay-type":"","overlay-color":"","overlay-opacity":"","overlay-gradient":""}},"ast-content-background-meta":{"desktop":{"background-color":"var(--ast-global-color-5)","background-image":"","background-repeat":"repeat","background-position":"center center","background-size":"auto","background-attachment":"scroll","background-type":"","background-media":"","overlay-type":"","overlay-color":"","overlay-opacity":"","overlay-gradient":""},"tablet":{"background-color":"var(--ast-global-color-5)","background-image":"","background-repeat":"repeat","background-position":"center center","background-size":"auto","background-attachment":"scroll","background-type":"","background-media":"","overlay-type":"","overlay-color":"","overlay-opacity":"","overlay-gradient":""},"mobile":{"background-color":"var(--ast-global-color-5)","background-image":"","background-repeat":"repeat","background-position":"center center","background-size":"auto","background-attachment":"scroll","background-type":"","background-media":"","overlay-type":"","overlay-color":"","overlay-opacity":"","overlay-gradient":""}}},"product_brand":[],"product_cat":[39],"product_tag":[],"class_list":{"0":"post-4651","1":"product","2":"type-product","3":"status-publish","4":"has-post-thumbnail","6":"product_cat-stereo-microscope","7":"desktop-align-left","8":"tablet-align-left","9":"mobile-align-left","10":"ast-product-gallery-layout-horizontal-slider","11":"ast-product-tabs-layout-horizontal","13":"first","14":"instock","15":"taxable","16":"shipping-taxable","17":"product-type-simple"},"_links":{"self":[{"href":"https:\/\/kiraoptical.com\/fr\/wp-json\/wp\/v2\/product\/4651","targetHints":{"allow":["GET"]}}],"collection":[{"href":"https:\/\/kiraoptical.com\/fr\/wp-json\/wp\/v2\/product"}],"about":[{"href":"https:\/\/kiraoptical.com\/fr\/wp-json\/wp\/v2\/types\/product"}],"version-history":[{"count":0,"href":"https:\/\/kiraoptical.com\/fr\/wp-json\/wp\/v2\/product\/4651\/revisions"}],"wp:featuredmedia":[{"embeddable":true,"href":"https:\/\/kiraoptical.com\/fr\/wp-json\/wp\/v2\/media\/4653"}],"wp:attachment":[{"href":"https:\/\/kiraoptical.com\/fr\/wp-json\/wp\/v2\/media?parent=4651"}],"wp:term":[{"taxonomy":"product_brand","embeddable":true,"href":"https:\/\/kiraoptical.com\/fr\/wp-json\/wp\/v2\/product_brand?post=4651"},{"taxonomy":"product_cat","embeddable":true,"href":"https:\/\/kiraoptical.com\/fr\/wp-json\/wp\/v2\/product_cat?post=4651"},{"taxonomy":"product_tag","embeddable":true,"href":"https:\/\/kiraoptical.com\/fr\/wp-json\/wp\/v2\/product_tag?post=4651"}],"curies":[{"name":"wp","href":"https:\/\/api.w.org\/{rel}","templated":true}]}}