{"id":5044,"date":"2025-01-16T08:32:21","date_gmt":"2025-01-16T08:32:21","guid":{"rendered":"https:\/\/kiraoptical.com\/?post_type=product&#038;p=5044"},"modified":"2025-01-16T08:40:51","modified_gmt":"2025-01-16T08:40:51","slug":"stereo-zoom-binocular-microscope-with-built-in-transmitted-illumination-system-led","status":"publish","type":"product","link":"https:\/\/kiraoptical.com\/fr\/produit\/stereo-zoom-binocular-microscope-with-built-in-transmitted-illumination-system-led\/","title":{"rendered":"Microscope st\u00e9r\u00e9o zoom binoculaire avec syst\u00e8me d'\u00e9clairage transmis int\u00e9gr\u00e9 LED"},"content":{"rendered":"<table width=\"100%\">\n<tbody>\n<tr>\n<td rowspan=\"3\" width=\"105\">Oculaire<\/td>\n<td colspan=\"2\" width=\"112\">Standard<\/td>\n<td colspan=\"2\" width=\"109\">Lentille auxiliaire 0,5X<\/td>\n<td colspan=\"2\" width=\"112\">Objectif auxiliaire 1,5X<\/td>\n<td colspan=\"2\" width=\"114\">Lentille auxiliaire 2X<\/td>\n<\/tr>\n<tr>\n<td colspan=\"2\" width=\"112\">Diam\u00e8tre 105 mm<\/td>\n<td colspan=\"2\" width=\"109\">Diam\u00e8tre 177 mm<\/td>\n<td colspan=\"2\" width=\"112\">Diam\u00e8tre 47 mm<\/td>\n<td colspan=\"2\" width=\"114\">Diam\u00e8tre 26 mm<\/td>\n<\/tr>\n<tr>\n<td width=\"54\">Mag.<\/td>\n<td width=\"58\">F.O.V<\/td>\n<td width=\"51\">Mag.<\/td>\n<td width=\"58\">F.O.V<\/td>\n<td width=\"54\">Mag.<\/td>\n<td width=\"58\">F.O.V<\/td>\n<td width=\"54\">Mag.<\/td>\n<td width=\"60\">F.O.V<\/td>\n<\/tr>\n<tr>\n<td rowspan=\"2\" width=\"105\">10X\/22mm<\/td>\n<td width=\"54\">6.7X<\/td>\n<td width=\"58\">32,8 mm<\/td>\n<td width=\"51\">3.4X<\/td>\n<td width=\"58\">65,7 mm<\/td>\n<td width=\"54\">10.1X<\/td>\n<td width=\"58\">21,9 mm<\/td>\n<td width=\"54\">13.4X<\/td>\n<td width=\"60\">16,4 mm<\/td>\n<\/tr>\n<tr>\n<td width=\"54\">45.0X<\/td>\n<td width=\"58\">4,9 mm<\/td>\n<td width=\"51\">22.5X<\/td>\n<td width=\"58\">9,8 mm<\/td>\n<td width=\"54\">67.5X<\/td>\n<td width=\"58\">3,3 mm<\/td>\n<td width=\"54\">90.0X<\/td>\n<td width=\"60\">2,4 mm<\/td>\n<\/tr>\n<tr>\n<td rowspan=\"2\" width=\"105\">15X\/16mm<\/td>\n<td width=\"54\">10.1X<\/td>\n<td width=\"58\">23,9 mm<\/td>\n<td width=\"51\">5.0X<\/td>\n<td width=\"58\">47,8 mm<\/td>\n<td width=\"54\">15.1X<\/td>\n<td width=\"58\">15,9 mm<\/td>\n<td width=\"54\">20.1X<\/td>\n<td width=\"60\">11,9 mm<\/td>\n<\/tr>\n<tr>\n<td width=\"54\">67.5X<\/td>\n<td width=\"58\">3,6 mm<\/td>\n<td width=\"51\">33.8X<\/td>\n<td width=\"58\">7,1 mm<\/td>\n<td width=\"54\">101.3X<\/td>\n<td width=\"58\">2,4 mm<\/td>\n<td width=\"54\">135.0X<\/td>\n<td width=\"60\">1,8 mm<\/td>\n<\/tr>\n<tr>\n<td rowspan=\"2\" width=\"105\">20X\/12mm<\/td>\n<td width=\"54\">13.4X<\/td>\n<td width=\"58\">17,9 mm<\/td>\n<td width=\"51\">6.7X<\/td>\n<td width=\"58\">38,5 mm<\/td>\n<td width=\"54\">20.1X<\/td>\n<td width=\"58\">11,9 mm<\/td>\n<td width=\"54\">26.8X<\/td>\n<td width=\"60\">9,0 mm<\/td>\n<\/tr>\n<tr>\n<td width=\"54\">90.0X<\/td>\n<td width=\"58\">2,7 mm<\/td>\n<td width=\"51\">45.0X<\/td>\n<td width=\"58\">5,3 mm<\/td>\n<td width=\"54\">135.0X<\/td>\n<td width=\"58\">1,8 mm<\/td>\n<td width=\"54\">180.0X<\/td>\n<td width=\"60\">1,3 mm<\/td>\n<\/tr>\n<tr>\n<td rowspan=\"2\" width=\"105\">25X\/9mm<\/td>\n<td width=\"54\">16.8X<\/td>\n<td width=\"58\">13,4 mm<\/td>\n<td width=\"51\">8.4X<\/td>\n<td width=\"58\">26,9 mm<\/td>\n<td width=\"54\">25.1X<\/td>\n<td width=\"58\">9,0 mm<\/td>\n<td width=\"54\">33.5X<\/td>\n<td width=\"60\">6,7 mm<\/td>\n<\/tr>\n<tr>\n<td width=\"54\">112.5X<\/td>\n<td width=\"58\">2,0 mm<\/td>\n<td width=\"51\">56.3X<\/td>\n<td width=\"58\">4,0 mm<\/td>\n<td width=\"54\">168.8X<\/td>\n<td width=\"58\">1,3 mm<\/td>\n<td width=\"54\">225.0X<\/td>\n<td width=\"60\">1,0 mm<\/td>\n<\/tr>\n<tr>\n<td rowspan=\"2\" width=\"105\">30X\/8mm<\/td>\n<td width=\"54\">20.1X<\/td>\n<td width=\"58\">11,9 mm<\/td>\n<td width=\"51\">10.1X<\/td>\n<td width=\"58\">23,8 mm<\/td>\n<td width=\"54\">30.2X<\/td>\n<td width=\"58\">7,9 mm<\/td>\n<td width=\"54\">40.2X<\/td>\n<td width=\"60\">6,0 mm<\/td>\n<\/tr>\n<tr>\n<td width=\"54\">135.0X<\/td>\n<td width=\"58\">1,8 mm<\/td>\n<td width=\"51\">67.5X<\/td>\n<td width=\"58\">3,6 mm<\/td>\n<td width=\"54\">202.5X<\/td>\n<td width=\"58\">1,2 mm<\/td>\n<td width=\"54\">270.0X<\/td>\n<td width=\"60\">0,9 mm<\/td>\n<\/tr>\n<tr>\n<td width=\"105\">Agrandissement<\/td>\n<td colspan=\"8\" width=\"447\">\u00a0 6,7X-45X, 3,4X-270X avec oculaires et objectifs optionnels<\/td>\n<\/tr>\n<tr>\n<td width=\"105\">Oculaire<\/td>\n<td colspan=\"8\" width=\"447\">\u00a0 WF10X\/22mm \u00e0 point de vue \u00e9lev\u00e9, champ large ; pratique pour les observateurs portant des lunettes<\/td>\n<\/tr>\n<tr>\n<td width=\"105\">Oculaire en option<\/td>\n<td colspan=\"8\" width=\"447\">\u00a0 WF10X\/22mm, WF15X\/16mm, WF20X\/12mm, WF25X\/9mm, WF30X\/8mm<\/td>\n<\/tr>\n<tr>\n<td rowspan=\"2\" width=\"105\">Corps principal<\/td>\n<td colspan=\"8\" width=\"447\">\u00a0 T\u00eate binoculaire, inclin\u00e9e \u00e0 45\u00b0, rotative \u00e0 360\u00b0, verrouillable dans toutes les positions souhait\u00e9es<\/td>\n<\/tr>\n<tr>\n<td colspan=\"8\" width=\"447\">\u00a0 R\u00e9glage de la distance interpupillaire : 54-75mm ; R\u00e9glage de la dioptrie : \u00b15 dioptries<\/td>\n<\/tr>\n<tr>\n<td width=\"105\">Objectif<\/td>\n<td colspan=\"8\" width=\"447\">\u00a0 Zoom st\u00e9r\u00e9o 0,67X-4,5X ; rapport de zoom : 6,7:1<\/td>\n<\/tr>\n<tr>\n<td width=\"105\">Lentille auxiliaire<\/td>\n<td colspan=\"8\" width=\"447\">\u00a0 0,3X, 0,5X, 0,7X, 0,75X, 1,5X, 2X<\/td>\n<\/tr>\n<tr>\n<td width=\"105\">Monture de mise au point<\/td>\n<td colspan=\"8\" width=\"447\">\u00a0 Monture de mise au point A1 avec distance de travail verticale de 50 mm<\/td>\n<\/tr>\n<tr>\n<td width=\"105\">\u00c9clairage<\/td>\n<td colspan=\"8\" width=\"447\">\u00a0 Eclairage transmis et r\u00e9fl\u00e9chi 12v\/15w halog\u00e8ne, 7w fluorescent, 5v\/3w LED<\/td>\n<\/tr>\n<\/tbody>\n<\/table>","protected":false},"excerpt":{"rendered":"<p>High quality and excellent cost performance.<\/p>\n<p>Ergonomic design, sharp image display, wide viewing field and easy to operate.<\/p>\n<p>Providing a wide viewing field of \u03a622mm with the zoom ratio of 1:6.7, zoom range: 0.67\u00d7- 4.5\u00d7.<\/p>\n<p>Transmitted &amp; Reflected 3W LED Illumination<\/p>\n<p>Ideal instrument in academic, medical and industrial field.<\/p>","protected":false},"featured_media":5045,"template":"","meta":{"site-sidebar-layout":"default","site-content-layout":"","ast-site-content-layout":"default","site-content-style":"default","site-sidebar-style":"default","ast-global-header-display":"","ast-banner-title-visibility":"","ast-main-header-display":"","ast-hfb-above-header-display":"","ast-hfb-below-header-display":"","ast-hfb-mobile-header-display":"","site-post-title":"","ast-breadcrumbs-content":"","ast-featured-img":"","footer-sml-layout":"","theme-transparent-header-meta":"default","adv-header-id-meta":"","stick-header-meta":"default","header-above-stick-meta":"","header-main-stick-meta":"","header-below-stick-meta":"","astra-migrate-meta-layouts":"set","ast-page-background-enabled":"default","ast-page-background-meta":{"desktop":{"background-color":"","background-image":"","background-repeat":"repeat","background-position":"center center","background-size":"auto","background-attachment":"scroll","background-type":"","background-media":"","overlay-type":"","overlay-color":"","overlay-opacity":"","overlay-gradient":""},"tablet":{"background-color":"","background-image":"","background-repeat":"repeat","background-position":"center center","background-size":"auto","background-attachment":"scroll","background-type":"","background-media":"","overlay-type":"","overlay-color":"","overlay-opacity":"","overlay-gradient":""},"mobile":{"background-color":"","background-image":"","background-repeat":"repeat","background-position":"center center","background-size":"auto","background-attachment":"scroll","background-type":"","background-media":"","overlay-type":"","overlay-color":"","overlay-opacity":"","overlay-gradient":""}},"ast-content-background-meta":{"desktop":{"background-color":"var(--ast-global-color-5)","background-image":"","background-repeat":"repeat","background-position":"center center","background-size":"auto","background-attachment":"scroll","background-type":"","background-media":"","overlay-type":"","overlay-color":"","overlay-opacity":"","overlay-gradient":""},"tablet":{"background-color":"var(--ast-global-color-5)","background-image":"","background-repeat":"repeat","background-position":"center center","background-size":"auto","background-attachment":"scroll","background-type":"","background-media":"","overlay-type":"","overlay-color":"","overlay-opacity":"","overlay-gradient":""},"mobile":{"background-color":"var(--ast-global-color-5)","background-image":"","background-repeat":"repeat","background-position":"center center","background-size":"auto","background-attachment":"scroll","background-type":"","background-media":"","overlay-type":"","overlay-color":"","overlay-opacity":"","overlay-gradient":""}}},"product_brand":[],"product_cat":[39],"product_tag":[57,64],"class_list":{"0":"post-5044","1":"product","2":"type-product","3":"status-publish","4":"has-post-thumbnail","6":"product_cat-stereo-microscope","7":"product_tag-metallurgical-microscope","8":"product_tag-stereo-microscope","9":"desktop-align-left","10":"tablet-align-left","11":"mobile-align-left","12":"ast-product-gallery-layout-horizontal-slider","13":"ast-product-gallery-with-no-image","14":"ast-product-tabs-layout-horizontal","16":"first","17":"instock","18":"taxable","19":"shipping-taxable","20":"product-type-simple"},"_links":{"self":[{"href":"https:\/\/kiraoptical.com\/fr\/wp-json\/wp\/v2\/product\/5044","targetHints":{"allow":["GET"]}}],"collection":[{"href":"https:\/\/kiraoptical.com\/fr\/wp-json\/wp\/v2\/product"}],"about":[{"href":"https:\/\/kiraoptical.com\/fr\/wp-json\/wp\/v2\/types\/product"}],"version-history":[{"count":0,"href":"https:\/\/kiraoptical.com\/fr\/wp-json\/wp\/v2\/product\/5044\/revisions"}],"wp:featuredmedia":[{"embeddable":true,"href":"https:\/\/kiraoptical.com\/fr\/wp-json\/wp\/v2\/media\/5045"}],"wp:attachment":[{"href":"https:\/\/kiraoptical.com\/fr\/wp-json\/wp\/v2\/media?parent=5044"}],"wp:term":[{"taxonomy":"product_brand","embeddable":true,"href":"https:\/\/kiraoptical.com\/fr\/wp-json\/wp\/v2\/product_brand?post=5044"},{"taxonomy":"product_cat","embeddable":true,"href":"https:\/\/kiraoptical.com\/fr\/wp-json\/wp\/v2\/product_cat?post=5044"},{"taxonomy":"product_tag","embeddable":true,"href":"https:\/\/kiraoptical.com\/fr\/wp-json\/wp\/v2\/product_tag?post=5044"}],"curies":[{"name":"wp","href":"https:\/\/api.w.org\/{rel}","templated":true}]}}