{"id":5064,"date":"2025-02-19T03:09:00","date_gmt":"2025-02-19T03:09:00","guid":{"rendered":"https:\/\/kiraoptical.com\/?post_type=product&#038;p=5064"},"modified":"2025-02-19T03:22:02","modified_gmt":"2025-02-19T03:22:02","slug":"dapigfpfitcmcherrytexasred-microscope","status":"publish","type":"product","link":"https:\/\/kiraoptical.com\/fr\/produit\/dapigfpfitcmcherrytexasred-microscope\/","title":{"rendered":"Microscope multicanaux DAPI\/GFP\/FITC\/Merry\/Texas Red:Imagerie de pr\u00e9cision avec contr\u00f4le intelligent et \u00e9clairage LED sup\u00e9rieur"},"content":{"rendered":"<h2 data-start=\"68\" data-end=\"168\"><strong data-start=\"88\" data-end=\"168\">Microscope \u00e0 canaux multiples DAPI\/GFP\/FITC\/Merry\/Texas Red : Optique haute performance et solutions intelligentes<\/strong><\/h2>\n<h3 data-start=\"170\" data-end=\"197\">1. <strong data-start=\"177\" data-end=\"197\">Aper\u00e7u du produit<\/strong><\/h3>\n<ul data-start=\"201\" data-end=\"535\">\n<li data-start=\"201\" data-end=\"535\"><strong data-start=\"203\" data-end=\"219\">Introduction<\/strong>:\n<ul data-start=\"226\" data-end=\"535\">\n<li data-start=\"226\" data-end=\"535\">Le microscope multicanaux DAPI\/GFP\/FITC\/Merry\/Texas Red est un microscope haut de gamme qui int\u00e8gre des syst\u00e8mes optiques avanc\u00e9s et des mat\u00e9riaux de haute qualit\u00e9. Combinant une technologie optique moderne et un contr\u00f4le intelligent, il offre d'excellentes exp\u00e9riences d'observation, ce qui le rend adapt\u00e9 \u00e0 diverses recherches scientifiques et applications industrielles.<\/li>\n<\/ul>\n<\/li>\n<\/ul>\n<h3 data-start=\"537\" data-end=\"575\">2. <strong data-start=\"544\" data-end=\"575\">Principales caract\u00e9ristiques et avantages<\/strong><\/h3>\n<h4 data-start=\"580\" data-end=\"607\">2.1 <strong data-start=\"589\" data-end=\"607\">Syst\u00e8me optique<\/strong><\/h4>\n<ul data-start=\"611\" data-end=\"909\">\n<li data-start=\"611\" data-end=\"823\"><strong data-start=\"613\" data-end=\"700\">Syst\u00e8me optique ECGO \u00e0 distance infinie et \u00e0 correction bidirectionnelle de l'aberration chromatique<\/strong>: Dot\u00e9 d'une longueur focale de 45 mm, il fournit des images claires et de haute qualit\u00e9, ce qui le rend adapt\u00e9 aux besoins de recherche complexes.<\/li>\n<li data-start=\"827\" data-end=\"909\">Ce syst\u00e8me \u00e9limine efficacement l'aberration chromatique, garantissant ainsi la qualit\u00e9 de l'image.<\/li>\n<\/ul>\n<h4 data-start=\"911\" data-end=\"938\">2.2 <strong data-start=\"920\" data-end=\"938\">Structure du corps<\/strong><\/h4>\n<ul data-start=\"942\" data-end=\"1498\">\n<li data-start=\"942\" data-end=\"1179\"><strong data-start=\"944\" data-end=\"992\">Technologie de moulage int\u00e9gr\u00e9 en alliage d'aluminium<\/strong>: Le bo\u00eetier en alliage d'aluminium haute r\u00e9sistance est \u00e0 la fois robuste et l\u00e9ger, et le rev\u00eatement antibact\u00e9rien \u00e0 base de nano-ion d'argent inhibe efficacement la reproduction des micro-organismes sur la surface.<\/li>\n<li data-start=\"1183\" data-end=\"1304\"><strong data-start=\"1185\" data-end=\"1219\">Adaptateur large tension (90~230V)<\/strong>: La prise en charge d'une plage de tension globale permet de l'utiliser dans diff\u00e9rentes r\u00e9gions.<\/li>\n<li data-start=\"1308\" data-end=\"1498\"><strong data-start=\"1310\" data-end=\"1359\">Sortie de contr\u00f4le USB et mode d'\u00e9conomie d'\u00e9nergie ECO<\/strong>: Interface de contr\u00f4le USB pratique, permet le r\u00e9glage automatique de la luminosit\u00e9 et la gestion de l'efficacit\u00e9 \u00e9nerg\u00e9tique afin de r\u00e9duire la consommation d'\u00e9nergie.<\/li>\n<\/ul>\n<h4 data-start=\"1500\" data-end=\"1532\">2.3 <strong data-start=\"1509\" data-end=\"1532\">Syst\u00e8me d'\u00e9clairage<\/strong><\/h4>\n<ul data-start=\"1536\" data-end=\"1993\">\n<li data-start=\"1536\" data-end=\"1804\"><strong data-start=\"1538\" data-end=\"1595\">Syst\u00e8me d'\u00e9clairage LED SUPERMLED\u2122 de type lumi\u00e8re du jour int\u00e9gr\u00e9<\/strong>: Fournit une luminosit\u00e9 \u00e9quivalente \u00e0 celle d'une lampe halog\u00e8ne de 100 W, avec une dur\u00e9e de vie de la source lumineuse d'au moins 60 000 heures. La source lumineuse maintient une temp\u00e9rature de couleur constante de 4500K, adapt\u00e9e \u00e0 une utilisation \u00e0 long terme.<\/li>\n<li data-start=\"1808\" data-end=\"1902\"><strong data-start=\"1810\" data-end=\"1843\">\u00c9clairage par lumi\u00e8re blanche chaude<\/strong>: Effet d'\u00e9clairage confortable qui aide \u00e0 r\u00e9duire la fatigue oculaire.<\/li>\n<li data-start=\"1906\" data-end=\"1993\">Permet l'installation de filtres de 45 mm, offrant ainsi une plus grande flexibilit\u00e9 pour les exp\u00e9riences.<\/li>\n<\/ul>\n<h4 data-start=\"1995\" data-end=\"2023\">2.4 <strong data-start=\"2004\" data-end=\"2023\">Syst\u00e8me de mise au point<\/strong><\/h4>\n<ul data-start=\"2027\" data-end=\"2304\">\n<li data-start=\"2027\" data-end=\"2304\"><strong data-start=\"2029\" data-end=\"2087\">R\u00e9glage fin et grossier synchronis\u00e9 pour les deux mains<\/strong>: Le syst\u00e8me permet un r\u00e9glage fin assist\u00e9 avec une pr\u00e9cision de pas minimale de 1\u03bcm et une course maximale de 25 mm. Il est \u00e9quip\u00e9 d'un r\u00e9glage de la tension et d'un limiteur de hauteur anti-collision pour garantir un fonctionnement s\u00fbr.<\/li>\n<\/ul>\n<h4 data-start=\"2306\" data-end=\"2331\">2.5 <strong data-start=\"2315\" data-end=\"2331\">Stade de l'\u00e9chantillon<\/strong><\/h4>\n<ul data-start=\"2335\" data-end=\"2648\">\n<li data-start=\"2335\" data-end=\"2648\"><strong data-start=\"2337\" data-end=\"2394\">Droite Position basse Etage m\u00e9canique double couche<\/strong>: Il est dot\u00e9 d'un plateau en c\u00e9ramique r\u00e9sistant \u00e0 l'usure et d'une structure de transmission robuste sans engrenages apparents. La course de d\u00e9placement est de 76 mm x 55 mm. La tension pr\u00e9r\u00e9gl\u00e9e du fil d'acier assure un positionnement pr\u00e9cis sans blocage ni rebond, ce qui r\u00e9duit la fatigue de l'utilisateur.<\/li>\n<\/ul>\n<h4 data-start=\"2650\" data-end=\"2674\">2.6 <strong data-start=\"2659\" data-end=\"2674\">Pince \u00e0 glissi\u00e8re<\/strong><\/h4>\n<ul data-start=\"2678\" data-end=\"2860\">\n<li data-start=\"2678\" data-end=\"2860\"><strong data-start=\"2680\" data-end=\"2718\">Pince \u00e0 glissi\u00e8re \u00e0 rebond lent et \u00e0 gauche<\/strong>: Il prend en charge les lames individuelles et peut transporter des \u00e9chantillons plus lourds tels que des chambres de comptage de cellules et des plaques de comptage, ce qui accro\u00eet la commodit\u00e9 d'utilisation.<\/li>\n<\/ul>\n<h4 data-start=\"2862\" data-end=\"2884\">2.7 <strong data-start=\"2871\" data-end=\"2884\">Condenseur<\/strong><\/h4>\n<ul data-start=\"2888\" data-end=\"3110\">\n<li data-start=\"2888\" data-end=\"3110\"><strong data-start=\"2890\" data-end=\"2923\">Condensateur pr\u00e9centr\u00e9 Kohler<\/strong>: \u00c9quip\u00e9 d'une \u00e9chelle d'indication d'ouverture, avec une plage NA de 0,1 \u00e0 1,1, il prend en charge plusieurs modes d'\u00e9clairage tels que le champ clair et la lumi\u00e8re polaris\u00e9e pour la recherche optique avanc\u00e9e.<\/li>\n<\/ul>\n<h4 data-start=\"3112\" data-end=\"3141\">2.8 <strong data-start=\"3121\" data-end=\"3141\">Tube d'observation<\/strong><\/h4>\n<ul data-start=\"3145\" data-end=\"3394\">\n<li data-start=\"3145\" data-end=\"3280\"><strong data-start=\"3147\" data-end=\"3193\">Tube d'observation trinoculaire r\u00e9glable \u00e0 30\u00b0.<\/strong>: R\u00e9partition de la lumi\u00e8re 50\/50, hauteur du point oculaire r\u00e9glable, et adapt\u00e9 aux diff\u00e9rents besoins de l'utilisateur.<\/li>\n<li data-start=\"3284\" data-end=\"3394\">La plage de r\u00e9glage de la distance interpupillaire est comprise entre 46 et 78 mm, ce qui permet de r\u00e9pondre aux besoins des utilisateurs ayant des besoins visuels diff\u00e9rents.<\/li>\n<\/ul>\n<h4 data-start=\"3396\" data-end=\"3433\">2.9 <strong data-start=\"3405\" data-end=\"3433\">Oculaires et objectifs<\/strong><\/h4>\n<ul data-start=\"3437\" data-end=\"3818\">\n<li data-start=\"3437\" data-end=\"3579\"><strong data-start=\"3439\" data-end=\"3467\">Oculaire grand champ de 30 mm<\/strong>: \u00c9quip\u00e9 d'oculaires 10x (num\u00e9ro de champ 22) et de 10 niveaux de r\u00e9glage dioptrique pour l'oculaire binoculaire.<\/li>\n<li data-start=\"3583\" data-end=\"3818\"><strong data-start=\"3585\" data-end=\"3628\">Revolver \u00e0 objectif int\u00e9gr\u00e9 \u00e0 cinq trous<\/strong>: Le logiciel est capable de reconna\u00eetre automatiquement le grossissement de l'objectif et d'afficher le grossissement correspondant lors de la commutation.<\/li>\n<\/ul>\n<h4 data-start=\"3820\" data-end=\"3853\">2.10 <strong data-start=\"3830\" data-end=\"3853\">Appareil photo et logiciel<\/strong><\/h4>\n<ul data-start=\"3857\" data-end=\"4164\">\n<li data-start=\"3857\" data-end=\"3992\"><strong data-start=\"3859\" data-end=\"3905\">Cam\u00e9ra CMOS haute performance de 5,2 m\u00e9gapixels<\/strong>: Garantie de trois ans sur les composants de base, assurant des images claires et stables.<\/li>\n<li data-start=\"3996\" data-end=\"4164\"><strong data-start=\"3998\" data-end=\"4018\">Logiciel de contr\u00f4le<\/strong>: Reconnaissance automatique du grossissement, chargement automatique des param\u00e8tres lors du passage d'un objectif \u00e0 l'autre, pour une exp\u00e9rience op\u00e9rationnelle plus intelligente.<\/li>\n<\/ul>\n<h4 data-start=\"4166\" data-end=\"4199\">2.11 <strong data-start=\"4176\" data-end=\"4199\">Dispositif de fluorescence<\/strong><\/h4>\n<ul data-start=\"4203\" data-end=\"4413\">\n<li data-start=\"4203\" data-end=\"4413\"><strong data-start=\"4205\" data-end=\"4246\">Illuminateur de fluorescence \u00e0 LED int\u00e9gr\u00e9<\/strong>: Sans entretien pendant 30 000 heures, compatible avec les blocs d'excitation de colorants conventionnels (par exemple, DAPI, FITC, TRITC, TxRed), ce qui \u00e9largit les possibilit\u00e9s de recherche par fluorescence.<\/li>\n<\/ul>\n<h4 data-start=\"4415\" data-end=\"4470\">2.12 <strong data-start=\"4425\" data-end=\"4470\">Dispositifs anti-moisissures et conception \u00e9cologique<\/strong><\/h4>\n<ul data-start=\"4474\" data-end=\"4783\">\n<li data-start=\"4474\" data-end=\"4643\">Tous les composants optiques sont trait\u00e9s avec des rev\u00eatements anti-moisissures et antibact\u00e9riens, ce qui prolonge efficacement la dur\u00e9e de vie et am\u00e9liore la propret\u00e9 et la facilit\u00e9 d'entretien.<\/li>\n<li data-start=\"4647\" data-end=\"4783\">Utilise du verre \u00e9cologique sans plomb et respecte les normes environnementales RoHS, r\u00e9duisant ainsi l'impact n\u00e9gatif sur l'environnement.<\/li>\n<\/ul>\n<h3 data-start=\"4785\" data-end=\"4833\">3. <strong data-start=\"4792\" data-end=\"4833\">Fonctionnement et entretien intelligents<\/strong><\/h3>\n<ul data-start=\"4837\" data-end=\"5048\">\n<li data-start=\"4837\" data-end=\"5048\"><strong data-start=\"4839\" data-end=\"4864\">Fonctionnalit\u00e9 du code QR<\/strong>: En scannant le code QR sur le microscope, les utilisateurs peuvent acc\u00e9der directement \u00e0 des tutoriels d'instruction en ligne, \u00e0 des rapports de panne et \u00e0 des rendez-vous de maintenance, ce qui am\u00e9liore la facilit\u00e9 d'utilisation du produit.<\/li>\n<\/ul>\n<h3 data-start=\"5050\" data-end=\"5100\">4. <strong data-start=\"5057\" data-end=\"5100\">Sp\u00e9cifications techniques et param\u00e8tres<\/strong><\/h3>\n<ul data-start=\"5104\" data-end=\"5402\">\n<li data-start=\"5104\" data-end=\"5260\"><strong data-start=\"5106\" data-end=\"5130\">Structure du microscope<\/strong>: Poids net de 7,8 kg et dimensions ext\u00e9rieures de 403 mm x 353 mm x 353 mm, convenant \u00e0 divers environnements de laboratoire et de recherche.<\/li>\n<li data-start=\"5264\" data-end=\"5402\"><strong data-start=\"5266\" data-end=\"5283\">Compatibilit\u00e9<\/strong>: La prise en charge de diverses interfaces de cam\u00e9ra standard de type C et le contr\u00f4le par logiciel PC r\u00e9pondent aux besoins de la recherche scientifique moderne.<\/li>\n<\/ul>\n<h3 data-start=\"5404\" data-end=\"5436\">5. <strong data-start=\"5411\" data-end=\"5436\">Sc\u00e9narios d'application<\/strong><\/h3>\n<ul data-start=\"5440\" data-end=\"5672\">\n<li data-start=\"5440\" data-end=\"5672\">Ce microscope est largement utilis\u00e9 dans des domaines tels que la biom\u00e9decine, la cytologie, l'histologie, la science des mat\u00e9riaux, etc. Il est id\u00e9al pour les instituts de recherche, les laboratoires universitaires, les h\u00f4pitaux et les environnements de tests de qualit\u00e9 industriels.<\/li>\n<\/ul>\n<h3 data-start=\"5674\" data-end=\"5723\">6. <strong data-start=\"5681\" data-end=\"5723\">R\u00e9sum\u00e9 et recommandations en mati\u00e8re d'achat<\/strong><\/h3>\n<ul data-start=\"5727\" data-end=\"6386\">\n<li data-start=\"5727\" data-end=\"6089\"><strong data-start=\"5729\" data-end=\"5757\">Des avantages complets<\/strong>: Le <strong data-start=\"5763\" data-end=\"5781\">CX-63 \/ DM-750<\/strong> se distingue par ses performances optiques sup\u00e9rieures, son syst\u00e8me de contr\u00f4le intelligent et sa conception durable, ce qui en fait un choix id\u00e9al pour les analyses microscopiques scientifiques et industrielles modernes. Sa longue dur\u00e9e de vie, ses excellentes caract\u00e9ristiques de fluorescence et sa conception ergonomique en font un leader dans sa cat\u00e9gorie.<\/li>\n<li data-start=\"6093\" data-end=\"6386\"><strong data-start=\"6095\" data-end=\"6124\">Recommandation d'achat<\/strong>: Compte tenu de ses excellentes performances et de sa rentabilit\u00e9, le microscope multicanaux DAPI\/GFP\/FITC\/Merry\/Texas Red est un choix id\u00e9al pour les instituts de recherche haut de gamme et les clients industriels, en particulier pour les environnements qui n\u00e9cessitent une recherche microscopique de haute pr\u00e9cision et de haute efficacit\u00e9.<\/li>\n<\/ul>","protected":false},"excerpt":{"rendered":"<p>Les <strong data-start=\"4\" data-end=\"63\">DAPI\/GFP\/FITC\/Mcherry\/Texas Red Multichannel Microscope<\/strong> is a versatile imaging system designed for advanced fluorescence microscopy. It supports the simultaneous observation of multiple fluorescent markers, including DAPI, GFP, FITC, Mcherry, and Texas Red, making it ideal for multi-parameter analysis in cell biology, molecular research, and tissue studies. The microscope features high-quality optics, precise filter sets, and advanced fluorescence detection, enabling researchers to visualize and quantify different biomolecules with high sensitivity and clarity across multiple channels. This system is essential for complex studies such as gene expression, protein localization, and cellular dynamics.<\/p>","protected":false},"featured_media":5065,"template":"","meta":[],"product_brand":[],"product_cat":[62],"product_tag":[49,51,50],"class_list":{"0":"post-5064","1":"product","2":"type-product","3":"status-publish","4":"has-post-thumbnail","6":"product_cat-biological-microscope","7":"product_tag-led-fluorescence-attachment","8":"product_tag-standard-3-channel","9":"product_tag-up-to-5-channels-of-standard-or-custom-wavelengths-from-uv-to-ir-and-nir","11":"first","12":"instock","13":"sold-individually","14":"taxable","15":"shipping-taxable","16":"product-type-simple"},"_links":{"self":[{"href":"https:\/\/kiraoptical.com\/fr\/wp-json\/wp\/v2\/product\/5064","targetHints":{"allow":["GET"]}}],"collection":[{"href":"https:\/\/kiraoptical.com\/fr\/wp-json\/wp\/v2\/product"}],"about":[{"href":"https:\/\/kiraoptical.com\/fr\/wp-json\/wp\/v2\/types\/product"}],"version-history":[{"count":0,"href":"https:\/\/kiraoptical.com\/fr\/wp-json\/wp\/v2\/product\/5064\/revisions"}],"wp:featuredmedia":[{"embeddable":true,"href":"https:\/\/kiraoptical.com\/fr\/wp-json\/wp\/v2\/media\/5065"}],"wp:attachment":[{"href":"https:\/\/kiraoptical.com\/fr\/wp-json\/wp\/v2\/media?parent=5064"}],"wp:term":[{"taxonomy":"product_brand","embeddable":true,"href":"https:\/\/kiraoptical.com\/fr\/wp-json\/wp\/v2\/product_brand?post=5064"},{"taxonomy":"product_cat","embeddable":true,"href":"https:\/\/kiraoptical.com\/fr\/wp-json\/wp\/v2\/product_cat?post=5064"},{"taxonomy":"product_tag","embeddable":true,"href":"https:\/\/kiraoptical.com\/fr\/wp-json\/wp\/v2\/product_tag?post=5064"}],"curies":[{"name":"wp","href":"https:\/\/api.w.org\/{rel}","templated":true}]}}