{"id":5102,"date":"2025-09-17T06:03:07","date_gmt":"2025-09-17T06:03:07","guid":{"rendered":"https:\/\/kiraoptical.com\/?post_type=product&#038;p=5102"},"modified":"2025-09-17T06:19:13","modified_gmt":"2025-09-17T06:19:13","slug":"rinocular-stereo-microscope","status":"publish","type":"product","link":"https:\/\/kiraoptical.com\/fr\/produit\/rinocular-stereo-microscope\/","title":{"rendered":"Microscope st\u00e9r\u00e9o trinoculaire \u00e0 double bras avec grossissement 3,5X-90X"},"content":{"rendered":"<p>Microscope st\u00e9r\u00e9o trinoculaire \u00e0 double bras avec grossissement 3,5X-90X<\/p>\n<figure id=\"attachment_5103\" aria-describedby=\"caption-attachment-5103\" style=\"width: 1024px\" class=\"wp-caption alignnone\"><img fetchpriority=\"high\" decoding=\"async\" class=\"size-large wp-image-5103\" src=\"https:\/\/kiraoptical.com\/wp-content\/uploads\/2025\/09\/Trinocular-Stereo-Microscope-3.5X-90X-Magnification-with-Multi-Zone-144-LED-and-10MP-USB-2-1024x1024.jpg\" alt=\"with Multi-Zone C-mount Camera on Double Arm Boom Stand\" width=\"1024\" height=\"1024\" srcset=\"https:\/\/kiraoptical.com\/wp-content\/uploads\/2025\/09\/Trinocular-Stereo-Microscope-3.5X-90X-Magnification-with-Multi-Zone-144-LED-and-10MP-USB-2-1024x1024.jpg 1024w, https:\/\/kiraoptical.com\/wp-content\/uploads\/2025\/09\/Trinocular-Stereo-Microscope-3.5X-90X-Magnification-with-Multi-Zone-144-LED-and-10MP-USB-2-300x300.jpg 300w, https:\/\/kiraoptical.com\/wp-content\/uploads\/2025\/09\/Trinocular-Stereo-Microscope-3.5X-90X-Magnification-with-Multi-Zone-144-LED-and-10MP-USB-2-150x150.jpg 150w, https:\/\/kiraoptical.com\/wp-content\/uploads\/2025\/09\/Trinocular-Stereo-Microscope-3.5X-90X-Magnification-with-Multi-Zone-144-LED-and-10MP-USB-2-768x768.jpg 768w, https:\/\/kiraoptical.com\/wp-content\/uploads\/2025\/09\/Trinocular-Stereo-Microscope-3.5X-90X-Magnification-with-Multi-Zone-144-LED-and-10MP-USB-2-1536x1536.jpg 1536w, https:\/\/kiraoptical.com\/wp-content\/uploads\/2025\/09\/Trinocular-Stereo-Microscope-3.5X-90X-Magnification-with-Multi-Zone-144-LED-and-10MP-USB-2-2048x2048.jpg 2048w, https:\/\/kiraoptical.com\/wp-content\/uploads\/2025\/09\/Trinocular-Stereo-Microscope-3.5X-90X-Magnification-with-Multi-Zone-144-LED-and-10MP-USB-2-12x12.jpg 12w, https:\/\/kiraoptical.com\/wp-content\/uploads\/2025\/09\/Trinocular-Stereo-Microscope-3.5X-90X-Magnification-with-Multi-Zone-144-LED-and-10MP-USB-2-600x600.jpg 600w, https:\/\/kiraoptical.com\/wp-content\/uploads\/2025\/09\/Trinocular-Stereo-Microscope-3.5X-90X-Magnification-with-Multi-Zone-144-LED-and-10MP-USB-2-100x100.jpg 100w\" sizes=\"(max-width: 1024px) 100vw, 1024px\" \/><figcaption id=\"caption-attachment-5103\" class=\"wp-caption-text\">Caract\u00e9ristiques principales<br \/>Agrandissement par zoom 3,5X-90X gr\u00e2ce \u00e0 des objectifs st\u00e9r\u00e9oscopiques Greenough de haute qualit\u00e9 avec des lentilles de Barlow 0,5X et 2X.<br \/>Le microscope offre une distance de travail de 6,5\u2033 (165 mm).<br \/>Microscope st\u00e9r\u00e9o tr\u00e8s polyvalent mont\u00e9 sur une potence multi-pivot robuste qui permet au microscope de se mettre en place facilement lorsque c'est n\u00e9cessaire, et de s'\u00e9loigner lorsque ce n'est pas le cas.<br \/>Les doubles dioptries peuvent \u00eatre r\u00e9gl\u00e9es pour maintenir une mise au point constante sur toute la plage de grossissement, ce qui am\u00e9liore consid\u00e9rablement la productivit\u00e9.<br \/>L'optique st\u00e9r\u00e9o fournit des images droites avec une profondeur de champ claire et une vue large pour les applications pratiques.<br \/>Un port photo trinoculaire permet d'ajouter un appareil photo.<br \/>Ce microscope est id\u00e9al pour les laboratoires, les ateliers de r\u00e9paration et les graveurs.<\/p>\n<p><\/figcaption><\/figure>\n<table class=\"specifications\" cellspacing=\"0\" cellpadding=\"0\">\n<tbody>\n<tr>\n<td>Type de t\u00eate<\/td>\n<td>Trinoculaire, 45\u00b0 d'inclinaison, 360\u00b0 de rotation<\/td>\n<\/tr>\n<tr>\n<td>Syst\u00e8me optique<\/td>\n<td>St\u00e9r\u00e9oscopique Greenough<\/td>\n<\/tr>\n<tr>\n<td>R\u00e9glage interpupillaire<\/td>\n<td>Gemme sans compensation, 54-76mm<\/td>\n<\/tr>\n<tr>\n<td>Diam\u00e8tre de l'orifice oculaire<\/td>\n<td>30 mm<\/td>\n<\/tr>\n<tr>\n<td>R\u00e9glage dioptrique<\/td>\n<td>Les deux oculaires, \u00b15dp<\/td>\n<\/tr>\n<tr>\n<td>Oculaires<\/td>\n<td>10X<\/td>\n<\/tr>\n<tr>\n<td>Photo Port<\/td>\n<td>tube de 23 mm r\u00e9glable en hauteur, s\u00e9rie CX<\/td>\n<\/tr>\n<tr>\n<td>Objectifs<\/td>\n<td>Zoom 0,7X-4,5X<\/td>\n<\/tr>\n<tr>\n<td>Ouverture num\u00e9rique de l'objectif<\/td>\n<td>0.065 @ 4.5X<br \/>\n0.02 @ 0.7X<\/td>\n<\/tr>\n<tr>\n<td>R\u00e9solution des objectifs<\/td>\n<td>195 lp\/mm \u00e0 4,5X<br \/>\n60 lp\/mm \u00e0 0,7X<\/td>\n<\/tr>\n<tr>\n<td>Champ de vision natif<\/td>\n<td>4,4mm-28,6mm<\/td>\n<\/tr>\n<tr>\n<td>Distance de travail des autochtones<\/td>\n<td>100mm<\/td>\n<\/tr>\n<tr>\n<td>Monture d'objectif auxiliaire<\/td>\n<td>Filet de 48 mm<\/td>\n<\/tr>\n<tr>\n<td>Lentilles auxiliaires (Barlow) incluses<\/td>\n<td>0,5X, distance de travail de 165 mm<br \/>\n2X, distance de travail de 30 mm<\/td>\n<\/tr>\n<tr>\n<td colspan=\"2\">Support<\/td>\n<\/tr>\n<tr>\n<td>Type de support<\/td>\n<td>Perche \u00e0 double bras avec mouvement sur roulement \u00e0 billes, base en fonte d'acier<\/td>\n<\/tr>\n<tr>\n<td>Dimensions du support<\/td>\n<td>Bras double de 50,8 cm (longueur totale : 76,2 cm), pilier de 43,18 cm de haut, 33,1 cm x 27,9 cm x 1,6 cm<\/td>\n<\/tr>\n<tr>\n<td>Bloc de mise au point Plage de mise au point<\/td>\n<td>50 mm<\/td>\n<\/tr>\n<\/tbody>\n<\/table>\n<p>&nbsp;<\/p>","protected":false},"excerpt":{"rendered":"<p>A <strong data-start=\"2\" data-end=\"92\">Trinocular Stereo Microscope with Multi-Zone C-Mount Camera on a Double Arm Boom Stand<\/strong> is a high-performance optical system used for precision inspection, imaging, and research. It combines a <strong data-start=\"198\" data-end=\"230\">trinocular stereo microscope<\/strong> with a <strong data-start=\"238\" data-end=\"267\">multi-zone C-mount camera<\/strong> and is mounted on a <strong data-start=\"288\" data-end=\"313\">double-arm boom stand<\/strong> for versatile, ergonomic operation.<\/p>","protected":false},"featured_media":5103,"template":"","meta":{"site-sidebar-layout":"default","site-content-layout":"","ast-site-content-layout":"default","site-content-style":"default","site-sidebar-style":"default","ast-global-header-display":"","ast-banner-title-visibility":"","ast-main-header-display":"","ast-hfb-above-header-display":"","ast-hfb-below-header-display":"","ast-hfb-mobile-header-display":"","site-post-title":"","ast-breadcrumbs-content":"","ast-featured-img":"","footer-sml-layout":"","theme-transparent-header-meta":"default","adv-header-id-meta":"","stick-header-meta":"default","header-above-stick-meta":"","header-main-stick-meta":"","header-below-stick-meta":"","astra-migrate-meta-layouts":"set","ast-page-background-enabled":"default","ast-page-background-meta":{"desktop":{"background-color":"","background-image":"","background-repeat":"repeat","background-position":"center center","background-size":"auto","background-attachment":"scroll","background-type":"","background-media":"","overlay-type":"","overlay-color":"","overlay-opacity":"","overlay-gradient":""},"tablet":{"background-color":"","background-image":"","background-repeat":"repeat","background-position":"center center","background-size":"auto","background-attachment":"scroll","background-type":"","background-media":"","overlay-type":"","overlay-color":"","overlay-opacity":"","overlay-gradient":""},"mobile":{"background-color":"","background-image":"","background-repeat":"repeat","background-position":"center center","background-size":"auto","background-attachment":"scroll","background-type":"","background-media":"","overlay-type":"","overlay-color":"","overlay-opacity":"","overlay-gradient":""}},"ast-content-background-meta":{"desktop":{"background-color":"var(--ast-global-color-5)","background-image":"","background-repeat":"repeat","background-position":"center center","background-size":"auto","background-attachment":"scroll","background-type":"","background-media":"","overlay-type":"","overlay-color":"","overlay-opacity":"","overlay-gradient":""},"tablet":{"background-color":"var(--ast-global-color-5)","background-image":"","background-repeat":"repeat","background-position":"center center","background-size":"auto","background-attachment":"scroll","background-type":"","background-media":"","overlay-type":"","overlay-color":"","overlay-opacity":"","overlay-gradient":""},"mobile":{"background-color":"var(--ast-global-color-5)","background-image":"","background-repeat":"repeat","background-position":"center center","background-size":"auto","background-attachment":"scroll","background-type":"","background-media":"","overlay-type":"","overlay-color":"","overlay-opacity":"","overlay-gradient":""}}},"product_brand":[],"product_cat":[39,62],"product_tag":[57,64],"class_list":{"0":"post-5102","1":"product","2":"type-product","3":"status-publish","4":"has-post-thumbnail","6":"product_cat-stereo-microscope","7":"product_cat-biological-microscope","8":"product_tag-metallurgical-microscope","9":"product_tag-stereo-microscope","10":"desktop-align-left","11":"tablet-align-left","12":"mobile-align-left","13":"ast-product-gallery-layout-horizontal-slider","14":"ast-product-gallery-with-no-image","15":"ast-product-tabs-layout-horizontal","17":"first","18":"instock","19":"sale","20":"sold-individually","21":"purchasable","22":"product-type-simple"},"_links":{"self":[{"href":"https:\/\/kiraoptical.com\/fr\/wp-json\/wp\/v2\/product\/5102","targetHints":{"allow":["GET"]}}],"collection":[{"href":"https:\/\/kiraoptical.com\/fr\/wp-json\/wp\/v2\/product"}],"about":[{"href":"https:\/\/kiraoptical.com\/fr\/wp-json\/wp\/v2\/types\/product"}],"version-history":[{"count":0,"href":"https:\/\/kiraoptical.com\/fr\/wp-json\/wp\/v2\/product\/5102\/revisions"}],"wp:featuredmedia":[{"embeddable":true,"href":"https:\/\/kiraoptical.com\/fr\/wp-json\/wp\/v2\/media\/5103"}],"wp:attachment":[{"href":"https:\/\/kiraoptical.com\/fr\/wp-json\/wp\/v2\/media?parent=5102"}],"wp:term":[{"taxonomy":"product_brand","embeddable":true,"href":"https:\/\/kiraoptical.com\/fr\/wp-json\/wp\/v2\/product_brand?post=5102"},{"taxonomy":"product_cat","embeddable":true,"href":"https:\/\/kiraoptical.com\/fr\/wp-json\/wp\/v2\/product_cat?post=5102"},{"taxonomy":"product_tag","embeddable":true,"href":"https:\/\/kiraoptical.com\/fr\/wp-json\/wp\/v2\/product_tag?post=5102"}],"curies":[{"name":"wp","href":"https:\/\/api.w.org\/{rel}","templated":true}]}}