{"id":3141,"date":"2024-03-28T14:23:54","date_gmt":"2024-03-28T14:23:54","guid":{"rendered":"https:\/\/kiraoptical.com\/product\/hayear-4k-camera-full-hd-120fps-sony-imx377-4k-sensor-uhd-microscope-camera-for-pcb-repair-soldering\/"},"modified":"2025-09-26T00:02:05","modified_gmt":"2025-09-26T00:02:05","slug":"hayear-4k-camera-full-hd-120fps-sony-imx377-4k-sensor-uhd-microscope-camera-for-pcb-repair-soldering","status":"publish","type":"product","link":"https:\/\/kiraoptical.com\/it\/prodotto\/hayear-4k-camera-full-hd-120fps-sony-imx377-4k-sensor-uhd-microscope-camera-for-pcb-repair-soldering\/","title":{"rendered":"Hayear 4K Camera Full HD 120fps SONY IMX377 4K Sensor UHD Microscope Camera per saldatura riparazione PCB"},"content":{"rendered":"<div style=\"margin: 0px; padding: 0px; border: 0px; font-style: normal; font-weight: 400; font-size: 13px; line-height: inherit; font-family: Arial,Helvetica,sans-serif; vertical-align: baseline; color: #000000; background-color: #ffffff;\">\n<div style=\"margin: 0px; padding: 0px; border: 0px; vertical-align: baseline;\">\n<div style=\"margin: 0px; padding: 0px; border: 0px; vertical-align: baseline;\"><span style=\"margin: 0px; padding: 0px; border: 0px; vertical-align: baseline; color: #000000;\"><span style=\"margin: 0px; padding: 0px; border: 0px; font-style: inherit; font-weight: inherit; font-size: inherit; line-height: inherit; font-family: verdana, geneva, sans-serif; vertical-align: baseline;\"><span style=\"margin: 0px; padding: 0px; border: 0px; font-style: inherit; font-weight: inherit; font-size: 16px; line-height: inherit; vertical-align: baseline;\">Si tratta di una telecamera industriale UltraHD 4K. La risoluzione \u00e8 di 7440 x 5580 pixel. Con interfaccia HDMI e USB standard.<\/span><\/span><\/span><\/div>\n<div style=\"margin: 0px; padding: 0px; border: 0px; vertical-align: baseline;\"><span style=\"margin: 0px; padding: 0px; border: 0px; vertical-align: baseline; color: #000000;\"><span style=\"margin: 0px; padding: 0px; border: 0px; font-style: inherit; font-weight: inherit; font-size: inherit; line-height: inherit; font-family: verdana, geneva, sans-serif; vertical-align: baseline;\"><span style=\"margin: 0px; padding: 0px; border: 0px; font-style: inherit; font-weight: inherit; font-size: 16px; line-height: inherit; vertical-align: baseline;\">Pu\u00f2 essere utilizzato per l'istruzione, la ricerca scientifica, il laboratorio, la dimostrazione, la manutenzione e l'ispezione.<\/span><\/span><\/span><\/div>\n<div style=\"margin: 0px; padding: 0px; border: 0px; vertical-align: baseline;\"><\/div>\n<div style=\"margin: 0px; padding: 0px; border: 0px; vertical-align: baseline;\"><span style=\"margin: 0px; padding: 0px; border: 0px; vertical-align: baseline; color: #000000;\"><span style=\"margin: 0px; padding: 0px; border: 0px; font-style: inherit; font-weight: inherit; font-size: 18px; line-height: inherit; vertical-align: baseline;\"><strong><span style=\"margin: 0px; padding: 0px; border: 0px; font-style: inherit; font-weight: inherit; font-size: inherit; line-height: inherit; font-family: verdana, geneva, sans-serif; vertical-align: baseline;\">Caratteristica:<\/span><\/strong><\/span><\/span><\/div>\n<div style=\"margin: 0px; padding: 0px; border: 0px; vertical-align: baseline;\"><span style=\"margin: 0px; padding: 0px; border: 0px; vertical-align: baseline; color: #000000;\"><span style=\"margin: 0px; padding: 0px; border: 0px; font-style: inherit; font-weight: inherit; font-size: inherit; line-height: inherit; font-family: verdana, geneva, sans-serif; vertical-align: baseline;\"><span style=\"margin: 0px; padding: 0px; border: 0px; font-style: inherit; font-weight: inherit; font-size: 16px; line-height: inherit; vertical-align: baseline;\">Modello: HY-5099<\/span><\/span><\/span><\/div>\n<div style=\"margin: 0px; padding: 0px; border: 0px; vertical-align: baseline;\"><span style=\"margin: 0px; padding: 0px; border: 0px; vertical-align: baseline; color: #000000;\"><span style=\"margin: 0px; padding: 0px; border: 0px; font-style: inherit; font-weight: inherit; font-size: inherit; line-height: inherit; font-family: verdana, geneva, sans-serif; vertical-align: baseline;\"><span style=\"margin: 0px; padding: 0px; border: 0px; font-style: inherit; font-weight: inherit; font-size: 16px; line-height: inherit; vertical-align: baseline;\">Pixel effettivi: SENSORE SONY IMX CMOS 1\/2.3 4K<\/span><\/span><\/span><\/div>\n<div style=\"margin: 0px; padding: 0px; border: 0px; vertical-align: baseline;\"><span style=\"margin: 0px; padding: 0px; border: 0px; vertical-align: baseline; color: #000000;\"><span style=\"margin: 0px; padding: 0px; border: 0px; font-style: inherit; font-weight: inherit; font-size: inherit; line-height: inherit; font-family: verdana, geneva, sans-serif; vertical-align: baseline;\"><span style=\"margin: 0px; padding: 0px; border: 0px; font-style: inherit; font-weight: inherit; font-size: 16px; line-height: inherit; vertical-align: baseline;\">Risoluzione: 4K\/2K\/1080P 1080P (USB)<\/span><\/span><\/span><\/div>\n<div style=\"margin: 0px; padding: 0px; border: 0px; vertical-align: baseline;\"><span style=\"margin: 0px; padding: 0px; border: 0px; vertical-align: baseline; color: #000000;\"><span style=\"margin: 0px; padding: 0px; border: 0px; font-style: inherit; font-weight: inherit; font-size: inherit; line-height: inherit; font-family: verdana, geneva, sans-serif; vertical-align: baseline;\"><span style=\"margin: 0px; padding: 0px; border: 0px; font-style: inherit; font-weight: inherit; font-size: 16px; line-height: inherit; vertical-align: baseline;\">Dimensione del sensore: 1\/2,3 pollici<\/span><\/span><\/span><\/div>\n<div style=\"margin: 0px; padding: 0px; border: 0px; vertical-align: baseline;\"><span style=\"margin: 0px; padding: 0px; border: 0px; vertical-align: baseline; color: #000000;\"><span style=\"margin: 0px; padding: 0px; border: 0px; font-style: inherit; font-weight: inherit; font-size: inherit; line-height: inherit; font-family: verdana, geneva, sans-serif; vertical-align: baseline;\"><span style=\"margin: 0px; padding: 0px; border: 0px; font-style: inherit; font-weight: inherit; font-size: 16px; line-height: inherit; vertical-align: baseline;\">Dimensione pixel: 1,55 \u00d7 1,55\u03bcm<\/span><\/span><\/span><\/div>\n<div style=\"margin: 0px; padding: 0px; border: 0px; vertical-align: baseline;\"><span style=\"margin: 0px; padding: 0px; border: 0px; vertical-align: baseline; color: #000000;\"><span style=\"margin: 0px; padding: 0px; border: 0px; font-style: inherit; font-weight: inherit; font-size: inherit; line-height: inherit; font-family: verdana, geneva, sans-serif; vertical-align: baseline;\"><span style=\"margin: 0px; padding: 0px; border: 0px; font-style: inherit; font-weight: inherit; font-size: 16px; line-height: inherit; vertical-align: baseline;\">Risoluzione dell'immagine: 4608 X 3456 (16MP)<\/span><\/span><\/span><\/div>\n<div style=\"margin: 0px; padding: 0px; border: 0px; vertical-align: baseline;\"><span style=\"margin: 0px; padding: 0px; border: 0px; vertical-align: baseline; color: #000000;\"><span style=\"margin: 0px; padding: 0px; border: 0px; font-style: inherit; font-weight: inherit; font-size: inherit; line-height: inherit; font-family: verdana, geneva, sans-serif; vertical-align: baseline;\"><span style=\"margin: 0px; padding: 0px; border: 0px; font-style: inherit; font-weight: inherit; font-size: 16px; line-height: inherit; vertical-align: baseline;\">Formato immagine: JPEG<\/span><\/span><\/span><\/div>\n<div style=\"margin: 0px; padding: 0px; border: 0px; vertical-align: baseline;\"><span style=\"margin: 0px; padding: 0px; border: 0px; vertical-align: baseline; color: #000000;\"><span style=\"margin: 0px; padding: 0px; border: 0px; font-style: inherit; font-weight: inherit; font-size: inherit; line-height: inherit; font-family: verdana, geneva, sans-serif; vertical-align: baseline;\"><span style=\"margin: 0px; padding: 0px; border: 0px; font-style: inherit; font-weight: inherit; font-size: 16px; line-height: inherit; vertical-align: baseline;\">Tipo di obiettivo: C \/ CS<\/span><\/span><\/span><\/div>\n<div style=\"margin: 0px; padding: 0px; border: 0px; vertical-align: baseline;\"><span style=\"margin: 0px; padding: 0px; border: 0px; vertical-align: baseline; color: #000000;\"><span style=\"margin: 0px; padding: 0px; border: 0px; font-style: inherit; font-weight: inherit; font-size: inherit; line-height: inherit; font-family: verdana, geneva, sans-serif; vertical-align: baseline;\"><span style=\"margin: 0px; padding: 0px; border: 0px; font-style: inherit; font-weight: inherit; font-size: 16px; line-height: inherit; vertical-align: baseline;\">Frame Fate: 3840 x 2160@30FPS (4K); 1080P 120@FPS; 720P 240@FPS<\/span><\/span><\/span><\/div>\n<div style=\"margin: 0px; padding: 0px; border: 0px; vertical-align: baseline;\"><span style=\"margin: 0px; padding: 0px; border: 0px; vertical-align: baseline; color: #000000;\"><span style=\"margin: 0px; padding: 0px; border: 0px; font-style: inherit; font-weight: inherit; font-size: inherit; line-height: inherit; font-family: verdana, geneva, sans-serif; vertical-align: baseline;\"><span style=\"margin: 0px; padding: 0px; border: 0px; font-style: inherit; font-weight: inherit; font-size: 16px; line-height: inherit; vertical-align: baseline;\">Uscita: HDMI\/USB<\/span><\/span><\/span><\/div>\n<div style=\"margin: 0px; padding: 0px; border: 0px; vertical-align: baseline;\"><span style=\"margin: 0px; padding: 0px; border: 0px; vertical-align: baseline; color: #000000;\"><span style=\"margin: 0px; padding: 0px; border: 0px; font-style: inherit; font-weight: inherit; font-size: inherit; line-height: inherit; font-family: verdana, geneva, sans-serif; vertical-align: baseline;\"><span style=\"margin: 0px; padding: 0px; border: 0px; font-style: inherit; font-weight: inherit; font-size: 16px; line-height: inherit; vertical-align: baseline;\">Memoria: Scheda TF, max 128G<\/span><\/span><\/span><\/div>\n<div style=\"margin: 0px; padding: 0px; border: 0px; vertical-align: baseline;\"><span style=\"margin: 0px; padding: 0px; border: 0px; vertical-align: baseline; color: #000000;\"><span style=\"margin: 0px; padding: 0px; border: 0px; font-style: inherit; font-weight: inherit; font-size: inherit; line-height: inherit; font-family: verdana, geneva, sans-serif; vertical-align: baseline;\"><span style=\"margin: 0px; padding: 0px; border: 0px; font-style: inherit; font-weight: inherit; font-size: 16px; line-height: inherit; vertical-align: baseline;\">Supporto PC: Windows XP\/7\/8\/10, software per PC con funzione di misurazione<\/span><\/span><\/span><\/div>\n<div style=\"margin: 0px; padding: 0px; border: 0px; vertical-align: baseline;\"><span style=\"margin: 0px; padding: 0px; border: 0px; vertical-align: baseline; color: #000000;\"><span style=\"margin: 0px; padding: 0px; border: 0px; font-style: inherit; font-weight: inherit; font-size: inherit; line-height: inherit; font-family: verdana, geneva, sans-serif; vertical-align: baseline;\"><span style=\"margin: 0px; padding: 0px; border: 0px; font-style: inherit; font-weight: inherit; font-size: 16px; line-height: inherit; vertical-align: baseline;\">Scalatura dell'immagine: zoom 8 volte<\/span><\/span><\/span><\/div>\n<div style=\"margin: 0px; padding: 0px; border: 0px; vertical-align: baseline;\"><span style=\"margin: 0px; padding: 0px; border: 0px; vertical-align: baseline; color: #000000;\"><span style=\"margin: 0px; padding: 0px; border: 0px; font-style: inherit; font-weight: inherit; font-size: inherit; line-height: inherit; font-family: verdana, geneva, sans-serif; vertical-align: baseline;\"><span style=\"margin: 0px; padding: 0px; border: 0px; font-style: inherit; font-weight: inherit; font-size: 16px; line-height: inherit; vertical-align: baseline;\">Misurazione delle immagini: Supporto del software di misurazione HAYEAR<\/span><\/span><\/span><\/div>\n<div style=\"margin: 0px; padding: 0px; border: 0px; vertical-align: baseline;\"><span style=\"margin: 0px; padding: 0px; border: 0px; vertical-align: baseline; color: #000000;\"><span style=\"margin: 0px; padding: 0px; border: 0px; font-style: inherit; font-weight: inherit; font-size: inherit; line-height: inherit; font-family: verdana, geneva, sans-serif; vertical-align: baseline;\"><span style=\"margin: 0px; padding: 0px; border: 0px; font-style: inherit; font-weight: inherit; font-size: 16px; line-height: inherit; vertical-align: baseline;\">Lingua di supporto: Inglese\/ Francese\/ Spagnolo\/ Portoghese\/ Tedesco\/ Italiano\/ Cinese\/ Russo\/ Giapponese\u00a0<\/span><\/span><\/span><\/div>\n<div style=\"margin: 0px; padding: 0px; border: 0px; vertical-align: baseline;\"><span style=\"margin: 0px; padding: 0px; border: 0px; vertical-align: baseline; color: #000000;\"><span style=\"margin: 0px; padding: 0px; border: 0px; font-style: inherit; font-weight: inherit; font-size: inherit; line-height: inherit; font-family: verdana, geneva, sans-serif; vertical-align: baseline;\"><span style=\"margin: 0px; padding: 0px; border: 0px; font-style: inherit; font-weight: inherit; font-size: 16px; line-height: inherit; vertical-align: baseline;\">Dimensioni della fotocamera: 63\u00d762\u00d758 mm<\/span><\/span><\/span><\/div>\n<div style=\"margin: 0px; padding: 0px; border: 0px; vertical-align: baseline;\"><span style=\"margin: 0px; padding: 0px; border: 0px; vertical-align: baseline; color: #000000;\"><span style=\"margin: 0px; padding: 0px; border: 0px; font-style: inherit; font-weight: inherit; font-size: inherit; line-height: inherit; font-family: verdana, geneva, sans-serif; vertical-align: baseline;\"><span style=\"margin: 0px; padding: 0px; border: 0px; font-style: inherit; font-weight: inherit; font-size: 16px; line-height: inherit; vertical-align: baseline;\">Dimensioni della confezione: 16\u00d710\u00d78 cm<\/span><\/span><\/span><\/div>\n<div style=\"margin: 0px; padding: 0px; border: 0px; vertical-align: baseline;\"><span style=\"margin: 0px; padding: 0px; border: 0px; vertical-align: baseline; color: #000000;\"><span style=\"margin: 0px; padding: 0px; border: 0px; font-style: inherit; font-weight: inherit; font-size: inherit; line-height: inherit; font-family: verdana, geneva, sans-serif; vertical-align: baseline;\"><span style=\"margin: 0px; padding: 0px; border: 0px; font-style: inherit; font-weight: inherit; font-size: 16px; line-height: inherit; vertical-align: baseline;\">Peso della confezione: 0,5Kg<\/span><\/span><\/span><\/div>\n<div style=\"margin: 0px; padding: 0px; border: 0px; vertical-align: baseline;\"><\/div>\n<div style=\"margin: 0px; padding: 0px; border: 0px; vertical-align: baseline;\"><span style=\"margin: 0px; padding: 0px; border: 0px; vertical-align: baseline; color: #000000;\"><strong><span style=\"margin: 0px; padding: 0px; border: 0px; font-style: inherit; font-weight: inherit; font-size: inherit; line-height: inherit; font-family: verdana, geneva, sans-serif; vertical-align: baseline;\"><span style=\"margin: 0px; padding: 0px; border: 0px; font-style: inherit; font-weight: inherit; font-size: 16px; line-height: inherit; vertical-align: baseline;\">Elenco delle confezioni:<\/span><\/span><\/strong><\/span><\/div>\n<div style=\"margin: 0px; padding: 0px; border: 0px; vertical-align: baseline;\"><span style=\"margin: 0px; padding: 0px; border: 0px; vertical-align: baseline; color: #000000;\"><span style=\"margin: 0px; padding: 0px; border: 0px; font-style: inherit; font-weight: inherit; font-size: inherit; line-height: inherit; font-family: verdana, geneva, sans-serif; vertical-align: baseline;\"><span style=\"margin: 0px; padding: 0px; border: 0px; font-style: inherit; font-weight: inherit; font-size: 16px; line-height: inherit; vertical-align: baseline;\">1 telecamera per microscopio 4K<\/span><\/span><\/span><\/div>\n<div style=\"margin: 0px; padding: 0px; border: 0px; vertical-align: baseline;\"><span style=\"margin: 0px; padding: 0px; border: 0px; vertical-align: baseline; color: #000000;\"><span style=\"margin: 0px; padding: 0px; border: 0px; font-style: inherit; font-weight: inherit; font-size: inherit; line-height: inherit; font-family: verdana, geneva, sans-serif; vertical-align: baseline;\"><span style=\"margin: 0px; padding: 0px; border: 0px; font-style: inherit; font-weight: inherit; font-size: 16px; line-height: inherit; vertical-align: baseline;\">1 x Alimentazione<\/span><\/span><\/span><\/div>\n<div style=\"margin: 0px; padding: 0px; border: 0px; vertical-align: baseline;\"><span style=\"margin: 0px; padding: 0px; border: 0px; vertical-align: baseline; color: #000000;\"><span style=\"margin: 0px; padding: 0px; border: 0px; font-style: inherit; font-weight: inherit; font-size: inherit; line-height: inherit; font-family: verdana, geneva, sans-serif; vertical-align: baseline;\"><span style=\"margin: 0px; padding: 0px; border: 0px; font-style: inherit; font-weight: inherit; font-size: 16px; line-height: inherit; vertical-align: baseline;\">1 cavo USB<\/span><\/span><\/span><\/div>\n<div style=\"margin: 0px; padding: 0px; border: 0px; vertical-align: baseline;\"><span style=\"margin: 0px; padding: 0px; border: 0px; vertical-align: baseline; color: #000000;\"><span style=\"margin: 0px; padding: 0px; border: 0px; font-style: inherit; font-weight: inherit; font-size: inherit; line-height: inherit; font-family: verdana, geneva, sans-serif; vertical-align: baseline;\"><span style=\"margin: 0px; padding: 0px; border: 0px; font-style: inherit; font-weight: inherit; font-size: 16px; line-height: inherit; vertical-align: baseline;\">1 x disco software<\/span><\/span><\/span><\/div>\n<div style=\"margin: 0px; padding: 0px; border: 0px; vertical-align: baseline;\"><span style=\"margin: 0px; padding: 0px; border: 0px; vertical-align: baseline; color: #000000;\"><span style=\"margin: 0px; padding: 0px; border: 0px; font-style: inherit; font-weight: inherit; font-size: inherit; line-height: inherit; font-family: verdana, geneva, sans-serif; vertical-align: baseline;\"><span style=\"margin: 0px; padding: 0px; border: 0px; font-style: inherit; font-weight: inherit; font-size: 16px; line-height: inherit; vertical-align: baseline;\">1 telecomando\u00a0<\/span><\/span><\/span><\/div>\n<div style=\"margin: 0px; padding: 0px; border: 0px; vertical-align: baseline;\"><span style=\"margin: 0px; padding: 0px; border: 0px; vertical-align: baseline; color: #000000;\"><span style=\"margin: 0px; padding: 0px; border: 0px; font-style: inherit; font-weight: inherit; font-size: inherit; line-height: inherit; font-family: verdana, geneva, sans-serif; vertical-align: baseline;\"><span style=\"margin: 0px; padding: 0px; border: 0px; font-style: inherit; font-weight: inherit; font-size: 16px; line-height: inherit; vertical-align: baseline;\"><img decoding=\"async\" src=\"\/\/sc04.alicdn.com\/kf\/Hf82dcee28e814f72866106022bf52ac6w\/222316615\/Hf82dcee28e814f72866106022bf52ac6w.jpg\" alt=\"149.jpg\" \/><img decoding=\"async\" src=\"\/\/sc01.alicdn.com\/kf\/HTB1TjuCakWE3KVjSZSyq6xocXXaW\/222316615\/HTB1TjuCakWE3KVjSZSyq6xocXXaW.jpg\" alt=\"20190524_151317_003.jpg\" \/><img decoding=\"async\" src=\"\/\/sc02.alicdn.com\/kf\/HTB1qFODalWD3KVjSZFsq6AqkpXal\/222316615\/HTB1qFODalWD3KVjSZFsq6AqkpXal.jpg\" alt=\"20190524_151317_004.jpg\" \/><img decoding=\"async\" src=\"\/\/sc02.alicdn.com\/kf\/HTB1qLuAagmH3KVjSZKzq6z2OXXaq\/222316615\/HTB1qLuAagmH3KVjSZKzq6z2OXXaq.jpg\" alt=\"20190524_151317_006.jpg\" \/><img decoding=\"async\" src=\"\/\/sc04.alicdn.com\/kf\/H3bef800e07334d809a0caaf0239931a5G\/222316615\/H3bef800e07334d809a0caaf0239931a5G.jpg\" alt=\"137.jpg\" \/><img decoding=\"async\" src=\"\/\/sc01.alicdn.com\/kf\/HTB1iAWAagaH3KVjSZFpq6zhKpXao\/222316615\/HTB1iAWAagaH3KVjSZFpq6zhKpXao.jpg\" alt=\"20190524_151317_005.jpg\" \/><\/span><\/span><\/span><\/div>\n<div style=\"margin: 0px; padding: 0px; border: 0px; vertical-align: baseline;\"><\/div>\n<\/div>\n<\/div>\n<div id=\"ali-anchor-AliPostDhMb-6ot3k\" class=\"mceSectionContainer\" style=\"padding-top: 8px;\" data-section=\"AliPostDhMb-6ot3k\" data-section-title=\"Advantages\">\n<div id=\"ali-title-AliPostDhMb-6ot3k\" style=\"padding: 8px 0; border-bottom: 1px solid #ddd;\"><span style=\"background-color: #ddd; color: #333; font-weight: bold; padding: 8px 10px; line-height: 12px;\">Vantaggi<\/span><\/div>\n<div style=\"padding: 10px 0;\">\n<p style=\"margin: 0px; padding: 0px; color: #000000; font-family: Arial; font-size: 12px; font-style: normal; font-weight: 400;\"><span style=\"line-height: 24px; font-size: 16px;\"><strong>Fabbrica privata:<\/strong>\u00a0Servizi di personalizzazione dei prodotti per renderli pi\u00f9 riconoscibili.<\/span><\/p>\n<p style=\"margin: 0px; padding: 0px; color: #000000; font-family: Arial; font-size: 12px; font-style: normal; font-weight: 400;\"><span style=\"line-height: 24px; font-size: 16px;\"><strong>Team di sviluppo professionale:<\/strong>\u00a0Rendere le prestazioni e le funzioni del prodotto il primo livello del mercato, in grado di regolare le funzioni del prodotto in base alle esigenze dei clienti.<\/span><\/p>\n<p style=\"margin: 0px; padding: 0px; color: #000000; font-family: Arial; font-size: 12px; font-style: normal; font-weight: 400;\"><span style=\"line-height: 24px; font-size: 16px;\"><strong>Team post-vendita indipendente:<\/strong>\u00a0Fornire un servizio post-vendita pi\u00f9 professionale per garantire la risoluzione dei problemi incontrati da ogni ospite.<\/span><\/p>\n<p style=\"margin: 0px; padding: 0px; color: #000000; font-family: Arial; font-size: 12px; font-style: normal; font-weight: 400;\"><span style=\"line-height: 24px; font-size: 16px;\"><strong>Garanzia a lungo termine:\u00a0<\/strong>Il periodo di garanzia \u00e8 pi\u00f9 lungo rispetto ad altri venditori, proprio perch\u00e9 abbiamo fiducia nei nostri prodotti.<\/span><\/p>\n<\/div>\n<\/div>","protected":false},"excerpt":{"rendered":"<p>This is UltraHD 4K industrial camera. Resolution is 7440 x 5580 pixels. With standard HDMI and USB interface. It can be used for education, scientific research, laboratory, demonstration, maintenance and inspection. Feature: Model: HY-5099 Effective Pixels: SONY IMX CMOS 1\/2.3\u00a0 4K SENSOR Resolution: 4K\/2K\/1080P\u00a0 1080P(USB) Sensor Size: 1\/2.3inch Pixel Size: 1.55 \u00d7 1.55\u03bcm Image Resolution: [&hellip;]<\/p>\n","protected":false},"featured_media":3133,"template":"","meta":[],"product_brand":[],"product_cat":[41],"product_tag":[],"class_list":{"0":"post-3141","1":"product","2":"type-product","3":"status-publish","4":"has-post-thumbnail","6":"product_cat-camera","8":"first","9":"outofstock","10":"taxable","11":"shipping-taxable","12":"purchasable","13":"product-type-variable"},"_links":{"self":[{"href":"https:\/\/kiraoptical.com\/it\/wp-json\/wp\/v2\/product\/3141","targetHints":{"allow":["GET"]}}],"collection":[{"href":"https:\/\/kiraoptical.com\/it\/wp-json\/wp\/v2\/product"}],"about":[{"href":"https:\/\/kiraoptical.com\/it\/wp-json\/wp\/v2\/types\/product"}],"version-history":[{"count":0,"href":"https:\/\/kiraoptical.com\/it\/wp-json\/wp\/v2\/product\/3141\/revisions"}],"wp:featuredmedia":[{"embeddable":true,"href":"https:\/\/kiraoptical.com\/it\/wp-json\/wp\/v2\/media\/3133"}],"wp:attachment":[{"href":"https:\/\/kiraoptical.com\/it\/wp-json\/wp\/v2\/media?parent=3141"}],"wp:term":[{"taxonomy":"product_brand","embeddable":true,"href":"https:\/\/kiraoptical.com\/it\/wp-json\/wp\/v2\/product_brand?post=3141"},{"taxonomy":"product_cat","embeddable":true,"href":"https:\/\/kiraoptical.com\/it\/wp-json\/wp\/v2\/product_cat?post=3141"},{"taxonomy":"product_tag","embeddable":true,"href":"https:\/\/kiraoptical.com\/it\/wp-json\/wp\/v2\/product_tag?post=3141"}],"curies":[{"name":"wp","href":"https:\/\/api.w.org\/{rel}","templated":true}]}}