{"id":4640,"date":"2024-09-13T07:23:58","date_gmt":"2024-09-13T07:23:58","guid":{"rendered":"https:\/\/kiraoptical.com\/?post_type=product&#038;p=4640"},"modified":"2024-09-13T07:50:30","modified_gmt":"2024-09-13T07:50:30","slug":"portable-led-monocular-student-compound-microscope-40x-1000x-magnification-microscope-kit-includes-dust-cover","status":"publish","type":"product","link":"https:\/\/kiraoptical.com\/it\/prodotto\/portable-led-monocular-student-compound-microscope-40x-1000x-magnification-microscope-kit-includes-dust-cover\/","title":{"rendered":"Microscopio composto monoculare portatile a LED per studenti - Ingrandimento 40X-1000X - Il kit per microscopio include la copertura antipolvere"},"content":{"rendered":"<table>\n<tbody>\n<tr>\n<td colspan=\"2\" rowspan=\"2\" width=\"460\">Specifiche<\/td>\n<td colspan=\"5\" width=\"302\">Modello<\/td>\n<\/tr>\n<tr>\n<td width=\"60\">XSP-179<\/td>\n<td width=\"60\">XSP-179A<\/td>\n<td width=\"60\">XSP-179B<\/td>\n<td width=\"60\">XSP-179C<\/td>\n<td width=\"61\">XSP-179T<\/td>\n<\/tr>\n<tr>\n<td rowspan=\"3\" width=\"112\">Testa di visualizzazione<\/td>\n<td width=\"348\">Testa monoculare, inclinata a 45\u00b0, ruotabile a 360\u00b0.<\/td>\n<td width=\"60\">\u25cf<\/td>\n<td width=\"60\">\u25cf<\/td>\n<td width=\"60\">\u25cf<\/td>\n<td width=\"61\"><\/td>\n<td width=\"60\"><\/td>\n<\/tr>\n<tr>\n<td width=\"348\">Testa binoculare senza compensazione, inclinata a 30\u00b0 (48mm-75mm)<\/td>\n<td width=\"60\"><\/td>\n<td width=\"60\"><\/td>\n<td width=\"60\"><\/td>\n<td width=\"61\">\u25cf<\/td>\n<td width=\"60\"><\/td>\n<\/tr>\n<tr>\n<td width=\"348\">Testa binoculare senza compensazione, inclinata a 30\u00b0 (48mm-75mm)<\/td>\n<td width=\"60\"><\/td>\n<td width=\"60\"><\/td>\n<td width=\"60\"><\/td>\n<td width=\"61\"><\/td>\n<td width=\"60\">\u25cf<\/td>\n<\/tr>\n<tr>\n<td width=\"112\">Oculare<\/td>\n<td width=\"348\">WF10\u00d7\/18 mm<\/td>\n<td width=\"60\">\u25cf<\/td>\n<td width=\"60\">\u25cf<\/td>\n<td width=\"60\">\u25cf<\/td>\n<td width=\"61\">\u25cf<\/td>\n<td width=\"60\">\u25cf<\/td>\n<\/tr>\n<tr>\n<td rowspan=\"2\" width=\"112\">Obiettivo<\/td>\n<td width=\"348\">Obiettivo acromatico: 4\u00d7, 10\u00d7, 40\u00d7 (s)<\/td>\n<td width=\"60\">\u25cf<\/td>\n<td width=\"60\">\u25cf<\/td>\n<td width=\"60\"><\/td>\n<td width=\"61\"><\/td>\n<td width=\"60\"><\/td>\n<\/tr>\n<tr>\n<td width=\"348\">Obiettivo acromatico: 4\u00d7\u300110\u00d7\u300140\u00d7(s)\u3001100\u00d7(s)Olio<\/td>\n<td width=\"60\"><\/td>\n<td width=\"60\"><\/td>\n<td width=\"60\">\u25cf<\/td>\n<td width=\"61\">\u25cf<\/td>\n<td width=\"60\">\u25cf<\/td>\n<\/tr>\n<tr>\n<td><\/td>\n<td><\/td>\n<td><\/td>\n<td><\/td>\n<td><\/td>\n<td><\/td>\n<td><\/td>\n<\/tr>\n<tr>\n<td rowspan=\"2\" width=\"112\">Palcoscenico<\/td>\n<td width=\"348\">Palcoscenico semplice con clip di scorrimento<\/p>\n<p>Dimensioni del palco: 120mmX125mm<\/td>\n<td width=\"60\">\u25cf<\/td>\n<td width=\"60\">\u25cf<\/td>\n<td width=\"60\"><\/td>\n<td width=\"61\"><\/td>\n<td width=\"60\"><\/td>\n<\/tr>\n<tr>\n<td width=\"348\">Stadio meccanico a doppio strato<\/p>\n<p>Dimensioni del palco: 135mmX135mm<\/p>\n<p>Campo di movimento: 70mm\u00d750mm<\/td>\n<td width=\"60\"><\/td>\n<td width=\"60\"><\/td>\n<td width=\"60\">\u25cf<\/td>\n<td width=\"61\">\u25cf<\/td>\n<td width=\"60\">\u25cf<\/td>\n<\/tr>\n<tr>\n<td rowspan=\"3\" width=\"112\">Condensatore<\/td>\n<td width=\"348\">0,65 Condensatore con diaframma a disco<\/td>\n<td width=\"60\">\u25cf<\/td>\n<td width=\"60\"><\/td>\n<td width=\"60\"><\/td>\n<td width=\"61\"><\/td>\n<td width=\"60\"><\/td>\n<\/tr>\n<tr>\n<td width=\"348\">0,65 Condensatore con diaframma a iride<\/td>\n<td width=\"60\"><\/td>\n<td width=\"60\">\u25cf<\/td>\n<td width=\"60\"><\/td>\n<td width=\"61\"><\/td>\n<td width=\"60\"><\/td>\n<\/tr>\n<tr>\n<td width=\"348\">N.A.1.25 Condensatore di Abbe con diaframma a iride e portafiltro<\/td>\n<td width=\"60\"><\/td>\n<td width=\"60\"><\/td>\n<td width=\"60\">\u25cf<\/td>\n<td width=\"61\">\u25cf<\/td>\n<td width=\"60\">\u25cf<\/td>\n<\/tr>\n<tr>\n<td width=\"112\">Messa a fuoco<\/td>\n<td width=\"348\">Regolazione separata della messa a fuoco grossolana e fine<\/td>\n<td width=\"60\">\u25cf<\/td>\n<td width=\"60\">\u25cf<\/td>\n<td width=\"60\">\u25cf<\/td>\n<td width=\"61\">\u25cf<\/td>\n<td width=\"60\">\u25cf<\/td>\n<\/tr>\n<tr>\n<td width=\"112\">Sorgente luminosa<\/td>\n<td width=\"348\">LED, luminosit\u00e0 regolabile<\/td>\n<td width=\"60\">\u25cf<\/td>\n<td width=\"60\">\u25cf<\/td>\n<td width=\"60\">\u25cf<\/td>\n<td width=\"61\">\u25cf<\/td>\n<td width=\"60\">\u25cf<\/td>\n<\/tr>\n<tr>\n<td width=\"112\">Accessorio opzionale<\/td>\n<td colspan=\"6\" width=\"771\">Oculare: WF16\u00d7\u3001WF20\u00d7\u3001P16\u00d7<\/p>\n<p>Obiettivo acromatico: 20\u00d7\uff08s\uff09\u300160\u00d7(s)<\/p>\n<p>Riflettore, testa di osservazione doppia<\/td>\n<\/tr>\n<\/tbody>\n<\/table>","protected":false},"excerpt":{"rendered":"<h1 class=\"a-size-base-plus a-text-bold\">About this item<\/h1>\n<ul class=\"a-unordered-list a-vertical a-spacing-mini\">\n<li class=\"a-spacing-mini\"><span class=\"a-list-item\">\u3010MAGNIFICATION SETTING\u3011Available magnification settings of 40X, 100X, 250X, 400X, and 1000X through aberration-correcting 4X, 10X, and 40X glass objectives with wide-field 10X and 25X eyepieces<\/span><\/li>\n<li class=\"a-spacing-mini\"><span class=\"a-list-item\">\u3010Dual lllumination\u3011Dual illumination system allows you to examine both transparent and solid specimens; cool LED lights protect eyesight and live specimens<\/span><\/li>\n<li class=\"a-spacing-mini\"><span class=\"a-list-item\">\u3010Excellent material\u3011Rugged design with metal arm and base, carrying handle, and cordless capability make this compound microscope a practical pick for field experiments<\/span><\/li>\n<li class=\"a-spacing-mini\"><span class=\"a-list-item\">\u3010Suitable\u3011Designed forDesigned for students\/kids\/adults\/beginner\/amateur scientist\/hobbyists, perfect for science fairs, at home experiments, and school lab experiments!<\/span><\/li>\n<li class=\"a-spacing-mini\"><span class=\"a-list-item\">\u3010Features\u3011Fully rotatable monocular head for easy shared use or one-on-one instruction in the classroom. Our customer service is ready at all the time, please contact us if you have any problems<\/span><\/li>\n<\/ul>","protected":false},"featured_media":4641,"template":"","meta":{"site-sidebar-layout":"default","site-content-layout":"","ast-site-content-layout":"default","site-content-style":"default","site-sidebar-style":"default","ast-global-header-display":"","ast-banner-title-visibility":"","ast-main-header-display":"","ast-hfb-above-header-display":"","ast-hfb-below-header-display":"","ast-hfb-mobile-header-display":"","site-post-title":"","ast-breadcrumbs-content":"","ast-featured-img":"","footer-sml-layout":"","theme-transparent-header-meta":"default","adv-header-id-meta":"","stick-header-meta":"default","header-above-stick-meta":"","header-main-stick-meta":"","header-below-stick-meta":"","astra-migrate-meta-layouts":"set","ast-page-background-enabled":"default","ast-page-background-meta":{"desktop":{"background-color":"","background-image":"","background-repeat":"repeat","background-position":"center center","background-size":"auto","background-attachment":"scroll","background-type":"","background-media":"","overlay-type":"","overlay-color":"","overlay-opacity":"","overlay-gradient":""},"tablet":{"background-color":"","background-image":"","background-repeat":"repeat","background-position":"center center","background-size":"auto","background-attachment":"scroll","background-type":"","background-media":"","overlay-type":"","overlay-color":"","overlay-opacity":"","overlay-gradient":""},"mobile":{"background-color":"","background-image":"","background-repeat":"repeat","background-position":"center center","background-size":"auto","background-attachment":"scroll","background-type":"","background-media":"","overlay-type":"","overlay-color":"","overlay-opacity":"","overlay-gradient":""}},"ast-content-background-meta":{"desktop":{"background-color":"var(--ast-global-color-5)","background-image":"","background-repeat":"repeat","background-position":"center center","background-size":"auto","background-attachment":"scroll","background-type":"","background-media":"","overlay-type":"","overlay-color":"","overlay-opacity":"","overlay-gradient":""},"tablet":{"background-color":"var(--ast-global-color-5)","background-image":"","background-repeat":"repeat","background-position":"center center","background-size":"auto","background-attachment":"scroll","background-type":"","background-media":"","overlay-type":"","overlay-color":"","overlay-opacity":"","overlay-gradient":""},"mobile":{"background-color":"var(--ast-global-color-5)","background-image":"","background-repeat":"repeat","background-position":"center center","background-size":"auto","background-attachment":"scroll","background-type":"","background-media":"","overlay-type":"","overlay-color":"","overlay-opacity":"","overlay-gradient":""}}},"product_brand":[],"product_cat":[62],"product_tag":[],"class_list":{"0":"post-4640","1":"product","2":"type-product","3":"status-publish","4":"has-post-thumbnail","6":"product_cat-biological-microscope","7":"desktop-align-left","8":"tablet-align-left","9":"mobile-align-left","10":"ast-product-gallery-layout-horizontal-slider","11":"ast-product-gallery-with-no-image","12":"ast-product-tabs-layout-horizontal","14":"first","15":"instock","16":"taxable","17":"shipping-taxable","18":"product-type-simple"},"_links":{"self":[{"href":"https:\/\/kiraoptical.com\/it\/wp-json\/wp\/v2\/product\/4640","targetHints":{"allow":["GET"]}}],"collection":[{"href":"https:\/\/kiraoptical.com\/it\/wp-json\/wp\/v2\/product"}],"about":[{"href":"https:\/\/kiraoptical.com\/it\/wp-json\/wp\/v2\/types\/product"}],"version-history":[{"count":0,"href":"https:\/\/kiraoptical.com\/it\/wp-json\/wp\/v2\/product\/4640\/revisions"}],"wp:featuredmedia":[{"embeddable":true,"href":"https:\/\/kiraoptical.com\/it\/wp-json\/wp\/v2\/media\/4641"}],"wp:attachment":[{"href":"https:\/\/kiraoptical.com\/it\/wp-json\/wp\/v2\/media?parent=4640"}],"wp:term":[{"taxonomy":"product_brand","embeddable":true,"href":"https:\/\/kiraoptical.com\/it\/wp-json\/wp\/v2\/product_brand?post=4640"},{"taxonomy":"product_cat","embeddable":true,"href":"https:\/\/kiraoptical.com\/it\/wp-json\/wp\/v2\/product_cat?post=4640"},{"taxonomy":"product_tag","embeddable":true,"href":"https:\/\/kiraoptical.com\/it\/wp-json\/wp\/v2\/product_tag?post=4640"}],"curies":[{"name":"wp","href":"https:\/\/api.w.org\/{rel}","templated":true}]}}