{"id":4651,"date":"2024-09-20T05:59:53","date_gmt":"2024-09-20T05:59:53","guid":{"rendered":"https:\/\/kiraoptical.com\/?post_type=product&#038;p=4651"},"modified":"2025-02-19T06:07:00","modified_gmt":"2025-02-19T06:07:00","slug":"portable-metallurgical-microscope","status":"publish","type":"product","link":"https:\/\/kiraoptical.com\/it\/prodotto\/portable-metallurgical-microscope\/","title":{"rendered":"Microscopio metallurgico portatile con base magnetica"},"content":{"rendered":"<h4 data-start=\"550\" data-end=\"574\">Microscopio metallurgico portatile con base magnetica: Analisi ad alte prestazioni per applicazioni industriali e di ricerca<\/h4>\n<h4 data-start=\"550\" data-end=\"574\"><strong data-start=\"555\" data-end=\"574\">1. Introduzione<\/strong><\/h4>\n<ul data-start=\"578\" data-end=\"982\">\n<li data-start=\"578\" data-end=\"982\"><strong data-start=\"580\" data-end=\"600\">Panoramica del prodotto<\/strong>:\n<ul data-start=\"607\" data-end=\"982\">\n<li data-start=\"607\" data-end=\"728\">Breve introduzione al microscopio metallurgico portatile Steindorff S-606, progettato per l'analisi di precisione dei materiali.<\/li>\n<li data-start=\"734\" data-end=\"838\">Evidenziate la portabilit\u00e0, il design compatto e l'affidabilit\u00e0 per le applicazioni industriali e di laboratorio.<\/li>\n<li data-start=\"844\" data-end=\"982\">L'importanza dei microscopi metallurgici di alta qualit\u00e0 per i professionisti della scienza dei materiali, del controllo qualit\u00e0 e della metallurgia.<\/li>\n<\/ul>\n<\/li>\n<\/ul>\n<h4 data-start=\"984\" data-end=\"1019\"><strong data-start=\"989\" data-end=\"1019\">2. Caratteristiche e vantaggi principali<\/strong><\/h4>\n<ul data-start=\"1023\" data-end=\"2172\">\n<li data-start=\"1023\" data-end=\"1280\"><strong data-start=\"1025\" data-end=\"1056\">Design portatile e compatto<\/strong>:\n<ul data-start=\"1063\" data-end=\"1280\">\n<li data-start=\"1063\" data-end=\"1180\">Leggero e facile da trasportare, \u00e8 ideale per le ispezioni in loco e per l'uso portatile in officina o sul campo.<\/li>\n<li data-start=\"1186\" data-end=\"1280\">La forma compatta consente di riporre e maneggiare facilmente il dispositivo, garantendo l'efficienza dei professionisti in movimento.<\/li>\n<\/ul>\n<\/li>\n<li data-start=\"1284\" data-end=\"1496\"><strong data-start=\"1286\" data-end=\"1303\">Base magnetica<\/strong>:\n<ul data-start=\"1310\" data-end=\"1496\">\n<li data-start=\"1310\" data-end=\"1401\">Garantisce un fissaggio sicuro e stabile alle superfici metalliche, assicurando un funzionamento a mani libere.<\/li>\n<li data-start=\"1407\" data-end=\"1496\">La base magnetica aumenta anche la stabilit\u00e0 quando si lavora con materiali o campioni pesanti.<\/li>\n<\/ul>\n<\/li>\n<li data-start=\"1500\" data-end=\"1741\"><strong data-start=\"1502\" data-end=\"1522\">Obiettivi<\/strong>:\n<ul data-start=\"1529\" data-end=\"1741\">\n<li data-start=\"1529\" data-end=\"1657\">Include obiettivi 10x e 40x, che offrono opzioni di ingrandimento flessibili per soddisfare le diverse esigenze di esame dei materiali.<\/li>\n<li data-start=\"1663\" data-end=\"1741\">Offre immagini ad alta risoluzione per l'analisi dettagliata delle strutture dei materiali.<\/li>\n<\/ul>\n<\/li>\n<li data-start=\"1745\" data-end=\"1974\"><strong data-start=\"1747\" data-end=\"1770\">Sistema di illuminazione<\/strong>:\n<ul data-start=\"1777\" data-end=\"1974\">\n<li data-start=\"1777\" data-end=\"1868\">L'illuminazione a LED incorporata garantisce immagini chiare e brillanti in diverse condizioni di illuminazione.<\/li>\n<li data-start=\"1874\" data-end=\"1974\">Intensit\u00e0 luminosa regolabile per aumentare il contrasto e migliorare la visibilit\u00e0 dei dettagli dei campioni.<\/li>\n<\/ul>\n<\/li>\n<li data-start=\"1978\" data-end=\"2172\"><strong data-start=\"1980\" data-end=\"1995\">Facilit\u00e0 d'uso<\/strong>:\n<ul data-start=\"2002\" data-end=\"2172\">\n<li data-start=\"2002\" data-end=\"2103\">Funzionamento semplice con comandi intuitivi, che lo rendono adatto sia agli utenti inesperti che a quelli esperti.<\/li>\n<li data-start=\"2109\" data-end=\"2172\">Il design ergonomico garantisce una sollecitazione minima durante l'uso prolungato.<\/li>\n<\/ul>\n<\/li>\n<\/ul>\n<h4 data-start=\"2174\" data-end=\"2210\"><strong data-start=\"2179\" data-end=\"2210\">3. Specifiche tecniche<\/strong><\/h4>\n<ul data-start=\"2214\" data-end=\"2723\">\n<li data-start=\"2214\" data-end=\"2359\"><strong data-start=\"2216\" data-end=\"2234\">Sistema ottico<\/strong>:\n<ul data-start=\"2241\" data-end=\"2359\">\n<li data-start=\"2241\" data-end=\"2287\">Ingrandimento: Obiettivi 10x e 40x.<\/li>\n<li data-start=\"2293\" data-end=\"2359\">Sistema di messa a fuoco: Meccanismo di messa a fuoco grossolano per una facile regolazione.<\/li>\n<\/ul>\n<\/li>\n<li data-start=\"2363\" data-end=\"2493\"><strong data-start=\"2365\" data-end=\"2381\">Illuminazione<\/strong>:\n<ul data-start=\"2388\" data-end=\"2493\">\n<li data-start=\"2388\" data-end=\"2493\">Sorgente luminosa a LED con intensit\u00e0 regolabile, che offre una luminosit\u00e0 ottimale per un'osservazione precisa del campione.<\/li>\n<\/ul>\n<\/li>\n<li data-start=\"2497\" data-end=\"2584\"><strong data-start=\"2499\" data-end=\"2521\">Base e stabilit\u00e0<\/strong>:\n<ul data-start=\"2528\" data-end=\"2584\">\n<li data-start=\"2528\" data-end=\"2584\">Base magnetica per un fissaggio sicuro alle superfici metalliche.<\/li>\n<\/ul>\n<\/li>\n<li data-start=\"2588\" data-end=\"2723\"><strong data-start=\"2590\" data-end=\"2607\">Qualit\u00e0 costruttiva<\/strong>:\n<ul data-start=\"2614\" data-end=\"2723\">\n<li data-start=\"2614\" data-end=\"2723\">Struttura durevole, realizzata per resistere all'uso industriale, comprese le alte temperature e gli ambienti difficili.<\/li>\n<\/ul>\n<\/li>\n<\/ul>\n<h4 data-start=\"2725\" data-end=\"2749\"><strong data-start=\"2730\" data-end=\"2749\">4. Applicazioni<\/strong><\/h4>\n<ul data-start=\"2753\" data-end=\"3384\">\n<li data-start=\"2753\" data-end=\"2898\"><strong data-start=\"2755\" data-end=\"2790\">Scienza dei materiali e metallurgia<\/strong>:\n<ul data-start=\"2797\" data-end=\"2898\">\n<li data-start=\"2797\" data-end=\"2898\">Utilizzato per esaminare superfici, leghe e materiali metallici per valutare qualit\u00e0, struttura e difetti.<\/li>\n<\/ul>\n<\/li>\n<li data-start=\"2902\" data-end=\"3033\"><strong data-start=\"2904\" data-end=\"2923\">Controllo qualit\u00e0<\/strong>:\n<ul data-start=\"2930\" data-end=\"3033\">\n<li data-start=\"2930\" data-end=\"3033\">Ideale per l'utilizzo in ambienti di produzione industriale, per l'ispezione dei materiali durante i processi di produzione.<\/li>\n<\/ul>\n<\/li>\n<li data-start=\"3037\" data-end=\"3225\"><strong data-start=\"3039\" data-end=\"3080\">Applicazioni didattiche e di ricerca<\/strong>:\n<ul data-start=\"3087\" data-end=\"3225\">\n<li data-start=\"3087\" data-end=\"3225\">Utile in ambito educativo per insegnare agli studenti le propriet\u00e0 dei materiali e per le ricerche che richiedono un esame dettagliato dei materiali.<\/li>\n<\/ul>\n<\/li>\n<li data-start=\"3229\" data-end=\"3384\"><strong data-start=\"3231\" data-end=\"3252\">Ispezioni sul campo<\/strong>:\n<ul data-start=\"3259\" data-end=\"3384\">\n<li data-start=\"3259\" data-end=\"3384\">Il design portatile e magnetico lo rende estremamente efficace per il lavoro sul campo in movimento nel settore edile, minerario e metallurgico.<\/li>\n<\/ul>\n<\/li>\n<\/ul>\n<h4 data-start=\"3386\" data-end=\"3426\"><strong data-start=\"3391\" data-end=\"3426\">5. Perch\u00e9 scegliere Steindorff S-606?<\/strong><\/h4>\n<ul data-start=\"3430\" data-end=\"3854\">\n<li data-start=\"3430\" data-end=\"3554\"><strong data-start=\"3432\" data-end=\"3446\">Efficienza<\/strong>:\n<ul data-start=\"3453\" data-end=\"3554\">\n<li data-start=\"3453\" data-end=\"3554\">La base magnetica consente una rapida installazione in ambienti industriali e di laboratorio.<\/li>\n<\/ul>\n<\/li>\n<li data-start=\"3558\" data-end=\"3743\"><strong data-start=\"3560\" data-end=\"3578\">Economicamente vantaggioso<\/strong>:\n<ul data-start=\"3585\" data-end=\"3743\">\n<li data-start=\"3585\" data-end=\"3743\">Offre funzionalit\u00e0 e affidabilit\u00e0 elevate a un prezzo ragionevole, il che lo rende una scelta eccellente per le aziende che cercano un valore senza compromettere la qualit\u00e0.<\/li>\n<\/ul>\n<\/li>\n<li data-start=\"3747\" data-end=\"3854\"><strong data-start=\"3749\" data-end=\"3763\">Durata<\/strong>:\n<ul data-start=\"3770\" data-end=\"3854\">\n<li data-start=\"3770\" data-end=\"3854\">La costruzione robusta garantisce un utilizzo a lungo termine, riducendo al minimo i tempi di inattivit\u00e0 e i costi di riparazione.<\/li>\n<\/ul>\n<\/li>\n<\/ul>\n<h4 data-start=\"3856\" data-end=\"3889\"><strong data-start=\"3861\" data-end=\"3889\">6. Vantaggio competitivo<\/strong><\/h4>\n<ul data-start=\"3893\" data-end=\"4327\">\n<li data-start=\"3893\" data-end=\"4103\"><strong data-start=\"3895\" data-end=\"3927\">Confronto con modelli simili<\/strong>:\n<ul data-start=\"3934\" data-end=\"4103\">\n<li data-start=\"3934\" data-end=\"4103\">Evidenziate come lo Steindorff S-606 si distingua rispetto ad altri microscopi della sua fascia di prezzo, in particolare in termini di portabilit\u00e0, facilit\u00e0 d'uso e rapporto qualit\u00e0-prezzo.<\/li>\n<\/ul>\n<\/li>\n<li data-start=\"4107\" data-end=\"4327\"><strong data-start=\"4109\" data-end=\"4146\">Caratteristiche avanzate rispetto ai concorrenti<\/strong>:\n<ul data-start=\"4153\" data-end=\"4327\">\n<li data-start=\"4153\" data-end=\"4327\">Il sistema di illuminazione a LED, la base magnetica e gli obiettivi di alta qualit\u00e0 sono le caratteristiche che lo rendono ideale per i professionisti degli ambienti industriali.<\/li>\n<\/ul>\n<\/li>\n<\/ul>\n<h4 data-start=\"4329\" data-end=\"4365\"><strong data-start=\"4334\" data-end=\"4365\">7. Manutenzione e garanzia<\/strong><\/h4>\n<ul data-start=\"4369\" data-end=\"4731\">\n<li data-start=\"4369\" data-end=\"4566\"><strong data-start=\"4371\" data-end=\"4394\">Facilit\u00e0 di manutenzione<\/strong>:\n<ul data-start=\"4401\" data-end=\"4566\">\n<li data-start=\"4401\" data-end=\"4491\">Richiede una manutenzione minima grazie alla struttura resistente e ai materiali di alta qualit\u00e0.<\/li>\n<li data-start=\"4497\" data-end=\"4566\">Linee guida per la pulizia e la manutenzione per mantenere prestazioni ottimali.<\/li>\n<\/ul>\n<\/li>\n<li data-start=\"4570\" data-end=\"4731\"><strong data-start=\"4572\" data-end=\"4596\">Garanzia e assistenza<\/strong>:\n<ul data-start=\"4603\" data-end=\"4731\">\n<li data-start=\"4603\" data-end=\"4731\">Evidenziate le condizioni di garanzia e i servizi di assistenza offerti, per garantire la tranquillit\u00e0 dei responsabili degli acquisti e delle aziende.<\/li>\n<\/ul>\n<\/li>\n<\/ul>\n<h4 data-start=\"4733\" data-end=\"4775\"><strong data-start=\"4738\" data-end=\"4775\">8. Assistenza tecnica e formazione<\/strong><\/h4>\n<ul data-start=\"4779\" data-end=\"5074\">\n<li data-start=\"4779\" data-end=\"4919\"><strong data-start=\"4781\" data-end=\"4801\">Servizio clienti<\/strong>:\n<ul data-start=\"4808\" data-end=\"4919\">\n<li data-start=\"4808\" data-end=\"4919\">Indicare la disponibilit\u00e0 di risorse online, manuali e servizio clienti per la risoluzione dei problemi e la formazione.<\/li>\n<\/ul>\n<\/li>\n<li data-start=\"4923\" data-end=\"5074\"><strong data-start=\"4925\" data-end=\"4946\">Programmi di formazione<\/strong>:\n<ul data-start=\"4953\" data-end=\"5074\">\n<li data-start=\"4953\" data-end=\"5074\">Fornire informazioni sulle sessioni di formazione per i nuovi utenti o per il personale tecnico, per garantire un uso efficace del microscopio.<\/li>\n<\/ul>\n<\/li>\n<\/ul>\n<h4 data-start=\"5076\" data-end=\"5127\"><strong data-start=\"5081\" data-end=\"5127\">9. Conclusioni e considerazioni sull'approvvigionamento<\/strong><\/h4>\n<ul data-start=\"5131\" data-end=\"5630\">\n<li data-start=\"5131\" data-end=\"5272\"><strong data-start=\"5133\" data-end=\"5144\">Sintesi<\/strong>:\n<ul data-start=\"5151\" data-end=\"5272\">\n<li data-start=\"5151\" data-end=\"5272\">Ricordiamo i principali punti di forza dello Steindorff S-606: portabilit\u00e0, stabilit\u00e0, facilit\u00e0 d'uso e ottica ad alta risoluzione.<\/li>\n<\/ul>\n<\/li>\n<li data-start=\"5276\" data-end=\"5452\"><strong data-start=\"5278\" data-end=\"5308\">Raccomandazione per l'approvvigionamento<\/strong>:\n<ul data-start=\"5315\" data-end=\"5452\">\n<li data-start=\"5315\" data-end=\"5452\">Raccomandate il microscopio alle industrie e ai laboratori di ricerca che necessitano di strumenti di analisi metallurgica affidabili, portatili ed economici.<\/li>\n<\/ul>\n<\/li>\n<li data-start=\"5456\" data-end=\"5630\"><strong data-start=\"5458\" data-end=\"5476\">Invito all'azione<\/strong>:\n<ul data-start=\"5483\" data-end=\"5630\">\n<li data-start=\"5483\" data-end=\"5630\">Incoraggiate i responsabili degli acquisti o i responsabili delle decisioni a informarsi sull'acquisto di prodotti sfusi, sulle specifiche tecniche o a richiedere una dimostrazione del prodotto.<\/li>\n<\/ul>\n<\/li>\n<\/ul>\n<p>&nbsp;<\/p>\n<table width=\"609\">\n<tbody>\n<tr>\n<td colspan=\"2\" width=\"609\">Parametro<\/td>\n<\/tr>\n<tr>\n<td width=\"182\">Sistema ottico<\/td>\n<td width=\"427\">Sistema ottico finito<\/td>\n<\/tr>\n<tr>\n<td width=\"182\">Oculare<\/td>\n<td width=\"427\">Oculare piano WF10\/18mm<\/td>\n<\/tr>\n<tr>\n<td width=\"182\">Obiettivo<\/td>\n<td width=\"427\">Piano obiettivo metallurgico finito<\/p>\n<p>10X\/0.25\uff08P.D.=7.3mm\uff09<\/p>\n<p>40X\/0.65\uff08W.D.=0.45mm\uff09<\/td>\n<\/tr>\n<tr>\n<td width=\"182\">Maganificazione<\/td>\n<td width=\"427\">100X-400X<\/td>\n<\/tr>\n<tr>\n<td width=\"182\">Messa a fuoco<\/td>\n<td width=\"427\">Regolazione grossolana e fine, campo di messa a fuoco 25 mm<\/td>\n<\/tr>\n<tr>\n<td width=\"182\">Illuminatore<\/td>\n<td width=\"427\">Illuminazione verticale a LED\uff0cDC4,2V<\/td>\n<\/tr>\n<tr>\n<td width=\"182\">Meansurement<\/td>\n<td width=\"427\">750g\uff0c230mm\u00d7110mm\u00d770mm<\/td>\n<\/tr>\n<\/tbody>\n<\/table>","protected":false},"excerpt":{"rendered":"<p><strong data-start=\"4\" data-end=\"58\">Portable Metallurgical Microscope<\/strong> is a compact, high-performance tool designed for material analysis in industrial and research environments. Featuring a magnetic base for secure attachment to metal surfaces, this microscope provides stability during use, making it ideal for on-site inspections. With 10x and 40x objective lenses, it offers precise magnification for examining metal surfaces, alloys, and materials for quality control, defects, and structural analysis. The built-in LED illumination system ensures bright, clear imaging, while its portable design allows for easy transport and use in fieldwork.<\/p>","protected":false},"featured_media":4653,"template":"","meta":{"site-sidebar-layout":"default","site-content-layout":"","ast-site-content-layout":"default","site-content-style":"default","site-sidebar-style":"default","ast-global-header-display":"","ast-banner-title-visibility":"","ast-main-header-display":"","ast-hfb-above-header-display":"","ast-hfb-below-header-display":"","ast-hfb-mobile-header-display":"","site-post-title":"","ast-breadcrumbs-content":"","ast-featured-img":"","footer-sml-layout":"","theme-transparent-header-meta":"default","adv-header-id-meta":"","stick-header-meta":"default","header-above-stick-meta":"","header-main-stick-meta":"","header-below-stick-meta":"","astra-migrate-meta-layouts":"set","ast-page-background-enabled":"default","ast-page-background-meta":{"desktop":{"background-color":"","background-image":"","background-repeat":"repeat","background-position":"center center","background-size":"auto","background-attachment":"scroll","background-type":"","background-media":"","overlay-type":"","overlay-color":"","overlay-opacity":"","overlay-gradient":""},"tablet":{"background-color":"","background-image":"","background-repeat":"repeat","background-position":"center center","background-size":"auto","background-attachment":"scroll","background-type":"","background-media":"","overlay-type":"","overlay-color":"","overlay-opacity":"","overlay-gradient":""},"mobile":{"background-color":"","background-image":"","background-repeat":"repeat","background-position":"center center","background-size":"auto","background-attachment":"scroll","background-type":"","background-media":"","overlay-type":"","overlay-color":"","overlay-opacity":"","overlay-gradient":""}},"ast-content-background-meta":{"desktop":{"background-color":"var(--ast-global-color-5)","background-image":"","background-repeat":"repeat","background-position":"center center","background-size":"auto","background-attachment":"scroll","background-type":"","background-media":"","overlay-type":"","overlay-color":"","overlay-opacity":"","overlay-gradient":""},"tablet":{"background-color":"var(--ast-global-color-5)","background-image":"","background-repeat":"repeat","background-position":"center center","background-size":"auto","background-attachment":"scroll","background-type":"","background-media":"","overlay-type":"","overlay-color":"","overlay-opacity":"","overlay-gradient":""},"mobile":{"background-color":"var(--ast-global-color-5)","background-image":"","background-repeat":"repeat","background-position":"center center","background-size":"auto","background-attachment":"scroll","background-type":"","background-media":"","overlay-type":"","overlay-color":"","overlay-opacity":"","overlay-gradient":""}}},"product_brand":[],"product_cat":[39],"product_tag":[],"class_list":{"0":"post-4651","1":"product","2":"type-product","3":"status-publish","4":"has-post-thumbnail","6":"product_cat-stereo-microscope","7":"desktop-align-left","8":"tablet-align-left","9":"mobile-align-left","10":"ast-product-gallery-layout-horizontal-slider","11":"ast-product-tabs-layout-horizontal","13":"first","14":"instock","15":"taxable","16":"shipping-taxable","17":"product-type-simple"},"_links":{"self":[{"href":"https:\/\/kiraoptical.com\/it\/wp-json\/wp\/v2\/product\/4651","targetHints":{"allow":["GET"]}}],"collection":[{"href":"https:\/\/kiraoptical.com\/it\/wp-json\/wp\/v2\/product"}],"about":[{"href":"https:\/\/kiraoptical.com\/it\/wp-json\/wp\/v2\/types\/product"}],"version-history":[{"count":0,"href":"https:\/\/kiraoptical.com\/it\/wp-json\/wp\/v2\/product\/4651\/revisions"}],"wp:featuredmedia":[{"embeddable":true,"href":"https:\/\/kiraoptical.com\/it\/wp-json\/wp\/v2\/media\/4653"}],"wp:attachment":[{"href":"https:\/\/kiraoptical.com\/it\/wp-json\/wp\/v2\/media?parent=4651"}],"wp:term":[{"taxonomy":"product_brand","embeddable":true,"href":"https:\/\/kiraoptical.com\/it\/wp-json\/wp\/v2\/product_brand?post=4651"},{"taxonomy":"product_cat","embeddable":true,"href":"https:\/\/kiraoptical.com\/it\/wp-json\/wp\/v2\/product_cat?post=4651"},{"taxonomy":"product_tag","embeddable":true,"href":"https:\/\/kiraoptical.com\/it\/wp-json\/wp\/v2\/product_tag?post=4651"}],"curies":[{"name":"wp","href":"https:\/\/api.w.org\/{rel}","templated":true}]}}