{"id":5064,"date":"2025-02-19T03:09:00","date_gmt":"2025-02-19T03:09:00","guid":{"rendered":"https:\/\/kiraoptical.com\/?post_type=product&#038;p=5064"},"modified":"2025-02-19T03:22:02","modified_gmt":"2025-02-19T03:22:02","slug":"dapigfpfitcmcherrytexasred-microscope","status":"publish","type":"product","link":"https:\/\/kiraoptical.com\/it\/prodotto\/dapigfpfitcmcherrytexasred-microscope\/","title":{"rendered":"Microscopio multicanale DAPI\/GFP\/FITC\/Mcherry\/Texas Red: imaging di precisione con controllo intelligente e illuminazione LED superiore"},"content":{"rendered":"<h2 data-start=\"68\" data-end=\"168\"><strong data-start=\"88\" data-end=\"168\">Microscopio multicanale DAPI\/GFP\/FITC\/Mcherry\/Texas Red: ottiche ad alte prestazioni e soluzioni intelligenti<\/strong><\/h2>\n<h3 data-start=\"170\" data-end=\"197\">1. <strong data-start=\"177\" data-end=\"197\">Panoramica del prodotto<\/strong><\/h3>\n<ul data-start=\"201\" data-end=\"535\">\n<li data-start=\"201\" data-end=\"535\"><strong data-start=\"203\" data-end=\"219\">Introduzione<\/strong>:\n<ul data-start=\"226\" data-end=\"535\">\n<li data-start=\"226\" data-end=\"535\">Il microscopio multicanale DAPI\/GFP\/FITC\/Mcherry\/Texas Red \u00e8 un microscopio di fascia alta che incorpora sistemi ottici avanzati e materiali di alta qualit\u00e0. Combinando la moderna tecnologia ottica con un controllo intelligente, offre eccellenti esperienze di osservazione, rendendolo adatto a varie ricerche scientifiche e applicazioni industriali.<\/li>\n<\/ul>\n<\/li>\n<\/ul>\n<h3 data-start=\"537\" data-end=\"575\">2. <strong data-start=\"544\" data-end=\"575\">Caratteristiche e vantaggi principali<\/strong><\/h3>\n<h4 data-start=\"580\" data-end=\"607\">2.1 <strong data-start=\"589\" data-end=\"607\">Sistema ottico<\/strong><\/h4>\n<ul data-start=\"611\" data-end=\"909\">\n<li data-start=\"611\" data-end=\"823\"><strong data-start=\"613\" data-end=\"700\">Sistema ottico ECGO per la correzione dell'aberrazione cromatica bidirezionale a distanza infinita<\/strong>: Dotato di una lunghezza focale di 45 mm, fornisce immagini chiare e di alta qualit\u00e0, rendendolo adatto alle esigenze di ricerca complesse.<\/li>\n<li data-start=\"827\" data-end=\"909\">Questo sistema elimina efficacemente l'aberrazione cromatica, garantendo la qualit\u00e0 dell'immagine.<\/li>\n<\/ul>\n<h4 data-start=\"911\" data-end=\"938\">2.2 <strong data-start=\"920\" data-end=\"938\">Struttura del corpo<\/strong><\/h4>\n<ul data-start=\"942\" data-end=\"1498\">\n<li data-start=\"942\" data-end=\"1179\"><strong data-start=\"944\" data-end=\"992\">Tecnologia di stampaggio integrato della lega di alluminio<\/strong>: L'alloggiamento in lega di alluminio ad alta resistenza \u00e8 robusto ma leggero e il rivestimento antibatterico agli ioni di nano-argento inibisce efficacemente la riproduzione dei microrganismi sulla superficie.<\/li>\n<li data-start=\"1183\" data-end=\"1304\"><strong data-start=\"1185\" data-end=\"1219\">Adattatore ad ampia tensione (90~230V)<\/strong>: Supporta un intervallo di tensione globale, che lo rende conveniente per l'uso in regioni diverse.<\/li>\n<li data-start=\"1308\" data-end=\"1498\"><strong data-start=\"1310\" data-end=\"1359\">Uscita di controllo USB e modalit\u00e0 di risparmio energetico ECO<\/strong>: Comodo controllo dell'interfaccia USB, supporta la regolazione automatica della luminosit\u00e0 e la gestione dell'efficienza energetica per ridurre il consumo di energia.<\/li>\n<\/ul>\n<h4 data-start=\"1500\" data-end=\"1532\">2.3 <strong data-start=\"1509\" data-end=\"1532\">Sistema di illuminazione<\/strong><\/h4>\n<ul data-start=\"1536\" data-end=\"1993\">\n<li data-start=\"1536\" data-end=\"1804\"><strong data-start=\"1538\" data-end=\"1595\">Sistema di illuminazione a LED di tipo daylight SUPERMLED\u2122 incorporato<\/strong>: Fornisce una luminosit\u00e0 equivalente a quella di una lampada alogena da 100W, con una durata di vita della sorgente luminosa non inferiore a 60.000 ore. La sorgente luminosa mantiene una temperatura di colore costante di 4500K, adatta a un uso prolungato.<\/li>\n<li data-start=\"1808\" data-end=\"1902\"><strong data-start=\"1810\" data-end=\"1843\">Illuminazione a luce bianca calda<\/strong>: Effetto luce confortevole che aiuta a ridurre l'affaticamento degli occhi.<\/li>\n<li data-start=\"1906\" data-end=\"1993\">Supporta l'installazione di filtri da 45 mm, offrendo una maggiore flessibilit\u00e0 per gli esperimenti.<\/li>\n<\/ul>\n<h4 data-start=\"1995\" data-end=\"2023\">2.4 <strong data-start=\"2004\" data-end=\"2023\">Sistema di messa a fuoco<\/strong><\/h4>\n<ul data-start=\"2027\" data-end=\"2304\">\n<li data-start=\"2027\" data-end=\"2304\"><strong data-start=\"2029\" data-end=\"2087\">Regolazione sincronizzata grossolana e fine per entrambe le mani<\/strong>: Il sistema consente una regolazione fine servoassistita con una precisione di passo minima di 1\u03bcm e una corsa massima di 25 mm. \u00c8 dotato di una regolazione della tensione e di un limitatore di altezza anticollisione per garantire un funzionamento sicuro.<\/li>\n<\/ul>\n<h4 data-start=\"2306\" data-end=\"2331\">2.5 <strong data-start=\"2315\" data-end=\"2331\">Fase campione<\/strong><\/h4>\n<ul data-start=\"2335\" data-end=\"2648\">\n<li data-start=\"2335\" data-end=\"2648\"><strong data-start=\"2337\" data-end=\"2394\">Palcoscenico meccanico a doppio strato a bassa posizione per la mano destra<\/strong>: Presenta un piano d'appoggio rivestito in ceramica resistente all'usura e una robusta struttura di trasmissione senza ingranaggi esposti. La corsa di spostamento \u00e8 di 76 mm x 55 mm. La tensione del filo d'acciaio preimpostata garantisce un posizionamento preciso senza inceppamenti o rimbalzi, riducendo l'affaticamento dell'utente.<\/li>\n<\/ul>\n<h4 data-start=\"2650\" data-end=\"2674\">2.6 <strong data-start=\"2659\" data-end=\"2674\">Morsetto a scorrimento<\/strong><\/h4>\n<ul data-start=\"2678\" data-end=\"2860\">\n<li data-start=\"2678\" data-end=\"2860\"><strong data-start=\"2680\" data-end=\"2718\">Morsetto a scorrimento sinistro a rimbalzo lento<\/strong>: Supporta vetrini singoli e pu\u00f2 trasportare campioni pi\u00f9 pesanti come camere di conteggio cellulare e piastre di conteggio, aumentando la comodit\u00e0 operativa.<\/li>\n<\/ul>\n<h4 data-start=\"2862\" data-end=\"2884\">2.7 <strong data-start=\"2871\" data-end=\"2884\">Condensatore<\/strong><\/h4>\n<ul data-start=\"2888\" data-end=\"3110\">\n<li data-start=\"2888\" data-end=\"3110\"><strong data-start=\"2890\" data-end=\"2923\">Condensatore precentrato Kohler<\/strong>: Dotato di una scala di indicazione dell'apertura, con una gamma NA da 0,1 a 1,1, supporta diverse modalit\u00e0 di illuminazione, come il campo luminoso e la luce polarizzata, per la ricerca ottica avanzata.<\/li>\n<\/ul>\n<h4 data-start=\"3112\" data-end=\"3141\">2.8 <strong data-start=\"3121\" data-end=\"3141\">Tubo di osservazione<\/strong><\/h4>\n<ul data-start=\"3145\" data-end=\"3394\">\n<li data-start=\"3145\" data-end=\"3280\"><strong data-start=\"3147\" data-end=\"3193\">Tubo di osservazione trinoculare regolabile a 30\u00b0<\/strong>: Luce divisa 50\/50, altezza del punto di osservazione regolabile e adatta alle diverse esigenze dell'utente.<\/li>\n<li data-start=\"3284\" data-end=\"3394\">L'intervallo di regolazione della distanza interpupillare \u00e8 di 46-78 mm, per soddisfare gli utenti con esigenze visive diverse.<\/li>\n<\/ul>\n<h4 data-start=\"3396\" data-end=\"3433\">2.9 <strong data-start=\"3405\" data-end=\"3433\">Oculari e obiettivi<\/strong><\/h4>\n<ul data-start=\"3437\" data-end=\"3818\">\n<li data-start=\"3437\" data-end=\"3579\"><strong data-start=\"3439\" data-end=\"3467\">Oculare grandangolare da 30 mm<\/strong>: Dotato di oculari 10x (numero di campo 22) e di 10 livelli di regolazione diottrica per l'oculare binoculare.<\/li>\n<li data-start=\"3583\" data-end=\"3818\"><strong data-start=\"3585\" data-end=\"3628\">Revolver con obiettivo integrato a cinque fori<\/strong>: Supporta le interfacce filettate per obiettivi standard RMS, con un software in grado di riconoscere automaticamente l'ingrandimento dell'obiettivo e di visualizzare l'ingrandimento corrispondente durante la commutazione.<\/li>\n<\/ul>\n<h4 data-start=\"3820\" data-end=\"3853\">2.10 <strong data-start=\"3830\" data-end=\"3853\">Fotocamera e software<\/strong><\/h4>\n<ul data-start=\"3857\" data-end=\"4164\">\n<li data-start=\"3857\" data-end=\"3992\"><strong data-start=\"3859\" data-end=\"3905\">Fotocamera CMOS ad alte prestazioni da 5,2 megapixel<\/strong>: Fornito con una garanzia di tre anni sui componenti principali, che assicura immagini chiare e stabili.<\/li>\n<li data-start=\"3996\" data-end=\"4164\"><strong data-start=\"3998\" data-end=\"4018\">Software di controllo<\/strong>: Supporta il riconoscimento automatico dell'ingrandimento, il caricamento automatico dei parametri quando si cambia obiettivo, offrendo un'esperienza operativa pi\u00f9 intelligente.<\/li>\n<\/ul>\n<h4 data-start=\"4166\" data-end=\"4199\">2.11 <strong data-start=\"4176\" data-end=\"4199\">Dispositivo a fluorescenza<\/strong><\/h4>\n<ul data-start=\"4203\" data-end=\"4413\">\n<li data-start=\"4203\" data-end=\"4413\"><strong data-start=\"4205\" data-end=\"4246\">Illuminatore a fluorescenza LED incorporato<\/strong>: Esente da manutenzione per 30.000 ore, compatibile con i blocchi di eccitazione dei coloranti convenzionali (ad esempio, DAPI, FITC, TRITC, TxRed), ampliando le possibilit\u00e0 di ricerca in fluorescenza.<\/li>\n<\/ul>\n<h4 data-start=\"4415\" data-end=\"4470\">2.12 <strong data-start=\"4425\" data-end=\"4470\">Dispositivi antimuffa e design ecologico<\/strong><\/h4>\n<ul data-start=\"4474\" data-end=\"4783\">\n<li data-start=\"4474\" data-end=\"4643\">Tutti i componenti ottici sono trattati con rivestimenti antimuffa e antibatterici, che ne prolungano efficacemente la durata e migliorano la pulizia e la facilit\u00e0 di manutenzione.<\/li>\n<li data-start=\"4647\" data-end=\"4783\">Utilizza vetro ecologico, privo di piombo e conforme agli standard ambientali RoHS, riducendo l'impatto ambientale negativo.<\/li>\n<\/ul>\n<h3 data-start=\"4785\" data-end=\"4833\">3. <strong data-start=\"4792\" data-end=\"4833\">Funzionamento e manutenzione intelligenti<\/strong><\/h3>\n<ul data-start=\"4837\" data-end=\"5048\">\n<li data-start=\"4837\" data-end=\"5048\"><strong data-start=\"4839\" data-end=\"4864\">Funzionalit\u00e0 del codice QR<\/strong>: Scansionando il codice QR sul microscopio, gli utenti possono accedere direttamente alle esercitazioni online, alla segnalazione dei guasti e agli appuntamenti per la manutenzione, migliorando la facilit\u00e0 d'uso del prodotto.<\/li>\n<\/ul>\n<h3 data-start=\"5050\" data-end=\"5100\">4. <strong data-start=\"5057\" data-end=\"5100\">Specifiche tecniche e parametri<\/strong><\/h3>\n<ul data-start=\"5104\" data-end=\"5402\">\n<li data-start=\"5104\" data-end=\"5260\"><strong data-start=\"5106\" data-end=\"5130\">Struttura del microscopio<\/strong>: Peso netto di 7,8 kg e dimensioni esterne di 403 mm x 353 mm x 353 mm, adatto a vari ambienti di laboratorio e ricerca.<\/li>\n<li data-start=\"5264\" data-end=\"5402\"><strong data-start=\"5266\" data-end=\"5283\">Compatibilit\u00e0<\/strong>: Supporta diverse interfacce standard per telecamere di tipo C e il controllo del software del PC, soddisfacendo le moderne esigenze della ricerca scientifica.<\/li>\n<\/ul>\n<h3 data-start=\"5404\" data-end=\"5436\">5. <strong data-start=\"5411\" data-end=\"5436\">Scenari di applicazione<\/strong><\/h3>\n<ul data-start=\"5440\" data-end=\"5672\">\n<li data-start=\"5440\" data-end=\"5672\">Questo microscopio \u00e8 ampiamente utilizzato in campi quali la biomedicina, la citologia, l'istologia, la scienza dei materiali e altri ancora. \u00c8 ideale per gli istituti di ricerca, i laboratori universitari, gli ospedali e gli ambienti industriali per i test di qualit\u00e0.<\/li>\n<\/ul>\n<h3 data-start=\"5674\" data-end=\"5723\">6. <strong data-start=\"5681\" data-end=\"5723\">Sintesi e raccomandazioni per gli acquisti<\/strong><\/h3>\n<ul data-start=\"5727\" data-end=\"6386\">\n<li data-start=\"5727\" data-end=\"6089\"><strong data-start=\"5729\" data-end=\"5757\">Vantaggi completi<\/strong>: Il <strong data-start=\"5763\" data-end=\"5781\">CX-63 \/ DM-750<\/strong> si distingue per le prestazioni ottiche superiori, il sistema di controllo intelligente e il design resistente, che lo rendono la scelta ideale per le moderne analisi scientifiche e industriali al microscopio. La sua lunga durata, le eccellenti caratteristiche di fluorescenza e il design ergonomico lo rendono leader nella sua categoria.<\/li>\n<li data-start=\"6093\" data-end=\"6386\"><strong data-start=\"6095\" data-end=\"6124\">Raccomandazione di acquisto<\/strong>: Considerando le sue eccellenti prestazioni e l'economicit\u00e0, il microscopio multicanale DAPI\/GFP\/FITC\/Mcherry\/Texas Red \u00e8 la scelta ideale per gli istituti di ricerca di alto livello e per i clienti industriali, in particolare per gli ambienti che richiedono una ricerca microscopica di alta precisione e ad alta efficienza.<\/li>\n<\/ul>","protected":false},"excerpt":{"rendered":"<p>Il <strong data-start=\"4\" data-end=\"63\">DAPI\/GFP\/FITC\/Mcherry\/Texas Red Multichannel Microscope<\/strong> is a versatile imaging system designed for advanced fluorescence microscopy. It supports the simultaneous observation of multiple fluorescent markers, including DAPI, GFP, FITC, Mcherry, and Texas Red, making it ideal for multi-parameter analysis in cell biology, molecular research, and tissue studies. The microscope features high-quality optics, precise filter sets, and advanced fluorescence detection, enabling researchers to visualize and quantify different biomolecules with high sensitivity and clarity across multiple channels. This system is essential for complex studies such as gene expression, protein localization, and cellular dynamics.<\/p>","protected":false},"featured_media":5065,"template":"","meta":{"site-sidebar-layout":"default","site-content-layout":"","ast-site-content-layout":"default","site-content-style":"default","site-sidebar-style":"default","ast-global-header-display":"","ast-banner-title-visibility":"","ast-main-header-display":"","ast-hfb-above-header-display":"","ast-hfb-below-header-display":"","ast-hfb-mobile-header-display":"","site-post-title":"","ast-breadcrumbs-content":"","ast-featured-img":"","footer-sml-layout":"","theme-transparent-header-meta":"default","adv-header-id-meta":"","stick-header-meta":"default","header-above-stick-meta":"","header-main-stick-meta":"","header-below-stick-meta":"","astra-migrate-meta-layouts":"set","ast-page-background-enabled":"default","ast-page-background-meta":{"desktop":{"background-color":"","background-image":"","background-repeat":"repeat","background-position":"center center","background-size":"auto","background-attachment":"scroll","background-type":"","background-media":"","overlay-type":"","overlay-color":"","overlay-opacity":"","overlay-gradient":""},"tablet":{"background-color":"","background-image":"","background-repeat":"repeat","background-position":"center center","background-size":"auto","background-attachment":"scroll","background-type":"","background-media":"","overlay-type":"","overlay-color":"","overlay-opacity":"","overlay-gradient":""},"mobile":{"background-color":"","background-image":"","background-repeat":"repeat","background-position":"center center","background-size":"auto","background-attachment":"scroll","background-type":"","background-media":"","overlay-type":"","overlay-color":"","overlay-opacity":"","overlay-gradient":""}},"ast-content-background-meta":{"desktop":{"background-color":"var(--ast-global-color-5)","background-image":"","background-repeat":"repeat","background-position":"center center","background-size":"auto","background-attachment":"scroll","background-type":"","background-media":"","overlay-type":"","overlay-color":"","overlay-opacity":"","overlay-gradient":""},"tablet":{"background-color":"var(--ast-global-color-5)","background-image":"","background-repeat":"repeat","background-position":"center center","background-size":"auto","background-attachment":"scroll","background-type":"","background-media":"","overlay-type":"","overlay-color":"","overlay-opacity":"","overlay-gradient":""},"mobile":{"background-color":"var(--ast-global-color-5)","background-image":"","background-repeat":"repeat","background-position":"center center","background-size":"auto","background-attachment":"scroll","background-type":"","background-media":"","overlay-type":"","overlay-color":"","overlay-opacity":"","overlay-gradient":""}}},"product_brand":[],"product_cat":[62],"product_tag":[49,51,50],"class_list":{"0":"post-5064","1":"product","2":"type-product","3":"status-publish","4":"has-post-thumbnail","6":"product_cat-biological-microscope","7":"product_tag-led-fluorescence-attachment","8":"product_tag-standard-3-channel","9":"product_tag-up-to-5-channels-of-standard-or-custom-wavelengths-from-uv-to-ir-and-nir","10":"desktop-align-left","11":"tablet-align-left","12":"mobile-align-left","13":"ast-product-gallery-layout-horizontal-slider","14":"ast-product-gallery-with-no-image","15":"ast-product-tabs-layout-horizontal","17":"first","18":"instock","19":"sold-individually","20":"taxable","21":"shipping-taxable","22":"product-type-simple"},"_links":{"self":[{"href":"https:\/\/kiraoptical.com\/it\/wp-json\/wp\/v2\/product\/5064","targetHints":{"allow":["GET"]}}],"collection":[{"href":"https:\/\/kiraoptical.com\/it\/wp-json\/wp\/v2\/product"}],"about":[{"href":"https:\/\/kiraoptical.com\/it\/wp-json\/wp\/v2\/types\/product"}],"version-history":[{"count":0,"href":"https:\/\/kiraoptical.com\/it\/wp-json\/wp\/v2\/product\/5064\/revisions"}],"wp:featuredmedia":[{"embeddable":true,"href":"https:\/\/kiraoptical.com\/it\/wp-json\/wp\/v2\/media\/5065"}],"wp:attachment":[{"href":"https:\/\/kiraoptical.com\/it\/wp-json\/wp\/v2\/media?parent=5064"}],"wp:term":[{"taxonomy":"product_brand","embeddable":true,"href":"https:\/\/kiraoptical.com\/it\/wp-json\/wp\/v2\/product_brand?post=5064"},{"taxonomy":"product_cat","embeddable":true,"href":"https:\/\/kiraoptical.com\/it\/wp-json\/wp\/v2\/product_cat?post=5064"},{"taxonomy":"product_tag","embeddable":true,"href":"https:\/\/kiraoptical.com\/it\/wp-json\/wp\/v2\/product_tag?post=5064"}],"curies":[{"name":"wp","href":"https:\/\/api.w.org\/{rel}","templated":true}]}}