{"id":4642,"date":"2024-09-13T07:54:36","date_gmt":"2024-09-13T07:54:36","guid":{"rendered":"https:\/\/kiraoptical.com\/?post_type=product&#038;p=4642"},"modified":"2024-09-13T08:45:11","modified_gmt":"2024-09-13T08:45:11","slug":"1600x-student-biologische-microscoop-2mp-usb-binocular-microscoop-met-led-lamp","status":"publish","type":"product","link":"https:\/\/kiraoptical.com\/ru\/product\/1600x-student-biologische-microscoop-2mp-usb-binocular-microscoop-met-led-lamp\/","title":{"rendered":"1600X \u0421\u0442\u0443\u0434\u0435\u043d\u0447\u0435\u0441\u043a\u0438\u0439 \u0431\u0438\u043e\u043b\u043e\u0433\u0438\u0447\u0435\u0441\u043a\u0438\u0439 \u043c\u0438\u043a\u0440\u043e\u0441\u043a\u043e\u043f 2MP USB \u0431\u0438\u043d\u043e\u043a\u0443\u043b\u044f\u0440\u043d\u044b\u0439 \u043c\u0438\u043a\u0440\u043e\u0441\u043a\u043e\u043f \u0432\u0441\u0442\u0440\u0435\u0442\u0438\u043b \u0441\u0432\u0435\u0442\u043e\u0434\u0438\u043e\u0434\u043d\u0443\u044e \u043b\u0430\u043c\u043f\u0443"},"content":{"rendered":"<table>\n<tbody>\n<tr>\n<td colspan=\"2\" rowspan=\"2\" width=\"460\">\u0422\u0435\u0445\u043d\u0438\u0447\u0435\u0441\u043a\u0438\u0435 \u0445\u0430\u0440\u0430\u043a\u0442\u0435\u0440\u0438\u0441\u0442\u0438\u043a\u0438<\/td>\n<td colspan=\"5\" width=\"302\">\u041c\u043e\u0434\u0435\u043b\u044c<\/td>\n<\/tr>\n<tr>\n<td width=\"60\">XSP-179<\/td>\n<td width=\"60\">XSP-179A<\/td>\n<td width=\"60\">XSP-179B<\/td>\n<td width=\"60\">XSP-179C<\/td>\n<td width=\"61\">XSP-179T<\/td>\n<\/tr>\n<tr>\n<td rowspan=\"3\" width=\"112\">\u0421\u043c\u043e\u0442\u0440\u043e\u0432\u0430\u044f \u0433\u043e\u043b\u043e\u0432\u043a\u0430<\/td>\n<td width=\"348\">\u041c\u043e\u043d\u043e\u043a\u0443\u043b\u044f\u0440\u043d\u0430\u044f \u0433\u043e\u043b\u043e\u0432\u043a\u0430, \u043d\u0430\u043a\u043b\u043e\u043d\u0435\u043d\u043d\u0430\u044f \u043d\u0430 45\u00b0, \u0441 \u0432\u043e\u0437\u043c\u043e\u0436\u043d\u043e\u0441\u0442\u044c\u044e \u043f\u043e\u0432\u043e\u0440\u043e\u0442\u0430 \u043d\u0430 360\u00b0<\/td>\n<td width=\"60\">\u25cf<\/td>\n<td width=\"60\">\u25cf<\/td>\n<td width=\"60\">\u25cf<\/td>\n<td width=\"61\"><\/td>\n<td width=\"60\"><\/td>\n<\/tr>\n<tr>\n<td width=\"348\">\u041a\u043e\u043c\u043f\u0435\u043d\u0441\u0430\u0446\u0438\u043e\u043d\u043d\u0430\u044f \u0431\u0438\u043d\u043e\u043a\u0443\u043b\u044f\u0440\u043d\u0430\u044f \u0433\u043e\u043b\u043e\u0432\u043a\u0430, \u043d\u0430\u043a\u043b\u043e\u043d\u0435\u043d\u043d\u0430\u044f \u043f\u043e\u0434 \u0443\u0433\u043b\u043e\u043c 30\u00b0 (48 \u043c\u043c - 75 \u043c\u043c)<\/td>\n<td width=\"60\"><\/td>\n<td width=\"60\"><\/td>\n<td width=\"60\"><\/td>\n<td width=\"61\">\u25cf<\/td>\n<td width=\"60\"><\/td>\n<\/tr>\n<tr>\n<td width=\"348\">\u041a\u043e\u043c\u043f\u0435\u043d\u0441\u0430\u0446\u0438\u043e\u043d\u043d\u0430\u044f \u0431\u0438\u043d\u043e\u043a\u0443\u043b\u044f\u0440\u043d\u0430\u044f \u0433\u043e\u043b\u043e\u0432\u043a\u0430, \u043d\u0430\u043a\u043b\u043e\u043d\u0435\u043d\u043d\u0430\u044f \u043f\u043e\u0434 \u0443\u0433\u043b\u043e\u043c 30\u00b0 (48 \u043c\u043c - 75 \u043c\u043c)<\/td>\n<td width=\"60\"><\/td>\n<td width=\"60\"><\/td>\n<td width=\"60\"><\/td>\n<td width=\"61\"><\/td>\n<td width=\"60\">\u25cf<\/td>\n<\/tr>\n<tr>\n<td width=\"112\">\u041e\u043a\u0443\u043b\u044f\u0440<\/td>\n<td width=\"348\">WF10\u00d7\/18 \u043c\u043c<\/td>\n<td width=\"60\">\u25cf<\/td>\n<td width=\"60\">\u25cf<\/td>\n<td width=\"60\">\u25cf<\/td>\n<td width=\"61\">\u25cf<\/td>\n<td width=\"60\">\u25cf<\/td>\n<\/tr>\n<tr>\n<td rowspan=\"2\" width=\"112\">\u0426\u0435\u043b\u044c<\/td>\n<td width=\"348\">\u0410\u0445\u0440\u043e\u043c\u0430\u0442\u0438\u0447\u0435\u0441\u043a\u0438\u0439 \u043e\u0431\u044a\u0435\u043a\u0442\u0438\u0432: 4\u00d7, 10\u00d7, 40\u00d7(s)<\/td>\n<td width=\"60\">\u25cf<\/td>\n<td width=\"60\">\u25cf<\/td>\n<td width=\"60\"><\/td>\n<td width=\"61\"><\/td>\n<td width=\"60\"><\/td>\n<\/tr>\n<tr>\n<td width=\"348\">\u0410\u0445\u0440\u043e\u043c\u0430\u0442\u0438\u0447\u0435\u0441\u043a\u0438\u0439 \u043e\u0431\u044a\u0435\u043a\u0442\u0438\u0432: 4\u00d7, 10\u00d7, 40\u00d7(s)\u3001100\u00d7(s)\u041c\u0430\u0441\u043b\u043e<\/td>\n<td width=\"60\"><\/td>\n<td width=\"60\"><\/td>\n<td width=\"60\">\u25cf<\/td>\n<td width=\"61\">\u25cf<\/td>\n<td width=\"60\">\u25cf<\/td>\n<\/tr>\n<tr>\n<td><\/td>\n<td><\/td>\n<td><\/td>\n<td><\/td>\n<td><\/td>\n<td><\/td>\n<td><\/td>\n<\/tr>\n<tr>\n<td rowspan=\"2\" width=\"112\">\u0421\u0446\u0435\u043d\u0430<\/td>\n<td width=\"348\">\u041e\u0431\u044b\u0447\u043d\u0430\u044f \u0441\u0446\u0435\u043d\u0430 \u0441\u043e \u0441\u043a\u043e\u043b\u044c\u0437\u044f\u0449\u0438\u043c\u0438 \u0437\u0430\u0436\u0438\u043c\u0430\u043c\u0438<\/p>\n<p>\u0420\u0430\u0437\u043c\u0435\u0440 \u0441\u0446\u0435\u043d\u044b\uff1a120\u043c\u043cX125\u043c\u043c<\/td>\n<td width=\"60\">\u25cf<\/td>\n<td width=\"60\">\u25cf<\/td>\n<td width=\"60\"><\/td>\n<td width=\"61\"><\/td>\n<td width=\"60\"><\/td>\n<\/tr>\n<tr>\n<td width=\"348\">\u0414\u0432\u0443\u0445\u0441\u043b\u043e\u0439\u043d\u0430\u044f \u043c\u0435\u0445\u0430\u043d\u0438\u0447\u0435\u0441\u043a\u0430\u044f \u0441\u0442\u0443\u043f\u0435\u043d\u044c<\/p>\n<p>\u0420\u0430\u0437\u043c\u0435\u0440 \u0441\u0446\u0435\u043d\u044b\uff1a135\u043c\u043cX135\u043c\u043c<\/p>\n<p>\u0414\u0438\u0430\u043f\u0430\u0437\u043e\u043d \u043f\u0435\u0440\u0435\u043c\u0435\u0449\u0435\u043d\u0438\u044f: 70 \u043c\u043c \u00d7 50 \u043c\u043c<\/td>\n<td width=\"60\"><\/td>\n<td width=\"60\"><\/td>\n<td width=\"60\">\u25cf<\/td>\n<td width=\"61\">\u25cf<\/td>\n<td width=\"60\">\u25cf<\/td>\n<\/tr>\n<tr>\n<td rowspan=\"3\" width=\"112\">\u041a\u043e\u043d\u0434\u0435\u043d\u0441\u0430\u0442\u043e\u0440<\/td>\n<td width=\"348\">0,65 \u041a\u043e\u043d\u0434\u0435\u043d\u0441\u0430\u0442\u043e\u0440 \u0441 \u0434\u0438\u0441\u043a\u043e\u0432\u043e\u0439 \u0434\u0438\u0430\u0444\u0440\u0430\u0433\u043c\u043e\u0439<\/td>\n<td width=\"60\">\u25cf<\/td>\n<td width=\"60\"><\/td>\n<td width=\"60\"><\/td>\n<td width=\"61\"><\/td>\n<td width=\"60\"><\/td>\n<\/tr>\n<tr>\n<td width=\"348\">0,65 \u041a\u043e\u043d\u0434\u0435\u043d\u0441\u0430\u0442\u043e\u0440 \u0441 \u0438\u0440\u0438\u0441\u043e\u0432\u043e\u0439 \u0434\u0438\u0430\u0444\u0440\u0430\u0433\u043c\u043e\u0439<\/td>\n<td width=\"60\"><\/td>\n<td width=\"60\">\u25cf<\/td>\n<td width=\"60\"><\/td>\n<td width=\"61\"><\/td>\n<td width=\"60\"><\/td>\n<\/tr>\n<tr>\n<td width=\"348\">N.A.1.25 \u041a\u043e\u043d\u0434\u0435\u043d\u0441\u0430\u0442\u043e\u0440 \u0410\u0431\u0431\u0435 \u0441 \u0438\u0440\u0438\u0441\u043e\u0432\u043e\u0439 \u0434\u0438\u0430\u0444\u0440\u0430\u0433\u043c\u043e\u0439 \u0438 \u0434\u0435\u0440\u0436\u0430\u0442\u0435\u043b\u0435\u043c \u0444\u0438\u043b\u044c\u0442\u0440\u0430<\/td>\n<td width=\"60\"><\/td>\n<td width=\"60\"><\/td>\n<td width=\"60\">\u25cf<\/td>\n<td width=\"61\">\u25cf<\/td>\n<td width=\"60\">\u25cf<\/td>\n<\/tr>\n<tr>\n<td width=\"112\">\u0424\u043e\u043a\u0443\u0441\u0438\u0440\u043e\u0432\u043a\u0430<\/td>\n<td width=\"348\">\u0420\u0430\u0437\u0434\u0435\u043b\u044c\u043d\u0430\u044f \u0440\u0435\u0433\u0443\u043b\u0438\u0440\u043e\u0432\u043a\u0430 \u0433\u0440\u0443\u0431\u043e\u0439 \u0438 \u0442\u043e\u043d\u043a\u043e\u0439 \u0444\u043e\u043a\u0443\u0441\u0438\u0440\u043e\u0432\u043a\u0438<\/td>\n<td width=\"60\">\u25cf<\/td>\n<td width=\"60\">\u25cf<\/td>\n<td width=\"60\">\u25cf<\/td>\n<td width=\"61\">\u25cf<\/td>\n<td width=\"60\">\u25cf<\/td>\n<\/tr>\n<tr>\n<td width=\"112\">\u0418\u0441\u0442\u043e\u0447\u043d\u0438\u043a \u0441\u0432\u0435\u0442\u0430<\/td>\n<td width=\"348\">\u0421\u0432\u0435\u0442\u043e\u0434\u0438\u043e\u0434, \u044f\u0440\u043a\u043e\u0441\u0442\u044c \u0440\u0435\u0433\u0443\u043b\u0438\u0440\u0443\u0435\u0442\u0441\u044f<\/td>\n<td width=\"60\">\u25cf<\/td>\n<td width=\"60\">\u25cf<\/td>\n<td width=\"60\">\u25cf<\/td>\n<td width=\"61\">\u25cf<\/td>\n<td width=\"60\">\u25cf<\/td>\n<\/tr>\n<tr>\n<td width=\"112\">\u0414\u043e\u043f\u043e\u043b\u043d\u0438\u0442\u0435\u043b\u044c\u043d\u044b\u0439 \u0430\u043a\u0441\u0435\u0441\u0441\u0443\u0430\u0440<\/td>\n<td colspan=\"6\" width=\"771\">\u041e\u043a\u0443\u043b\u044f\u0440: WF16\u00d7, WF20\u00d7, P16\u00d7<\/p>\n<p>\u0410\u0445\u0440\u043e\u043c\u0430\u0442\u0438\u0447\u0435\u0441\u043a\u0438\u0439 \u043e\u0431\u044a\u0435\u043a\u0442\u0438\u0432\uff1a20\u00d7\uff08s\uff09\u300160\u00d7(s)<\/p>\n<p>\u041e\u0442\u0440\u0430\u0436\u0430\u0442\u0435\u043b\u044c, \u0434\u0432\u043e\u0439\u043d\u0430\u044f \u0441\u043c\u043e\u0442\u0440\u043e\u0432\u0430\u044f \u0433\u043e\u043b\u043e\u0432\u043a\u0430<\/td>\n<\/tr>\n<\/tbody>\n<\/table>","protected":false},"excerpt":{"rendered":"<h1 class=\"a-size-base-plus a-text-bold\">About this item<\/h1>\n<ul class=\"a-unordered-list a-vertical a-spacing-mini\">\n<li class=\"a-spacing-mini\"><span class=\"a-list-item\">\u3010MAGNIFICATION SETTING\u3011Available magnification settings of 40X, 100X, 250X, 400X, and 1000X through aberration-correcting 4X, 10X, and 40X glass objectives with wide-field 10X and 25X eyepieces<\/span><\/li>\n<li class=\"a-spacing-mini\"><span class=\"a-list-item\">\u3010Dual lllumination\u3011Dual illumination system allows you to examine both transparent and solid specimens; cool LED lights protect eyesight and live specimens<\/span><\/li>\n<li class=\"a-spacing-mini\"><span class=\"a-list-item\">\u3010Excellent material\u3011Rugged design with metal arm and base, carrying handle, and cordless capability make this compound microscope a practical pick for field experiments<\/span><\/li>\n<li class=\"a-spacing-mini\"><span class=\"a-list-item\">\u3010Suitable\u3011Designed forDesigned for students\/kids\/adults\/beginner\/amateur scientist\/hobbyists, perfect for science fairs, at home experiments, and school lab experiments!<\/span><\/li>\n<li class=\"a-spacing-mini\"><span class=\"a-list-item\">\u3010Features\u3011Fully rotatable monocular head for easy shared use or one-on-one instruction in the classroom. Our customer service is ready at all the time, please contact us if you have any problems<\/span><\/li>\n<\/ul>","protected":false},"featured_media":4643,"template":"","meta":{"site-sidebar-layout":"default","site-content-layout":"","ast-site-content-layout":"default","site-content-style":"default","site-sidebar-style":"default","ast-global-header-display":"","ast-banner-title-visibility":"","ast-main-header-display":"","ast-hfb-above-header-display":"","ast-hfb-below-header-display":"","ast-hfb-mobile-header-display":"","site-post-title":"","ast-breadcrumbs-content":"","ast-featured-img":"","footer-sml-layout":"","theme-transparent-header-meta":"default","adv-header-id-meta":"","stick-header-meta":"default","header-above-stick-meta":"","header-main-stick-meta":"","header-below-stick-meta":"","astra-migrate-meta-layouts":"set","ast-page-background-enabled":"default","ast-page-background-meta":{"desktop":{"background-color":"","background-image":"","background-repeat":"repeat","background-position":"center center","background-size":"auto","background-attachment":"scroll","background-type":"","background-media":"","overlay-type":"","overlay-color":"","overlay-opacity":"","overlay-gradient":""},"tablet":{"background-color":"","background-image":"","background-repeat":"repeat","background-position":"center center","background-size":"auto","background-attachment":"scroll","background-type":"","background-media":"","overlay-type":"","overlay-color":"","overlay-opacity":"","overlay-gradient":""},"mobile":{"background-color":"","background-image":"","background-repeat":"repeat","background-position":"center center","background-size":"auto","background-attachment":"scroll","background-type":"","background-media":"","overlay-type":"","overlay-color":"","overlay-opacity":"","overlay-gradient":""}},"ast-content-background-meta":{"desktop":{"background-color":"var(--ast-global-color-5)","background-image":"","background-repeat":"repeat","background-position":"center center","background-size":"auto","background-attachment":"scroll","background-type":"","background-media":"","overlay-type":"","overlay-color":"","overlay-opacity":"","overlay-gradient":""},"tablet":{"background-color":"var(--ast-global-color-5)","background-image":"","background-repeat":"repeat","background-position":"center center","background-size":"auto","background-attachment":"scroll","background-type":"","background-media":"","overlay-type":"","overlay-color":"","overlay-opacity":"","overlay-gradient":""},"mobile":{"background-color":"var(--ast-global-color-5)","background-image":"","background-repeat":"repeat","background-position":"center center","background-size":"auto","background-attachment":"scroll","background-type":"","background-media":"","overlay-type":"","overlay-color":"","overlay-opacity":"","overlay-gradient":""}}},"product_brand":[],"product_cat":[62],"product_tag":[],"class_list":{"0":"post-4642","1":"product","2":"type-product","3":"status-publish","4":"has-post-thumbnail","6":"product_cat-biological-microscope","7":"desktop-align-left","8":"tablet-align-left","9":"mobile-align-left","10":"ast-product-gallery-layout-horizontal-slider","11":"ast-product-gallery-with-no-image","12":"ast-product-tabs-layout-horizontal","14":"first","15":"instock","16":"taxable","17":"shipping-taxable","18":"product-type-simple"},"_links":{"self":[{"href":"https:\/\/kiraoptical.com\/ru\/wp-json\/wp\/v2\/product\/4642","targetHints":{"allow":["GET"]}}],"collection":[{"href":"https:\/\/kiraoptical.com\/ru\/wp-json\/wp\/v2\/product"}],"about":[{"href":"https:\/\/kiraoptical.com\/ru\/wp-json\/wp\/v2\/types\/product"}],"version-history":[{"count":0,"href":"https:\/\/kiraoptical.com\/ru\/wp-json\/wp\/v2\/product\/4642\/revisions"}],"wp:featuredmedia":[{"embeddable":true,"href":"https:\/\/kiraoptical.com\/ru\/wp-json\/wp\/v2\/media\/4643"}],"wp:attachment":[{"href":"https:\/\/kiraoptical.com\/ru\/wp-json\/wp\/v2\/media?parent=4642"}],"wp:term":[{"taxonomy":"product_brand","embeddable":true,"href":"https:\/\/kiraoptical.com\/ru\/wp-json\/wp\/v2\/product_brand?post=4642"},{"taxonomy":"product_cat","embeddable":true,"href":"https:\/\/kiraoptical.com\/ru\/wp-json\/wp\/v2\/product_cat?post=4642"},{"taxonomy":"product_tag","embeddable":true,"href":"https:\/\/kiraoptical.com\/ru\/wp-json\/wp\/v2\/product_tag?post=4642"}],"curies":[{"name":"wp","href":"https:\/\/api.w.org\/{rel}","templated":true}]}}